{"id":1276,"date":"2023-10-11T07:09:55","date_gmt":"2023-10-11T07:09:55","guid":{"rendered":"https:\/\/indonesiaecotour.com\/?page_id=1276"},"modified":"2026-04-12T12:25:39","modified_gmt":"2026-04-12T12:25:39","slug":"bali","status":"publish","type":"page","link":"https:\/\/indonesiaecotour.com\/de\/bali\/","title":{"rendered":"13 Tage abseits der ausgetretenen Pfade auf Bali f\u00fcr das beste authentische Abenteuer"},"content":{"rendered":"<div class=\"wp-block-media-text is-stacked-on-mobile is-image-fill-element\" style=\"padding-top:0;padding-bottom:var(--wp--preset--spacing--40)\"><figure class=\"wp-block-media-text__media\"><img fetchpriority=\"high\" decoding=\"async\" width=\"1022\" height=\"1024\" src=\"https:\/\/indonesiaecotour.com\/wp-content\/uploads\/2023\/10\/IMG_20230403_0906102-1-scaled-e1697128117647-1022x1024.jpg\" alt=\"off the beaten path in Bali\" class=\"wp-image-1250 size-full\" style=\"object-position:50% 50%\" srcset=\"https:\/\/indonesiaecotour.com\/wp-content\/uploads\/2023\/10\/IMG_20230403_0906102-1-scaled-e1697128117647-1022x1024.jpg 1022w, https:\/\/indonesiaecotour.com\/wp-content\/uploads\/2023\/10\/IMG_20230403_0906102-1-scaled-e1697128117647-300x300.jpg 300w, https:\/\/indonesiaecotour.com\/wp-content\/uploads\/2023\/10\/IMG_20230403_0906102-1-scaled-e1697128117647-150x150.jpg 150w, https:\/\/indonesiaecotour.com\/wp-content\/uploads\/2023\/10\/IMG_20230403_0906102-1-scaled-e1697128117647-768x770.jpg 768w, https:\/\/indonesiaecotour.com\/wp-content\/uploads\/2023\/10\/IMG_20230403_0906102-1-scaled-e1697128117647-1533x1536.jpg 1533w, https:\/\/indonesiaecotour.com\/wp-content\/uploads\/2023\/10\/IMG_20230403_0906102-1-scaled-e1697128117647.jpg 1920w\" sizes=\"(max-width: 1022px) 100vw, 1022px\" \/><\/figure><div class=\"wp-block-media-text__content\">\n<p>Die Insel der G\u00f6tter bietet jedem Reisenden etwas wirklich Unvergessliches. Gepr\u00e4gt von hinduistischen Traditionen, f\u00fchlt sich Bali wie eine eigene Welt an, gef\u00fcllt mit farbenfrohen Zeremonien, spirituellen Ritualen, unglaublichen Aromen und einem Lebensstil, der in Gleichgewicht und Natur verwurzelt ist. Nur wenige Kilometer von Java entfernt verbirgt dieses Paradies viel mehr als nur seine ber\u00fchmten Str\u00e4nde und Tempel. Kommen Sie mit uns und entdecken Sie eine authentische Seite der Insel, <strong>Abseits der ausgetretenen Pfade auf Bali<\/strong>wo die lokale Kultur noch lebendig und vom Massentourismus unber\u00fchrt ist. Von Dschungelwanderungen und Reisfeldpfaden bis hin zu heiligen Wassersegnungen und versteckten tropischen Str\u00e4nden - wir erkunden alles gemeinsam, weit weg von den Menschenmassen und n\u00e4her am echten Bali.<\/p>\n<\/div><\/div>\n\n\n\n<div class=\"guten-element guten-accordions guten-aF2dQY\">\n<div class=\"accordion-item guten-l50Tqy active\"><div class=\"accordion-heading\"><div class=\"accordion-icon\"><span class=\"accordion-icon-open\"><i class=\"fas fa-minus\"><\/i><\/span><span class=\"accordion-icon-closed\"><i class=\"fas fa-plus\"><\/i><\/span><\/div><span class=\"accordion-text\">Reiseplan<\/span><\/div><div class=\"accordion-body\"><div class=\"accordion-content\">\n<p><span style=\"text-decoration: underline;\"><strong>Tag 1 - 4:<br><\/strong><\/span>- Willkommen auf der Insel der G\u00f6tter! Diese Insel ist auf ihre eigene Weise einzigartig, und auf dieser <strong>Abseits der ausgetretenen Pfade auf Bali<\/strong> Reise werden wir erkunden, warum. Wir schlafen gem\u00fctlich mitten im Dschungel und werden morgens vom Gesang der V\u00f6gel im Wald geweckt. In der hinduistischen Religion geht es darum, im Einklang mit den G\u00f6ttern zu sein. Wir werden die Einheimischen bei ihren traditionellen Zeremonien begleiten und erfahren, warum das so wichtig ist. Die Umgebung unserer \u00d6ko-Unterkunft ist wundersch\u00f6n und wir tauchen zu Fu\u00df und auf unseren Fahrr\u00e4dern vollst\u00e4ndig in die tropische Natur ein.<\/p>\n\n\n\n<p><\/p>\n\n\n\n<p><span style=\"text-decoration: underline;\"><strong>Tag 5 - 6:<br><\/strong><\/span>- Der Norden Balis hat einige versteckte und unber\u00fchrte Juwelen zu bieten, die wir nun erkunden werden! In den lokalen D\u00f6rfern erkunden wir die t\u00e4glichen Aktivit\u00e4ten der Balinesen und belohnen uns mit einem Bad in einem versteckten Wasserfall. Die Menschen hier sind so freundlich, dass wir sogar mit ihnen in ihren H\u00e4usern zu Mittag essen k\u00f6nnen! Wir nehmen weiter an lokalen Abenteuern teil und finden uns in einem nat\u00fcrlichen Badeparadies mitten im Dschungel wieder. Springen Sie los!<\/p>\n\n\n\n<p><\/p>\n\n\n\n<p><span style=\"text-decoration: underline;\"><strong>Tag 7 - 8:<br><\/strong><\/span>- Das Zentrum des k\u00fcnstlerischen Bali ruft! Wir erkunden die nat\u00fcrlichen Schluchten am fr\u00fchen Morgen und spazieren durch die Reisfelder, trinken etwas, w\u00e4hrend die Sonne hinter den D\u00f6rfern untergeht. Nach dem Abendessen erkunden wir die magische Abendstimmung. Die balinesische K\u00fcche ist etwas Einzigartiges, und um sie besser zu verstehen, kochen wir unser eigenes Essen. Zur Belohnung erkunden wir das versteckteste Juwel, einen \"Wasserwanderweg\" im urspr\u00fcnglichsten und unber\u00fchrtesten Canyon, den diese Gegend zu bieten hat. <\/p>\n\n\n\n<p><\/p>\n\n\n\n<p><span style=\"text-decoration: underline;\"><strong>Tag 9:<br><\/strong><\/span>- Bevor wir auf die Inseln umziehen, gehen wir zur\u00fcck in die Geschichte und treffen die urspr\u00fcnglichen Balinesen, eine echte Entdeckung <strong>Abseits der ausgetretenen Pfade auf Bali<\/strong>. Sie leben hier seit dem 11. Jahrhundert. Wir erfahren alles \u00fcber sie, ihre Traditionen und ihre t\u00e4glichen Aktivit\u00e4ten. Und wir werden nicht gehen, ohne ihre k\u00f6stlichen kulinarischen Gerichte zu probieren.<\/p>\n\n\n\n<p><\/p>\n\n\n\n<p><span style=\"text-decoration: underline;\"><strong>Tag 10 - 11:<br><\/strong><\/span>- Bali hat mehrere kleine Inseln in der N\u00e4he und heute nehmen wir das Boot, um wei\u00dfe Sandstr\u00e4nde und tropische Cocktails zu genie\u00dfen. Diese Insel hat viele Dinge zu bieten, die uns in den n\u00e4chsten Tagen besch\u00e4ftigen werden. Wir werden gemeinsam tropische Str\u00e4nde und die Natur erkunden und den Einheimischen bei ihrer Haupteinnahmequelle helfen. So nah sind wir den Einheimischen noch nie gekommen! Das Wasser um diese Inseln ist so blau, dass wir es kaum erwarten k\u00f6nnen, ins Meer zu springen. Wir erforschen das Meeresleben an verschiedenen Stellen rund um unsere Insel, und unser Ziel ist der Anfang des Meeres, sind Sie neugierig, wer das ist? Wir leisten einen Beitrag zum Naturschutz, indem wir uns an Aktivit\u00e4ten einer lokalen NGO beteiligen, die auf der Insel aktiv ist. Bevor die Sonne untergeht, wandern wir zu einem Strand hinunter, um einen magischen Sonnenuntergang an einem der sch\u00f6nsten Str\u00e4nde der Welt zu erleben. Was runtergeht, muss auch wieder raufkommen! <\/p>\n\n\n\n<p><\/p>\n\n\n\n<p><span style=\"text-decoration: underline;\"><strong>Tag 12 - 13:<br><\/strong><\/span>- Es war so anstrengend, dass wir uns etwas Ruhe g\u00f6nnen m\u00fcssen! Heute steht das Vitamin Meer auf dem Programm. Genie\u00dfen Sie die Str\u00e4nde und lassen Sie sich in unserem sch\u00f6nen Resort massieren, bevor wir nach Bali zur\u00fcckkehren und uns auf unseren R\u00fcckflug vorbereiten. Wir sehen uns auf unserer <a href=\"https:\/\/indonesiaecotour.com\/de\/wild-east-java\/\" title=\"Java-Erfahrung\">Java-Erfahrung<\/a>.<br><\/p>\n<\/div><\/div><\/div>\n\n\n\n<div class=\"accordion-item guten-wMXzGq\"><div class=\"accordion-heading\"><div class=\"accordion-icon\"><span class=\"accordion-icon-open\"><i class=\"fas fa-minus\"><\/i><\/span><span class=\"accordion-icon-closed\"><i class=\"fas fa-plus\"><\/i><\/span><\/div><span class=\"accordion-text\">Eingeschlossen<\/span><\/div><div class=\"accordion-body\"><div class=\"accordion-content\">\n<p>- Alle beschriebenen Aktivit\u00e4ten<br>- Transport: Zug, Schiff, Auto oder Minibus (je nach Gruppengr\u00f6\u00dfe und Reiseziel)<br>- Hotelunterkunft vom ersten bis zum letzten Tag (12 N\u00e4chte)<br>- Trinkwasser (wiederverwendbare 20-Liter-Flasche, bitte bringen Sie Ihren eigenen Trinkbecher mit)<br>- Fr\u00fchst\u00fcck, Mittagessen und Abendessen<br>- Lokale Snacks und\/oder Obst<br>- Eintrittskarten&nbsp;<br>- Professionelle Fotodokumentation<\/p>\n\n\n\n<p>- Niederl\u00e4ndisch und Englisch sprechender Reisef\u00fchrer (westlicher Standard)<\/p>\n\n\n\n<p>- Umweltfreundlicher Ansatz, auf dieser Reise wird kein Einwegplastik verwendet<\/p>\n<\/div><\/div><\/div>\n\n\n\n<div class=\"accordion-item guten-kNUBJk\"><div class=\"accordion-heading\"><div class=\"accordion-icon\"><span class=\"accordion-icon-open\"><i class=\"fas fa-minus\"><\/i><\/span><span class=\"accordion-icon-closed\"><i class=\"fas fa-plus\"><\/i><\/span><\/div><span class=\"accordion-text\">Ausgeschlossen<\/span><\/div><div class=\"accordion-body\"><div class=\"accordion-content\">\n<p>- Internationale Flugtickets<br>- Alkoholische Getr\u00e4nke und andere Getr\u00e4nke als Wasser<br>- Pers\u00f6nliche Ausgaben (Souvenirs, Versicherungen,...)<\/p>\n<\/div><\/div><\/div>\n\n\n\n<div class=\"accordion-item guten-flYyhj\"><div class=\"accordion-heading\"><div class=\"accordion-icon\"><span class=\"accordion-icon-open\"><i class=\"fas fa-minus\"><\/i><\/span><span class=\"accordion-icon-closed\"><i class=\"fas fa-plus\"><\/i><\/span><\/div><span class=\"accordion-text\">Preis<\/span><\/div><div class=\"accordion-body\"><div class=\"accordion-content\">\n<p>- Um die Preise erschwinglich zu halten, empfehlen wir eine <strong>mindestens 4 Personen<\/strong> f\u00fcr diese Tour. <br>(Bitte <a href=\"https:\/\/wa.link\/nl1r35\" target=\"_blank\" rel=\"noreferrer noopener\"><strong>Kontaktieren Sie uns hier<\/strong><\/a> f\u00fcr Preise, Anpassungen oder andere Fragen)<\/p>\n<\/div><\/div><\/div>\n<\/div>\n\n\n\n<div class=\"wp-block-cb-carousel\" data-slick=\"{&quot;slidesToShow&quot;:2,&quot;slidesToScroll&quot;:1,&quot;speed&quot;:500,&quot;arrows&quot;:true,&quot;dots&quot;:true,&quot;autoplay&quot;:true,&quot;autoplaySpeed&quot;:2000,&quot;infinite&quot;:true,&quot;responsive&quot;:[{&quot;breakpoint&quot;:769,&quot;settings&quot;:{&quot;slidesToShow&quot;:1,&quot;slidesToScroll&quot;:1}}]}\">\n<div class=\"wp-block-cb-slide\">\n<div class=\"wp-block-gutenverse-image guten-element guten-image guten-1SYEf2\"><div class=\"guten-image-wrapper\"><img decoding=\"async\" class=\"gutenverse-image-box-filled\" src=\"https:\/\/indonesiaecotour.com\/wp-content\/uploads\/2023\/10\/DSC02953-scaled-e1697206831887.jpg\" height=\"1706\" width=\"1706\"\/><\/div><span class=\"guten-caption\">Versteckter Wasserfall<\/span><\/div>\n<\/div>\n\n\n\n<div class=\"wp-block-cb-slide\">\n<div class=\"wp-block-gutenverse-image guten-element guten-image guten-SiVRcU\"><div class=\"guten-image-wrapper\"><img decoding=\"async\" class=\"gutenverse-image-box-filled\" src=\"https:\/\/indonesiaecotour.com\/wp-content\/uploads\/2023\/10\/DSC03336-Edit-scaled-e1697206853599.jpg\" height=\"1706\" width=\"1706\"\/><\/div><span class=\"guten-caption\">Koch-Workshop<\/span><\/div>\n<\/div>\n\n\n\n<div class=\"wp-block-cb-slide\">\n<div class=\"wp-block-gutenverse-image guten-element guten-image guten-zX3u3t\"><div class=\"guten-image-wrapper\"><img loading=\"lazy\" decoding=\"async\" class=\"gutenverse-image-box-filled\" src=\"https:\/\/indonesiaecotour.com\/wp-content\/uploads\/2023\/10\/DSC02895-scaled-e1697206879749.jpg\" height=\"1706\" width=\"1706\"\/><\/div><span class=\"guten-caption\">Reis ernten<\/span><\/div>\n<\/div>\n\n\n\n<div class=\"wp-block-cb-slide\">\n<div class=\"wp-block-gutenverse-image guten-element guten-image guten-NwR1ws\"><div class=\"guten-image-wrapper\"><img loading=\"lazy\" decoding=\"async\" class=\"gutenverse-image-box-filled\" src=\"https:\/\/indonesiaecotour.com\/wp-content\/uploads\/2023\/10\/DSC03401-scaled-e1697206906563.jpg\" height=\"1706\" width=\"1706\" alt=\"\"\/><\/div><span class=\"guten-caption\">Schaukel Schaukel<\/span><\/div>\n<\/div>\n\n\n\n<div class=\"wp-block-cb-slide\">\n<div class=\"wp-block-gutenverse-image guten-element guten-image guten-ZTebip\"><div class=\"guten-image-wrapper\"><img loading=\"lazy\" decoding=\"async\" class=\"gutenverse-image-box-filled\" src=\"https:\/\/indonesiaecotour.com\/wp-content\/uploads\/2023\/10\/DSC02928-Edit-scaled.jpg\" height=\"2560\" width=\"2560\"\/><\/div><span class=\"guten-caption\">Bali-Hund<\/span><\/div>\n<\/div>\n\n\n\n<div class=\"wp-block-cb-slide\">\n<div class=\"wp-block-gutenverse-image guten-element guten-image guten-1RZMTK\"><div class=\"guten-image-wrapper\"><img loading=\"lazy\" decoding=\"async\" class=\"gutenverse-image-box-filled\" src=\"https:\/\/indonesiaecotour.com\/wp-content\/uploads\/2023\/10\/DSC02576-scaled-e1697206950943.jpg\" height=\"1706\" width=\"1706\"\/><\/div><span class=\"guten-caption\">Pizza-Abend<\/span><\/div>\n<\/div>\n\n\n\n<div class=\"wp-block-cb-slide\">\n<div class=\"wp-block-gutenverse-image guten-element guten-image guten-4pa6bQ\"><div class=\"guten-image-wrapper\"><img loading=\"lazy\" decoding=\"async\" class=\"gutenverse-image-box-filled\" src=\"https:\/\/indonesiaecotour.com\/wp-content\/uploads\/2023\/10\/DSC02713-scaled-e1697206997147.jpg\" height=\"1706\" width=\"1706\"\/><\/div><span class=\"guten-caption\">Naturpool in unserer \u00d6ko-Lodge<\/span><\/div>\n<\/div>\n\n\n\n<div class=\"wp-block-cb-slide\">\n<div class=\"wp-block-gutenverse-image guten-element guten-image guten-eOZ3VI\"><div class=\"guten-image-wrapper\"><img loading=\"lazy\" decoding=\"async\" class=\"gutenverse-image-box-filled\" src=\"https:\/\/indonesiaecotour.com\/wp-content\/uploads\/2023\/10\/DSC02466-scaled-e1697207025164.jpg\" height=\"1706\" width=\"1706\"\/><\/div><span class=\"guten-caption\">Angebote machen<\/span><\/div>\n<\/div>\n\n\n\n<div class=\"wp-block-cb-slide\">\n<div class=\"wp-block-gutenverse-image guten-element guten-image guten-Um8UwE\"><div class=\"guten-image-wrapper\"><img loading=\"lazy\" decoding=\"async\" class=\"gutenverse-image-box-filled\" src=\"https:\/\/indonesiaecotour.com\/wp-content\/uploads\/2023\/10\/DSC02680-Edit-scaled-e1697207045170.jpg\" height=\"1706\" width=\"1706\"\/><\/div><span class=\"guten-caption\">Dschungel-Yoga am fr\u00fchen Morgen<\/span><\/div>\n<\/div>\n\n\n\n<div class=\"wp-block-cb-slide\">\n<div class=\"wp-block-gutenverse-image guten-element guten-image guten-oxtwUX\"><div class=\"guten-image-wrapper\"><img loading=\"lazy\" decoding=\"async\" class=\"gutenverse-image-box-filled\" src=\"https:\/\/indonesiaecotour.com\/wp-content\/uploads\/2023\/10\/DSC03236-Edit-scaled.jpg\" height=\"2560\" width=\"2560\"\/><\/div><span class=\"guten-caption\">Herstellung von Sate Lilit<\/span><\/div>\n<\/div>\n\n\n\n<div class=\"wp-block-cb-slide\">\n<div class=\"wp-block-gutenverse-image guten-element guten-image guten-rMqlyM\"><div class=\"guten-image-wrapper\"><img loading=\"lazy\" decoding=\"async\" class=\"gutenverse-image-box-filled\" src=\"https:\/\/indonesiaecotour.com\/wp-content\/uploads\/2023\/10\/DSC03466-scaled-e1697207149641.jpg\" height=\"1706\" width=\"1706\"\/><\/div><span class=\"guten-caption\">Versteckte Schlucht<\/span><\/div>\n<\/div>\n\n\n\n<div class=\"wp-block-cb-slide\">\n<div class=\"wp-block-gutenverse-image guten-element guten-image guten-T9XpwG\"><div class=\"guten-image-wrapper\"><img loading=\"lazy\" decoding=\"async\" class=\"gutenverse-image-box-filled\" src=\"https:\/\/indonesiaecotour.com\/wp-content\/uploads\/2023\/10\/DSC02919-scaled-e1697207186311.jpg\" height=\"1706\" width=\"1706\"\/><\/div><span class=\"guten-caption\">Reisanbau<\/span><\/div>\n<\/div>\n\n\n\n<div class=\"wp-block-cb-slide\">\n<div class=\"wp-block-gutenverse-image guten-element guten-image guten-0dFo5N\"><div class=\"guten-image-wrapper\"><img loading=\"lazy\" decoding=\"async\" class=\"gutenverse-image-box-filled\" src=\"https:\/\/indonesiaecotour.com\/wp-content\/uploads\/2023\/09\/Screenshot_2024-04-06-12-28-08-432-edit_com.google.android.apps_.maps_.avif\" height=\"1430\" width=\"1080\"\/><\/div><span class=\"guten-caption\">Erstaunliches balinesisches Essen<\/span><\/div>\n<\/div>\n\n\n\n<div class=\"wp-block-cb-slide\">\n<div class=\"wp-block-gutenverse-image guten-element guten-image guten-BeZIT2\"><div class=\"guten-image-wrapper\"><img loading=\"lazy\" decoding=\"async\" class=\"gutenverse-image-box-filled\" src=\"https:\/\/indonesiaecotour.com\/wp-content\/uploads\/2023\/10\/DSC03492-Edit-scaled-e1697207276732.jpg\" height=\"1706\" width=\"1706\"\/><\/div><span class=\"guten-caption\">Nat\u00fcrlich Bali<\/span><\/div>\n<\/div>\n\n\n\n<div class=\"wp-block-cb-slide\">\n<div class=\"wp-block-gutenverse-image guten-element guten-image guten-32W2xI\"><div class=\"guten-image-wrapper\"><img loading=\"lazy\" decoding=\"async\" class=\"gutenverse-image-box-filled\" src=\"https:\/\/indonesiaecotour.com\/wp-content\/uploads\/2023\/10\/DSC02421-scaled-e1697207304129.jpg\" height=\"1706\" width=\"1706\"\/><\/div><span class=\"guten-caption\">Klettern auf tropischen B\u00e4umen<\/span><\/div>\n<\/div>\n<\/div>\n\n\n\n<div class=\"guten-element guten-button-wrapper guten-uXcmRG\"><a class=\"guten-button guten-button-sm\" href=\"https:\/\/wa.me\/6282137219073\" target=\"_blank\" aria-label=\"\" rel=\"noreferrer noopener\"><i class=\"fa-lg fab fa-whatsapp\"><\/i><span> Kontakt<\/span><\/a><\/div>\n\n\n\n<p><\/p>","protected":false},"excerpt":{"rendered":"<p>The Island of the Gods offers something truly unforgettable to every traveler. Shaped by Hindu traditions, Bali feels like a world of its own, filled with colorful ceremonies, spiritual rituals, incredible flavors, and a lifestyle rooted in balance and nature. Just a short distance from Java, this paradise hides much more than its famous beaches [&hellip;]<\/p>","protected":false},"author":1,"featured_media":0,"parent":0,"menu_order":0,"comment_status":"closed","ping_status":"closed","template":"","meta":{"_monsterinsights_skip_tracking":false,"_monsterinsights_sitenote_active":false,"_monsterinsights_sitenote_note":"","_monsterinsights_sitenote_category":0,"footnotes":""},"class_list":["post-1276","page","type-page","status-publish","hentry"],"aioseo_notices":[],"_links":{"self":[{"href":"https:\/\/indonesiaecotour.com\/de\/wp-json\/wp\/v2\/pages\/1276","targetHints":{"allow":["GET"]}}],"collection":[{"href":"https:\/\/indonesiaecotour.com\/de\/wp-json\/wp\/v2\/pages"}],"about":[{"href":"https:\/\/indonesiaecotour.com\/de\/wp-json\/wp\/v2\/types\/page"}],"author":[{"embeddable":true,"href":"https:\/\/indonesiaecotour.com\/de\/wp-json\/wp\/v2\/users\/1"}],"replies":[{"embeddable":true,"href":"https:\/\/indonesiaecotour.com\/de\/wp-json\/wp\/v2\/comments?post=1276"}],"version-history":[{"count":122,"href":"https:\/\/indonesiaecotour.com\/de\/wp-json\/wp\/v2\/pages\/1276\/revisions"}],"predecessor-version":[{"id":3419,"href":"https:\/\/indonesiaecotour.com\/de\/wp-json\/wp\/v2\/pages\/1276\/revisions\/3419"}],"wp:attachment":[{"href":"https:\/\/indonesiaecotour.com\/de\/wp-json\/wp\/v2\/media?parent=1276"}],"curies":[{"name":"wp","href":"https:\/\/api.w.org\/{rel}","templated":true}]}}