{"id":1468,"date":"2023-10-16T08:57:38","date_gmt":"2023-10-16T08:57:38","guid":{"rendered":"https:\/\/indonesiaecotour.com\/?page_id=1468"},"modified":"2025-04-29T01:43:10","modified_gmt":"2025-04-29T01:43:10","slug":"sustainability-report-2023","status":"publish","type":"page","link":"https:\/\/indonesiaecotour.com\/de\/sustainability-report-2023\/","title":{"rendered":"Nachhaltigkeitsbericht 2023"},"content":{"rendered":"<p><strong><span style=\"text-decoration: underline;\">Reduzierung von Kunststoffabf\u00e4llen:<br><\/span><\/strong>Jedes Jahr erstellen wir einen einfachen, aber effektiven Bericht \u00fcber die Plastikverschmutzung, aus dem hervorgeht, wie viel Plastik wir vermieden haben, das in unsere Umwelt gelangt ist. Als Reiseleiter in Indonesien ist die Vermeidung von Plastikm\u00fcll ein st\u00e4ndiger Kampf, jeden Tag. Leider sind wir bei unserem Versuch, m\u00f6glichst ALLES Plastik zu vermeiden, noch nicht 100% erfolgreich, aber wir haben uns vorgenommen, dies bis zum n\u00e4chsten Jahr zu erreichen. Es ist ein interessanter Lernprozess f\u00fcr uns und unsere G\u00e4ste.<\/p>\n\n\n\n<figure class=\"wp-block-table\"><table><tbody><tr><td class=\"has-text-align-center\" data-align=\"center\"><\/td><td class=\"has-text-align-center\" data-align=\"center\"># Tage<\/td><td class=\"has-text-align-center\" data-align=\"center\"># Menschen<\/td><td class=\"has-text-align-center\" data-align=\"center\">Plastikflaschen<\/td><td class=\"has-text-align-center\" data-align=\"center\">Plastikstrohhalme<\/td><td class=\"has-text-align-center\" data-align=\"center\">Plastikt\u00fcten<\/td><\/tr><tr><td class=\"has-text-align-center\" data-align=\"center\">Durchschnittswerte<\/td><td class=\"has-text-align-center\" data-align=\"center\"><\/td><td class=\"has-text-align-center\" data-align=\"center\"><\/td><td class=\"has-text-align-center\" data-align=\"center\">2.14<\/td><td class=\"has-text-align-center\" data-align=\"center\">0.34<\/td><td class=\"has-text-align-center\" data-align=\"center\">1.92<\/td><\/tr><tr><td class=\"has-text-align-center\" data-align=\"center\">Fahrten<\/td><td class=\"has-text-align-center\" data-align=\"center\"><\/td><td class=\"has-text-align-center\" data-align=\"center\"><\/td><td class=\"has-text-align-center\" data-align=\"center\"><\/td><td class=\"has-text-align-center\" data-align=\"center\"><\/td><td class=\"has-text-align-center\" data-align=\"center\"><\/td><\/tr><tr><td class=\"has-text-align-center\" data-align=\"center\">Bali komplett erleben April 2023<\/td><td class=\"has-text-align-center\" data-align=\"center\">13<\/td><td class=\"has-text-align-center\" data-align=\"center\">6<\/td><td class=\"has-text-align-center\" data-align=\"center\">167<\/td><td class=\"has-text-align-center\" data-align=\"center\">27<\/td><td class=\"has-text-align-center\" data-align=\"center\">150<\/td><\/tr><tr><td class=\"has-text-align-center\" data-align=\"center\">Java vollst\u00e4ndig erleben Juli 2023<\/td><td class=\"has-text-align-center\" data-align=\"center\">16<\/td><td class=\"has-text-align-center\" data-align=\"center\">15<\/td><td class=\"has-text-align-center\" data-align=\"center\">514<\/td><td class=\"has-text-align-center\" data-align=\"center\">82<\/td><td class=\"has-text-align-center\" data-align=\"center\">461<\/td><\/tr><tr><td class=\"has-text-align-center\" data-align=\"center\">Java vollst\u00e4ndig erleben August 2023<\/td><td class=\"has-text-align-center\" data-align=\"center\">16<\/td><td class=\"has-text-align-center\" data-align=\"center\">14<\/td><td class=\"has-text-align-center\" data-align=\"center\">479<\/td><td class=\"has-text-align-center\" data-align=\"center\">76<\/td><td class=\"has-text-align-center\" data-align=\"center\">430<\/td><\/tr><tr><td class=\"has-text-align-center\" data-align=\"center\">Bali Privatreise August 2023<\/td><td class=\"has-text-align-center\" data-align=\"center\">6<\/td><td class=\"has-text-align-center\" data-align=\"center\">4<\/td><td class=\"has-text-align-center\" data-align=\"center\">51<\/td><td class=\"has-text-align-center\" data-align=\"center\">8<\/td><td class=\"has-text-align-center\" data-align=\"center\">46<\/td><\/tr><tr><td class=\"has-text-align-center\" data-align=\"center\"><strong>Summen<\/strong><\/td><td class=\"has-text-align-center\" data-align=\"center\"><strong>51<\/strong><\/td><td class=\"has-text-align-center\" data-align=\"center\"><strong>39<\/strong><\/td><td class=\"has-text-align-center\" data-align=\"center\"><strong>1211<\/strong><\/td><td class=\"has-text-align-center\" data-align=\"center\"><strong>193<\/strong><\/td><td class=\"has-text-align-center\" data-align=\"center\"><strong>1087<\/strong><\/td><\/tr><\/tbody><\/table><\/figure>\n\n\n\n<p>Wie Sie sehen k\u00f6nnen, haben wir Folgendes verhindert <strong>1211 Plastikflaschen, 193 Strohhalme und 1087 Plastikt\u00fcten<\/strong> nicht in unsere wertvolle Umwelt gelangen. Die obige Berechnung beruht auf einer Referenz, die nicht einmal auf dem Tourismussektor basiert, sondern eher auf dem t\u00e4glichen Gebrauch, so dass die tats\u00e4chlichen Zahlen noch h\u00f6her sein d\u00fcrften.<\/p>\n\n\n\n<p>Die Quellen, die wir f\u00fcr unsere Referenzen verwendet haben, finden Sie hier:<br><br>Durchschnittliche Verwendung von Plastikstrohhalmen pro Person in <strong>Indonesien<\/strong>: 0,34 pro Tag<br>Dies wird anhand des gesch\u00e4tzten t\u00e4glichen Verbrauchs von Strohhalmen berechnet, der sich auf <a href=\"https:\/\/journal.unnes.ac.id\/sju\/index.php\/jese\/article\/download\/60717\/22489#:~:text=In%20Indonesia%2C%20the%20use%20of,et%20al.%2C%202021).\" target=\"_blank\" rel=\"noopener\" title=\"\">93,244,847<\/a> geteilt durch die Bev\u00f6lkerung Indonesiens, die 274.000.000 betr\u00e4gt.<\/p>\n\n\n\n<p>Durchschnittlicher Verbrauch von Plastikt\u00fcten pro Person in <strong>Indonesien<\/strong>: 700 pro Jahr<br>Plastikt\u00fcten\/Person\/Tag = 1,92<br><a href=\"https:\/\/makingoceansplasticfree.com\/hidden-cost-plastic-bag-use-pollution-indonesia\/\" target=\"_blank\" rel=\"noopener\" title=\"\">https:\/\/makingoceansplasticfree.com\/hidden-cost-plastic-bag-use-pollution-indonesia\/<br><\/a><br>Durchschnittlicher Verbrauch von Plastikflaschen pro Person auf Reisen: 30 f\u00fcr 2 Wochen Rundreise<br>Plastikflaschen\/Person\/Tag = 2,14<br><a href=\"https:\/\/goodtourisminstitute.com\/library\/reduce-plastic-practical-guide\/\" target=\"_blank\" rel=\"noopener\" title=\"\">https:\/\/goodtourisminstitute.com\/library\/reduce-plastic-practical-guide\/<br><\/a><br>Einige goldene Ratschl\u00e4ge von der letzten Website!<br><\/p>\n\n\n\n<div class=\"wp-block-gutenverse-image guten-element guten-image guten-nXmJwo\"><a class=\"guten-image-wrapper\"><img fetchpriority=\"high\" decoding=\"async\" class=\"gutenverse-image-box-filled\" src=\"https:\/\/indonesiaecotour.com\/wp-content\/uploads\/2023\/10\/iScreen-Shoter-Google-Chrome-231016164705-e1697449751880.jpg\" height=\"237\" width=\"596\"\/><\/a><\/div>\n\n\n\n<p>Abschlie\u00dfend m\u00f6chte ich sagen, dass unsere Bem\u00fchungen nur ein Tropfen auf den hei\u00dfen Stein der weltweiten Plastikverschmutzung sind. Wir werden damit nicht die Welt retten, aber unser Ziel ist es, unseren Werten zu folgen und ein Beispiel f\u00fcr die \u00d6ffentlichkeit zu geben. Stellen Sie sich vor, jedes andere Reiseunternehmen w\u00fcrde uns folgen, dann w\u00fcrden wir etwas bewirken!<\/p>","protected":false},"excerpt":{"rendered":"<p>Plastic waste reduction:Every year we make a simple but effective plastic pollution report that shows how much plastic we prevented from being used and ended up in our environment. As tour guides in Indonesia, avoiding plastic waste is a constant battle, on a daily basis. Unfortunately, we are not yet 100% successful in our attempt [&hellip;]<\/p>","protected":false},"author":1,"featured_media":0,"parent":0,"menu_order":0,"comment_status":"closed","ping_status":"closed","template":"","meta":{"_monsterinsights_skip_tracking":false,"_monsterinsights_sitenote_active":false,"_monsterinsights_sitenote_note":"","_monsterinsights_sitenote_category":0,"footnotes":""},"class_list":["post-1468","page","type-page","status-publish","hentry"],"aioseo_notices":[],"_links":{"self":[{"href":"https:\/\/indonesiaecotour.com\/de\/wp-json\/wp\/v2\/pages\/1468","targetHints":{"allow":["GET"]}}],"collection":[{"href":"https:\/\/indonesiaecotour.com\/de\/wp-json\/wp\/v2\/pages"}],"about":[{"href":"https:\/\/indonesiaecotour.com\/de\/wp-json\/wp\/v2\/types\/page"}],"author":[{"embeddable":true,"href":"https:\/\/indonesiaecotour.com\/de\/wp-json\/wp\/v2\/users\/1"}],"replies":[{"embeddable":true,"href":"https:\/\/indonesiaecotour.com\/de\/wp-json\/wp\/v2\/comments?post=1468"}],"version-history":[{"count":30,"href":"https:\/\/indonesiaecotour.com\/de\/wp-json\/wp\/v2\/pages\/1468\/revisions"}],"predecessor-version":[{"id":2196,"href":"https:\/\/indonesiaecotour.com\/de\/wp-json\/wp\/v2\/pages\/1468\/revisions\/2196"}],"wp:attachment":[{"href":"https:\/\/indonesiaecotour.com\/de\/wp-json\/wp\/v2\/media?parent=1468"}],"curies":[{"name":"wp","href":"https:\/\/api.w.org\/{rel}","templated":true}]}}