{"id":2083,"date":"2025-04-28T16:03:19","date_gmt":"2025-04-28T16:03:19","guid":{"rendered":"https:\/\/indonesiaecotour.com\/?page_id=2083"},"modified":"2026-04-14T10:19:03","modified_gmt":"2026-04-14T10:19:03","slug":"birding-east-java","status":"publish","type":"page","link":"https:\/\/indonesiaecotour.com\/de\/birding-east-java\/","title":{"rendered":"Wie man den seltenen Javafischer mit den blauen B\u00e4ndern erkennt"},"content":{"rendered":"<p><\/p>\n\n\n\n<div class=\"wp-block-media-text has-media-on-the-right is-stacked-on-mobile is-image-fill-element\" style=\"padding-bottom:var(--wp--preset--spacing--40)\"><div class=\"wp-block-media-text__content\">\n<p>Im Mittelpunkt dieser Erfahrung steht eine einzige au\u00dfergew\u00f6hnliche Art: der <strong>Javaleisvogel<\/strong>ein vom Aussterben bedrohter Vogel, der k\u00fcrzlich an mehreren Orten auf Java wiederentdeckt wurde. Mit einer gesch\u00e4tzten Population von weniger als 250 Exemplaren, die noch in freier Wildbahn leben, ist jede Begegnung mit ihm au\u00dfergew\u00f6hnlich selten und bedeutsam.<\/p>\n\n\n\n<p>Auf dieser Reise betreten wir seinen nat\u00fcrlichen Lebensraum mit Sorgfalt und Respekt, damit wir die bestm\u00f6gliche Chance haben, den schwer fassbaren Vogel zu beobachten oder zu fotografieren. <strong>Javaleisvogel<\/strong> in freier Wildbahn. F\u00fcr passionierte Vogelbeobachter und Naturliebhaber ist dies ein einmaliges Erlebnis in der freien Natur.<\/p>\n<\/div><figure class=\"wp-block-media-text__media\"><img fetchpriority=\"high\" decoding=\"async\" width=\"1024\" height=\"683\" src=\"https:\/\/indonesiaecotour.com\/wp-content\/uploads\/2025\/04\/JCL01553-Edit-EDIT-scaled-e1747056685763-1024x683.avif\" alt=\"Javan Blue-Banded Kingfisher\" class=\"wp-image-2037 size-full\" style=\"object-position:50% 50%\" srcset=\"https:\/\/indonesiaecotour.com\/wp-content\/uploads\/2025\/04\/JCL01553-Edit-EDIT-scaled-e1747056685763-1024x683.avif 1024w, https:\/\/indonesiaecotour.com\/wp-content\/uploads\/2025\/04\/JCL01553-Edit-EDIT-scaled-e1747056685763-300x200.avif 300w, https:\/\/indonesiaecotour.com\/wp-content\/uploads\/2025\/04\/JCL01553-Edit-EDIT-scaled-e1747056685763-768x512.avif 768w, https:\/\/indonesiaecotour.com\/wp-content\/uploads\/2025\/04\/JCL01553-Edit-EDIT-scaled-e1747056685763-1536x1024.avif 1536w, https:\/\/indonesiaecotour.com\/wp-content\/uploads\/2025\/04\/JCL01553-Edit-EDIT-scaled-e1747056685763-2048x1366.avif 2048w\" sizes=\"(max-width: 1024px) 100vw, 1024px\" \/><\/figure><\/div>\n\n\n\n<div class=\"guten-element guten-accordions guten-qmC2UK\">\n<div class=\"accordion-item guten-uw4Wrq active\"><div class=\"accordion-heading\"><div class=\"accordion-icon\"><span class=\"accordion-icon-open\"><i class=\"fas fa-minus\"><\/i><\/span><span class=\"accordion-icon-closed\"><i class=\"fas fa-plus\"><\/i><\/span><\/div><span class=\"accordion-text\">Reiseplan<\/span><\/div><div class=\"accordion-body\"><div class=\"accordion-content\">\n<p><strong><span style=\"text-decoration: underline;\">Tag 1:<\/span><br><\/strong>- Transport von Yogyakarta nach Ost-Java (2,5 Stunden mit dem Zug oder ~4 Stunden mit dem Auto\/Bus)<br>- Abendessen und \u00dcbernachtung in Ost-Java<br><br><strong><span style=\"text-decoration: underline;\">Tag 2<\/span>:<br><\/strong>- Fr\u00fchmorgens Aufbruch in den Wald<br>- Ein ganzer Tag im Versteck, um auf die V\u00f6gel zu warten<br>- Abends R\u00fcckfahrt nach Yogyakarta (2,5 Stunden mit dem Zug oder ~4 Stunden mit dem Auto\/Bus)<\/p>\n<\/div><\/div><\/div>\n<\/div>\n\n\n\n<div class=\"guten-element guten-accordions guten-ylaMfB\">\n<div class=\"accordion-item guten-Ydlq3a\"><div class=\"accordion-heading\"><div class=\"accordion-icon\"><span class=\"accordion-icon-open\"><i class=\"fas fa-minus\"><\/i><\/span><span class=\"accordion-icon-closed\"><i class=\"fas fa-plus\"><\/i><\/span><\/div><span class=\"accordion-text\">Arten<\/span><\/div><div class=\"accordion-body\"><div class=\"accordion-content\">\n<p><strong><span style=\"text-decoration: underline;\">V\u00f6gel:<\/span><\/strong><br><\/p>\n\n\n\n<figure class=\"wp-block-table alignleft\"><table class=\"has-fixed-layout\"><tbody><tr><td class=\"has-text-align-center\" data-align=\"center\"><strong>Arten<\/strong><\/td><td class=\"has-text-align-center\" data-align=\"center\"><strong>Status<\/strong><\/td><td class=\"has-text-align-center\" data-align=\"center\"><strong>Endemisch<\/strong><\/td><\/tr><tr><td class=\"has-text-align-center\" data-align=\"center\">Javabandenfischer<\/td><td class=\"has-text-align-center\" data-align=\"center\">cr<\/td><td class=\"has-text-align-center\" data-align=\"center\">Java<\/td><\/tr><tr><td class=\"has-text-align-center\" data-align=\"center\">Javafischer<\/td><td class=\"has-text-align-center\" data-align=\"center\">lc<\/td><td class=\"has-text-align-center\" data-align=\"center\">Java und Bali<\/td><\/tr><tr><td class=\"has-text-align-center\" data-align=\"center\">Sunda-Gabelschwanz<\/td><td class=\"has-text-align-center\" data-align=\"center\">lc<\/td><td class=\"has-text-align-center\" data-align=\"center\">Java und Sumatra<\/td><\/tr><tr><td class=\"has-text-align-center\" data-align=\"center\">Wei\u00dfscheitel-Scherenschwanz<\/td><td class=\"has-text-align-center\" data-align=\"center\">lc<\/td><td class=\"has-text-align-center\" data-align=\"center\"><\/td><\/tr><tr><td class=\"has-text-align-center\" data-align=\"center\">Blaupfeifendrossel<\/td><td class=\"has-text-align-center\" data-align=\"center\">lc<\/td><td class=\"has-text-align-center\" data-align=\"center\"><\/td><\/tr><\/tbody><\/table><\/figure>\n<\/div><\/div><\/div>\n<\/div>\n\n\n\n<div class=\"guten-element guten-accordions guten-ZjO4aN\">\n<div class=\"accordion-item guten-YDWd9X\"><div class=\"accordion-heading\"><div class=\"accordion-icon\"><span class=\"accordion-icon-open\"><i class=\"fas fa-minus\"><\/i><\/span><span class=\"accordion-icon-closed\"><i class=\"fas fa-plus\"><\/i><\/span><\/div><span class=\"accordion-text\">Eingeschlossen<\/span><\/div><div class=\"accordion-body\"><div class=\"accordion-content\">\n<p>- Transport<br>- Alle Aktivit\u00e4ten wie beschrieben<br>- Hotelunterkunft (1 Nacht)<br>- Trinkwasser, Snacks, Obst, Mittagessen (Tag 2), Abendessen (Tag 1)<br>- Professionelle Fotodokumentation<br>- Niederl\u00e4ndisch und Englisch sprechender Reisef\u00fchrer (westlicher Standard)<br>- Umweltfreundlicher Ansatz, Unterst\u00fctzung lokaler Nichtregierungsorganisationen, auf dieser Reise wird kein Einwegplastik verwendet<\/p>\n<\/div><\/div><\/div>\n<\/div>\n\n\n\n<div class=\"guten-element guten-accordions guten-fxpwX9\">\n<div class=\"accordion-item guten-0baU1P\"><div class=\"accordion-heading\"><div class=\"accordion-icon\"><span class=\"accordion-icon-open\"><i class=\"fas fa-minus\"><\/i><\/span><span class=\"accordion-icon-closed\"><i class=\"fas fa-plus\"><\/i><\/span><\/div><span class=\"accordion-text\">Ausgeschlossen<\/span><\/div><div class=\"accordion-body\"><div class=\"accordion-content\">\n<p>- Mittagessen (Tag 1) und Abendessen (Tag 2) <\/p>\n\n\n\n<p>- Alkoholische Getr\u00e4nke und andere Getr\u00e4nke als Wasser<br>- Pers\u00f6nliche Ausgaben <\/p>\n\n\n\n<p>- Reise- und Krankenversicherungen<\/p>\n\n\n\n<p>- Tipps<\/p>\n<\/div><\/div><\/div>\n<\/div>\n\n\n\n<div class=\"guten-element guten-accordions guten-udjDj0\">\n<div class=\"accordion-item guten-m0rfzc\"><div class=\"accordion-heading\"><div class=\"accordion-icon\"><span class=\"accordion-icon-open\"><i class=\"fas fa-minus\"><\/i><\/span><span class=\"accordion-icon-closed\"><i class=\"fas fa-plus\"><\/i><\/span><\/div><span class=\"accordion-text\">Preis<\/span><\/div><div class=\"accordion-body\"><div class=\"accordion-content\">\n<p>- Preise ab&nbsp;<strong>4.300.000 IDR pro Person, basierend auf einer Gruppe von 4 Personen aus Yogyakarta mit dem Auto<\/strong><br>- Bitte kontaktieren Sie<strong>&nbsp;<\/strong>us<strong>&nbsp;<a href=\"https:\/\/wa.me\/6282137219073\">hier<\/a><\/strong>&nbsp;f\u00fcr andere Preise, Anpassungen oder Fragen<\/p>\n<\/div><\/div><\/div>\n<\/div>\n\n\n\n<div class=\"wp-block-cb-carousel\" data-slick=\"{&quot;slidesToShow&quot;:2,&quot;slidesToScroll&quot;:1,&quot;speed&quot;:300,&quot;arrows&quot;:true,&quot;dots&quot;:true,&quot;autoplay&quot;:true,&quot;autoplaySpeed&quot;:2000,&quot;infinite&quot;:true,&quot;responsive&quot;:[{&quot;breakpoint&quot;:769,&quot;settings&quot;:{&quot;slidesToShow&quot;:1,&quot;slidesToScroll&quot;:1}}]}\">\n<div class=\"wp-block-cb-slide\">\n<div class=\"wp-block-gutenverse-image guten-element guten-image guten-BPI5bX\"><div class=\"guten-image-wrapper\"><img decoding=\"async\" class=\"gutenverse-image-box-filled\" src=\"https:\/\/indonesiaecotour.com\/wp-content\/uploads\/2023\/09\/JCL01576-Edit-scaled.jpg\" height=\"2560\" width=\"2560\"\/><\/div><span class=\"guten-caption\">Javablauschwanz kf (m\u00e4nnlich)<\/span><\/div>\n<\/div>\n\n\n\n<div class=\"wp-block-cb-slide\">\n<div class=\"wp-block-gutenverse-image guten-element guten-image guten-wG7z4G\"><div class=\"guten-image-wrapper\"><img decoding=\"async\" class=\"gutenverse-image-box-filled\" src=\"https:\/\/indonesiaecotour.com\/wp-content\/uploads\/2023\/09\/JCL01228-Edit-scaled.jpg\" height=\"2560\" width=\"2560\"\/><\/div><span class=\"guten-caption\">Javablauschwanz kf (weiblich)<\/span><\/div>\n<\/div>\n\n\n\n<div class=\"wp-block-cb-slide\">\n<div class=\"wp-block-gutenverse-image guten-element guten-image guten-hnvlvf\"><div class=\"guten-image-wrapper\"><img loading=\"lazy\" decoding=\"async\" class=\"gutenverse-image-box-filled\" src=\"https:\/\/indonesiaecotour.com\/wp-content\/uploads\/2023\/09\/JCL01514-Edit-scaled.jpg\" height=\"2560\" width=\"2560\"\/><\/div><span class=\"guten-caption\">Javafischer<\/span><\/div>\n<\/div>\n\n\n\n<div class=\"wp-block-cb-slide\">\n<div class=\"wp-block-gutenverse-image guten-element guten-image guten-XTmbOZ\"><div class=\"guten-image-wrapper\"><img loading=\"lazy\" decoding=\"async\" class=\"gutenverse-image-box-filled\" src=\"https:\/\/indonesiaecotour.com\/wp-content\/uploads\/2023\/09\/JCL01391-Edit-scaled.jpg\" height=\"2560\" width=\"2560\"\/><\/div><span class=\"guten-caption\">Sunda-Gabelschwanz<\/span><\/div>\n<\/div>\n\n\n\n<div class=\"wp-block-cb-slide\">\n<div class=\"wp-block-gutenverse-image guten-element guten-image guten-0PgAQs\"><div class=\"guten-image-wrapper\"><img loading=\"lazy\" decoding=\"async\" class=\"gutenverse-image-box-filled\" src=\"https:\/\/indonesiaecotour.com\/wp-content\/uploads\/2023\/09\/JCL01677-Edit-scaled-e1696086942375.jpg\" height=\"1706\" width=\"1706\"\/><\/div><span class=\"guten-caption\">Blaupfeifendrossel<\/span><\/div>\n<\/div>\n<\/div>\n\n\n\n<div class=\"guten-element guten-button-wrapper guten-kfpUHI\"><a class=\"guten-button guten-button-sm\" href=\"https:\/\/drive.google.com\/file\/d\/1eJhNQwDfyOac0Vnsg11tKfTxr3sWcbiG\/view?usp=sharing\" target=\"_blank\" aria-label=\"\" rel=\"noreferrer noopener\"><span> Brosch\u00fcre herunterladen<\/span><\/a><\/div>\n\n\n\n<div class=\"guten-element guten-button-wrapper guten-uXcmRG\"><a class=\"guten-button guten-button-sm\" href=\"https:\/\/wa.me\/6282137219073\" target=\"_blank\" aria-label=\"\" rel=\"noreferrer noopener\"><i class=\"fa-lg fab fa-whatsapp\"><\/i><span> Kontakt<\/span><\/a><\/div>\n\n\n\n<p><\/p>","protected":false},"excerpt":{"rendered":"<p>The main focus of this experience is a single extraordinary species: the Javan Blue-Banded Kingfisher, a critically endangered bird recently rediscovered in several locations across Java. With an estimated population of fewer than 250 individuals left in the wild, every encounter is exceptionally rare and meaningful. On this journey, we step into its natural habitat [&hellip;]<\/p>","protected":false},"author":1,"featured_media":0,"parent":0,"menu_order":0,"comment_status":"closed","ping_status":"closed","template":"","meta":{"_monsterinsights_skip_tracking":false,"_monsterinsights_sitenote_active":false,"_monsterinsights_sitenote_note":"","_monsterinsights_sitenote_category":0,"footnotes":""},"class_list":["post-2083","page","type-page","status-publish","hentry"],"aioseo_notices":[],"_links":{"self":[{"href":"https:\/\/indonesiaecotour.com\/de\/wp-json\/wp\/v2\/pages\/2083","targetHints":{"allow":["GET"]}}],"collection":[{"href":"https:\/\/indonesiaecotour.com\/de\/wp-json\/wp\/v2\/pages"}],"about":[{"href":"https:\/\/indonesiaecotour.com\/de\/wp-json\/wp\/v2\/types\/page"}],"author":[{"embeddable":true,"href":"https:\/\/indonesiaecotour.com\/de\/wp-json\/wp\/v2\/users\/1"}],"replies":[{"embeddable":true,"href":"https:\/\/indonesiaecotour.com\/de\/wp-json\/wp\/v2\/comments?post=2083"}],"version-history":[{"count":27,"href":"https:\/\/indonesiaecotour.com\/de\/wp-json\/wp\/v2\/pages\/2083\/revisions"}],"predecessor-version":[{"id":3446,"href":"https:\/\/indonesiaecotour.com\/de\/wp-json\/wp\/v2\/pages\/2083\/revisions\/3446"}],"wp:attachment":[{"href":"https:\/\/indonesiaecotour.com\/de\/wp-json\/wp\/v2\/media?parent=2083"}],"curies":[{"name":"wp","href":"https:\/\/api.w.org\/{rel}","templated":true}]}}