{"id":2084,"date":"2025-04-28T16:03:58","date_gmt":"2025-04-28T16:03:58","guid":{"rendered":"https:\/\/indonesiaecotour.com\/?page_id=2084"},"modified":"2026-04-14T09:51:32","modified_gmt":"2026-04-14T09:51:32","slug":"birding-yogyakarta","status":"publish","type":"page","link":"https:\/\/indonesiaecotour.com\/de\/birding-yogyakarta\/","title":{"rendered":"Entdecken Sie 20+ seltene Endemiten auf der ultimativen Vogelbeobachtungstour in Yogyakarta"},"content":{"rendered":"<div class=\"wp-block-media-text is-stacked-on-mobile is-image-fill-element\" style=\"padding-bottom:var(--wp--preset--spacing--40)\"><figure class=\"wp-block-media-text__media\"><img fetchpriority=\"high\" decoding=\"async\" width=\"1024\" height=\"683\" src=\"https:\/\/indonesiaecotour.com\/wp-content\/uploads\/2023\/10\/JCL02074-Edit-1024x683.jpg\" alt=\"birdwatching tour in Yogyakarta\" class=\"wp-image-1192 size-full\" style=\"object-position:50% 50%\" srcset=\"https:\/\/indonesiaecotour.com\/wp-content\/uploads\/2023\/10\/JCL02074-Edit-1024x683.jpg 1024w, https:\/\/indonesiaecotour.com\/wp-content\/uploads\/2023\/10\/JCL02074-Edit-300x200.jpg 300w, https:\/\/indonesiaecotour.com\/wp-content\/uploads\/2023\/10\/JCL02074-Edit-768x512.jpg 768w, https:\/\/indonesiaecotour.com\/wp-content\/uploads\/2023\/10\/JCL02074-Edit-1536x1024.jpg 1536w, https:\/\/indonesiaecotour.com\/wp-content\/uploads\/2023\/10\/JCL02074-Edit-2048x1366.jpg 2048w\" sizes=\"(max-width: 1024px) 100vw, 1024px\" \/><\/figure><div class=\"wp-block-media-text__content\">\n<p>Indonesien ist ein Traumziel f\u00fcr die Beobachtung endemischer V\u00f6gel, und selbst in der N\u00e4he der Stadt kann man bereits eine beeindruckende Vielfalt an Arten finden. Auf unserer <strong>Vogelbeobachtungstour in Yogyakarta<\/strong>Wir erkunden eine Region mit einer unglaublichen Artenvielfalt dank ihrer einzigartigen Mischung aus Bergen, Str\u00e4nden und Tieflandw\u00e4ldern, die alle in Reichweite einer Stadt liegen.<\/p>\n\n\n\n<p>An nur einem Tag k\u00f6nnen wir einige der wichtigsten Vogelbeobachtungspl\u00e4tze besuchen, die perfekt f\u00fcr gelegentliche Naturliebhaber sind. Wenn Sie jedoch ein engagierter Vogelbeobachter oder Tierfotograf sind und die gesamte Bandbreite an Lebensr\u00e4umen und Arten erleben m\u00f6chten, empfehlen wir Ihnen eine mehrt\u00e4gige Reise, um alles zu entdecken <strong><a href=\"https:\/\/indonesiaecotour.com\/de\/cultural-cycling-prambanan\/\" title=\"Yogyakarta\">Yogyakarta<\/a><\/strong> zu bieten hat.<\/p>\n<\/div><\/div>\n\n\n\n<div class=\"guten-element guten-accordions guten-Kjps4J\">\n<div class=\"accordion-item guten-ZaY1yf\"><div class=\"accordion-heading\"><div class=\"accordion-icon\"><span class=\"accordion-icon-open\"><i class=\"fas fa-minus\"><\/i><\/span><span class=\"accordion-icon-closed\"><i class=\"fas fa-plus\"><\/i><\/span><\/div><span class=\"accordion-text\"><strong>Reiseplan<\/strong><\/span><\/div><div class=\"accordion-body\"><div class=\"accordion-content\">\n<p class=\"translation-block\">- Abholung vom Hotel in Yogyakarta um 6 Uhr<br>- 1,5-st\u00fcndige Fahrt zum ersten Waldgebiet<br>- Trinken Sie einen Kaffee und nehmen Sie ein paar Snacks zu sich, bevor wir uns auf die Suche nach V\u00f6geln begeben und die verschiedenen Verstecke\/Gebiete erkunden<br>- Mittagessen<br>- Nachmittags gehen wir in einem anderen Gebiet spazieren oder lassen uns in einem der Verstecke nieder, um wirklich nahe Bilder\/Ansichten zu bekommen<br>- Abendessen (optional)<br>- R\u00fcckfahrt zum Hotel<br>- Optionale Verl\u00e4ngerung von 2\/1N, um den seltensten Eisvogel der Welt zu fotografieren (2,5 Stunden mit dem Zug\/4 Stunden mit dem Auto)<\/p>\n<\/div><\/div><\/div>\n\n\n\n<div class=\"accordion-item guten-GxVC8y\"><div class=\"accordion-heading\"><div class=\"accordion-icon\"><span class=\"accordion-icon-open\"><i class=\"fas fa-minus\"><\/i><\/span><span class=\"accordion-icon-closed\"><i class=\"fas fa-plus\"><\/i><\/span><\/div><span class=\"accordion-text\"><strong>Arten<\/strong><\/span><\/div><div class=\"accordion-body\"><div class=\"accordion-content\">\n<p>Dies k\u00f6nnen Sie w\u00e4hrend Ihrer <strong>Vogelbeobachtungstour in Yogyakarta<\/strong><span style=\"text-decoration: underline;\"><strong><br><\/strong><\/span><\/p>\n\n\n\n<figure class=\"wp-block-table\"><table class=\"has-fixed-layout\"><tbody><tr><td class=\"has-text-align-center\" data-align=\"center\"><strong>Arten<\/strong><\/td><td class=\"has-text-align-center\" data-align=\"center\"><strong>Status<\/strong><\/td><td class=\"has-text-align-center\" data-align=\"center\"><strong>Endemisch<\/strong><\/td><\/tr><tr><td class=\"has-text-align-center\" data-align=\"center\">Javasonnenvogel<\/td><td class=\"has-text-align-center\" data-align=\"center\">lc<\/td><td class=\"has-text-align-center\" data-align=\"center\">Java und Bali<\/td><\/tr><tr><td class=\"has-text-align-center\" data-align=\"center\">Javablauschwanz<\/td><td class=\"has-text-align-center\" data-align=\"center\">cr<\/td><td class=\"has-text-align-center\" data-align=\"center\">Java<\/td><\/tr><tr><td class=\"has-text-align-center\" data-align=\"center\">Braunwangenb\u00fclb\u00fcl<\/td><td class=\"has-text-align-center\" data-align=\"center\">en<\/td><td class=\"has-text-align-center\" data-align=\"center\">Java und Bali<\/td><\/tr><tr><td class=\"has-text-align-center\" data-align=\"center\">Graubrust-Zwergfischer<\/td><td class=\"has-text-align-center\" data-align=\"center\">lc<\/td><td class=\"has-text-align-center\" data-align=\"center\"><\/td><\/tr><tr><td class=\"has-text-align-center\" data-align=\"center\">Rubinkehlb\u00fclb\u00fcl<\/td><td class=\"has-text-align-center\" data-align=\"center\">vu<\/td><td class=\"has-text-align-center\" data-align=\"center\">Java und Bali<\/td><\/tr><tr><td class=\"has-text-align-center\" data-align=\"center\">Javafischer<\/td><td class=\"has-text-align-center\" data-align=\"center\">lc<\/td><td class=\"has-text-align-center\" data-align=\"center\">Java und Bali<\/td><\/tr><tr><td class=\"has-text-align-center\" data-align=\"center\">Schlangenkopfadler<\/td><td class=\"has-text-align-center\" data-align=\"center\">lc<\/td><td class=\"has-text-align-center\" data-align=\"center\"><\/td><\/tr><tr><td class=\"has-text-align-center\" data-align=\"center\">Strichelbrust-Spinnenj\u00e4ger<\/td><td class=\"has-text-align-center\" data-align=\"center\">lc<\/td><td class=\"has-text-align-center\" data-align=\"center\">Java und Bali<\/td><\/tr><tr><td class=\"has-text-align-center\" data-align=\"center\">kleine Spinnenj\u00e4gerin<\/td><td class=\"has-text-align-center\" data-align=\"center\">lc<\/td><td class=\"has-text-align-center\" data-align=\"center\"><\/td><\/tr><tr><td class=\"has-text-align-center\" data-align=\"center\">Kastanienbrustalkoha<\/td><td class=\"has-text-align-center\" data-align=\"center\">lc<\/td><td class=\"has-text-align-center\" data-align=\"center\"><\/td><\/tr><tr><td class=\"has-text-align-center\" data-align=\"center\">Orangenbauch-Mistelfresser<\/td><td class=\"has-text-align-center\" data-align=\"center\">lc<\/td><td class=\"has-text-align-center\" data-align=\"center\"><\/td><\/tr><tr><td class=\"has-text-align-center\" data-align=\"center\">Sunda-Zwergspecht<\/td><td class=\"has-text-align-center\" data-align=\"center\">lc<\/td><td class=\"has-text-align-center\" data-align=\"center\"><\/td><\/tr><tr><td class=\"has-text-align-center\" data-align=\"center\">Schwarznackenmonarch<\/td><td class=\"has-text-align-center\" data-align=\"center\">lc<\/td><td class=\"has-text-align-center\" data-align=\"center\"><\/td><\/tr><tr><td class=\"has-text-align-center\" data-align=\"center\">Graueisvogel<\/td><td class=\"has-text-align-center\" data-align=\"center\">lc<\/td><td class=\"has-text-align-center\" data-align=\"center\"><\/td><\/tr><tr><td class=\"has-text-align-center\" data-align=\"center\">Braunkehl-Glanzk\u00f6pfchen<\/td><td class=\"has-text-align-center\" data-align=\"center\">lc<\/td><td class=\"has-text-align-center\" data-align=\"center\"><\/td><\/tr><tr><td class=\"has-text-align-center\" data-align=\"center\">Dickschnabel-Blattvogel<\/td><td class=\"has-text-align-center\" data-align=\"center\">en<\/td><td class=\"has-text-align-center\" data-align=\"center\"><\/td><\/tr><tr><td class=\"has-text-align-center\" data-align=\"center\">Feldsperling<\/td><td class=\"has-text-align-center\" data-align=\"center\">en<\/td><td class=\"has-text-align-center\" data-align=\"center\">Java<\/td><\/tr><tr><td class=\"has-text-align-center\" data-align=\"center\">Javabartvogel<\/td><td class=\"has-text-align-center\" data-align=\"center\">nt<\/td><td class=\"has-text-align-center\" data-align=\"center\">Java und Bali<\/td><\/tr><tr><td class=\"has-text-align-center\" data-align=\"center\">Javapapageientimalie<\/td><td class=\"has-text-align-center\" data-align=\"center\">lc<\/td><td class=\"has-text-align-center\" data-align=\"center\">Java<\/td><\/tr><tr><td class=\"has-text-align-center\" data-align=\"center\">Horsefields\u00e4bler<\/td><td class=\"has-text-align-center\" data-align=\"center\">lc<\/td><td class=\"has-text-align-center\" data-align=\"center\"><\/td><\/tr><tr><td class=\"has-text-align-center\" data-align=\"center\">Rotbrusttimalie<\/td><td class=\"has-text-align-center\" data-align=\"center\">lc<\/td><td class=\"has-text-align-center\" data-align=\"center\">Java und Bali<\/td><\/tr><tr><td class=\"has-text-align-center\" data-align=\"center\">Olivr\u00fccken-Sonnenvogel<\/td><td class=\"has-text-align-center\" data-align=\"center\">lc<\/td><td class=\"has-text-align-center\" data-align=\"center\"><\/td><\/tr><tr><td class=\"has-text-align-center\" data-align=\"center\">Zwergmennigvogel<\/td><td class=\"has-text-align-center\" data-align=\"center\">lc<\/td><td class=\"has-text-align-center\" data-align=\"center\"><\/td><\/tr><tr><td class=\"has-text-align-center\" data-align=\"center\">Braunr\u00fccken-Zwergspecht<\/td><td class=\"has-text-align-center\" data-align=\"center\">lc<\/td><td class=\"has-text-align-center\" data-align=\"center\"><\/td><\/tr><tr><td class=\"has-text-align-center\" data-align=\"center\">Sunda-Gabelschwanz <\/td><td class=\"has-text-align-center\" data-align=\"center\">lc<\/td><td class=\"has-text-align-center\" data-align=\"center\">Java und Sumatra<\/td><\/tr><tr><td class=\"has-text-align-center\" data-align=\"center\">Orientalischer Lorbeerkauz<\/td><td class=\"has-text-align-center\" data-align=\"center\">lc<\/td><td class=\"has-text-align-center\" data-align=\"center\"><\/td><\/tr><tr><td class=\"has-text-align-center\" data-align=\"center\">Braunschwanzsaphir<\/td><td class=\"has-text-align-center\" data-align=\"center\">lc<\/td><td class=\"has-text-align-center\" data-align=\"center\"><\/td><\/tr><tr><td class=\"has-text-align-center\" data-align=\"center\">Olivr\u00fcckenschwanzt\u00f6lpel<\/td><td class=\"has-text-align-center\" data-align=\"center\">lc<\/td><td class=\"has-text-align-center\" data-align=\"center\">Java, Bali, Madura, Lombok<\/td><\/tr><tr><td class=\"has-text-align-center\" data-align=\"center\">&#8230;<\/td><td class=\"has-text-align-center\" data-align=\"center\"><\/td><td class=\"has-text-align-center\" data-align=\"center\"><\/td><\/tr><\/tbody><\/table><\/figure>\n<\/div><\/div><\/div>\n\n\n\n<div class=\"accordion-item guten-RDNyDs active\"><div class=\"accordion-heading\"><div class=\"accordion-icon\"><span class=\"accordion-icon-open\"><i class=\"fas fa-minus\"><\/i><\/span><span class=\"accordion-icon-closed\"><i class=\"fas fa-plus\"><\/i><\/span><\/div><span class=\"accordion-text\"><strong><strong>Eingeschlossen<\/strong><\/strong><\/span><\/div><div class=\"accordion-body\"><div class=\"accordion-content\">\n<p>- Transport<br>- Alle Aktivit\u00e4ten wie beschrieben<\/p>\n\n\n\n<p>- Trinkwasser, Snacks, Obst, Mittagessen<\/p>\n\n\n\n<p>- Professionelle Fotodokumentation<\/p>\n\n\n\n<p>- Niederl\u00e4ndisch und Englisch sprechender Reisef\u00fchrer (westlicher Standard)<\/p>\n\n\n\n<p>- Umweltfreundlicher Ansatz, Unterst\u00fctzung lokaler Nichtregierungsorganisationen, auf dieser Reise wird kein Einwegplastik verwendet<\/p>\n<\/div><\/div><\/div>\n\n\n\n<div class=\"accordion-item guten-l1M1ZN\"><div class=\"accordion-heading\"><div class=\"accordion-icon\"><span class=\"accordion-icon-open\"><i class=\"fas fa-minus\"><\/i><\/span><span class=\"accordion-icon-closed\"><i class=\"fas fa-plus\"><\/i><\/span><\/div><span class=\"accordion-text\"><strong><strong>Ausgeschlossen<\/strong><\/strong><\/span><\/div><div class=\"accordion-body\"><div class=\"accordion-content\">\n<p>- Abendessen<\/p>\n\n\n\n<p>- Alkoholische Getr\u00e4nke und andere Getr\u00e4nke als Wasser<\/p>\n\n\n\n<p>- Pers\u00f6nliche Ausgaben<\/p>\n\n\n\n<p>- Reise- und Krankenversicherungen<\/p>\n\n\n\n<p>- Tipps<\/p>\n<\/div><\/div><\/div>\n\n\n\n<div class=\"accordion-item guten-8hP3Oq\"><div class=\"accordion-heading\"><div class=\"accordion-icon\"><span class=\"accordion-icon-open\"><i class=\"fas fa-minus\"><\/i><\/span><span class=\"accordion-icon-closed\"><i class=\"fas fa-plus\"><\/i><\/span><\/div><span class=\"accordion-text\"><strong><strong><strong>Preis<\/strong><\/strong><\/strong><\/span><\/div><div class=\"accordion-body\"><div class=\"accordion-content\">\n<p>- Preise ab <strong>1.300.000 IDR<\/strong> <strong>pro Person auf der Grundlage eines<\/strong> <strong>4er-Gruppe<\/strong><br>- Bitte kontaktieren Sie<strong> <\/strong>us<strong> <a href=\"https:\/\/wa.me\/6282137219073\"><span style=\"text-decoration: underline;\">hier<\/span><\/a><\/strong>&nbsp;f\u00fcr andere Preise, Anpassungen oder Fragen<\/p>\n<\/div><\/div><\/div>\n<\/div>\n\n\n\n<div class=\"wp-block-cb-carousel-v2 cb-carousel-block\" data-cb-slides-per-view=\"1\" data-cb-slides-per-group=\"1\" data-cb-space-between=\"100\" data-cb-speed=\"500\" data-cb-navigation=\"true\" data-cb-pagination=\"true\" data-cb-loop=\"true\" data-cb-autoplay=\"true\" data-cb-autoplay-speed=\"2000\" data-cb-breakpoints=\"{&quot;768&quot;:{&quot;slidesPerView&quot;:3,&quot;slidesPerGroup&quot;:1}}\"><div class=\"swiper\"><div class=\"cb-wrapper swiper-wrapper\">\n<div class=\"wp-block-cb-slide-v2 cb-slide swiper-slide\">\n<div class=\"wp-block-group is-nowrap is-layout-flex wp-container-core-group-is-layout-6c531013 wp-block-group-is-layout-flex\">\n<div class=\"wp-block-gutenverse-image guten-element guten-image guten-seBXlu\"><div class=\"guten-image-wrapper\"><img decoding=\"async\" class=\"gutenverse-image-box-filled\" src=\"https:\/\/indonesiaecotour.com\/wp-content\/uploads\/2025\/05\/JCL07799-Edit-scaled.avif\" height=\"2560\" width=\"1708\"\/><\/div><span class=\"guten-caption\">Javabartvogel<\/span><\/div>\n<\/div>\n<\/div>\n\n\n\n<div class=\"wp-block-cb-slide-v2 cb-slide swiper-slide\">\n<div class=\"wp-block-gutenverse-image guten-element guten-image guten-gCmKs0\"><div class=\"guten-image-wrapper\"><img decoding=\"async\" class=\"gutenverse-image-box-filled\" src=\"https:\/\/indonesiaecotour.com\/wp-content\/uploads\/2023\/09\/DSC04180-Edit-scaled.jpg\" height=\"2560\" width=\"2560\"\/><\/div><span class=\"guten-caption\">Kleine Spinnenj\u00e4gerin<\/span><\/div>\n<\/div>\n\n\n\n<div class=\"wp-block-cb-slide-v2 cb-slide swiper-slide\">\n<div class=\"wp-block-group is-nowrap is-layout-flex wp-container-core-group-is-layout-6c531013 wp-block-group-is-layout-flex\">\n<div class=\"wp-block-gutenverse-image guten-element guten-image guten-DSHuYA\"><div class=\"guten-image-wrapper\"><img loading=\"lazy\" decoding=\"async\" class=\"gutenverse-image-box-filled\" src=\"https:\/\/indonesiaecotour.com\/wp-content\/uploads\/2023\/09\/JCL01097-Edit-scaled.jpg\" height=\"2560\" width=\"2560\"\/><\/div><span class=\"guten-caption\">Rubinkehlb\u00fclb\u00fcl<\/span><\/div>\n<\/div>\n<\/div>\n\n\n\n<div class=\"wp-block-cb-slide-v2 cb-slide swiper-slide\">\n<div class=\"wp-block-gutenverse-image guten-element guten-image guten-55ndfx\"><div class=\"guten-image-wrapper\"><img loading=\"lazy\" decoding=\"async\" class=\"gutenverse-image-box-filled\" src=\"https:\/\/indonesiaecotour.com\/wp-content\/uploads\/2025\/05\/JCL07978-Edit-scaled.avif\" height=\"1708\" width=\"2560\"\/><\/div><span class=\"guten-caption\">Feldsperling<\/span><\/div>\n<\/div>\n\n\n\n<div class=\"wp-block-cb-slide-v2 cb-slide swiper-slide\">\n<div class=\"wp-block-gutenverse-image guten-element guten-image guten-kod9we\"><div class=\"guten-image-wrapper\"><img loading=\"lazy\" decoding=\"async\" class=\"gutenverse-image-box-filled\" src=\"https:\/\/indonesiaecotour.com\/wp-content\/uploads\/2023\/09\/DSC00073-Edit-scaled.jpg\" height=\"2560\" width=\"2560\"\/><\/div><span class=\"guten-caption\">Orangenbauch-Mistelfresser (Weibchen)<\/span><\/div>\n<\/div>\n\n\n\n<div class=\"wp-block-cb-slide-v2 cb-slide swiper-slide\">\n<div class=\"wp-block-group is-nowrap is-layout-flex wp-container-core-group-is-layout-6c531013 wp-block-group-is-layout-flex\">\n<div class=\"wp-block-gutenverse-image guten-element guten-image guten-wyAr1R\"><div class=\"guten-image-wrapper\"><img loading=\"lazy\" decoding=\"async\" class=\"gutenverse-image-box-filled\" src=\"https:\/\/indonesiaecotour.com\/wp-content\/uploads\/2025\/05\/JCL07361-Edit-scaled.avif\" height=\"1708\" width=\"2560\"\/><\/div><span class=\"guten-caption\">Orangenbauch-Mistelfresser (M\u00e4nnchen)<\/span><\/div>\n<\/div>\n<\/div>\n\n\n\n<div class=\"wp-block-cb-slide-v2 cb-slide swiper-slide\">\n<div class=\"wp-block-group is-nowrap is-layout-flex wp-container-core-group-is-layout-6c531013 wp-block-group-is-layout-flex\">\n<div class=\"wp-block-gutenverse-image guten-element guten-image guten-A6Zqql\"><div class=\"guten-image-wrapper\"><img loading=\"lazy\" decoding=\"async\" class=\"gutenverse-image-box-filled\" src=\"https:\/\/indonesiaecotour.com\/wp-content\/uploads\/2025\/05\/JCL07815-Edit-scaled.avif\" height=\"1708\" width=\"2560\"\/><\/div><span class=\"guten-caption\">Horsfieldtimalie<\/span><\/div>\n<\/div>\n<\/div>\n\n\n\n<div class=\"wp-block-cb-slide-v2 cb-slide swiper-slide\">\n<div class=\"wp-block-gutenverse-image guten-element guten-image guten-4MvxZ8\"><div class=\"guten-image-wrapper\"><img loading=\"lazy\" decoding=\"async\" class=\"gutenverse-image-box-filled\" src=\"https:\/\/indonesiaecotour.com\/wp-content\/uploads\/2025\/05\/JCL07503-Edit-scaled.avif\" height=\"1708\" width=\"2560\"\/><\/div><span class=\"guten-caption\">Javafischer<\/span><\/div>\n<\/div>\n\n\n\n<div class=\"wp-block-cb-slide-v2 cb-slide swiper-slide\">\n<div class=\"wp-block-gutenverse-image guten-element guten-image guten-DCZXwV\"><div class=\"guten-image-wrapper\"><img loading=\"lazy\" decoding=\"async\" class=\"gutenverse-image-box-filled\" src=\"https:\/\/indonesiaecotour.com\/wp-content\/uploads\/2025\/05\/JCL07616-Edit-scaled.avif\" height=\"2560\" width=\"2560\"\/><\/div><span class=\"guten-caption\">Schopfschlangenadler (jung)<\/span><\/div>\n<\/div>\n<\/div><\/div><div class=\"cb-pagination swiper-pagination\"><\/div><div class=\"cb-button-prev swiper-button-prev\"><\/div><div class=\"cb-button-next swiper-button-next\"><\/div><\/div>\n\n\n\n<div class=\"guten-element guten-button-wrapper guten-kfpUHI\"><a class=\"guten-button guten-button-sm\" href=\"https:\/\/drive.google.com\/file\/d\/1eJhNQwDfyOac0Vnsg11tKfTxr3sWcbiG\/view?usp=sharing\" target=\"_blank\" aria-label=\"\" rel=\"noreferrer noopener\"><span> Brosch\u00fcre herunterladen<\/span><\/a><\/div>\n\n\n\n<div class=\"guten-element guten-button-wrapper guten-uXcmRG\"><a class=\"guten-button guten-button-sm\" href=\"https:\/\/wa.me\/6282137219073\" target=\"_blank\" aria-label=\"\" rel=\"noreferrer noopener\"><i class=\"fa-lg fab fa-whatsapp\"><\/i><span> Kontakt<\/span><\/a><\/div>\n\n\n\n<p><\/p>","protected":false},"excerpt":{"rendered":"<p>Indonesia is a dream destination for spotting endemic birds, and even close to the city you can already find an impressive variety of species. On our birdwatching tour in Yogyakarta, we explore a region with incredible biodiversity thanks to its unique mix of mountains, beaches, and lowland forests, all within reach of one city. In [&hellip;]<\/p>","protected":false},"author":1,"featured_media":0,"parent":0,"menu_order":0,"comment_status":"closed","ping_status":"closed","template":"","meta":{"_monsterinsights_skip_tracking":false,"_monsterinsights_sitenote_active":false,"_monsterinsights_sitenote_note":"","_monsterinsights_sitenote_category":0,"footnotes":""},"class_list":["post-2084","page","type-page","status-publish","hentry"],"aioseo_notices":[],"_links":{"self":[{"href":"https:\/\/indonesiaecotour.com\/de\/wp-json\/wp\/v2\/pages\/2084","targetHints":{"allow":["GET"]}}],"collection":[{"href":"https:\/\/indonesiaecotour.com\/de\/wp-json\/wp\/v2\/pages"}],"about":[{"href":"https:\/\/indonesiaecotour.com\/de\/wp-json\/wp\/v2\/types\/page"}],"author":[{"embeddable":true,"href":"https:\/\/indonesiaecotour.com\/de\/wp-json\/wp\/v2\/users\/1"}],"replies":[{"embeddable":true,"href":"https:\/\/indonesiaecotour.com\/de\/wp-json\/wp\/v2\/comments?post=2084"}],"version-history":[{"count":46,"href":"https:\/\/indonesiaecotour.com\/de\/wp-json\/wp\/v2\/pages\/2084\/revisions"}],"predecessor-version":[{"id":3441,"href":"https:\/\/indonesiaecotour.com\/de\/wp-json\/wp\/v2\/pages\/2084\/revisions\/3441"}],"wp:attachment":[{"href":"https:\/\/indonesiaecotour.com\/de\/wp-json\/wp\/v2\/media?parent=2084"}],"curies":[{"name":"wp","href":"https:\/\/api.w.org\/{rel}","templated":true}]}}