{"id":2088,"date":"2025-04-28T16:03:34","date_gmt":"2025-04-28T16:03:34","guid":{"rendered":"https:\/\/indonesiaecotour.com\/?page_id=2088"},"modified":"2026-04-14T08:39:00","modified_gmt":"2026-04-14T08:39:00","slug":"java","status":"publish","type":"page","link":"https:\/\/indonesiaecotour.com\/de\/java\/","title":{"rendered":"Java Eco Tour\u00a016 days Revealing Indonesia&#8217;s Hidden Wonders"},"content":{"rendered":"<div class=\"wp-block-media-text is-stacked-on-mobile is-image-fill-element\" style=\"padding-bottom:var(--wp--preset--spacing--40)\"><figure class=\"wp-block-media-text__media\"><img fetchpriority=\"high\" decoding=\"async\" width=\"1024\" height=\"576\" src=\"https:\/\/indonesiaecotour.com\/wp-content\/uploads\/2023\/10\/DJI_0590-2-1024x576.jpg\" alt=\"Java eco tour 16 days to discover the hidden gem's of Indonesia biggest island.\" class=\"wp-image-1291 size-full\" style=\"object-position:50% 50%\" srcset=\"https:\/\/indonesiaecotour.com\/wp-content\/uploads\/2023\/10\/DJI_0590-2-1024x576.jpg 1024w, https:\/\/indonesiaecotour.com\/wp-content\/uploads\/2023\/10\/DJI_0590-2-300x169.jpg 300w, https:\/\/indonesiaecotour.com\/wp-content\/uploads\/2023\/10\/DJI_0590-2-768x432.jpg 768w, https:\/\/indonesiaecotour.com\/wp-content\/uploads\/2023\/10\/DJI_0590-2-1536x864.jpg 1536w, https:\/\/indonesiaecotour.com\/wp-content\/uploads\/2023\/10\/DJI_0590-2-2048x1152.jpg 2048w\" sizes=\"(max-width: 1024px) 100vw, 1024px\" \/><\/figure><div class=\"wp-block-media-text__content\">\n<p>Get ready to discover Java in the most unique and adventurous way. On this <strong>Java eco tour 16 days<\/strong>, we take you far beyond the classic tourist routes and into authentic places where mass tourism hasn\u2019t arrived yet.<\/p>\n\n\n\n<p>You\u2019ll experience the real Java in a traditional, local, and respectful way, meeting welcoming communities, sharing genuine moments, and discovering a culture that feels untouched and deeply alive. Everywhere we go, we are greeted by warm smiles, open hearts, and true Indonesian hospitality.<\/p>\n\n\n\n<p>From remote villages to breathtaking landscapes, this journey is all about hidden gems and unforgettable encounters. Join us and see for yourself what Java truly has to offer.<\/p>\n<\/div><\/div>\n\n\n\n<div class=\"guten-element guten-accordions guten-k6QwS6\">\n<div class=\"accordion-item guten-1Ql3nr active\"><div class=\"accordion-heading\"><div class=\"accordion-icon\"><span class=\"accordion-icon-open\"><i class=\"fas fa-minus\"><\/i><\/span><span class=\"accordion-icon-closed\"><i class=\"fas fa-plus\"><\/i><\/span><\/div><span class=\"accordion-text\">Reiseplan<\/span><\/div><div class=\"accordion-body\"><div class=\"accordion-content\">\n<p><span style=\"text-decoration: underline;\"><strong>Tag 1 - 4:<br><\/strong><\/span>\u2022 After we welcome you at the airport we first get some rest before we enjoy the tropical paradises Java has to offer. Get ready to enjoy white sandy beaches and tiny picturesque tropical islands! We engage in coral and fauna conservation and get lots of relaxation and vitamin sea! Our unique accommodation will make you feel like you never want to leave again. But we have to move on so we take the train to <strong><a href=\"https:\/\/indonesiaecotour.com\/de\/wildlife-pekalongan\/\" target=\"_blank\" rel=\"noopener\" title=\"Central Java\">Central Java<\/a><\/strong> where new adventures await us.<br><\/p>\n\n\n\n<p><span style=\"text-decoration: underline;\"><strong>Tag 5 - 8:<br><\/strong><\/span>\u2022 Central Java is known for its textile and pristine hidden jungles. We release our creative spirit and design our own clothes with natural dye. We explore the jungles afterward and look for the real inhabitants of these forests, long before us humans. The area is also known for its tea plantations and amazing waterfalls. Who dares to jump in the refreshing but cold water? Our focus is on local and engaging activities with the friendly Javanese people. On the last day, we go to <strong><a href=\"https:\/\/indonesiaecotour.com\/de\/back-in-time\/\" title=\"Yogyakarta\">Yogyakarta<\/a><\/strong>, the special city that never sleeps.<br><\/p>\n\n\n\n<p><span style=\"text-decoration: underline;\"><strong>Tag 9 - 12:<br><\/strong><\/span>\u2022 Yogyakarta is a student city full of culture and fun! We explore the city in unique ways away from the overcrowded tourist areas. Lots of cycling, swimming, adventure, and creative activities searching for hidden gems. Exploring Javanese culture in a fun way! We work together with local humanitarian and conservation initiatives to support their hard work and efforts. We move to <strong><a href=\"https:\/\/indonesiaecotour.com\/de\/wild-east-java\/\" title=\"East Java\">East Java<\/a><\/strong> with an overnight train where we will arrive in the early morning.<br><\/p>\n\n\n\n<p><span style=\"text-decoration: underline;\"><strong>Tag 13 - 15:<br><\/strong><\/span>- Das Aufwachen in Ost-Java ist magisch. Nachdem wir uns etwas ausgeruht haben, schwingen wir uns auf unsere Fahrr\u00e4der und erkunden die Natur. Passt auf gro\u00dfe wilde Tiere auf, die die Stra\u00dfe \u00fcberqueren! Nachdem wir uns gut ausgeruht haben, sind wir wieder bereit, den \u00f6rtlichen Sportverein zu besiegen. Sie freuen sich riesig darauf, uns zu besiegen, aber wir wissen, wer dieses Spiel gewinnen wird, oder? Wir erfrischen uns erst einmal im Wasserfall, bevor wir unseren Sieg geb\u00fchrend feiern und fr\u00fch ins Bett gehen. Wir m\u00fcssen mitten in der Nacht aufstehen, denn die heutige Nacht wird etwas Besonderes sein. Wir werden Zeuge eines der Naturwunder dieser Welt, aber nicht ohne Anstrengung. Auf dem Gipfel dieses Naturwunders werden wir Sie auf besondere und einzigartige Weise belohnen und gemeinsam die unvergesslichen und endlosen Aussichten genie\u00dfen. <br><\/p>\n\n\n\n<p><span style=\"text-decoration: underline;\"><strong>Tag 16:<br><\/strong><\/span>- Leider ist unser letzter Tag gekommen. Wie man so sch\u00f6n sagt, alle guten Dinge kommen zu einem Ende! Wir fahren hin\u00fcber nach Bali und f\u00fcr alle, die die Insel der G\u00f6tter besuchen wollen, ist jetzt der richtige Zeitpunkt! Wir empfehlen, mindestens ein paar Tage auf Bali zu bleiben, bevor wir nach Hause fahren. Es war eine intensive und aktive Reise durch Java. Jetzt ist es an der Zeit, am Pool zu entspannen, Bali zu erkunden und den R\u00fcckflug anzutreten...<\/p>\n<\/div><\/div><\/div>\n\n\n\n<div class=\"accordion-item guten-kvm26F\"><div class=\"accordion-heading\"><div class=\"accordion-icon\"><span class=\"accordion-icon-open\"><i class=\"fas fa-minus\"><\/i><\/span><span class=\"accordion-icon-closed\"><i class=\"fas fa-plus\"><\/i><\/span><\/div><span class=\"accordion-text\">Eingeschlossen<\/span><\/div><div class=\"accordion-body\"><div class=\"accordion-content\">\n<p>- Alle beschriebenen Aktivit\u00e4ten<br>- Transport: Zug, Schiff, Auto oder Minibus (je nach Gruppengr\u00f6\u00dfe und Reiseziel)<br>- Hotelunterkunft vom ersten bis zum letzten Tag (15 N\u00e4chte)<br>- Trinkwasser (wiederverwendbare 20-Liter-Flasche, bitte bringen Sie Ihren eigenen Trinkbecher mit)<br>- Fr\u00fchst\u00fcck, Mittagessen und Abendessen<br>- Lokale Snacks und\/oder Obst<br>- Eintrittskarten&nbsp;<br>- Professionelle Fotodokumentation<\/p>\n\n\n\n<p>- Niederl\u00e4ndisch und Englisch sprechender Reisef\u00fchrer (westlicher Standard)<\/p>\n\n\n\n<p>- Umweltfreundlicher Ansatz, auf dieser Reise wird kein Einwegplastik verwendet<\/p>\n<\/div><\/div><\/div>\n\n\n\n<div class=\"accordion-item guten-oUhQdq\"><div class=\"accordion-heading\"><div class=\"accordion-icon\"><span class=\"accordion-icon-open\"><i class=\"fas fa-minus\"><\/i><\/span><span class=\"accordion-icon-closed\"><i class=\"fas fa-plus\"><\/i><\/span><\/div><span class=\"accordion-text\">Ausgeschlossen<\/span><\/div><div class=\"accordion-body\"><div class=\"accordion-content\">\n<p>- Internationale Flugtickets<br>- Alkoholische Getr\u00e4nke und andere Getr\u00e4nke als Wasser<br>- Pers\u00f6nliche Ausgaben (Souvenirs, Versicherungen,...)<\/p>\n<\/div><\/div><\/div>\n\n\n\n<div class=\"accordion-item guten-X88ZWL\"><div class=\"accordion-heading\"><div class=\"accordion-icon\"><span class=\"accordion-icon-open\"><i class=\"fas fa-minus\"><\/i><\/span><span class=\"accordion-icon-closed\"><i class=\"fas fa-plus\"><\/i><\/span><\/div><span class=\"accordion-text\">Preis<\/span><\/div><div class=\"accordion-body\"><div class=\"accordion-content\">\n<p>- Um die Preise erschwinglich zu halten, empfehlen wir eine <strong>mindestens 6 Personen<\/strong> f\u00fcr diese Tour. <br>(Bitte <a href=\"https:\/\/wa.link\/nl1r35\" target=\"_blank\" rel=\"noreferrer noopener\"><strong>Kontaktieren Sie uns hier<\/strong><\/a> f\u00fcr Preise, Anpassungen oder andere Fragen)<\/p>\n<\/div><\/div><\/div>\n<\/div>\n\n\n\n<div class=\"wp-block-cb-carousel\" data-slick=\"{&quot;slidesToShow&quot;:2,&quot;slidesToScroll&quot;:1,&quot;speed&quot;:300,&quot;arrows&quot;:true,&quot;dots&quot;:true,&quot;autoplay&quot;:true,&quot;autoplaySpeed&quot;:2000,&quot;infinite&quot;:true,&quot;responsive&quot;:[{&quot;breakpoint&quot;:769,&quot;settings&quot;:{&quot;slidesToShow&quot;:1,&quot;slidesToScroll&quot;:1}}]}\">\n<div class=\"wp-block-cb-slide\">\n<div class=\"wp-block-gutenverse-image guten-element guten-image guten-BPI5bX\"><div class=\"guten-image-wrapper\"><img decoding=\"async\" class=\"gutenverse-image-box-filled\" src=\"https:\/\/indonesiaecotour.com\/wp-content\/uploads\/2023\/10\/DSC04914-e1697187512270.jpg\" height=\"1280\" width=\"1280\"\/><\/div><span class=\"guten-caption\">Teeplantagen<\/span><\/div>\n<\/div>\n\n\n\n<div class=\"wp-block-cb-slide\">\n<div class=\"wp-block-gutenverse-image guten-element guten-image guten-wG7z4G\"><div class=\"guten-image-wrapper\"><img decoding=\"async\" class=\"gutenverse-image-box-filled\" src=\"https:\/\/indonesiaecotour.com\/wp-content\/uploads\/2023\/10\/DSC05096-e1697187534326.jpg\" height=\"1280\" width=\"1280\"\/><\/div><span class=\"guten-caption\">Lokale Kinder<\/span><\/div>\n<\/div>\n\n\n\n<div class=\"wp-block-cb-slide\">\n<div class=\"wp-block-gutenverse-image guten-element guten-image guten-hnvlvf\"><div class=\"guten-image-wrapper\"><img loading=\"lazy\" decoding=\"async\" class=\"gutenverse-image-box-filled\" src=\"https:\/\/indonesiaecotour.com\/wp-content\/uploads\/2025\/04\/JCL07381-Edit-scaled.avif\" height=\"1708\" width=\"2560\"\/><\/div><span class=\"guten-caption\">Wasserfall-Wahnsinn<\/span><\/div>\n<\/div>\n\n\n\n<div class=\"wp-block-cb-slide\">\n<div class=\"wp-block-gutenverse-image guten-element guten-image guten-i5FyFJ\"><div class=\"guten-image-wrapper\"><img loading=\"lazy\" decoding=\"async\" class=\"gutenverse-image-box-filled\" src=\"https:\/\/indonesiaecotour.com\/wp-content\/uploads\/2023\/10\/DSC05154-Edit-e1697187613341.jpg\" height=\"1280\" width=\"1280\"\/><\/div><span class=\"guten-caption\">Lokales Street Food<\/span><\/div>\n<\/div>\n\n\n\n<div class=\"wp-block-cb-slide\">\n<div class=\"wp-block-gutenverse-image guten-element guten-image guten-5o29MG\"><div class=\"guten-image-wrapper\"><img loading=\"lazy\" decoding=\"async\" class=\"gutenverse-image-box-filled\" src=\"https:\/\/indonesiaecotour.com\/wp-content\/uploads\/2023\/10\/DSC04695-e1697187742401.jpg\" height=\"1280\" width=\"1420\"\/><\/div><span class=\"guten-caption\">Snacks &amp; Obst<\/span><\/div>\n<\/div>\n\n\n\n<div class=\"wp-block-cb-slide\">\n<div class=\"wp-block-gutenverse-image guten-element guten-image guten-YXKrsl\"><div class=\"guten-image-wrapper\"><img loading=\"lazy\" decoding=\"async\" class=\"gutenverse-image-box-filled\" src=\"https:\/\/indonesiaecotour.com\/wp-content\/uploads\/2023\/10\/DSC04318-e1697187809248.jpg\" height=\"1280\" width=\"1280\"\/><\/div><span class=\"guten-caption\">Java Liebe<\/span><\/div>\n<\/div>\n\n\n\n<div class=\"wp-block-cb-slide\">\n<div class=\"wp-block-gutenverse-image guten-element guten-image guten-yYA8VK\"><div class=\"guten-image-wrapper\"><img loading=\"lazy\" decoding=\"async\" class=\"gutenverse-image-box-filled\" src=\"https:\/\/indonesiaecotour.com\/wp-content\/uploads\/2023\/10\/DSC04246-e1697187914141.jpg\" height=\"1280\" width=\"1280\"\/><\/div><span class=\"guten-caption\">Freilassung von Baby-Schildkr\u00f6ten<\/span><\/div>\n<\/div>\n\n\n\n<div class=\"wp-block-cb-slide\">\n<div class=\"wp-block-gutenverse-image guten-element guten-image guten-HHxTxi\"><div class=\"guten-image-wrapper\"><img loading=\"lazy\" decoding=\"async\" class=\"gutenverse-image-box-filled\" src=\"https:\/\/indonesiaecotour.com\/wp-content\/uploads\/2023\/10\/DSC04117-e1697188000923.jpg\" height=\"1280\" width=\"1280\"\/><\/div><span class=\"guten-caption\">Korallenbepflanzung<\/span><\/div>\n<\/div>\n\n\n\n<div class=\"wp-block-cb-slide\">\n<div class=\"wp-block-gutenverse-image guten-element guten-image guten-MwAZh2\"><div class=\"guten-image-wrapper\"><img loading=\"lazy\" decoding=\"async\" class=\"gutenverse-image-box-filled\" src=\"https:\/\/indonesiaecotour.com\/wp-content\/uploads\/2025\/04\/DSC05225-01-EDIT-scaled.avif\" height=\"1707\" width=\"2560\"\/><\/div><span class=\"guten-caption\">Prambanan Radfahren<\/span><\/div>\n<\/div>\n\n\n\n<div class=\"wp-block-cb-slide\">\n<div class=\"wp-block-gutenverse-image guten-element guten-image guten-xvFGTZ\"><div class=\"guten-image-wrapper\"><img loading=\"lazy\" decoding=\"async\" class=\"gutenverse-image-box-filled\" src=\"https:\/\/indonesiaecotour.com\/wp-content\/uploads\/2023\/10\/DSC06148-scaled-e1697188343221.jpg\" height=\"1706\" width=\"1706\" alt=\"\"\/><\/div><span class=\"guten-caption\">Drachen aus Einwegm\u00fcll herstellen<\/span><\/div>\n<\/div>\n\n\n\n<div class=\"wp-block-cb-slide\">\n<div class=\"wp-block-gutenverse-image guten-element guten-image guten-Gddz3w\"><div class=\"guten-image-wrapper\"><img loading=\"lazy\" decoding=\"async\" class=\"gutenverse-image-box-filled\" src=\"https:\/\/indonesiaecotour.com\/wp-content\/uploads\/2023\/10\/DSC06470-Edit-scaled-e1697188537530.jpg\" height=\"1706\" width=\"1706\"\/><\/div><span class=\"guten-caption\">Unterricht f\u00fcr einheimische Kinder<\/span><\/div>\n<\/div>\n\n\n\n<div class=\"wp-block-cb-slide\">\n<div class=\"wp-block-gutenverse-image guten-element guten-image guten-EdmoDI\"><div class=\"guten-image-wrapper\"><img loading=\"lazy\" decoding=\"async\" class=\"gutenverse-image-box-filled\" src=\"https:\/\/indonesiaecotour.com\/wp-content\/uploads\/2023\/10\/DSC06666-Edit-scaled-e1697188563191.jpg\" height=\"1706\" width=\"1706\"\/><\/div><span class=\"guten-caption\">Festliches lokales Essen<\/span><\/div>\n<\/div>\n\n\n\n<div class=\"wp-block-cb-slide\">\n<div class=\"wp-block-gutenverse-image guten-element guten-image guten-iaMcGp\"><div class=\"guten-image-wrapper\"><img loading=\"lazy\" decoding=\"async\" class=\"gutenverse-image-box-filled\" src=\"https:\/\/indonesiaecotour.com\/wp-content\/uploads\/2023\/10\/DSC06542-scaled-e1697188607861.jpg\" height=\"1706\" width=\"1706\"\/><\/div><span class=\"guten-caption\">Volleyball spielen mit den Einheimischen<\/span><\/div>\n<\/div>\n\n\n\n<div class=\"wp-block-cb-slide\">\n<div class=\"wp-block-gutenverse-image guten-element guten-image guten-sAdrqp\"><div class=\"guten-image-wrapper\"><img loading=\"lazy\" decoding=\"async\" class=\"gutenverse-image-box-filled\" src=\"https:\/\/indonesiaecotour.com\/wp-content\/uploads\/2023\/10\/DSC06688-Edit-scaled-e1697188647753.jpg\" height=\"1706\" width=\"1706\"\/><\/div><span class=\"guten-caption\">Nat\u00fcrlicher Wasserfall-Pool<\/span><\/div>\n<\/div>\n\n\n\n<div class=\"wp-block-cb-slide\">\n<div class=\"wp-block-gutenverse-image guten-element guten-image guten-Aj4Ntd\"><div class=\"guten-image-wrapper\"><img loading=\"lazy\" decoding=\"async\" class=\"gutenverse-image-box-filled\" src=\"https:\/\/indonesiaecotour.com\/wp-content\/uploads\/2023\/10\/DSC05711-Edit-scaled-e1697188678316.jpg\" height=\"1706\" width=\"1706\"\/><\/div><span class=\"guten-caption\">Ramayana-Theater<\/span><\/div>\n<\/div>\n<\/div>\n\n\n\n<div class=\"guten-element guten-button-wrapper guten-uXcmRG\"><a class=\"guten-button guten-button-sm\" href=\"https:\/\/wa.me\/6282137219073\" target=\"_blank\" aria-label=\"\" rel=\"noreferrer noopener\"><i class=\"fa-lg fab fa-whatsapp\"><\/i><span> Kontakt<\/span><\/a><\/div>\n\n\n\n<p><\/p>","protected":false},"excerpt":{"rendered":"<p>Get ready to discover Java in the most unique and adventurous way. On this Java eco tour 16 days, we take you far beyond the classic tourist routes and into authentic places where mass tourism hasn\u2019t arrived yet. You\u2019ll experience the real Java in a traditional, local, and respectful way, meeting welcoming communities, sharing genuine [&hellip;]<\/p>","protected":false},"author":1,"featured_media":0,"parent":0,"menu_order":0,"comment_status":"closed","ping_status":"closed","template":"","meta":{"_monsterinsights_skip_tracking":false,"_monsterinsights_sitenote_active":false,"_monsterinsights_sitenote_note":"","_monsterinsights_sitenote_category":0,"footnotes":""},"class_list":["post-2088","page","type-page","status-publish","hentry"],"aioseo_notices":[],"_links":{"self":[{"href":"https:\/\/indonesiaecotour.com\/de\/wp-json\/wp\/v2\/pages\/2088","targetHints":{"allow":["GET"]}}],"collection":[{"href":"https:\/\/indonesiaecotour.com\/de\/wp-json\/wp\/v2\/pages"}],"about":[{"href":"https:\/\/indonesiaecotour.com\/de\/wp-json\/wp\/v2\/types\/page"}],"author":[{"embeddable":true,"href":"https:\/\/indonesiaecotour.com\/de\/wp-json\/wp\/v2\/users\/1"}],"replies":[{"embeddable":true,"href":"https:\/\/indonesiaecotour.com\/de\/wp-json\/wp\/v2\/comments?post=2088"}],"version-history":[{"count":42,"href":"https:\/\/indonesiaecotour.com\/de\/wp-json\/wp\/v2\/pages\/2088\/revisions"}],"predecessor-version":[{"id":3431,"href":"https:\/\/indonesiaecotour.com\/de\/wp-json\/wp\/v2\/pages\/2088\/revisions\/3431"}],"wp:attachment":[{"href":"https:\/\/indonesiaecotour.com\/de\/wp-json\/wp\/v2\/media?parent=2088"}],"curies":[{"name":"wp","href":"https:\/\/api.w.org\/{rel}","templated":true}]}}