{"id":2091,"date":"2025-04-28T16:02:55","date_gmt":"2025-04-28T16:02:55","guid":{"rendered":"https:\/\/indonesiaecotour.com\/?page_id=2091"},"modified":"2026-04-14T09:36:03","modified_gmt":"2026-04-14T09:36:03","slug":"cultural-cycling-prambanan","status":"publish","type":"page","link":"https:\/\/indonesiaecotour.com\/de\/cultural-cycling-prambanan\/","title":{"rendered":"How to discover Prambanan on the best Cycling Tour in Yogyakarta"},"content":{"rendered":"<div class=\"wp-block-media-text is-stacked-on-mobile is-image-fill-element\" style=\"padding-bottom:var(--wp--preset--spacing--40)\"><figure class=\"wp-block-media-text__media\"><img fetchpriority=\"high\" decoding=\"async\" width=\"1024\" height=\"683\" src=\"https:\/\/indonesiaecotour.com\/wp-content\/uploads\/2025\/04\/DSC05225-01-EDIT-1024x683.avif\" alt=\"Cycling Tour in Yogyakarta\" class=\"wp-image-2050 size-full\" style=\"object-position:50% 50%\" srcset=\"https:\/\/indonesiaecotour.com\/wp-content\/uploads\/2025\/04\/DSC05225-01-EDIT-1024x683.avif 1024w, https:\/\/indonesiaecotour.com\/wp-content\/uploads\/2025\/04\/DSC05225-01-EDIT-300x200.avif 300w, https:\/\/indonesiaecotour.com\/wp-content\/uploads\/2025\/04\/DSC05225-01-EDIT-768x512.avif 768w, https:\/\/indonesiaecotour.com\/wp-content\/uploads\/2025\/04\/DSC05225-01-EDIT-1536x1024.avif 1536w, https:\/\/indonesiaecotour.com\/wp-content\/uploads\/2025\/04\/DSC05225-01-EDIT-2048x1366.avif 2048w\" sizes=\"(max-width: 1024px) 100vw, 1024px\" \/><\/figure><div class=\"wp-block-media-text__content\">\n<p>Our <strong>Cycling Tour in Yogyakarta<\/strong> starts in the fresh morning air as we ride through peaceful villages and lush rice fields beyond the city. Along the way, we stop for authentic cultural experiences, from visiting a local tofu production house to joining a traditional orchestra and playing Javanese instruments with local musicians.<\/p>\n\n\n\n<p>Our final destination is the breathtaking <strong>Prambanan Temple<\/strong>, the largest Hindu temple complex in Indonesia and a UNESCO World Heritage Site. After exploring the site in the cooler afternoon, we end the day with a traditional buffet dinner and a magical Ramayana theater performance with Prambanan glowing in the background.<\/p>\n\n\n\n<p>A surprising and unforgettable adventure for both kids and adults.<\/p>\n\n\n\n<p>This cycling tour in Yogyakarta is filled with culture, fun, and surprises, a perfect adventure for both children and parents.<audio autoplay=\"\"><\/audio><\/p>\n<\/div><\/div>\n\n\n\n<div class=\"guten-element guten-accordions guten-G5q2nY\">\n<div class=\"accordion-item guten-jgUX4c active\"><div class=\"accordion-heading\"><div class=\"accordion-icon\"><span class=\"accordion-icon-open\"><i class=\"fas fa-minus\"><\/i><\/span><span class=\"accordion-icon-closed\"><i class=\"fas fa-plus\"><\/i><\/span><\/div><span class=\"accordion-text\"><strong>Reiseplan<\/strong><\/span><\/div><div class=\"accordion-body\"><div class=\"accordion-content\">\n<p>- Abholung vom Hotel (nach dem Fr\u00fchst\u00fcck gegen 8 Uhr)<\/p>\n\n\n\n<p>- 1 Stunde Fahrt zum Startpunkt<\/p>\n\n\n\n<p>- Start unserer Radtour durch die D\u00f6rfer<\/p>\n\n\n\n<p>- Halt an verschiedenen traditionellen und kulturellen St\u00e4tten<\/p>\n\n\n\n<p>- Mittagessen<\/p>\n\n\n\n<p>- Besuch von Prambanan (zu Fu\u00df)<\/p>\n\n\n\n<p>- Abendessen im Restaurant neben dem Tempel<\/p>\n\n\n\n<p>- Ramayana-Theater neben dem Restaurant<\/p>\n\n\n\n<p>- Abholung vom Hotel (gegen 22 Uhr)<\/p>\n<\/div><\/div><\/div>\n<\/div>\n\n\n\n<div class=\"guten-element guten-accordions guten-ZO5Alz\">\n<div class=\"accordion-item guten-fNY256\"><div class=\"accordion-heading\"><div class=\"accordion-icon\"><span class=\"accordion-icon-open\"><i class=\"fas fa-minus\"><\/i><\/span><span class=\"accordion-icon-closed\"><i class=\"fas fa-plus\"><\/i><\/span><\/div><span class=\"accordion-text\"><strong><strong>Eingeschlossen<\/strong><\/strong><\/span><\/div><div class=\"accordion-body\"><div class=\"accordion-content\">\n<p>- Transport<\/p>\n\n\n\n<p>- Alle Aktivit\u00e4ten wie beschrieben (einschlie\u00dflich Eintrittskarten f\u00fcr Prambanan und Ramayana)<\/p>\n\n\n\n<p>- Trinkwasser, Snacks, Obst, Mittag- und Abendessen<\/p>\n\n\n\n<p>- Professionelle Fotodokumentation<\/p>\n\n\n\n<p>- Niederl\u00e4ndisch und Englisch sprechender Reisef\u00fchrer (westlicher Standard)<\/p>\n\n\n\n<p>- Umweltfreundlicher Ansatz, auf dieser Reise wird kein Einwegplastik verwendet<\/p>\n<\/div><\/div><\/div>\n<\/div>\n\n\n\n<div class=\"guten-element guten-accordions guten-QpUQim\">\n<div class=\"accordion-item guten-IvEslA\"><div class=\"accordion-heading\"><div class=\"accordion-icon\"><span class=\"accordion-icon-open\"><i class=\"fas fa-minus\"><\/i><\/span><span class=\"accordion-icon-closed\"><i class=\"fas fa-plus\"><\/i><\/span><\/div><span class=\"accordion-text\"><strong><strong>Ausgeschlossen<\/strong><\/strong><\/span><\/div><div class=\"accordion-body\"><div class=\"accordion-content\">\n<p>- Alkoholische Getr\u00e4nke und andere Getr\u00e4nke als Wasser<\/p>\n\n\n\n<p>- Pers\u00f6nliche Ausgaben<\/p>\n<\/div><\/div><\/div>\n<\/div>\n\n\n\n<div class=\"guten-element guten-accordions guten-04VOhL\">\n<div class=\"accordion-item guten-9brzgr\"><div class=\"accordion-heading\"><div class=\"accordion-icon\"><span class=\"accordion-icon-open\"><i class=\"fas fa-minus\"><\/i><\/span><span class=\"accordion-icon-closed\"><i class=\"fas fa-plus\"><\/i><\/span><\/div><span class=\"accordion-text\"><strong><strong>Preis<\/strong><\/strong><\/span><\/div><div class=\"accordion-body\"><div class=\"accordion-content\">\n<p>- Preise ab <strong>1.900.000 IDR<\/strong> <strong>pro Person<\/strong> basierend auf einem <strong>Gruppe von 4 Personen<\/strong><br>(Bitte&nbsp;<a href=\"https:\/\/wa.link\/nl1r35\" target=\"_blank\" rel=\"noreferrer noopener\"><strong>Kontaktieren Sie uns hier<\/strong><\/a>&nbsp;f\u00fcr andere Preise, Anpassungen oder Fragen)<\/p>\n<\/div><\/div><\/div>\n<\/div>\n\n\n\n<div class=\"wp-block-cb-carousel\" data-slick=\"{&quot;slidesToShow&quot;:2,&quot;slidesToScroll&quot;:1,&quot;speed&quot;:300,&quot;arrows&quot;:true,&quot;dots&quot;:true,&quot;autoplay&quot;:true,&quot;autoplaySpeed&quot;:2000,&quot;infinite&quot;:true,&quot;responsive&quot;:[{&quot;breakpoint&quot;:769,&quot;settings&quot;:{&quot;slidesToShow&quot;:1,&quot;slidesToScroll&quot;:1}}]}\">\n<div class=\"wp-block-cb-slide\">\n<div class=\"wp-block-gutenverse-image guten-element guten-image guten-BPI5bX\"><div class=\"guten-image-wrapper\"><img decoding=\"async\" class=\"gutenverse-image-box-filled\" src=\"https:\/\/indonesiaecotour.com\/wp-content\/uploads\/2023\/09\/DSC09078-scaled-e1695797175633.jpg\" height=\"1706\" width=\"1706\"\/><\/div><span class=\"guten-caption\">Traditionelles javanisches Bogenschie\u00dfen<\/span><\/div>\n<\/div>\n\n\n\n<div class=\"wp-block-cb-slide\">\n<div class=\"wp-block-gutenverse-image guten-element guten-image guten-wG7z4G\"><div class=\"guten-image-wrapper\"><img decoding=\"async\" class=\"gutenverse-image-box-filled\" src=\"https:\/\/indonesiaecotour.com\/wp-content\/uploads\/2023\/09\/DSC08947-scaled-e1695797199115.jpg\" height=\"1706\" width=\"1706\"\/><\/div><span class=\"guten-caption\">Traditionelles javanisches Instrument Angklung<\/span><\/div>\n<\/div>\n\n\n\n<div class=\"wp-block-cb-slide\">\n<div class=\"wp-block-gutenverse-image guten-element guten-image guten-hnvlvf\"><div class=\"guten-image-wrapper\"><img loading=\"lazy\" decoding=\"async\" class=\"gutenverse-image-box-filled\" src=\"https:\/\/indonesiaecotour.com\/wp-content\/uploads\/2023\/09\/DSC08925-scaled-e1695797224295.jpg\" height=\"1706\" width=\"1706\"\/><\/div><span class=\"guten-caption\">Lokale Tofu-Produktionsst\u00e4tte<\/span><\/div>\n<\/div>\n\n\n\n<div class=\"wp-block-cb-slide\">\n<div class=\"wp-block-gutenverse-image guten-element guten-image guten-2RUwNb\"><div class=\"guten-image-wrapper\"><img loading=\"lazy\" decoding=\"async\" class=\"gutenverse-image-box-filled\" src=\"https:\/\/indonesiaecotour.com\/wp-content\/uploads\/2023\/10\/DSC05711-Edit-scaled-e1697188678316.jpg\" height=\"1706\" width=\"1706\"\/><\/div><span class=\"guten-caption\">Ramayana-Schau<\/span><\/div>\n<\/div>\n\n\n\n<div class=\"wp-block-cb-slide\">\n<div class=\"wp-block-gutenverse-image guten-element guten-image guten-D5OdvW\"><div class=\"guten-image-wrapper\"><img loading=\"lazy\" decoding=\"async\" class=\"gutenverse-image-box-filled\" src=\"https:\/\/indonesiaecotour.com\/wp-content\/uploads\/2025\/04\/DSC05225-01-EDIT-scaled.avif\" height=\"1707\" width=\"2560\"\/><\/div><span class=\"guten-caption\">Buntes Radfahren<\/span><\/div>\n<\/div>\n<\/div>\n\n\n\n<div class=\"guten-element guten-button-wrapper guten-kfpUHI\"><a class=\"guten-button guten-button-sm\" href=\"https:\/\/drive.google.com\/file\/d\/1kCJalQwkcSJBUvZChzwaxZcm7PFV8P5v\/view?usp=sharing\" target=\"_blank\" aria-label=\"\" rel=\"noreferrer noopener\"><span> Brosch\u00fcre herunterladen<\/span><\/a><\/div>\n\n\n\n<div class=\"guten-element guten-button-wrapper guten-uXcmRG\"><a class=\"guten-button guten-button-sm\" href=\"https:\/\/wa.me\/6282137219073\" target=\"_blank\" aria-label=\"\" rel=\"noreferrer noopener\"><i class=\"fa-lg fab fa-whatsapp\"><\/i><span> Kontakt<\/span><\/a><\/div>\n\n\n\n<p><\/p>","protected":false},"excerpt":{"rendered":"<p>Our Cycling Tour in Yogyakarta starts in the fresh morning air as we ride through peaceful villages and lush rice fields beyond the city. Along the way, we stop for authentic cultural experiences, from visiting a local tofu production house to joining a traditional orchestra and playing Javanese instruments with local musicians. Our final destination [&hellip;]<\/p>","protected":false},"author":1,"featured_media":0,"parent":0,"menu_order":0,"comment_status":"closed","ping_status":"closed","template":"","meta":{"_monsterinsights_skip_tracking":false,"_monsterinsights_sitenote_active":false,"_monsterinsights_sitenote_note":"","_monsterinsights_sitenote_category":0,"footnotes":""},"class_list":["post-2091","page","type-page","status-publish","hentry"],"aioseo_notices":[],"_links":{"self":[{"href":"https:\/\/indonesiaecotour.com\/de\/wp-json\/wp\/v2\/pages\/2091","targetHints":{"allow":["GET"]}}],"collection":[{"href":"https:\/\/indonesiaecotour.com\/de\/wp-json\/wp\/v2\/pages"}],"about":[{"href":"https:\/\/indonesiaecotour.com\/de\/wp-json\/wp\/v2\/types\/page"}],"author":[{"embeddable":true,"href":"https:\/\/indonesiaecotour.com\/de\/wp-json\/wp\/v2\/users\/1"}],"replies":[{"embeddable":true,"href":"https:\/\/indonesiaecotour.com\/de\/wp-json\/wp\/v2\/comments?post=2091"}],"version-history":[{"count":37,"href":"https:\/\/indonesiaecotour.com\/de\/wp-json\/wp\/v2\/pages\/2091\/revisions"}],"predecessor-version":[{"id":3437,"href":"https:\/\/indonesiaecotour.com\/de\/wp-json\/wp\/v2\/pages\/2091\/revisions\/3437"}],"wp:attachment":[{"href":"https:\/\/indonesiaecotour.com\/de\/wp-json\/wp\/v2\/media?parent=2091"}],"curies":[{"name":"wp","href":"https:\/\/api.w.org\/{rel}","templated":true}]}}