{"id":2111,"date":"2025-04-28T16:18:54","date_gmt":"2025-04-28T16:18:54","guid":{"rendered":"https:\/\/indonesiaecotour.com\/?page_id=2111"},"modified":"2026-04-12T12:53:08","modified_gmt":"2026-04-12T12:53:08","slug":"wild-east-java","status":"publish","type":"page","link":"https:\/\/indonesiaecotour.com\/de\/wild-east-java\/","title":{"rendered":"Das ultimative East Java Wildlife Abenteuer in 3 epischen Tagen"},"content":{"rendered":"<div class=\"wp-block-media-text is-stacked-on-mobile is-image-fill-element\" style=\"padding-top:0;padding-bottom:var(--wp--preset--spacing--40)\"><figure class=\"wp-block-media-text__media\"><img fetchpriority=\"high\" decoding=\"async\" width=\"1024\" height=\"683\" src=\"https:\/\/indonesiaecotour.com\/wp-content\/uploads\/2023\/09\/DSC00002-1024x683.jpg\" alt=\"East Java wildlife adventure\" class=\"wp-image-1075 size-full\" style=\"object-position:50% 50%\" srcset=\"https:\/\/indonesiaecotour.com\/wp-content\/uploads\/2023\/09\/DSC00002-1024x683.jpg 1024w, https:\/\/indonesiaecotour.com\/wp-content\/uploads\/2023\/09\/DSC00002-300x200.jpg 300w, https:\/\/indonesiaecotour.com\/wp-content\/uploads\/2023\/09\/DSC00002-768x512.jpg 768w, https:\/\/indonesiaecotour.com\/wp-content\/uploads\/2023\/09\/DSC00002-1536x1025.jpg 1536w, https:\/\/indonesiaecotour.com\/wp-content\/uploads\/2023\/09\/DSC00002-2048x1366.jpg 2048w\" sizes=\"(max-width: 1024px) 100vw, 1024px\" \/><\/figure><div class=\"wp-block-media-text__content\">\n<p>Auf dieser mehrt\u00e4gigen Reise erkunden wir Ost-Java von Yogyakarta aus und erleben eine unvergessliche <strong>Abenteuer in der Tierwelt Ost-Javas<\/strong>. Nach einer n\u00e4chtlichen Zugfahrt erreichen wir den \u00f6stlichsten Teil der Insel und sind bereit, in epische Landschaften und einzigartige lokale Erlebnisse einzutauchen. Haben Sie schon einmal einen Nationalpark voller wilder Tiere mit dem Fahrrad erkundet? Das ist Ihre Chance. Wir radeln durch die offene Savanne und beobachten wilde Tiere auf unserem Weg, bevor wir unsere Schuhe schn\u00fcren, um gegen die lokale Fu\u00dfballmannschaft anzutreten. Dann geht es fr\u00fch ins Bett, denn das eigentliche Highlight beginnt nach Mitternacht. Wir wandern im Dunkeln auf einen Vulkan und erreichen den Gipfel gerade noch rechtzeitig, um den Sonnenaufgang \u00fcber den Wolken zu beobachten. Ein wahrhaft magischer Moment, den Sie nie vergessen werden.<\/p>\n<\/div><\/div>\n\n\n\n<div class=\"guten-element guten-accordions guten-qvSefl\">\n<div class=\"accordion-item guten-uMN6Ez active\"><div class=\"accordion-heading\"><div class=\"accordion-icon\"><span class=\"accordion-icon-open\"><i class=\"fas fa-minus\"><\/i><\/span><span class=\"accordion-icon-closed\"><i class=\"fas fa-plus\"><\/i><\/span><\/div><span class=\"accordion-text\">Reiseplan<\/span><\/div><div class=\"accordion-body\"><div class=\"accordion-content\">\n<p><strong>Tag 1:<\/strong><\/p>\n\n\n\n<p>- Nehmen Sie den Nachtzug von Yogyakarta nach Banyuwangi (11 Stunden) und beginnen Sie Ihre <strong>Abenteuer in der Tierwelt Ost-Javas<\/strong><\/p>\n\n\n\n<p><strong>Tag 2:<\/strong><\/p>\n\n\n\n<p>- Ankunft in Banyuwangi um 5:30 Uhr<\/p>\n\n\n\n<p>- Einchecken im Hotel und ausruhen<\/p>\n\n\n\n<p>- Nach dem Mittagessen 1,5 Stunden Fahrt zum Nationalpark<\/p>\n\n\n\n<p>- Mit dem Fahrrad durch den Park radeln und dabei wilde Tiere beobachten<\/p>\n\n\n\n<p>- K\u00f6nigliches Abendessen am Strand<\/p>\n\n\n\n<p>- Fahrt zur\u00fcck zu unserem Hotel<\/p>\n\n\n\n<p><strong>Tag 3:<\/strong><\/p>\n\n\n\n<p>- Nach dem Fr\u00fchst\u00fcck Besuch eines nahe gelegenen monumentalen Parks zu Fu\u00df<\/p>\n\n\n\n<p>- Mittagessen<\/p>\n\n\n\n<p>- Besuch eines nahe gelegenen Wasserfalls<\/p>\n\n\n\n<p>- Fu\u00dfball spielen mit der \u00f6rtlichen Mannschaft<\/p>\n\n\n\n<p>- Abendessen<\/p>\n\n\n\n<p>- Fahrt zur\u00fcck zum Hotel und fr\u00fch schlafen<\/p>\n\n\n\n<p><strong>Tag 4:<\/strong><\/p>\n\n\n\n<p>- Aufstehen um 12:30 Uhr und Fahrt auf den Vulkan<\/p>\n\n\n\n<p>- Wanderung nach oben (1,5h) und Abstieg in den Krater, um das blaue Feuer zu sehen<\/p>\n\n\n\n<p>- Beobachten Sie den Sonnenaufgang, w\u00e4hrend Sie ein k\u00f6stliches Fr\u00fchst\u00fcck genie\u00dfen<\/p>\n\n\n\n<p>- Fahrt zur\u00fcck zu unserem Hotel<\/p>\n\n\n\n<p>- Ruhe!<\/p>\n\n\n\n<p>- Abschluss-BBQ<\/p>\n\n\n\n<p><strong>Tag 5:<\/strong><\/p>\n\n\n\n<p>- Nach dem Fr\u00fchst\u00fcck k\u00f6nnen wir nach Bali \u00fcbersetzen und dort weiterfahren oder Sie absetzen.<\/p>\n\n\n\n<p>in Ihrem Hotel (je nachdem, in welchem Teil von Bali)<\/p>\n\n\n\n<p>- Wenn Sie zur\u00fcck in Yogyakarta sein m\u00fcssen, nehmen wir den Zug zur\u00fcck nach Yogyakarta.<\/p>\n<\/div><\/div><\/div>\n<\/div>\n\n\n\n<div class=\"guten-element guten-accordions guten-GumkzW\">\n<div class=\"accordion-item guten-VIfr6v\"><div class=\"accordion-heading\"><div class=\"accordion-icon\"><span class=\"accordion-icon-open\"><i class=\"fas fa-minus\"><\/i><\/span><span class=\"accordion-icon-closed\"><i class=\"fas fa-plus\"><\/i><\/span><\/div><span class=\"accordion-text\">Eingeschlossen<\/span><\/div><div class=\"accordion-body\"><div class=\"accordion-content\">\n<p>- Transport<\/p>\n\n\n\n<p>- \u00dcbernachtung (3 N\u00e4chte)<\/p>\n\n\n\n<p>- Alle Aktivit\u00e4ten wie beschrieben<\/p>\n\n\n\n<p>- Trinkwasser, Snacks, Obst, Mittagessen (Tag 2, 3, 4), Abendessen (Tag 2, 3, 4)<\/p>\n\n\n\n<p>- Professionelle Fotodokumentation<\/p>\n\n\n\n<p>- Niederl\u00e4ndisch und Englisch sprechender Reisef\u00fchrer (westlicher Standard)<\/p>\n\n\n\n<p>- Umweltfreundlicher Ansatz, Unterst\u00fctzung lokaler Nichtregierungsorganisationen, auf dieser Reise wird kein Einwegplastik verwendet<\/p>\n<\/div><\/div><\/div>\n<\/div>\n\n\n\n<div class=\"guten-element guten-accordions guten-akLwCr\">\n<div class=\"accordion-item guten-W372kY\"><div class=\"accordion-heading\"><div class=\"accordion-icon\"><span class=\"accordion-icon-open\"><i class=\"fas fa-minus\"><\/i><\/span><span class=\"accordion-icon-closed\"><i class=\"fas fa-plus\"><\/i><\/span><\/div><span class=\"accordion-text\">Ausgeschlossen<\/span><\/div><div class=\"accordion-body\"><div class=\"accordion-content\">\n<p>- Alkoholische Getr\u00e4nke und andere Getr\u00e4nke als Wasser<\/p>\n\n\n\n<p>- Pers\u00f6nliche Ausgaben<\/p>\n<\/div><\/div><\/div>\n<\/div>\n\n\n\n<div class=\"guten-element guten-accordions guten-YWPNoW\">\n<div class=\"accordion-item guten-YsJj2Z\"><div class=\"accordion-heading\"><div class=\"accordion-icon\"><span class=\"accordion-icon-open\"><i class=\"fas fa-minus\"><\/i><\/span><span class=\"accordion-icon-closed\"><i class=\"fas fa-plus\"><\/i><\/span><\/div><span class=\"accordion-text\">Preis<\/span><\/div><div class=\"accordion-body\"><div class=\"accordion-content\">\n<p>- Preise ab <strong>7.900.000 IDR<\/strong> <strong>pro Person<\/strong> basierend auf einem <strong>Gruppe von 4 Personen ab Yogyakarta<\/strong><br>(Bitte&nbsp;<a href=\"https:\/\/wa.link\/nl1r35\" target=\"_blank\" rel=\"noreferrer noopener\"><strong>Kontaktieren Sie uns hier<\/strong><\/a>&nbsp;f\u00fcr andere Preise, Anpassungen oder Fragen)<\/p>\n<\/div><\/div><\/div>\n<\/div>\n\n\n\n<div class=\"wp-block-cb-carousel\" data-slick=\"{&quot;slidesToShow&quot;:2,&quot;slidesToScroll&quot;:1,&quot;speed&quot;:500,&quot;arrows&quot;:true,&quot;dots&quot;:true,&quot;autoplay&quot;:true,&quot;autoplaySpeed&quot;:2000,&quot;infinite&quot;:true,&quot;responsive&quot;:[{&quot;breakpoint&quot;:769,&quot;settings&quot;:{&quot;slidesToShow&quot;:1,&quot;slidesToScroll&quot;:1}}]}\">\n<div class=\"wp-block-cb-slide\">\n<div class=\"wp-block-gutenverse-image guten-element guten-image guten-1SYEf2\"><div class=\"guten-image-wrapper\"><img decoding=\"async\" class=\"gutenverse-image-box-filled\" src=\"https:\/\/indonesiaecotour.com\/wp-content\/uploads\/2023\/10\/DSC09876-scaled.jpg\" height=\"1708\" width=\"2560\"\/><\/div><span class=\"guten-caption\">Javahirsch<\/span><\/div>\n<\/div>\n\n\n\n<div class=\"wp-block-cb-slide\">\n<div class=\"wp-block-gutenverse-image guten-element guten-image guten-SiVRcU\"><div class=\"guten-image-wrapper\"><img decoding=\"async\" class=\"gutenverse-image-box-filled\" src=\"https:\/\/indonesiaecotour.com\/wp-content\/uploads\/2023\/10\/DSC09885-Edit-scaled.jpg\" height=\"2560\" width=\"2560\"\/><\/div><span class=\"guten-caption\">Orientalischer Elsterhornvogel<\/span><\/div>\n<\/div>\n\n\n\n<div class=\"wp-block-cb-slide\">\n<div class=\"wp-block-gutenverse-image guten-element guten-image guten-zX3u3t\"><div class=\"guten-image-wrapper\"><img loading=\"lazy\" decoding=\"async\" class=\"gutenverse-image-box-filled\" src=\"https:\/\/indonesiaecotour.com\/wp-content\/uploads\/2023\/10\/DSC09927-scaled.jpg\" height=\"1708\" width=\"2560\"\/><\/div><span class=\"guten-caption\">Tropischer Strand<\/span><\/div>\n<\/div>\n\n\n\n<div class=\"wp-block-cb-slide\">\n<div class=\"wp-block-gutenverse-image guten-element guten-image guten-NwR1ws\"><div class=\"guten-image-wrapper\"><img loading=\"lazy\" decoding=\"async\" class=\"gutenverse-image-box-filled\" src=\"https:\/\/indonesiaecotour.com\/wp-content\/uploads\/2023\/10\/DSC00006-Edit-scaled-e1696134127117.jpg\" height=\"1706\" width=\"1706\" alt=\"\"\/><\/div><span class=\"guten-caption\">Mit dem Fahrrad durch den Dschungel<\/span><\/div>\n<\/div>\n\n\n\n<div class=\"wp-block-cb-slide\">\n<div class=\"wp-block-gutenverse-image guten-element guten-image guten-OS1YVC\"><div class=\"guten-image-wrapper\"><img loading=\"lazy\" decoding=\"async\" class=\"gutenverse-image-box-filled\" src=\"https:\/\/indonesiaecotour.com\/wp-content\/uploads\/2023\/10\/IMG_20230811_0552012-scaled-e1697608145323.jpg\" height=\"1898\" width=\"1898\"\/><\/div><span class=\"guten-caption\">Morgenlatte<\/span><\/div>\n<\/div>\n\n\n\n<div class=\"wp-block-cb-slide\">\n<div class=\"wp-block-gutenverse-image guten-element guten-image guten-pzLMiH\"><div class=\"guten-image-wrapper\"><img loading=\"lazy\" decoding=\"async\" class=\"gutenverse-image-box-filled\" src=\"https:\/\/indonesiaecotour.com\/wp-content\/uploads\/2023\/10\/DSC00185-HDR-Edit-scaled-e1697608273360.jpg\" height=\"1706\" width=\"1706\"\/><\/div><span class=\"guten-caption\">Magischer Sonnenaufgang<\/span><\/div>\n<\/div>\n<\/div>\n\n\n\n<div class=\"guten-element guten-button-wrapper guten-kfpUHI\"><a class=\"guten-button guten-button-sm\" href=\"https:\/\/drive.google.com\/file\/d\/1kCJalQwkcSJBUvZChzwaxZcm7PFV8P5v\/view?usp=sharing\" target=\"_blank\" aria-label=\"\" rel=\"noreferrer noopener\"><span> Brosch\u00fcre herunterladen<\/span><\/a><\/div>\n\n\n\n<div class=\"guten-element guten-button-wrapper guten-uXcmRG\"><a class=\"guten-button guten-button-sm\" href=\"https:\/\/wa.me\/6282137219073\" target=\"_blank\" aria-label=\"\" rel=\"noreferrer noopener\"><i class=\"fa-lg fab fa-whatsapp\"><\/i><span> Kontakt<\/span><\/a><\/div>","protected":false},"excerpt":{"rendered":"<p>On this multi-day trip, we explore East Java departing from Yogyakarta for an unforgettable East Java wildlife adventure. After an overnight train ride, we arrive in the easternmost part of the island, ready to dive into epic landscapes and unique local experiences. Have you ever explored a national park filled with wild animals by bicycle? [&hellip;]<\/p>","protected":false},"author":1,"featured_media":0,"parent":0,"menu_order":0,"comment_status":"closed","ping_status":"closed","template":"","meta":{"_monsterinsights_skip_tracking":false,"_monsterinsights_sitenote_active":false,"_monsterinsights_sitenote_note":"","_monsterinsights_sitenote_category":0,"footnotes":""},"class_list":["post-2111","page","type-page","status-publish","hentry"],"aioseo_notices":[],"_links":{"self":[{"href":"https:\/\/indonesiaecotour.com\/de\/wp-json\/wp\/v2\/pages\/2111","targetHints":{"allow":["GET"]}}],"collection":[{"href":"https:\/\/indonesiaecotour.com\/de\/wp-json\/wp\/v2\/pages"}],"about":[{"href":"https:\/\/indonesiaecotour.com\/de\/wp-json\/wp\/v2\/types\/page"}],"author":[{"embeddable":true,"href":"https:\/\/indonesiaecotour.com\/de\/wp-json\/wp\/v2\/users\/1"}],"replies":[{"embeddable":true,"href":"https:\/\/indonesiaecotour.com\/de\/wp-json\/wp\/v2\/comments?post=2111"}],"version-history":[{"count":24,"href":"https:\/\/indonesiaecotour.com\/de\/wp-json\/wp\/v2\/pages\/2111\/revisions"}],"predecessor-version":[{"id":3421,"href":"https:\/\/indonesiaecotour.com\/de\/wp-json\/wp\/v2\/pages\/2111\/revisions\/3421"}],"wp:attachment":[{"href":"https:\/\/indonesiaecotour.com\/de\/wp-json\/wp\/v2\/media?parent=2111"}],"curies":[{"name":"wp","href":"https:\/\/api.w.org\/{rel}","templated":true}]}}