{"id":2148,"date":"2025-04-28T16:38:13","date_gmt":"2025-04-28T16:38:13","guid":{"rendered":"https:\/\/indonesiaecotour.com\/?page_id=2148"},"modified":"2026-04-14T09:43:49","modified_gmt":"2026-04-14T09:43:49","slug":"creative-with-the-local-kids","status":"publish","type":"page","link":"https:\/\/indonesiaecotour.com\/de\/creative-with-the-local-kids\/","title":{"rendered":"Join the Ultimate Turtle Conservation Tour in Yogyakarta"},"content":{"rendered":"<div class=\"wp-block-media-text has-media-on-the-right is-stacked-on-mobile is-image-fill-element\" style=\"padding-top:0;padding-bottom:var(--wp--preset--spacing--40)\"><div class=\"wp-block-media-text__content\">\n<p>On this <strong>turtle conservation tour in <a href=\"https:\/\/indonesiaecotour.com\/de\/cultural-cycling-prambanan\/\" title=\"Yogyakarta\">Yogyakarta<\/a><\/strong>, we head to the coast to visit an inspiring local initiative dedicated to waste management, education, art, and humanitarian projects. It\u2019s a hands-on experience where we connect with the local community, play traditional games, and share meaningful moments with the children.<\/p>\n\n\n\n<p>Roll up your sleeves and create colorful kites made from recycled waste right on the beach, turning trash into creativity. In the afternoon, we join a local NGO for the highlight of the day, releasing baby sea turtles into the ocean and helping protect their future.<\/p>\n<\/div><figure class=\"wp-block-media-text__media\"><img fetchpriority=\"high\" decoding=\"async\" width=\"1024\" height=\"683\" src=\"https:\/\/indonesiaecotour.com\/wp-content\/uploads\/2025\/05\/DSC06068-Edit-1024x683.avif\" alt=\"turtle conservation tour in Yogyakarta\" class=\"wp-image-2588 size-full\" style=\"object-position:50% 50%\" srcset=\"https:\/\/indonesiaecotour.com\/wp-content\/uploads\/2025\/05\/DSC06068-Edit-1024x683.avif 1024w, https:\/\/indonesiaecotour.com\/wp-content\/uploads\/2025\/05\/DSC06068-Edit-300x200.avif 300w, https:\/\/indonesiaecotour.com\/wp-content\/uploads\/2025\/05\/DSC06068-Edit-768x512.avif 768w, https:\/\/indonesiaecotour.com\/wp-content\/uploads\/2025\/05\/DSC06068-Edit-1536x1025.avif 1536w, https:\/\/indonesiaecotour.com\/wp-content\/uploads\/2025\/05\/DSC06068-Edit-2048x1366.avif 2048w\" sizes=\"(max-width: 1024px) 100vw, 1024px\" \/><\/figure><\/div>\n\n\n\n<div class=\"guten-element guten-accordions guten-4U0NYN\">\n<div class=\"accordion-item guten-FqkhDL active\"><div class=\"accordion-heading\"><div class=\"accordion-icon\"><span class=\"accordion-icon-open\"><i class=\"fas fa-minus\"><\/i><\/span><span class=\"accordion-icon-closed\"><i class=\"fas fa-plus\"><\/i><\/span><\/div><span class=\"accordion-text\">Reiseplan<\/span><\/div><div class=\"accordion-body\"><div class=\"accordion-content\">\n<p>- Abholung vom Hotel (nach dem Mittagessen gegen 13 Uhr)<\/p>\n\n\n\n<p>- 1 Stunde Fahrt zum Strand<\/p>\n\n\n\n<p>- Spielen Sie traditionelle Spiele und haben Sie Spa\u00df mit den Einheimischen<\/p>\n\n\n\n<p>- Basteln Sie gemeinsam einen Drachen aus recycelten Abf\u00e4llen und lassen Sie ihn am Strand steigen.<\/p>\n\n\n\n<p>- Spaziergang zur Schildkr\u00f6tenschutz-NGO am Strand<\/p>\n\n\n\n<p>- Beobachten Sie den Sonnenuntergang und lassen Sie die Baby-Schildkr\u00f6ten frei<\/p>\n\n\n\n<p>- Abendessen in der Stadt (fakultativ)<\/p>\n\n\n\n<p>- Abholung vom Hotel (gegen 20 Uhr)<\/p>\n<\/div><\/div><\/div>\n<\/div>\n\n\n\n<div class=\"guten-element guten-accordions guten-VHqUyC\">\n<div class=\"accordion-item guten-d9Rp3Y\"><div class=\"accordion-heading\"><div class=\"accordion-icon\"><span class=\"accordion-icon-open\"><i class=\"fas fa-minus\"><\/i><\/span><span class=\"accordion-icon-closed\"><i class=\"fas fa-plus\"><\/i><\/span><\/div><span class=\"accordion-text\">Eingeschlossen<\/span><\/div><div class=\"accordion-body\"><div class=\"accordion-content\">\n<p>- Transport<\/p>\n\n\n\n<p>- Spende f\u00fcr die Abfallentsorgungseinrichtung und die Kinder vor Ort<\/p>\n\n\n\n<p>- Alle Aktivit\u00e4ten wie beschrieben<\/p>\n\n\n\n<p>- Spende f\u00fcr den Schildkr\u00f6tenschutz<\/p>\n\n\n\n<p>- Trinkwasser, Snacks<\/p>\n\n\n\n<p>- Professionelle Fotodokumentation<\/p>\n\n\n\n<p>- Niederl\u00e4ndisch und Englisch sprechender Reisef\u00fchrer (westlicher Standard)<\/p>\n\n\n\n<p>- Umweltfreundlicher Ansatz, Unterst\u00fctzung lokaler Nichtregierungsorganisationen, auf dieser Reise wird kein Einwegplastik verwendet<\/p>\n<\/div><\/div><\/div>\n<\/div>\n\n\n\n<div class=\"guten-element guten-accordions guten-B6H74o\">\n<div class=\"accordion-item guten-PNBAok\"><div class=\"accordion-heading\"><div class=\"accordion-icon\"><span class=\"accordion-icon-open\"><i class=\"fas fa-minus\"><\/i><\/span><span class=\"accordion-icon-closed\"><i class=\"fas fa-plus\"><\/i><\/span><\/div><span class=\"accordion-text\">Ausgeschlossen<\/span><\/div><div class=\"accordion-body\"><div class=\"accordion-content\">\n<p>- Abendessen<\/p>\n\n\n\n<p>- Alkoholische Getr\u00e4nke und andere Getr\u00e4nke als Wasser<\/p>\n\n\n\n<p>- Pers\u00f6nliche Ausgaben<\/p>\n<\/div><\/div><\/div>\n<\/div>\n\n\n\n<div class=\"guten-element guten-accordions guten-npsbG5\">\n<div class=\"accordion-item guten-NEOyfu\"><div class=\"accordion-heading\"><div class=\"accordion-icon\"><span class=\"accordion-icon-open\"><i class=\"fas fa-minus\"><\/i><\/span><span class=\"accordion-icon-closed\"><i class=\"fas fa-plus\"><\/i><\/span><\/div><span class=\"accordion-text\">Preis<\/span><\/div><div class=\"accordion-body\"><div class=\"accordion-content\">\n<p>- Diese Aktivit\u00e4t ist nur m\u00f6glich f\u00fcr eine Gruppe von <strong>mindestens 8 Personen<\/strong><br>(Bitte&nbsp;<a href=\"https:\/\/wa.link\/nl1r35\" target=\"_blank\" rel=\"noreferrer noopener\"><strong>Kontaktieren Sie uns hier<\/strong><\/a>&nbsp;f\u00fcr Preise, Anpassungen oder Fragen)<\/p>\n<\/div><\/div><\/div>\n<\/div>\n\n\n\n<div class=\"wp-block-cb-carousel\" data-slick=\"{&quot;slidesToShow&quot;:2,&quot;slidesToScroll&quot;:1,&quot;speed&quot;:500,&quot;arrows&quot;:true,&quot;dots&quot;:true,&quot;autoplay&quot;:true,&quot;autoplaySpeed&quot;:2000,&quot;infinite&quot;:true,&quot;responsive&quot;:[{&quot;breakpoint&quot;:769,&quot;settings&quot;:{&quot;slidesToShow&quot;:1,&quot;slidesToScroll&quot;:1}}]}\">\n<div class=\"wp-block-cb-slide\">\n<div class=\"wp-block-group is-nowrap is-layout-flex wp-container-core-group-is-layout-6c531013 wp-block-group-is-layout-flex\">\n<div class=\"wp-block-gutenverse-image guten-element guten-image guten-1SYEf2\"><div class=\"guten-image-wrapper\"><img decoding=\"async\" class=\"gutenverse-image-box-filled\" src=\"https:\/\/indonesiaecotour.com\/wp-content\/uploads\/2025\/04\/JCL07679-scaled-e1746791068287.avif\" height=\"1707\" width=\"1707\"\/><\/div><span class=\"guten-caption\">Direkte Interaktion mit den Kindern vor Ort<\/span><\/div>\n<\/div>\n<\/div>\n\n\n\n<div class=\"wp-block-cb-slide\">\n<div class=\"wp-block-gutenverse-image guten-element guten-image guten-s81lHG\"><div class=\"guten-image-wrapper\"><img decoding=\"async\" class=\"gutenverse-image-box-filled\" src=\"https:\/\/indonesiaecotour.com\/wp-content\/uploads\/2025\/05\/JCL00386-scaled.avif\" height=\"1708\" width=\"2560\"\/><\/div><span class=\"guten-caption\">Baby-Schildkr\u00f6te<\/span><\/div>\n<\/div>\n\n\n\n<div class=\"wp-block-cb-slide\">\n<div class=\"wp-block-gutenverse-image guten-element guten-image guten-SiVRcU\"><div class=\"guten-image-wrapper\"><img loading=\"lazy\" decoding=\"async\" class=\"gutenverse-image-box-filled\" src=\"https:\/\/indonesiaecotour.com\/wp-content\/uploads\/2023\/10\/DSC06148-scaled-e1697188343221.jpg\" height=\"1706\" width=\"1706\" alt=\"\"\/><\/div><span class=\"guten-caption\">Drachen steigen lassen<\/span><\/div>\n<\/div>\n<\/div>\n\n\n\n<div class=\"guten-element guten-button-wrapper guten-kfpUHI\"><a class=\"guten-button guten-button-sm\" href=\"https:\/\/drive.google.com\/file\/d\/1kCJalQwkcSJBUvZChzwaxZcm7PFV8P5v\/view?usp=sharing\" target=\"_blank\" aria-label=\"\" rel=\"noreferrer noopener\"><span> Brosch\u00fcre herunterladen<\/span><\/a><\/div>\n\n\n\n<div class=\"guten-element guten-button-wrapper guten-uXcmRG\"><a class=\"guten-button guten-button-sm\" href=\"https:\/\/wa.me\/6282137219073\" target=\"_blank\" aria-label=\"\" rel=\"noreferrer noopener\"><i class=\"fa-lg fab fa-whatsapp\"><\/i><span> Kontakt<\/span><\/a><\/div>\n\n\n\n<p><\/p>","protected":false},"excerpt":{"rendered":"<p>On this turtle conservation tour in Yogyakarta, we head to the coast to visit an inspiring local initiative dedicated to waste management, education, art, and humanitarian projects. It\u2019s a hands-on experience where we connect with the local community, play traditional games, and share meaningful moments with the children. Roll up your sleeves and create colorful [&hellip;]<\/p>","protected":false},"author":1,"featured_media":0,"parent":0,"menu_order":0,"comment_status":"closed","ping_status":"closed","template":"","meta":{"_monsterinsights_skip_tracking":false,"_monsterinsights_sitenote_active":false,"_monsterinsights_sitenote_note":"","_monsterinsights_sitenote_category":0,"footnotes":""},"class_list":["post-2148","page","type-page","status-publish","hentry"],"aioseo_notices":[],"_links":{"self":[{"href":"https:\/\/indonesiaecotour.com\/de\/wp-json\/wp\/v2\/pages\/2148","targetHints":{"allow":["GET"]}}],"collection":[{"href":"https:\/\/indonesiaecotour.com\/de\/wp-json\/wp\/v2\/pages"}],"about":[{"href":"https:\/\/indonesiaecotour.com\/de\/wp-json\/wp\/v2\/types\/page"}],"author":[{"embeddable":true,"href":"https:\/\/indonesiaecotour.com\/de\/wp-json\/wp\/v2\/users\/1"}],"replies":[{"embeddable":true,"href":"https:\/\/indonesiaecotour.com\/de\/wp-json\/wp\/v2\/comments?post=2148"}],"version-history":[{"count":28,"href":"https:\/\/indonesiaecotour.com\/de\/wp-json\/wp\/v2\/pages\/2148\/revisions"}],"predecessor-version":[{"id":3439,"href":"https:\/\/indonesiaecotour.com\/de\/wp-json\/wp\/v2\/pages\/2148\/revisions\/3439"}],"wp:attachment":[{"href":"https:\/\/indonesiaecotour.com\/de\/wp-json\/wp\/v2\/media?parent=2148"}],"curies":[{"name":"wp","href":"https:\/\/api.w.org\/{rel}","templated":true}]}}