{"id":290,"date":"2023-09-25T08:22:53","date_gmt":"2023-09-25T08:22:53","guid":{"rendered":"https:\/\/indonesiaecotour.com\/?page_id=290"},"modified":"2025-05-28T15:54:48","modified_gmt":"2025-05-28T15:54:48","slug":"eco-tourism-sustainability","status":"publish","type":"page","link":"https:\/\/indonesiaecotour.com\/de\/eco-tourism-sustainability\/","title":{"rendered":"\u00d6kotourismus und Nachhaltigkeit"},"content":{"rendered":"<div class=\"wp-block-media-text has-media-on-the-right is-stacked-on-mobile is-image-fill-element\"><div class=\"wp-block-media-text__content\">\n<p>Was bedeutet \"\u00d6kotourismus\" f\u00fcr uns?<br><br>Das Wort \u00d6kotourismus wird weltweit in vielen verschiedenen Bedeutungen verwendet. Manchmal auf korrekte Art und Weise, aber h\u00e4ufiger nicht...<\/p>\n\n\n\n<p>Wir finden, dass \u00d6kotourismus nicht nur ein Tourismus ist, der in einer nat\u00fcrlichen Umgebung stattfindet, sondern auch die Umwelt respektiert, die wir betreten. Das kann der Wald oder das Meer sein, aber auch lokale Gemeinschaften oder traditionelle D\u00f6rfer. Jeder neue Ort, den wir bereisen, muss durch lokales Wissen verstanden und respektiert werden, bevor wir \u00fcberhaupt einen Fu\u00df auf den Boden setzen. Alle Aktivit\u00e4ten auf unseren Reisen werden unter Ber\u00fccksichtigung dieser Werte ausgew\u00e4hlt. Wir respektieren und kennen die Orte, die wir besuchen, und au\u00dferdem hinterlassen wir nur Fu\u00dfspuren. Wir verursachen keinen zus\u00e4tzlichen M\u00fcll und lassen ihn schon gar nicht an dem Ort zur\u00fcck, den wir besuchen. Wir glauben, dass dies die neue Art des Reisens werden sollte, um die globale Plastikverschmutzung zu bek\u00e4mpfen und nachhaltigeres Reisen zu erm\u00f6glichen. Der Tourismussektor ist ein gro\u00dfer Plastikverschmutzer, und dies ist unsere bescheidene Art, von unserer Seite aus etwas dagegen zu tun.<\/p>\n\n\n\n<p><\/p>\n<\/div><figure class=\"wp-block-media-text__media\"><img fetchpriority=\"high\" decoding=\"async\" width=\"600\" height=\"400\" src=\"https:\/\/indonesiaecotour.com\/wp-content\/uploads\/2023\/10\/filling-water-bottle_800px_grande.webp\" alt=\"\" class=\"wp-image-1667 size-full\" style=\"object-position:72% 48%\" srcset=\"https:\/\/indonesiaecotour.com\/wp-content\/uploads\/2023\/10\/filling-water-bottle_800px_grande.webp 600w, https:\/\/indonesiaecotour.com\/wp-content\/uploads\/2023\/10\/filling-water-bottle_800px_grande-300x200.webp 300w\" sizes=\"(max-width: 600px) 100vw, 600px\" \/><\/figure><\/div>\n\n\n\n<div class=\"wp-block-media-text is-stacked-on-mobile is-image-fill-element\"><figure class=\"wp-block-media-text__media\"><img decoding=\"async\" width=\"1024\" height=\"769\" src=\"https:\/\/indonesiaecotour.com\/wp-content\/uploads\/2023\/09\/IMG_20230609_091557-1-1024x769.jpg\" alt=\"\" class=\"wp-image-269 size-full\" style=\"object-position:42% 45%\" srcset=\"https:\/\/indonesiaecotour.com\/wp-content\/uploads\/2023\/09\/IMG_20230609_091557-1-1024x769.jpg 1024w, https:\/\/indonesiaecotour.com\/wp-content\/uploads\/2023\/09\/IMG_20230609_091557-1-300x225.jpg 300w, https:\/\/indonesiaecotour.com\/wp-content\/uploads\/2023\/09\/IMG_20230609_091557-1-768x577.jpg 768w, https:\/\/indonesiaecotour.com\/wp-content\/uploads\/2023\/09\/IMG_20230609_091557-1-1536x1153.jpg 1536w, https:\/\/indonesiaecotour.com\/wp-content\/uploads\/2023\/09\/IMG_20230609_091557-1-2048x1538.jpg 2048w\" sizes=\"(max-width: 1024px) 100vw, 1024px\" \/><\/figure><div class=\"wp-block-media-text__content\">\n<p>Warum ist Plastik sch\u00e4dlich?<br><br>Plastik ist sch\u00e4dlich f\u00fcr alle Lebewesen auf diesem Planeten. Deshalb m\u00fcssen wir anfangen zu handeln und die Art und Weise \u00e4ndern, wie die Menschheit Plastik (falsch) verwendet. In Indonesien gibt es so gut wie keine Vorschriften zur Vermeidung oder zum Recycling von Plastik, also m\u00fcssen wir selbst aktiv werden. Mit diesen Werten im Hinterkopf wollen wir das Reisen umweltfreundlicher machen und auch die Einheimischen motivieren, den Touristen kein Plastik mehr zur Verf\u00fcgung zu stellen.<\/p>\n<\/div><\/div>\n\n\n\n<p><br><strong>Wie k\u00f6nnen wir also unsere Erfahrungen nachhaltiger gestalten?<\/strong><\/p>\n\n\n\n<ul class=\"wp-block-list\">\n<li><strong><span style=\"text-decoration: underline;\">Minimieren Sie den Abfall (vermeiden Sie Verpackungen, verwenden Sie wiederverwendbare Lebensmittelverpackungen):<\/span><\/strong><br>- Vermeiden Sie Hotels mit Plastikverschmutzung (Plastikflaschen und andere Annehmlichkeiten, nach denen wir nicht gefragt haben).<br>- Trinkwasser aus gro\u00dfen, wiederverwertbaren Flaschen (20 l) bereitstellen. Wir bitten unsere G\u00e4ste immer, ihre eigenen Nachf\u00fcllflaschen mitzubringen.<br>- Vermeiden Sie Plastikbesteck, Strohhalme und anderen potenziellen M\u00fcll in Restaurants und Caf\u00e9s.<br>- Wir bringen immer unsere eigenen Lebensmittelbeh\u00e4lter mit, f\u00fcr den Fall, dass wir etwas kaufen m\u00fcssen und das Plastik vermeiden wollen, das der Verk\u00e4ufer anbietet.<br>- Wir unterst\u00fctzen und arbeiten mit Organisationen zusammen, die die Plastikverschmutzung vor Ort bek\u00e4mpfen.<\/li>\n<\/ul>\n\n\n\n<ul class=\"wp-block-list\">\n<li><strong><span style=\"text-decoration: underline;\">Aufkl\u00e4rung der G\u00e4ste \u00fcber die Umwelt durch unsere Aktivit\u00e4ten:<\/span><\/strong><br>- Wir informieren unsere G\u00e4ste \u00fcber die M\u00fcllsituation in Indonesien und erkl\u00e4ren ihnen, wie sie selbst M\u00fcll reduzieren k\u00f6nnen.<\/li>\n<\/ul>\n\n\n\n<ul class=\"wp-block-list\">\n<li><strong><span style=\"text-decoration: underline;\">Zusammenarbeit mit lokalen Nichtregierungsorganisationen, die in den Bereichen Naturschutz, Abfallwirtschaft und humanit\u00e4re Ma\u00dfnahmen t\u00e4tig sind:<\/span><\/strong><br>- SwaraOwa (Primatenschutz)<br>- Gardu Action (humanit\u00e4re Aktion)<br>- SokoIndigo (Gemeinschaft f\u00fcr nat\u00fcrliche Textilfarben)<br>- Jatimulyo &amp; Purwosari (Vogelschutz)<\/li>\n<\/ul>\n\n\n\n<ul class=\"wp-block-list\">\n<li><span style=\"text-decoration: underline;\"><strong>Nehmen Sie nach M\u00f6glichkeit \u00f6ffentliche Verkehrsmittel:<\/strong><br><\/span>- Wir nehmen den Zug, wann immer wir k\u00f6nnen. Die Z\u00fcge in Java sind sehr komfortabel und es ist die einzige Insel in Indonesien, die ein so gutes Zugnetz hat.<\/li>\n<\/ul>\n\n\n\n<ul class=\"wp-block-list\">\n<li><span style=\"text-decoration: underline;\"><strong>Zusammenarbeit mit lokalen Partnern, einschlie\u00dflich Reisef\u00fchrern, Restaurants, Catering-Service, G\u00e4steh\u00e4usern, Transportdienst::<\/strong><br><\/span>- Wir arbeiten mit lokalen Partnern zusammen und schlagen die Br\u00fccke zwischen ihren Dienstleistungen und den Erwartungen unserer G\u00e4ste.<\/li>\n<\/ul>\n\n\n\n<ul class=\"wp-block-list\">\n<li><span style=\"text-decoration: underline;\"><strong>Einf\u00fchrung lokaler Weisheiten, die einst die Grunds\u00e4tze eines Lebens im Einklang mit der Natur waren:<br><\/strong><\/span>- Bieten Sie Aktivit\u00e4ten an, die wirklich tief in die Geschichte des Ortes eindringen, wo einige lokale Weisheiten wirklich isoliert sind und nicht mehr \u00f6ffentlich verbreitet werden. <\/li>\n<\/ul>\n\n\n\n<ul class=\"wp-block-list\">\n<li><span style=\"text-decoration: underline;\"><strong>Vermeiden Sie den Massentourismus und konzentrieren Sie sich auf \"versteckte Juwelen\".<\/strong><br><\/span>- Wir versuchen, die Touristenpfade so weit wie m\u00f6glich zu meiden. Das ist nat\u00fcrlich nicht immer m\u00f6glich, aber wenn wir uns den touristischen Aktivit\u00e4ten anschlie\u00dfen, machen wir sie f\u00fcr Sie besonders und unvergesslich.<\/li>\n<\/ul>\n\n\n\n<p><\/p>","protected":false},"excerpt":{"rendered":"<p>What &#8220;eco-tourism&#8221; means to us? The word eco-tourism is used around the world in many different senses. Sometimes in a correct way but more often not\u2026 We find that eco-tourism is not only tourism that takes place in a natural environment but it is also respecting the environment that we are entering. It can be [&hellip;]<\/p>","protected":false},"author":1,"featured_media":0,"parent":0,"menu_order":0,"comment_status":"closed","ping_status":"closed","template":"","meta":{"footnotes":""},"class_list":["post-290","page","type-page","status-publish","hentry"],"_links":{"self":[{"href":"https:\/\/indonesiaecotour.com\/de\/wp-json\/wp\/v2\/pages\/290","targetHints":{"allow":["GET"]}}],"collection":[{"href":"https:\/\/indonesiaecotour.com\/de\/wp-json\/wp\/v2\/pages"}],"about":[{"href":"https:\/\/indonesiaecotour.com\/de\/wp-json\/wp\/v2\/types\/page"}],"author":[{"embeddable":true,"href":"https:\/\/indonesiaecotour.com\/de\/wp-json\/wp\/v2\/users\/1"}],"replies":[{"embeddable":true,"href":"https:\/\/indonesiaecotour.com\/de\/wp-json\/wp\/v2\/comments?post=290"}],"version-history":[{"count":35,"href":"https:\/\/indonesiaecotour.com\/de\/wp-json\/wp\/v2\/pages\/290\/revisions"}],"predecessor-version":[{"id":2976,"href":"https:\/\/indonesiaecotour.com\/de\/wp-json\/wp\/v2\/pages\/290\/revisions\/2976"}],"wp:attachment":[{"href":"https:\/\/indonesiaecotour.com\/de\/wp-json\/wp\/v2\/media?parent=290"}],"curies":[{"name":"wp","href":"https:\/\/api.w.org\/{rel}","templated":true}]}}