{"id":3057,"date":"2025-09-05T03:28:53","date_gmt":"2025-09-05T03:28:53","guid":{"rendered":"https:\/\/indonesiaecotour.com\/?page_id=3057"},"modified":"2025-09-05T04:20:54","modified_gmt":"2025-09-05T04:20:54","slug":"merapi-lava-sensation","status":"publish","type":"page","link":"https:\/\/indonesiaecotour.com\/de\/merapi-lava-sensation\/","title":{"rendered":"Merapi Lava Sensation"},"content":{"rendered":"<div class=\"wp-block-media-text is-stacked-on-mobile is-image-fill-element\" style=\"padding-bottom:var(--wp--preset--spacing--40)\"><figure class=\"wp-block-media-text__media\"><img fetchpriority=\"high\" decoding=\"async\" width=\"1024\" height=\"683\" src=\"https:\/\/indonesiaecotour.com\/wp-content\/uploads\/2025\/09\/JCL03859-Edit-1024x683.avif\" alt=\"\" class=\"wp-image-3059 size-full\" style=\"object-position:50% 50%\" srcset=\"https:\/\/indonesiaecotour.com\/wp-content\/uploads\/2025\/09\/JCL03859-Edit-1024x683.avif 1024w, https:\/\/indonesiaecotour.com\/wp-content\/uploads\/2025\/09\/JCL03859-Edit-300x200.avif 300w, https:\/\/indonesiaecotour.com\/wp-content\/uploads\/2025\/09\/JCL03859-Edit-768x512.avif 768w, https:\/\/indonesiaecotour.com\/wp-content\/uploads\/2025\/09\/JCL03859-Edit-1536x1025.avif 1536w, https:\/\/indonesiaecotour.com\/wp-content\/uploads\/2025\/09\/JCL03859-Edit-2048x1366.avif 2048w\" sizes=\"(max-width: 1024px) 100vw, 1024px\" \/><\/figure><div class=\"wp-block-media-text__content\">\n<p>Wir holen Sie nach dem Abendessen in Ihrem Hotel ab und fahren in den Norden der Stadt, wo es mehrere Aussichtspunkte auf den Vulkan Merapi gibt. Wir w\u00e4hlen den besten Aussichtspunkt je nach den aktuellen Wetterbedingungen und installieren uns vor dem Vulkan, um die Eruptionen zu beobachten, w\u00e4hrend wir ein (hei\u00dfes) Getr\u00e4nk und einen Snack zu uns nehmen. Normalerweise ereignen sich die Ausbr\u00fcche ein paar Mal pro Stunde, aber das ist nicht garantiert. Wir erh\u00f6hen unsere Chancen, wenn wir mehrere Stunden dort oben bleiben, um die Lava zu beobachten, die aus dem aktiven Vulkan austritt. Wahlweise k\u00f6nnen wir auch erst den Sonnenuntergang beobachten und dann warten, bis die Lava sichtbar wird. Oder wir k\u00f6nnen sp\u00e4ter in der Nacht gehen und bis zum Sonnenaufgang bleiben.<\/p>\n<\/div><\/div>\n\n\n\n<div class=\"guten-element guten-accordions guten-G5q2nY\">\n<div class=\"accordion-item guten-jgUX4c active\"><div class=\"accordion-heading\"><div class=\"accordion-icon\"><span class=\"accordion-icon-open\"><i class=\"fas fa-minus\"><\/i><\/span><span class=\"accordion-icon-closed\"><i class=\"fas fa-plus\"><\/i><\/span><\/div><span class=\"accordion-text\"><strong>Reiseplan<\/strong><\/span><\/div><div class=\"accordion-body\"><div class=\"accordion-content\">\n<p><strong>Lava<\/strong> <strong>Paket<\/strong>:<br>- Abholung vom Hotel (nach dem Abendessen gegen 20 Uhr)<\/p>\n\n\n\n<p>- 1 Stunde Fahrt zum Aussichtspunkt (abh\u00e4ngig von der Lage Ihres Hotels)<\/p>\n\n\n\n<p>- Mach es dir bequem und warte, bis die Lava erscheint<\/p>\n\n\n\n<p>- Wir bieten (hei\u00dfe) Getr\u00e4nke und traditionelle Snacks<\/p>\n\n\n\n<p>- Wir k\u00f6nnen so lange bleiben, wie Sie m\u00f6chten, sollten aber gegen Mitternacht wieder im Hotel sein (je nachdem, wann die Lava auftaucht).<\/p>\n\n\n\n<p>- Abholung vom Hotel (gegen 12 Uhr)<br><br><strong>Sonnenuntergang<\/strong> <strong>Paket<\/strong>:<br>- Abholung vom Hotel (gegen 16 Uhr)<\/p>\n\n\n\n<p>- 1 Stunde Fahrt zum Aussichtspunkt (abh\u00e4ngig von der Lage Ihres Hotels)<\/p>\n\n\n\n<p>- Machen Sie es sich bequem und warten Sie auf den Sonnenuntergang, gefolgt von der Lava<\/p>\n\n\n\n<p>- Wir bieten (hei\u00dfe) Getr\u00e4nke und traditionelle Snacks<\/p>\n\n\n\n<p>- Wir bleiben so lange, wie Sie wollen, aber versuchen, vor Mitternacht wieder im Hotel zu sein (je nachdem, wann die Lava erscheint).<\/p>\n\n\n\n<p>- Hotelabholung (vor 12 Uhr)<br><br><strong>Sonnenaufgang<\/strong> <strong>Paket<\/strong>:<br>- Abholung vom Hotel (gegen 22 Uhr)<\/p>\n\n\n\n<p>- 1 Stunde Fahrt zum Aussichtspunkt (abh\u00e4ngig von der Lage Ihres Hotels)<\/p>\n\n\n\n<p>- Machen Sie es sich bequem und warten Sie auf die Lava, gefolgt vom Sonnenaufgang (gegen 5 Uhr morgens)<\/p>\n\n\n\n<p>- Wir bieten (hei\u00dfe) Getr\u00e4nke und traditionelle Snacks. <\/p>\n\n\n\n<p>- Wir bleiben so lange, wie Sie wollen, aber versuchen, nach Sonnenaufgang ins Hotel zur\u00fcckzukehren.<\/p>\n\n\n\n<p>- Abholung vom Hotel (gegen 6.30 Uhr)<\/p>\n<\/div><\/div><\/div>\n<\/div>\n\n\n\n<div class=\"guten-element guten-accordions guten-ZO5Alz\">\n<div class=\"accordion-item guten-fNY256\"><div class=\"accordion-heading\"><div class=\"accordion-icon\"><span class=\"accordion-icon-open\"><i class=\"fas fa-minus\"><\/i><\/span><span class=\"accordion-icon-closed\"><i class=\"fas fa-plus\"><\/i><\/span><\/div><span class=\"accordion-text\"><strong><strong>Eingeschlossen<\/strong><\/strong><\/span><\/div><div class=\"accordion-body\"><div class=\"accordion-content\">\n<p>- Transport<\/p>\n\n\n\n<p>- Alle Aktivit\u00e4ten wie beschrieben<\/p>\n\n\n\n<p>- Trinkwasser (zum Nachf\u00fcllen) und Snacks<\/p>\n\n\n\n<p>- Professionelle Fotodokumentation<\/p>\n\n\n\n<p>- Niederl\u00e4ndisch und Englisch sprechender Reisef\u00fchrer (westlicher Standard)<\/p>\n\n\n\n<p>- Umweltfreundlicher Ansatz, auf dieser Reise wird kein Einwegplastik verwendet<\/p>\n<\/div><\/div><\/div>\n<\/div>\n\n\n\n<div class=\"guten-element guten-accordions guten-QpUQim\">\n<div class=\"accordion-item guten-IvEslA\"><div class=\"accordion-heading\"><div class=\"accordion-icon\"><span class=\"accordion-icon-open\"><i class=\"fas fa-minus\"><\/i><\/span><span class=\"accordion-icon-closed\"><i class=\"fas fa-plus\"><\/i><\/span><\/div><span class=\"accordion-text\"><strong><strong>Ausgeschlossen<\/strong><\/strong><\/span><\/div><div class=\"accordion-body\"><div class=\"accordion-content\">\n<p>- Alkoholische Getr\u00e4nke und andere Getr\u00e4nke als Wasser<\/p>\n\n\n\n<p>- Pers\u00f6nliche Ausgaben<\/p>\n<\/div><\/div><\/div>\n<\/div>\n\n\n\n<div class=\"guten-element guten-accordions guten-04VOhL\">\n<div class=\"accordion-item guten-9brzgr\"><div class=\"accordion-heading\"><div class=\"accordion-icon\"><span class=\"accordion-icon-open\"><i class=\"fas fa-minus\"><\/i><\/span><span class=\"accordion-icon-closed\"><i class=\"fas fa-plus\"><\/i><\/span><\/div><span class=\"accordion-text\"><strong><strong>Preis<\/strong><\/strong><\/span><\/div><div class=\"accordion-body\"><div class=\"accordion-content\">\n<p>- Die Preise h\u00e4ngen davon ab, was <strong>Paket<\/strong> Sie w\u00e4hlen und die <strong>Gr\u00f6\u00dfe der Gruppe<\/strong>.<br>Deshalb bitte <a href=\"https:\/\/wa.link\/nl1r35\" target=\"_blank\" rel=\"noreferrer noopener\"><strong>Kontaktieren Sie uns hier<\/strong><\/a> mit den erforderlichen Angaben und wir senden Ihnen unsere Preise zu.<\/p>\n<\/div><\/div><\/div>\n<\/div>\n\n\n\n<div class=\"wp-block-cb-carousel\" data-slick=\"{&quot;slidesToShow&quot;:2,&quot;slidesToScroll&quot;:1,&quot;speed&quot;:300,&quot;arrows&quot;:true,&quot;dots&quot;:true,&quot;autoplay&quot;:true,&quot;autoplaySpeed&quot;:2000,&quot;infinite&quot;:true,&quot;responsive&quot;:[{&quot;breakpoint&quot;:769,&quot;settings&quot;:{&quot;slidesToShow&quot;:1,&quot;slidesToScroll&quot;:1}}]}\">\n<div class=\"wp-block-cb-slide\">\n<div class=\"wp-block-gutenverse-image guten-element guten-image guten-BPI5bX\"><div class=\"guten-image-wrapper\"><img decoding=\"async\" class=\"gutenverse-image-box-filled\" src=\"https:\/\/indonesiaecotour.com\/wp-content\/uploads\/2025\/09\/JCL03846-Edit-scaled.avif\" height=\"2560\" width=\"1708\"\/><\/div><span class=\"guten-caption\">Beginn der Lavaeruption<\/span><\/div>\n<\/div>\n\n\n\n<div class=\"wp-block-cb-slide\">\n<div class=\"wp-block-gutenverse-image guten-element guten-image guten-wG7z4G\"><div class=\"guten-image-wrapper\"><img decoding=\"async\" class=\"gutenverse-image-box-filled\" src=\"https:\/\/indonesiaecotour.com\/wp-content\/uploads\/2025\/09\/JCL03868-Edit-scaled.avif\" height=\"1708\" width=\"2560\"\/><\/div><span class=\"guten-caption\">Rollende Lavasteine, die aus dem Vulkan kommen<\/span><\/div>\n<\/div>\n\n\n\n<div class=\"wp-block-cb-slide\">\n<div class=\"wp-block-gutenverse-image guten-element guten-image guten-hnvlvf\"><div class=\"guten-image-wrapper\"><img loading=\"lazy\" decoding=\"async\" class=\"gutenverse-image-box-filled\" src=\"https:\/\/indonesiaecotour.com\/wp-content\/uploads\/2025\/09\/JCL03847-Edit-scaled.avif\" height=\"2560\" width=\"1708\"\/><\/div><span class=\"guten-caption\">Ausbreitung des Lsva \u00fcber die Vulkanflanke<\/span><\/div>\n<\/div>\n<\/div>\n\n\n\n<div class=\"guten-element guten-button-wrapper guten-uXcmRG\"><a class=\"guten-button guten-button-sm\" href=\"https:\/\/wa.me\/6282137219073\" target=\"_blank\" aria-label=\"\" rel=\"noreferrer noopener\"><i class=\"fa-lg fab fa-whatsapp\"><\/i><span> Kontakt<\/span><\/a><\/div>\n\n\n\n<p><\/p>","protected":false},"excerpt":{"rendered":"<p>We pick you up in your hotel after dinner and we drive to the north of the city where we there are several viewpoints of the Merapi volcano. We choose the best viewpoint depending on the current weather conditions and install ourselves to sit in front of the volcano to watch the eruptions while having [&hellip;]<\/p>","protected":false},"author":1,"featured_media":0,"parent":0,"menu_order":0,"comment_status":"closed","ping_status":"closed","template":"","meta":{"_monsterinsights_skip_tracking":false,"_monsterinsights_sitenote_active":false,"_monsterinsights_sitenote_note":"","_monsterinsights_sitenote_category":0,"footnotes":""},"class_list":["post-3057","page","type-page","status-publish","hentry"],"aioseo_notices":[],"_links":{"self":[{"href":"https:\/\/indonesiaecotour.com\/de\/wp-json\/wp\/v2\/pages\/3057","targetHints":{"allow":["GET"]}}],"collection":[{"href":"https:\/\/indonesiaecotour.com\/de\/wp-json\/wp\/v2\/pages"}],"about":[{"href":"https:\/\/indonesiaecotour.com\/de\/wp-json\/wp\/v2\/types\/page"}],"author":[{"embeddable":true,"href":"https:\/\/indonesiaecotour.com\/de\/wp-json\/wp\/v2\/users\/1"}],"replies":[{"embeddable":true,"href":"https:\/\/indonesiaecotour.com\/de\/wp-json\/wp\/v2\/comments?post=3057"}],"version-history":[{"count":5,"href":"https:\/\/indonesiaecotour.com\/de\/wp-json\/wp\/v2\/pages\/3057\/revisions"}],"predecessor-version":[{"id":3099,"href":"https:\/\/indonesiaecotour.com\/de\/wp-json\/wp\/v2\/pages\/3057\/revisions\/3099"}],"wp:attachment":[{"href":"https:\/\/indonesiaecotour.com\/de\/wp-json\/wp\/v2\/media?parent=3057"}],"curies":[{"name":"wp","href":"https:\/\/api.w.org\/{rel}","templated":true}]}}