{"id":362,"date":"2023-09-25T12:48:29","date_gmt":"2023-09-25T12:48:29","guid":{"rendered":"https:\/\/indonesiaecotour.com\/?page_id=362"},"modified":"2026-04-14T08:55:44","modified_gmt":"2026-04-14T08:55:44","slug":"immersed-in-nature","status":"publish","type":"page","link":"https:\/\/indonesiaecotour.com\/de\/immersed-in-nature\/","title":{"rendered":"Ihr ultimativer und unvergesslicher Natur-Tagesausflug von Yogyakarta aus"},"content":{"rendered":"<div class=\"wp-block-media-text is-stacked-on-mobile is-image-fill-element\" style=\"padding-bottom:var(--wp--preset--spacing--40)\"><figure class=\"wp-block-media-text__media\"><img fetchpriority=\"high\" decoding=\"async\" width=\"1024\" height=\"683\" src=\"https:\/\/indonesiaecotour.com\/wp-content\/uploads\/2023\/09\/DSC09727-Edit-1-1024x683.jpg\" alt=\"Nature Day Trip from Yogyakarta\" class=\"wp-image-45 size-full\" style=\"object-position:50% 50%\" srcset=\"https:\/\/indonesiaecotour.com\/wp-content\/uploads\/2023\/09\/DSC09727-Edit-1-1024x683.jpg 1024w, https:\/\/indonesiaecotour.com\/wp-content\/uploads\/2023\/09\/DSC09727-Edit-1-300x200.jpg 300w, https:\/\/indonesiaecotour.com\/wp-content\/uploads\/2023\/09\/DSC09727-Edit-1-768x512.jpg 768w, https:\/\/indonesiaecotour.com\/wp-content\/uploads\/2023\/09\/DSC09727-Edit-1-1536x1025.jpg 1536w, https:\/\/indonesiaecotour.com\/wp-content\/uploads\/2023\/09\/DSC09727-Edit-1-2048x1366.jpg 2048w\" sizes=\"(max-width: 1024px) 100vw, 1024px\" \/><\/figure><div class=\"wp-block-media-text__content\">\n<p>Wir fahren in das \u00fcppige Hochland westlich der Stadt auf eine unvergessliche <strong>Natur Tagesausflug von Yogyakarta<\/strong>auf der Suche nach einem inspirierenden Vogelschutzprojekt, das ehemalige J\u00e4ger erfolgreich in leidenschaftliche Tiersch\u00fctzer verwandelt hat.<\/p>\n\n\n\n<p>Auf dem Weg dorthin kommen wir in Kontakt mit lokalen javanischen Gemeinschaften, lernen etwas \u00fcber ihre Traditionen und nehmen sogar an ihren t\u00e4glichen Aktivit\u00e4ten teil, um eine wirklich authentische kulturelle Erfahrung zu machen. Nach einem k\u00f6stlichen traditionellen Mittagessen geht es weiter in den Dschungel zu einem versteckten Wasserfall mit einer epischen 5-Meter-Sprungplattform - der perfekte Ort f\u00fcr Abenteuerlustige.<\/p>\n\n\n\n<p>Umgeben von dichter tropischer Natur, wirkt dieser Ort unber\u00fchrt, friedlich und unglaublich gelassen.<\/p>\n<\/div><\/div>\n\n\n\n<div class=\"guten-element guten-accordions guten-ZPpFtl\">\n<div class=\"accordion-item guten-FwhXx0 active\"><div class=\"accordion-heading\"><div class=\"accordion-icon\"><span class=\"accordion-icon-open\"><i class=\"fas fa-minus\"><\/i><\/span><span class=\"accordion-icon-closed\"><i class=\"fas fa-plus\"><\/i><\/span><\/div><span class=\"accordion-text\">Reiseplan<\/span><\/div><div class=\"accordion-body\"><div class=\"accordion-content\">\n<p>- Hotelabholung in <strong><a href=\"https:\/\/indonesiaecotour.com\/de\/cultural-cycling-prambanan\/\" title=\"Yogyakarta\">Yogyakarta<\/a><\/strong> (nach dem Fr\u00fchst\u00fcck gegen 8 Uhr)<\/p>\n\n\n\n<p>- 1 Stunde Fahrt zum Dorf<\/p>\n\n\n\n<p>- Trinken Sie einen lokalen Kaffee und einen Snack, w\u00e4hrend der Reiseleiter das Naturschutzprojekt erkl\u00e4rt<\/p>\n\n\n\n<p>- Machen Sie einen Spaziergang durch den Dorfwald und sehen Sie, wie die Einheimischen Palmzucker herstellen.<\/p>\n\n\n\n<p>- Besuch eines Wasserfalls<\/p>\n\n\n\n<p>- Festliches traditionelles Mittagessen<\/p>\n\n\n\n<p>- Spaziergang zum nat\u00fcrlichen Dschungelpool und Erfrischung (5 Meter Sprungturm)<\/p>\n\n\n\n<p>- Fahrt zur\u00fcck in die Stadt<\/p>\n\n\n\n<p>- Abendessen (fakultativ)<\/p>\n\n\n\n<p>- Abholung vom Hotel (nach oder vor dem Abendessen)<\/p>\n<\/div><\/div><\/div>\n<\/div>\n\n\n\n<div class=\"guten-element guten-accordions guten-gAeSqn\">\n<div class=\"accordion-item guten-60mDwY\"><div class=\"accordion-heading\"><div class=\"accordion-icon\"><span class=\"accordion-icon-open\"><i class=\"fas fa-minus\"><\/i><\/span><span class=\"accordion-icon-closed\"><i class=\"fas fa-plus\"><\/i><\/span><\/div><span class=\"accordion-text\">Eingeschlossen<\/span><\/div><div class=\"accordion-body\"><div class=\"accordion-content\">\n<p>- Transport<\/p>\n\n\n\n<p>- Alle Aktivit\u00e4ten wie beschrieben<\/p>\n\n\n\n<p>- Trinkwasser, Snacks, Obst, Mittagessen<\/p>\n\n\n\n<p>- Professionelle Fotodokumentation<\/p>\n\n\n\n<p>- Niederl\u00e4ndisch und Englisch sprechender Reisef\u00fchrer (westlicher Standard)<\/p>\n\n\n\n<p>- Umweltfreundlicher Ansatz, Unterst\u00fctzung lokaler Nichtregierungsorganisationen, auf dieser Reise wird kein Einwegplastik verwendet<\/p>\n<\/div><\/div><\/div>\n<\/div>\n\n\n\n<div class=\"guten-element guten-accordions guten-4l5pgo\">\n<div class=\"accordion-item guten-1lL1NG active\"><div class=\"accordion-heading\"><div class=\"accordion-icon\"><span class=\"accordion-icon-open\"><i class=\"fas fa-minus\"><\/i><\/span><span class=\"accordion-icon-closed\"><i class=\"fas fa-plus\"><\/i><\/span><\/div><span class=\"accordion-text\">Ausgeschlossen<\/span><\/div><div class=\"accordion-body\"><div class=\"accordion-content\">\n<p>- Abendessen<\/p>\n\n\n\n<p>- Alkoholische Getr\u00e4nke und andere Getr\u00e4nke als Wasser<\/p>\n\n\n\n<p>- Pers\u00f6nliche Ausgaben<\/p>\n<\/div><\/div><\/div>\n<\/div>\n\n\n\n<div class=\"guten-element guten-accordions guten-74ftop\">\n<div class=\"accordion-item guten-yaHQaU active\"><div class=\"accordion-heading\"><div class=\"accordion-icon\"><span class=\"accordion-icon-open\"><i class=\"fas fa-minus\"><\/i><\/span><span class=\"accordion-icon-closed\"><i class=\"fas fa-plus\"><\/i><\/span><\/div><span class=\"accordion-text\">Preis<\/span><\/div><div class=\"accordion-body\"><div class=\"accordion-content\">\n<p>- Preise ab <strong>780.000 IDR<\/strong> <strong>pro Person<\/strong> basierend auf einem <strong>4er-Gruppe<\/strong> <strong>Menschen<\/strong> f\u00fcr diese <strong>Natur Tagesausflug von Yogyakarta<\/strong><br>(Bitte\u00a0<a href=\"https:\/\/wa.link\/nl1r35\" target=\"_blank\" rel=\"noreferrer noopener\"><strong>Kontaktieren Sie uns hier<\/strong><\/a>\u00a0f\u00fcr andere Preise, Anpassungen oder Fragen)<\/p>\n<\/div><\/div><\/div>\n<\/div>\n\n\n\n<div class=\"wp-block-cb-carousel\" data-slick=\"{&quot;slidesToShow&quot;:2,&quot;slidesToScroll&quot;:1,&quot;speed&quot;:300,&quot;arrows&quot;:true,&quot;dots&quot;:true,&quot;autoplay&quot;:true,&quot;autoplaySpeed&quot;:2000,&quot;infinite&quot;:true,&quot;responsive&quot;:[{&quot;breakpoint&quot;:769,&quot;settings&quot;:{&quot;slidesToShow&quot;:1,&quot;slidesToScroll&quot;:1}}]}\">\n<div class=\"wp-block-cb-slide\">\n<div class=\"wp-block-gutenverse-image guten-element guten-image guten-QaPHDf\"><div class=\"guten-image-wrapper\"><img decoding=\"async\" class=\"gutenverse-image-box-filled\" src=\"https:\/\/indonesiaecotour.com\/wp-content\/uploads\/2023\/10\/DSC09656-Edit-scaled-e1696134057846.jpg\" height=\"1706\" width=\"1706\"\/><\/div><span class=\"guten-caption\">Spring!<\/span><\/div>\n<\/div>\n\n\n\n<div class=\"wp-block-cb-slide\">\n<div class=\"wp-block-group is-nowrap is-layout-flex wp-container-core-group-is-layout-6c531013 wp-block-group-is-layout-flex\">\n<div class=\"wp-block-gutenverse-image guten-element guten-image guten-HOIG6m\"><div class=\"guten-image-wrapper\"><img decoding=\"async\" class=\"gutenverse-image-box-filled\" src=\"https:\/\/indonesiaecotour.com\/wp-content\/uploads\/2023\/10\/DSC06666-Edit-scaled-e1697188563191.jpg\" height=\"1706\" width=\"1706\"\/><\/div><span class=\"guten-caption\">Festliches Mittagessen<\/span><\/div>\n<\/div>\n<\/div>\n\n\n\n<div class=\"wp-block-cb-slide\">\n<div class=\"wp-block-group is-nowrap is-layout-flex wp-container-core-group-is-layout-6c531013 wp-block-group-is-layout-flex\">\n<div class=\"wp-block-gutenverse-image guten-element guten-image guten-jXcsfE\"><div class=\"guten-image-wrapper\"><img loading=\"lazy\" decoding=\"async\" class=\"gutenverse-image-box-filled\" src=\"https:\/\/indonesiaecotour.com\/wp-content\/uploads\/2023\/10\/DSC09572-EDIT-scaled-e1696134477665.jpg\" height=\"1920\" width=\"1919\"\/><\/div><span class=\"guten-caption\">Dschungel schwimmen<\/span><\/div>\n<\/div>\n<\/div>\n\n\n\n<div class=\"wp-block-cb-slide\">\n<div class=\"wp-block-gutenverse-image guten-element guten-image guten-g85vdv\"><div class=\"guten-image-wrapper\"><img loading=\"lazy\" decoding=\"async\" class=\"gutenverse-image-box-filled\" src=\"https:\/\/indonesiaecotour.com\/wp-content\/uploads\/2025\/05\/JCL03841-Edit-scaled.avif\" height=\"1251\" width=\"2560\"\/><\/div><span class=\"guten-caption\">Javafischer im Wald<\/span><\/div>\n<\/div>\n<\/div>\n\n\n\n<div class=\"guten-element guten-button-wrapper guten-kfpUHI\"><a class=\"guten-button guten-button-sm\" href=\"https:\/\/drive.google.com\/file\/d\/1kCJalQwkcSJBUvZChzwaxZcm7PFV8P5v\/view?usp=sharing\" target=\"_blank\" aria-label=\"\" rel=\"noreferrer noopener\"><span> Brosch\u00fcre herunterladen<\/span><\/a><\/div>\n\n\n\n<div class=\"guten-element guten-button-wrapper guten-uXcmRG\"><a class=\"guten-button guten-button-sm\" href=\"https:\/\/wa.me\/6282137219073\" target=\"_blank\" aria-label=\"\" rel=\"noreferrer noopener\"><i class=\"fa-lg fab fa-whatsapp\"><\/i><span> Kontakt<\/span><\/a><\/div>","protected":false},"excerpt":{"rendered":"<p>We drive into the lush highlands west of the city on an unforgettable Nature Day Trip from Yogyakarta, searching for an inspiring bird conservation project that successfully transformed former hunters into passionate protectors of wildlife. Along the way, we connect with local Javanese communities, learning about their traditions and even taking part in their daily [&hellip;]<\/p>","protected":false},"author":1,"featured_media":0,"parent":0,"menu_order":0,"comment_status":"closed","ping_status":"closed","template":"","meta":{"_monsterinsights_skip_tracking":false,"_monsterinsights_sitenote_active":false,"_monsterinsights_sitenote_note":"","_monsterinsights_sitenote_category":0,"footnotes":""},"class_list":["post-362","page","type-page","status-publish","hentry"],"aioseo_notices":[],"_links":{"self":[{"href":"https:\/\/indonesiaecotour.com\/de\/wp-json\/wp\/v2\/pages\/362","targetHints":{"allow":["GET"]}}],"collection":[{"href":"https:\/\/indonesiaecotour.com\/de\/wp-json\/wp\/v2\/pages"}],"about":[{"href":"https:\/\/indonesiaecotour.com\/de\/wp-json\/wp\/v2\/types\/page"}],"author":[{"embeddable":true,"href":"https:\/\/indonesiaecotour.com\/de\/wp-json\/wp\/v2\/users\/1"}],"replies":[{"embeddable":true,"href":"https:\/\/indonesiaecotour.com\/de\/wp-json\/wp\/v2\/comments?post=362"}],"version-history":[{"count":90,"href":"https:\/\/indonesiaecotour.com\/de\/wp-json\/wp\/v2\/pages\/362\/revisions"}],"predecessor-version":[{"id":3433,"href":"https:\/\/indonesiaecotour.com\/de\/wp-json\/wp\/v2\/pages\/362\/revisions\/3433"}],"wp:attachment":[{"href":"https:\/\/indonesiaecotour.com\/de\/wp-json\/wp\/v2\/media?parent=362"}],"curies":[{"name":"wp","href":"https:\/\/api.w.org\/{rel}","templated":true}]}}