{"id":365,"date":"2023-09-25T12:49:30","date_gmt":"2023-09-25T12:49:30","guid":{"rendered":"https:\/\/indonesiaecotour.com\/?page_id=365"},"modified":"2026-04-14T09:06:20","modified_gmt":"2026-04-14T09:06:20","slug":"gibbons-and-batik","status":"publish","type":"page","link":"https:\/\/indonesiaecotour.com\/de\/gibbons-and-batik\/","title":{"rendered":"Die einzigartigste Javagibbon-Tour in Javas unber\u00fchrtem Regenwald"},"content":{"rendered":"<p><\/p>\n\n\n\n<p aria-label=\"Text Absatz\" class=\"guten-element gutenverse-text guten-cJDQJ2\">Es ist Zeit, fr\u00fch aufzustehen und in die unber\u00fchrten tropischen Regenw\u00e4lder Zentraljavas einzutauchen, um eine unvergessliche <strong>Javagibbon-Tour<\/strong>. Mit einem einheimischen Safari-Jeep fahren wir tief in den Dschungel auf der Suche nach vier verschiedenen Affenarten, darunter der gef\u00e4hrdete und endemische Javagibbon. Unterwegs erfahren wir mehr \u00fcber das uralte \u00d6kosystem des Waldes, seine hoch aufragenden B\u00e4ume und die unglaubliche Tierwelt, die dieses Schutzgebiet ihr Zuhause nennt.<br>Zum Mittagessen genie\u00dfen wir ein einzigartiges lokales Gericht aus im Wald gewachsenen Pflanzen, kombiniert mit traditionellen indonesischen Zutaten und Gew\u00fcrzen.<br>Nach der R\u00fcckkehr in die Stadt geht das Abenteuer auf eine kreativere Art und Weise weiter. Es ist an der Zeit, den K\u00fcnstler in dir zu entfesseln und dein eigenes, nat\u00fcrlich gef\u00e4rbtes T-Shirt zu entwerfen, indem du mit verschiedenen traditionellen Batiktechniken und Mustern experimentierst.<\/p>\n\n\n\n<figure class=\"wp-block-gallery has-nested-images columns-default is-cropped wp-block-gallery-1 is-layout-flex wp-block-gallery-is-layout-flex\">\n<figure class=\"wp-block-image size-large\"><img fetchpriority=\"high\" decoding=\"async\" width=\"1024\" height=\"801\" data-id=\"2062\" src=\"https:\/\/indonesiaecotour.com\/wp-content\/uploads\/2025\/04\/DSC03947-Edit-EDIT-1024x801.avif\" alt=\"Javan Gibbon Tour in Java\" class=\"wp-image-2062\" srcset=\"https:\/\/indonesiaecotour.com\/wp-content\/uploads\/2025\/04\/DSC03947-Edit-EDIT-1024x801.avif 1024w, https:\/\/indonesiaecotour.com\/wp-content\/uploads\/2025\/04\/DSC03947-Edit-EDIT-300x235.avif 300w, https:\/\/indonesiaecotour.com\/wp-content\/uploads\/2025\/04\/DSC03947-Edit-EDIT-768x601.avif 768w, https:\/\/indonesiaecotour.com\/wp-content\/uploads\/2025\/04\/DSC03947-Edit-EDIT-1536x1202.avif 1536w, https:\/\/indonesiaecotour.com\/wp-content\/uploads\/2025\/04\/DSC03947-Edit-EDIT-2048x1603.avif 2048w\" sizes=\"(max-width: 1024px) 100vw, 1024px\" \/><\/figure>\n\n\n\n<figure class=\"wp-block-image size-large\"><img decoding=\"async\" width=\"766\" height=\"1024\" data-id=\"34\" src=\"https:\/\/indonesiaecotour.com\/wp-content\/uploads\/2023\/09\/DSC08254-EDIT-766x1024.jpg\" alt=\"Learn how to make Batik in Java\" class=\"wp-image-34\" srcset=\"https:\/\/indonesiaecotour.com\/wp-content\/uploads\/2023\/09\/DSC08254-EDIT-766x1024.jpg 766w, https:\/\/indonesiaecotour.com\/wp-content\/uploads\/2023\/09\/DSC08254-EDIT-224x300.jpg 224w, https:\/\/indonesiaecotour.com\/wp-content\/uploads\/2023\/09\/DSC08254-EDIT-768x1027.jpg 768w, https:\/\/indonesiaecotour.com\/wp-content\/uploads\/2023\/09\/DSC08254-EDIT-1149x1536.jpg 1149w, https:\/\/indonesiaecotour.com\/wp-content\/uploads\/2023\/09\/DSC08254-EDIT-1532x2048.jpg 1532w, https:\/\/indonesiaecotour.com\/wp-content\/uploads\/2023\/09\/DSC08254-EDIT-scaled.jpg 1915w\" sizes=\"(max-width: 766px) 100vw, 766px\" \/><\/figure>\n<\/figure>\n\n\n\n<div class=\"guten-element guten-accordions guten-t44m0W\">\n<div class=\"accordion-item guten-IX3uCM active\"><div class=\"accordion-heading\"><div class=\"accordion-icon\"><span class=\"accordion-icon-open\"><i class=\"fas fa-minus\"><\/i><\/span><span class=\"accordion-icon-closed\"><i class=\"fas fa-plus\"><\/i><\/span><\/div><span class=\"accordion-text\"><span id=\"guten-aLJqQy\"><span id=\"guten-huwlfl\" style=\"text-decoration: underline;\"><strong>Reiseplan<\/strong><\/span><\/span><\/span><\/div><div class=\"accordion-body\"><div class=\"accordion-content\">\n<p><strong>Tag 1:<\/strong><\/p>\n\n\n\n<p>- <a href=\"https:\/\/indonesiaecotour.com\/de\/cultural-cycling-prambanan\/\" title=\"Yogyakarta\">Yogyakarta<\/a> Abholung vom Hotel um 11 Uhr und Fahrt nach <a href=\"https:\/\/indonesiaecotour.com\/de\/wildlife-pekalongan\/\" title=\"Pekalongan\">Pekalongan<\/a> (etwa 4,5 Stunden)<br>- Ankunft im Hotel, Abendessen und Ausruhen<br><strong>Tag 2:<\/strong><br>- Aufstehen um 5.30 Uhr und 1,5 Stunden Fahrt zum Wald<br>- Fahrt\/Wanderung durch den Wald auf der Suche nach Javagibbons und anderen Wildtieren\/V\u00f6geln<br>- Weiterwandern zum Basislager der NGO<br>- Essen Sie einen lokalen Snack und Tee\/Kaffee (den echten wilden Luwak-Kaffee!)<br>- Mittagessen im Wald<br>- Fahrt zur\u00fcck in die Stadt<br>- Batik-Workshop<br>- Abendessen<br>- Zur\u00fcck zum Hotel und etwas Ruhe<br><strong>Tag 3:<\/strong><\/p>\n\n\n\n<p>- Nach dem Fr\u00fchst\u00fcck R\u00fcckfahrt nach Yogyakarta<br>- \u00dcbergabe an Ihr Hotel<\/p>\n<\/div><\/div><\/div>\n\n\n\n<div class=\"accordion-item guten-oZaUpc\"><div class=\"accordion-heading\"><div class=\"accordion-icon\"><span class=\"accordion-icon-open\"><i class=\"fas fa-minus\"><\/i><\/span><span class=\"accordion-icon-closed\"><i class=\"fas fa-plus\"><\/i><\/span><\/div><span class=\"accordion-text\"><span id=\"guten-aLJqQy\"><span id=\"guten-huwlfl\" style=\"text-decoration: underline;\"><strong>Arten<\/strong><\/span><\/span><\/span><\/div><div class=\"accordion-body\"><div class=\"accordion-content\">\n<p><span style=\"text-decoration: underline;\">Primaten:<\/span><br><\/p>\n\n\n\n<figure class=\"wp-block-table alignleft\"><table class=\"has-fixed-layout\"><tbody><tr><td class=\"has-text-align-center\" data-align=\"center\"><strong>Arten<\/strong><\/td><td class=\"has-text-align-center\" data-align=\"center\"><strong>Status<\/strong><\/td><td class=\"has-text-align-center\" data-align=\"center\"><strong>Endemisch<\/strong><\/td><\/tr><tr><td class=\"has-text-align-center\" data-align=\"center\">Javagibbon<\/td><td class=\"has-text-align-center\" data-align=\"center\">en<\/td><td class=\"has-text-align-center\" data-align=\"center\">Java<\/td><\/tr><tr><td class=\"has-text-align-center\" data-align=\"center\">Javalangur <\/td><td class=\"has-text-align-center\" data-align=\"center\">vu<\/td><td class=\"has-text-align-center\" data-align=\"center\"><\/td><\/tr><tr><td class=\"has-text-align-center\" data-align=\"center\">Javasurili<\/td><td class=\"has-text-align-center\" data-align=\"center\">vu<\/td><td class=\"has-text-align-center\" data-align=\"center\">Java<\/td><\/tr><tr><td class=\"has-text-align-center\" data-align=\"center\">Langschwanzmakak<\/td><td class=\"has-text-align-center\" data-align=\"center\">en<\/td><td class=\"has-text-align-center\" data-align=\"center\">Java<\/td><\/tr><tr><td class=\"has-text-align-center\" data-align=\"center\">Javalangsamlori<\/td><td class=\"has-text-align-center\" data-align=\"center\">cr<\/td><td class=\"has-text-align-center\" data-align=\"center\">Java<\/td><\/tr><\/tbody><\/table><\/figure>\n\n\n\n<p><span style=\"text-decoration: underline;\">V\u00f6gel:<\/span><br><\/p>\n\n\n\n<figure class=\"wp-block-table\"><table class=\"has-fixed-layout\"><tbody><tr><td class=\"has-text-align-center\" data-align=\"center\"><strong>Arten<\/strong><\/td><td class=\"has-text-align-center\" data-align=\"center\"><strong>Status<\/strong><\/td><td class=\"has-text-align-center\" data-align=\"center\"><strong>Endemisch<\/strong><\/td><\/tr><tr><td class=\"has-text-align-center\" data-align=\"center\">Schlangenkopfadler<\/td><td class=\"has-text-align-center\" data-align=\"center\">lc<\/td><td class=\"has-text-align-center\" data-align=\"center\"><\/td><\/tr><tr><td class=\"has-text-align-center\" data-align=\"center\">Schwarzer Adler<\/td><td class=\"has-text-align-center\" data-align=\"center\">lc<\/td><td class=\"has-text-align-center\" data-align=\"center\"><\/td><\/tr><tr><td class=\"has-text-align-center\" data-align=\"center\">Halsbandeisvogel<\/td><td class=\"has-text-align-center\" data-align=\"center\">lc<\/td><td class=\"has-text-align-center\" data-align=\"center\"><\/td><\/tr><tr><td class=\"has-text-align-center\" data-align=\"center\">Javafischer<\/td><td class=\"has-text-align-center\" data-align=\"center\">lc<\/td><td class=\"has-text-align-center\" data-align=\"center\">Java und Bali<\/td><\/tr><tr><td class=\"has-text-align-center\" data-align=\"center\">Zwergmennigvogel<\/td><td class=\"has-text-align-center\" data-align=\"center\">lc<\/td><td class=\"has-text-align-center\" data-align=\"center\"><\/td><\/tr><tr><td class=\"has-text-align-center\" data-align=\"center\">Orangebrusttrogon<\/td><td class=\"has-text-align-center\" data-align=\"center\">lc<\/td><td class=\"has-text-align-center\" data-align=\"center\"><\/td><\/tr><tr><td class=\"has-text-align-center\" data-align=\"center\">Schwarzbindeneisvogel<\/td><td class=\"has-text-align-center\" data-align=\"center\">lc<\/td><td class=\"has-text-align-center\" data-align=\"center\"><\/td><\/tr><tr><td class=\"has-text-align-center\" data-align=\"center\">Javafallader<\/td><td class=\"has-text-align-center\" data-align=\"center\">en<\/td><td class=\"has-text-align-center\" data-align=\"center\">Java und Bali<\/td><\/tr><tr><td class=\"has-text-align-center\" data-align=\"center\">Javabreitrachen<\/td><td class=\"has-text-align-center\" data-align=\"center\">nt<\/td><td class=\"has-text-align-center\" data-align=\"center\"><\/td><\/tr><tr><td class=\"has-text-align-center\" data-align=\"center\">Javabartvogel<\/td><td class=\"has-text-align-center\" data-align=\"center\">nt<\/td><td class=\"has-text-align-center\" data-align=\"center\">Java und Bali<\/td><\/tr><tr><td class=\"has-text-align-center\" data-align=\"center\">Zwergohreule<\/td><td class=\"has-text-align-center\" data-align=\"center\">lc<\/td><td class=\"has-text-align-center\" data-align=\"center\"><\/td><\/tr><tr><td class=\"has-text-align-center\" data-align=\"center\">Kurzschwanzpapagei<\/td><td class=\"has-text-align-center\" data-align=\"center\">lc<\/td><td class=\"has-text-align-center\" data-align=\"center\"><\/td><\/tr><\/tbody><\/table><\/figure>\n\n\n\n<p><\/p>\n<\/div><\/div><\/div>\n\n\n\n<div class=\"accordion-item guten-n0euYM\"><div class=\"accordion-heading\"><div class=\"accordion-icon\"><span class=\"accordion-icon-open\"><i class=\"fas fa-minus\"><\/i><\/span><span class=\"accordion-icon-closed\"><i class=\"fas fa-plus\"><\/i><\/span><\/div><span class=\"accordion-text\"><span id=\"guten-aLJqQy\"><span id=\"guten-huwlfl\" style=\"text-decoration: underline;\"><strong>Eingeschlossen<\/strong><\/span><\/span><\/span><\/div><div class=\"accordion-body\"><div class=\"accordion-content\">\n<p>- Transport<\/p>\n\n\n\n<p>- \u00dcbernachtung (2 N\u00e4chte)<\/p>\n\n\n\n<p>- Alle Aktivit\u00e4ten wie beschrieben<\/p>\n\n\n\n<p>- Trinkwasser, Snacks, Obst, Mittagessen (Tag 1 und Tag 2), Abendessen (Tag 1 und Tag 2)<\/p>\n\n\n\n<p>- Professionelle Fotodokumentation<\/p>\n\n\n\n<p>- Niederl\u00e4ndisch und Englisch sprechender Reisef\u00fchrer (westlicher Standard)<br>- Spende f\u00fcr die Erhaltung der Javagibbons<\/p>\n\n\n\n<p>- Umweltfreundlicher Ansatz, Unterst\u00fctzung lokaler Nichtregierungsorganisationen, auf dieser Reise wird kein Einwegplastik verwendet<\/p>\n<\/div><\/div><\/div>\n\n\n\n<div class=\"accordion-item guten-FUvarS\"><div class=\"accordion-heading\"><div class=\"accordion-icon\"><span class=\"accordion-icon-open\"><i class=\"fas fa-minus\"><\/i><\/span><span class=\"accordion-icon-closed\"><i class=\"fas fa-plus\"><\/i><\/span><\/div><span class=\"accordion-text\"><span id=\"guten-aLJqQy\"><span id=\"guten-huwlfl\" style=\"text-decoration: underline;\"><strong>Ausgeschlossen<\/strong><\/span><\/span><\/span><\/div><div class=\"accordion-body\"><div class=\"accordion-content\">\n<p>- Alkoholische Getr\u00e4nke und andere Getr\u00e4nke als Wasser<\/p>\n\n\n\n<p>- Pers\u00f6nliche Ausgaben<\/p>\n<\/div><\/div><\/div>\n\n\n\n<div class=\"accordion-item guten-TJEN4I\"><div class=\"accordion-heading\"><div class=\"accordion-icon\"><span class=\"accordion-icon-open\"><i class=\"fas fa-minus\"><\/i><\/span><span class=\"accordion-icon-closed\"><i class=\"fas fa-plus\"><\/i><\/span><\/div><span class=\"accordion-text\"><span id=\"guten-aLJqQy\"><span id=\"guten-huwlfl\" style=\"text-decoration: underline;\"><strong>Preis<\/strong><\/span><\/span><\/span><\/div><div class=\"accordion-body\"><div class=\"accordion-content\">\n<p>- Preise ab <strong>3.300.000 IDR<\/strong> <strong>pro Person  <\/strong>basierend auf einem <strong>Gruppe von 4 Personen ab Yogyakarta<\/strong><br>(Bitte&nbsp;<a href=\"https:\/\/wa.link\/nl1r35\" target=\"_blank\" rel=\"noreferrer noopener\"><strong>Kontaktieren Sie uns hier<\/strong><\/a>&nbsp;f\u00fcr andere Preise, Anpassungen oder Fragen)<\/p>\n<\/div><\/div><\/div>\n<\/div>\n\n\n\n<div class=\"wp-block-cb-carousel-v2 cb-carousel-block\" data-cb-slides-per-view=\"1\" data-cb-slides-per-group=\"1\" data-cb-space-between=\"15\" data-cb-speed=\"500\" data-cb-navigation=\"true\" data-cb-pagination=\"true\" data-cb-loop=\"true\" data-cb-autoplay=\"true\" data-cb-autoplay-speed=\"2000\" data-cb-breakpoints=\"{&quot;768&quot;:{&quot;slidesPerView&quot;:2,&quot;slidesPerGroup&quot;:1}}\"><div class=\"swiper\"><div class=\"cb-wrapper swiper-wrapper\">\n<div class=\"wp-block-cb-slide-v2 cb-slide swiper-slide\">\n<div class=\"wp-block-gutenverse-image guten-element guten-image guten-1SYEf2\"><div class=\"guten-image-wrapper\"><img decoding=\"async\" class=\"gutenverse-image-box-filled\" src=\"https:\/\/indonesiaecotour.com\/wp-content\/uploads\/2023\/09\/DSC09227-2-scaled-e1695390961957.jpg\" height=\"1920\" width=\"1918\"\/><\/div><span class=\"guten-caption\">Javagibbon<\/span><\/div>\n<\/div>\n\n\n\n<div class=\"wp-block-cb-slide-v2 cb-slide swiper-slide\">\n<div class=\"wp-block-gutenverse-image guten-element guten-image guten-SiVRcU\"><div class=\"guten-image-wrapper\"><img loading=\"lazy\" decoding=\"async\" class=\"gutenverse-image-box-filled\" src=\"https:\/\/indonesiaecotour.com\/wp-content\/uploads\/2023\/09\/DSC03456-Edit-scaled-e1695782698434.jpg\" height=\"1706\" width=\"1706\"\/><\/div><span class=\"guten-caption\">Surili<\/span><\/div>\n<\/div>\n\n\n\n<div class=\"wp-block-cb-slide-v2 cb-slide swiper-slide\">\n<div class=\"wp-block-gutenverse-image guten-element guten-image guten-zX3u3t\"><div class=\"guten-image-wrapper\"><img loading=\"lazy\" decoding=\"async\" class=\"gutenverse-image-box-filled\" src=\"https:\/\/indonesiaecotour.com\/wp-content\/uploads\/2023\/09\/DSC01228-Edit-scaled.jpg\" height=\"2560\" width=\"2560\"\/><\/div><span class=\"guten-caption\">Javalangur<\/span><\/div>\n<\/div>\n\n\n\n<div class=\"wp-block-cb-slide-v2 cb-slide swiper-slide\">\n<div class=\"wp-block-gutenverse-image guten-element guten-image guten-NwR1ws\"><div class=\"guten-image-wrapper\"><img loading=\"lazy\" decoding=\"async\" class=\"gutenverse-image-box-filled\" src=\"https:\/\/indonesiaecotour.com\/wp-content\/uploads\/2023\/09\/DSCN7633_1-Edit-scaled-e1695782991908.jpg\" height=\"1920\" width=\"1920\" alt=\"Javan Slow Loris\"\/><\/div><span class=\"guten-caption\">Javabrachvogel<\/span><\/div>\n\n\n\n<p><\/p>\n<\/div>\n\n\n\n<div class=\"wp-block-cb-slide-v2 cb-slide swiper-slide\">\n<div class=\"wp-block-gutenverse-image guten-element guten-image guten-aRQPLh\"><div class=\"guten-image-wrapper\"><img loading=\"lazy\" decoding=\"async\" class=\"gutenverse-image-box-filled\" src=\"https:\/\/indonesiaecotour.com\/wp-content\/uploads\/2023\/09\/DSC08307-scaled-e1695792133807.jpg\" height=\"1706\" width=\"1706\" alt=\"Sketch\"\/><\/div><span class=\"guten-caption\">Skizze<\/span><\/div>\n<\/div>\n\n\n\n<div class=\"wp-block-cb-slide-v2 cb-slide swiper-slide\">\n<div class=\"wp-block-gutenverse-image guten-element guten-image guten-j3y1os\"><div class=\"guten-image-wrapper\"><img loading=\"lazy\" decoding=\"async\" class=\"gutenverse-image-box-filled\" src=\"https:\/\/indonesiaecotour.com\/wp-content\/uploads\/2023\/09\/DSC08413-Edit-scaled-e1695792109929.jpg\" height=\"1706\" width=\"1706\" alt=\"Javan Slow Loris\"\/><\/div><span class=\"guten-caption\">Batik-Stempel<\/span><\/div>\n<\/div>\n\n\n\n<div class=\"wp-block-cb-slide-v2 cb-slide swiper-slide\">\n<div class=\"wp-block-gutenverse-image guten-element guten-image guten-WNxivs\"><div class=\"guten-image-wrapper\"><img loading=\"lazy\" decoding=\"async\" class=\"gutenverse-image-box-filled\" src=\"https:\/\/indonesiaecotour.com\/wp-content\/uploads\/2023\/09\/DSC08365-scaled-e1695792074137.jpg\" height=\"1706\" width=\"1706\" alt=\"Javan Slow Loris\"\/><\/div><span class=\"guten-caption\">Tragetasche<\/span><\/div>\n<\/div>\n<\/div><\/div><div class=\"cb-pagination swiper-pagination\"><\/div><div class=\"cb-button-prev swiper-button-prev\"><\/div><div class=\"cb-button-next swiper-button-next\"><\/div><\/div>\n\n\n\n<div class=\"guten-element guten-button-wrapper guten-kfpUHI\"><a class=\"guten-button guten-button-sm\" href=\"https:\/\/drive.google.com\/file\/d\/1kCJalQwkcSJBUvZChzwaxZcm7PFV8P5v\/view?usp=sharing\" target=\"_blank\" aria-label=\"\" rel=\"noreferrer noopener\"><span> Brosch\u00fcre herunterladen<\/span><\/a><\/div>\n\n\n\n<div class=\"guten-element guten-button-wrapper guten-uXcmRG\"><a class=\"guten-button guten-button-sm\" href=\"https:\/\/wa.me\/6282137219073\" target=\"_blank\" aria-label=\"\" rel=\"noreferrer noopener\"><i class=\"fa-lg fab fa-whatsapp\"><\/i><span> Kontakt<\/span><\/a><\/div>","protected":false},"excerpt":{"rendered":"","protected":false},"author":1,"featured_media":0,"parent":0,"menu_order":0,"comment_status":"closed","ping_status":"closed","template":"","meta":{"_monsterinsights_skip_tracking":false,"_monsterinsights_sitenote_active":false,"_monsterinsights_sitenote_note":"","_monsterinsights_sitenote_category":0,"footnotes":""},"class_list":["post-365","page","type-page","status-publish","hentry"],"aioseo_notices":[],"_links":{"self":[{"href":"https:\/\/indonesiaecotour.com\/de\/wp-json\/wp\/v2\/pages\/365","targetHints":{"allow":["GET"]}}],"collection":[{"href":"https:\/\/indonesiaecotour.com\/de\/wp-json\/wp\/v2\/pages"}],"about":[{"href":"https:\/\/indonesiaecotour.com\/de\/wp-json\/wp\/v2\/types\/page"}],"author":[{"embeddable":true,"href":"https:\/\/indonesiaecotour.com\/de\/wp-json\/wp\/v2\/users\/1"}],"replies":[{"embeddable":true,"href":"https:\/\/indonesiaecotour.com\/de\/wp-json\/wp\/v2\/comments?post=365"}],"version-history":[{"count":284,"href":"https:\/\/indonesiaecotour.com\/de\/wp-json\/wp\/v2\/pages\/365\/revisions"}],"predecessor-version":[{"id":3435,"href":"https:\/\/indonesiaecotour.com\/de\/wp-json\/wp\/v2\/pages\/365\/revisions\/3435"}],"wp:attachment":[{"href":"https:\/\/indonesiaecotour.com\/de\/wp-json\/wp\/v2\/media?parent=365"}],"curies":[{"name":"wp","href":"https:\/\/api.w.org\/{rel}","templated":true}]}}