{"id":368,"date":"2023-09-25T12:50:35","date_gmt":"2023-09-25T12:50:35","guid":{"rendered":"https:\/\/indonesiaecotour.com\/?page_id=368"},"modified":"2026-04-14T08:26:50","modified_gmt":"2026-04-14T08:26:50","slug":"street-art","status":"publish","type":"page","link":"https:\/\/indonesiaecotour.com\/de\/street-art\/","title":{"rendered":"Street Art Workshop in Yogyakarta f\u00fcr ein einzigartiges lokales Erlebnis"},"content":{"rendered":"<div class=\"wp-block-media-text is-stacked-on-mobile is-image-fill-element\" style=\"padding-bottom:var(--wp--preset--spacing--40)\"><figure class=\"wp-block-media-text__media\"><img fetchpriority=\"high\" decoding=\"async\" width=\"1024\" height=\"683\" src=\"https:\/\/indonesiaecotour.com\/wp-content\/uploads\/2023\/09\/DSC06795-1024x683.jpg\" alt=\"Street Art Workshop in Yogyakarta\" class=\"wp-image-595 size-full\" style=\"object-position:50% 50%\" srcset=\"https:\/\/indonesiaecotour.com\/wp-content\/uploads\/2023\/09\/DSC06795-1024x683.jpg 1024w, https:\/\/indonesiaecotour.com\/wp-content\/uploads\/2023\/09\/DSC06795-300x200.jpg 300w, https:\/\/indonesiaecotour.com\/wp-content\/uploads\/2023\/09\/DSC06795-768x512.jpg 768w, https:\/\/indonesiaecotour.com\/wp-content\/uploads\/2023\/09\/DSC06795-1536x1025.jpg 1536w, https:\/\/indonesiaecotour.com\/wp-content\/uploads\/2023\/09\/DSC06795-2048x1366.jpg 2048w\" sizes=\"(max-width: 1024px) 100vw, 1024px\" \/><\/figure><div class=\"wp-block-media-text__content\">\n<p>Entfesseln Sie Ihren kreativen Geist und tauchen Sie in die pulsierende urbane Kultur Indonesiens ein, indem Sie Ihr eigenes Stra\u00dfenkunstbild auf Leinwand malen. W\u00e4hrend dieser <strong>Stra\u00dfenkunst-Workshop in Yogyakarta<\/strong>In diesem Buch bringen wir die Eindr\u00fccke zum Ausdruck, die Indonesien bei uns hinterlassen hat, von seinen chaotischen Stra\u00dfen und farbenfrohen Traditionen bis hin zu seiner rauen Energie, seinen Menschen und seiner unvergesslichen Atmosph\u00e4re.<\/p>\n\n\n\n<p>Schritt f\u00fcr Schritt verwandeln wir die Inspiration in ein echtes Kunstwerk, indem wir Street-Art-Techniken, kr\u00e4ftige Farben und kreative Kompositionen verwenden. Egal, ob Sie Anf\u00e4nger sind oder bereits gerne malen, dieser Kurs soll Ihnen helfen, sich sicher zu f\u00fchlen, frei zu experimentieren und etwas wirklich Pers\u00f6nliches zu schaffen.<\/p>\n\n\n\n<p>Alles unter der Leitung eines der <strong><a href=\"https:\/\/indonesiaecotour.com\/de\/creative-with-the-local-kids\/\" title=\"Yogyakartas\">Yogyakartas<\/a><\/strong> ber\u00fchmtesten Stra\u00dfenk\u00fcnstler.<\/p>\n<\/div><\/div>\n\n\n\n<div class=\"guten-element guten-accordions guten-Y912LV\">\n<div class=\"accordion-item guten-oXON30 active\"><div class=\"accordion-heading\"><div class=\"accordion-icon\"><span class=\"accordion-icon-open\"><i class=\"fas fa-minus\"><\/i><\/span><span class=\"accordion-icon-closed\"><i class=\"fas fa-plus\"><\/i><\/span><\/div><span class=\"accordion-text\">Reiseplan<\/span><\/div><div class=\"accordion-body\"><div class=\"accordion-content\">\n<p>- Abholung vom Hotel (nach dem Mittagessen)<\/p>\n\n\n\n<p>- 30 Minuten Fahrt zum Dorf<\/p>\n\n\n\n<p>- Unsere kreativen Ideen auf Papier skizzieren<\/p>\n\n\n\n<p>- Unsere Ideen auf ein Wandgem\u00e4lde auf Leinwand bringen (das man mit nach Hause nehmen kann)<\/p>\n\n\n\n<p>- Fahrt zur\u00fcck in die Stadt<\/p>\n\n\n\n<p>- Abendessen (fakultativ)<\/p>\n\n\n\n<p>- Transfer zum Hotel (vor oder nach dem Abendessen)<\/p>\n<\/div><\/div><\/div>\n<\/div>\n\n\n\n<div class=\"guten-element guten-accordions guten-nXfQUb\">\n<div class=\"accordion-item guten-Wt9Pgo\"><div class=\"accordion-heading\"><div class=\"accordion-icon\"><span class=\"accordion-icon-open\"><i class=\"fas fa-minus\"><\/i><\/span><span class=\"accordion-icon-closed\"><i class=\"fas fa-plus\"><\/i><\/span><\/div><span class=\"accordion-text\">Eingeschlossen<\/span><\/div><div class=\"accordion-body\"><div class=\"accordion-content\">\n<p>- Transport<\/p>\n\n\n\n<p>- Alle Aktivit\u00e4ten wie beschrieben<\/p>\n\n\n\n<p>- Trinkwasser, Snacks<\/p>\n\n\n\n<p>- Professionelle Fotodokumentation<\/p>\n\n\n\n<p>- Niederl\u00e4ndisch und Englisch sprechender Reisef\u00fchrer (westlicher Standard)<\/p>\n\n\n\n<p>- Umweltfreundlicher Ansatz, auf dieser Reise wird kein Einwegplastik verwendet<\/p>\n<\/div><\/div><\/div>\n<\/div>\n\n\n\n<div class=\"guten-element guten-accordions guten-dhfesa\">\n<div class=\"accordion-item guten-CDnTmh\"><div class=\"accordion-heading\"><div class=\"accordion-icon\"><span class=\"accordion-icon-open\"><i class=\"fas fa-minus\"><\/i><\/span><span class=\"accordion-icon-closed\"><i class=\"fas fa-plus\"><\/i><\/span><\/div><span class=\"accordion-text\">Ausgeschlossen<\/span><\/div><div class=\"accordion-body\"><div class=\"accordion-content\">\n<p>- Mittagessen und Abendessen<\/p>\n\n\n\n<p>- Alkoholische Getr\u00e4nke und andere Getr\u00e4nke als Wasser<\/p>\n\n\n\n<p>- Pers\u00f6nliche Ausgaben<\/p>\n<\/div><\/div><\/div>\n<\/div>\n\n\n\n<div class=\"guten-element guten-accordions guten-kkvdFt\">\n<div class=\"accordion-item guten-cpwotU\"><div class=\"accordion-heading\"><div class=\"accordion-icon\"><span class=\"accordion-icon-open\"><i class=\"fas fa-minus\"><\/i><\/span><span class=\"accordion-icon-closed\"><i class=\"fas fa-plus\"><\/i><\/span><\/div><span class=\"accordion-text\">Preis<\/span><\/div><div class=\"accordion-body\"><div class=\"accordion-content\">\n<p>- Preise ab <strong>650.000 IDR<\/strong> <strong>pro Person<\/strong> basierend auf einem <strong>Gruppe von 4 Personen<\/strong><br>(Bitte&nbsp;<a href=\"https:\/\/wa.link\/nl1r35\" target=\"_blank\" rel=\"noreferrer noopener\"><strong>Kontaktieren Sie uns hier<\/strong><\/a>&nbsp;f\u00fcr andere Preise, Anpassungen oder Fragen)<\/p>\n<\/div><\/div><\/div>\n<\/div>\n\n\n\n<div class=\"wp-block-cb-carousel\" data-slick=\"{&quot;slidesToShow&quot;:2,&quot;slidesToScroll&quot;:1,&quot;speed&quot;:300,&quot;arrows&quot;:true,&quot;dots&quot;:true,&quot;autoplay&quot;:true,&quot;autoplaySpeed&quot;:2000,&quot;infinite&quot;:true,&quot;responsive&quot;:[{&quot;breakpoint&quot;:769,&quot;settings&quot;:{&quot;slidesToShow&quot;:1,&quot;slidesToScroll&quot;:1}}]}\">\n<div class=\"wp-block-cb-slide\">\n<div class=\"wp-block-gutenverse-image guten-element guten-image guten-BPI5bX\"><div class=\"guten-image-wrapper\"><img decoding=\"async\" class=\"gutenverse-image-box-filled\" src=\"https:\/\/indonesiaecotour.com\/wp-content\/uploads\/2023\/09\/DSC09806-scaled-e1695791771723.jpg\" height=\"1706\" width=\"1706\" alt=\"\"\/><\/div><span class=\"guten-caption\">Das gef\u00e4llt auch Erwachsenen<\/span><\/div>\n<\/div>\n\n\n\n<div class=\"wp-block-cb-slide\">\n<div class=\"wp-block-gutenverse-image guten-element guten-image guten-wG7z4G\"><div class=\"guten-image-wrapper\"><img decoding=\"async\" class=\"gutenverse-image-box-filled\" src=\"https:\/\/indonesiaecotour.com\/wp-content\/uploads\/2023\/09\/DSC09810-scaled-e1695791745110.jpg\" height=\"1706\" width=\"1706\"\/><\/div><span class=\"guten-caption\">Und auch Kinder<\/span><\/div>\n<\/div>\n\n\n\n<div class=\"wp-block-cb-slide\">\n<div class=\"wp-block-gutenverse-image guten-element guten-image guten-ndbhMS\"><div class=\"guten-image-wrapper\"><img loading=\"lazy\" decoding=\"async\" class=\"gutenverse-image-box-filled\" src=\"https:\/\/indonesiaecotour.com\/wp-content\/uploads\/2023\/11\/DSC06762-Edit-scaled-e1700019276549.jpg\" height=\"1706\" width=\"1706\"\/><\/div><span class=\"guten-caption\">Teamarbeit!<\/span><\/div>\n<\/div>\n<\/div>\n\n\n\n<div class=\"guten-element guten-button-wrapper guten-kfpUHI\"><a class=\"guten-button guten-button-sm\" href=\"https:\/\/drive.google.com\/file\/d\/1kCJalQwkcSJBUvZChzwaxZcm7PFV8P5v\/view?usp=sharing\" target=\"_blank\" aria-label=\"\" rel=\"noreferrer noopener\"><span> Brosch\u00fcre herunterladen<\/span><\/a><\/div>\n\n\n\n<div class=\"guten-element guten-button-wrapper guten-kRsZB6\"><a class=\"guten-button guten-button-sm\" href=\"https:\/\/wa.me\/6282137219073\" target=\"_blank\" aria-label=\"\" rel=\"noreferrer noopener\"><i class=\"fa-lg fab fa-whatsapp\"><\/i><span> Kontakt<\/span><\/a><\/div>\n\n\n\n<p><\/p>","protected":false},"excerpt":{"rendered":"<p>Unleash your creative spirit and dive into the vibrant urban culture of Indonesia by creating your own street art painting on canvas. During this Street Art Workshop in Yogyakarta, we express the impressions Indonesia has left on us, from its chaotic streets and colorful traditions to its raw energy, people, and unforgettable atmosphere. Step by [&hellip;]<\/p>","protected":false},"author":1,"featured_media":0,"parent":0,"menu_order":0,"comment_status":"closed","ping_status":"closed","template":"","meta":{"_monsterinsights_skip_tracking":false,"_monsterinsights_sitenote_active":false,"_monsterinsights_sitenote_note":"","_monsterinsights_sitenote_category":0,"footnotes":""},"class_list":["post-368","page","type-page","status-publish","hentry"],"aioseo_notices":[],"_links":{"self":[{"href":"https:\/\/indonesiaecotour.com\/de\/wp-json\/wp\/v2\/pages\/368","targetHints":{"allow":["GET"]}}],"collection":[{"href":"https:\/\/indonesiaecotour.com\/de\/wp-json\/wp\/v2\/pages"}],"about":[{"href":"https:\/\/indonesiaecotour.com\/de\/wp-json\/wp\/v2\/types\/page"}],"author":[{"embeddable":true,"href":"https:\/\/indonesiaecotour.com\/de\/wp-json\/wp\/v2\/users\/1"}],"replies":[{"embeddable":true,"href":"https:\/\/indonesiaecotour.com\/de\/wp-json\/wp\/v2\/comments?post=368"}],"version-history":[{"count":124,"href":"https:\/\/indonesiaecotour.com\/de\/wp-json\/wp\/v2\/pages\/368\/revisions"}],"predecessor-version":[{"id":3429,"href":"https:\/\/indonesiaecotour.com\/de\/wp-json\/wp\/v2\/pages\/368\/revisions\/3429"}],"wp:attachment":[{"href":"https:\/\/indonesiaecotour.com\/de\/wp-json\/wp\/v2\/media?parent=368"}],"curies":[{"name":"wp","href":"https:\/\/api.w.org\/{rel}","templated":true}]}}