{"id":374,"date":"2023-09-25T12:51:24","date_gmt":"2023-09-25T12:51:24","guid":{"rendered":"https:\/\/indonesiaecotour.com\/?page_id=374"},"modified":"2026-04-12T12:03:58","modified_gmt":"2026-04-12T12:03:58","slug":"back-in-time","status":"publish","type":"page","link":"https:\/\/indonesiaecotour.com\/de\/back-in-time\/","title":{"rendered":"Back in Time: The Ultimate Javanese Cultural Tour in Yogyakarta"},"content":{"rendered":"<div class=\"wp-block-media-text is-stacked-on-mobile is-image-fill-element\" style=\"border-style:none;border-width:0px;border-radius:0px;margin-top:0;margin-right:0;margin-bottom:0;margin-left:0;padding-top:0;padding-right:0;padding-bottom:var(--wp--preset--spacing--50);padding-left:0\"><figure class=\"wp-block-media-text__media\"><img fetchpriority=\"high\" decoding=\"async\" width=\"1024\" height=\"683\" src=\"https:\/\/indonesiaecotour.com\/wp-content\/uploads\/2025\/04\/DSC05770-1024x683.avif\" alt=\"Javanese Cultural Tour in Yogyakarta\" class=\"wp-image-2060 size-large\" style=\"object-position:50% 50%\" srcset=\"https:\/\/indonesiaecotour.com\/wp-content\/uploads\/2025\/04\/DSC05770-1024x683.avif 1024w, https:\/\/indonesiaecotour.com\/wp-content\/uploads\/2025\/04\/DSC05770-300x200.avif 300w, https:\/\/indonesiaecotour.com\/wp-content\/uploads\/2025\/04\/DSC05770-768x512.avif 768w, https:\/\/indonesiaecotour.com\/wp-content\/uploads\/2025\/04\/DSC05770-1536x1025.avif 1536w, https:\/\/indonesiaecotour.com\/wp-content\/uploads\/2025\/04\/DSC05770-2048x1367.avif 2048w\" sizes=\"(max-width: 1024px) 100vw, 1024px\" \/><\/figure><div class=\"wp-block-media-text__content\">\n<p>Who would guess that a historical village like this is just around the city corner? <strong>The Ultimate Javanese Cultural Tour in Yogyakarta<\/strong> brings us into a place where the culture and way of life is still preserved like centuries ago. During this half day experience, we are welcomed by a local kids\u2019 theater performance that instantly connects us with the village spirit. We then get to learn and play along with the authentic Wayang Beber puppet performance, discovering a rare form of Javanese storytelling. The experience becomes even more special as we harvest mulberry ourselves and create paper, the oldest paper invented around 3,000 years ago. Finally, we learn how to write our name in Javanese on this handmade mulberry paper.<\/p>\n<\/div><\/div>\n\n\n\n<div class=\"guten-element guten-accordions guten-AneYZo\">\n<div class=\"accordion-item guten-h9b8XX active\"><div class=\"accordion-heading\"><div class=\"accordion-icon\"><span class=\"accordion-icon-open\"><i class=\"fas fa-minus\"><\/i><\/span><span class=\"accordion-icon-closed\"><i class=\"fas fa-plus\"><\/i><\/span><\/div><span class=\"accordion-text\"><span id=\"guten-giusDt\"><span id=\"guten-FbfO6p\" style=\"text-decoration: underline;\"><strong>Reiseplan<\/strong><\/span><\/span><\/span><\/div><div class=\"accordion-body\"><div class=\"accordion-content\">\n<p>- Abholung vom Hotel (nach dem Fr\u00fchst\u00fcck)<br>- 30 Minuten Fahrt zum Dorf<br>- Beobachten Sie die einheimischen Kinder bei einer traditionellen Theaterauff\u00fchrung<br>- Javanische Instrumente spielen und traditionelle \"Wayang Beber\"-Vorf\u00fchrung ansehen<br>- Machen Sie einen Spaziergang durch das Dorf und sehen Sie sich die lokalen Aktivit\u00e4ten wie die Herstellung traditioneller Pfannkuchen und die Weinproduktion an.<br>- Workshop, in dem wir unseren Namen auf Javanisch auf getrocknetes Maulbeerholz schreiben, wie es die Menschen vor 3000 Jahren taten<br>- Interaktive Aktivit\u00e4t, bei der wir lernen, wie die Javaner vor 3000 Jahren Papier herstellten.<br>- Mittagessen (fakultativ)<br>- Fahrt zur\u00fcck in die Stadt<br>- Abholung vom Hotel (vor oder nach dem Mittagessen)<\/p>\n<\/div><\/div><\/div>\n\n\n\n<div class=\"accordion-item guten-nAgnB4\"><div class=\"accordion-heading\"><div class=\"accordion-icon\"><span class=\"accordion-icon-open\"><i class=\"fas fa-minus\"><\/i><\/span><span class=\"accordion-icon-closed\"><i class=\"fas fa-plus\"><\/i><\/span><\/div><span class=\"accordion-text\"><span id=\"guten-giusDt\"><span id=\"guten-FbfO6p\" style=\"text-decoration: underline;\"><strong>Eingeschlossen<\/strong><\/span><\/span><\/span><\/div><div class=\"accordion-body\"><div class=\"accordion-content\">\n<p>- Transport<\/p>\n\n\n\n<p>- Alle Aktivit\u00e4ten wie beschrieben<\/p>\n\n\n\n<p>- Trinkwasser, Snacks, Obst<\/p>\n\n\n\n<p>- Professionelle Fotodokumentation<\/p>\n\n\n\n<p>- Niederl\u00e4ndisch und Englisch sprechender Reisef\u00fchrer (westlicher Standard)<\/p>\n\n\n\n<p>- Umweltfreundlicher Ansatz, Unterst\u00fctzung lokaler Nichtregierungsorganisationen, auf dieser Reise wird kein Einwegplastik verwendet<\/p>\n<\/div><\/div><\/div>\n\n\n\n<div class=\"accordion-item guten-wPrYuC\"><div class=\"accordion-heading\"><div class=\"accordion-icon\"><span class=\"accordion-icon-open\"><i class=\"fas fa-minus\"><\/i><\/span><span class=\"accordion-icon-closed\"><i class=\"fas fa-plus\"><\/i><\/span><\/div><span class=\"accordion-text\"><span id=\"guten-giusDt\"><span id=\"guten-FbfO6p\" style=\"text-decoration: underline;\"><strong>Ausgeschlossen<\/strong><\/span><\/span><\/span><\/div><div class=\"accordion-body\"><div class=\"accordion-content\">\n<p>- Mittagessen<\/p>\n\n\n\n<p>- Alkoholische Getr\u00e4nke und andere Getr\u00e4nke als Wasser<\/p>\n\n\n\n<p>- Pers\u00f6nliche Ausgaben<\/p>\n<\/div><\/div><\/div>\n\n\n\n<div class=\"accordion-item guten-wM0mL5\"><div class=\"accordion-heading\"><div class=\"accordion-icon\"><span class=\"accordion-icon-open\"><i class=\"fas fa-minus\"><\/i><\/span><span class=\"accordion-icon-closed\"><i class=\"fas fa-plus\"><\/i><\/span><\/div><span class=\"accordion-text\"><span id=\"guten-giusDt\"><span id=\"guten-FbfO6p\" style=\"text-decoration: underline;\"><strong>Preis<\/strong><\/span><\/span><\/span><\/div><div class=\"accordion-body\"><div class=\"accordion-content\">\n<p>- Diese Aktivit\u00e4t ist nur m\u00f6glich f\u00fcr eine Gruppe von <strong>mindestens 8 Personen<\/strong><br>(Bitte&nbsp;<a href=\"https:\/\/wa.link\/nl1r35\" target=\"_blank\" rel=\"noreferrer noopener\"><strong>Kontaktieren Sie uns hier<\/strong><\/a>&nbsp;f\u00fcr Preise, Anpassungen oder Fragen)<\/p>\n<\/div><\/div><\/div>\n<\/div>\n\n\n\n<div class=\"wp-block-cb-carousel-v2 cb-carousel-block\" data-cb-slides-per-view=\"1\" data-cb-slides-per-group=\"1\" data-cb-space-between=\"1\" data-cb-speed=\"500\" data-cb-navigation=\"true\" data-cb-pagination=\"true\" data-cb-loop=\"true\" data-cb-autoplay=\"true\" data-cb-autoplay-speed=\"2000\" data-cb-breakpoints=\"{&quot;768&quot;:{&quot;slidesPerView&quot;:2,&quot;slidesPerGroup&quot;:1}}\"><div class=\"swiper\"><div class=\"cb-wrapper swiper-wrapper\">\n<div class=\"wp-block-cb-slide-v2 cb-slide swiper-slide\">\n<div class=\"wp-block-gutenverse-image guten-element guten-image guten-gCmKs0\"><div class=\"guten-image-wrapper\"><img decoding=\"async\" class=\"gutenverse-image-box-filled\" src=\"https:\/\/indonesiaecotour.com\/wp-content\/uploads\/2023\/09\/DSC05969-scaled-e1695797867152.jpg\" height=\"1706\" width=\"1706\"\/><\/div><span class=\"guten-caption\">Lernen Sie Javanisch zu schreiben<\/span><\/div>\n<\/div>\n\n\n\n<div class=\"wp-block-cb-slide-v2 cb-slide swiper-slide\">\n<div class=\"wp-block-gutenverse-image guten-element guten-image guten-DSHuYA\"><div class=\"guten-image-wrapper\"><img decoding=\"async\" class=\"gutenverse-image-box-filled\" src=\"https:\/\/indonesiaecotour.com\/wp-content\/uploads\/2023\/09\/DSC05968-scaled-e1695797949437.jpg\" height=\"1706\" width=\"1706\"\/><\/div><span class=\"guten-caption\">Werkzeuge zur Papierherstellung<\/span><\/div>\n<\/div>\n\n\n\n<div class=\"wp-block-cb-slide-v2 cb-slide swiper-slide\">\n<div class=\"wp-block-gutenverse-image guten-element guten-image guten-55ndfx\"><div class=\"guten-image-wrapper\"><img loading=\"lazy\" decoding=\"async\" class=\"gutenverse-image-box-filled\" src=\"https:\/\/indonesiaecotour.com\/wp-content\/uploads\/2023\/10\/DSC09208-scaled-e1697607349915.jpg\" height=\"1706\" width=\"1706\"\/><\/div><span class=\"guten-caption\">Gamelan spielen<\/span><\/div>\n<\/div>\n\n\n\n<div class=\"wp-block-cb-slide-v2 cb-slide swiper-slide\">\n<div class=\"wp-block-gutenverse-image guten-element guten-image guten-kod9we\"><div class=\"guten-image-wrapper\"><img loading=\"lazy\" decoding=\"async\" class=\"gutenverse-image-box-filled\" src=\"https:\/\/indonesiaecotour.com\/wp-content\/uploads\/2023\/10\/DSC09247-scaled-e1697607491327.jpg\" height=\"1706\" width=\"1706\"\/><\/div><span class=\"guten-caption\">Kinder schreiben ihren Namen auf Javanisch<\/span><\/div>\n<\/div>\n\n\n\n<div class=\"wp-block-cb-slide-v2 cb-slide swiper-slide\">\n<div class=\"wp-block-gutenverse-image guten-element guten-image guten-wyAr1R\"><div class=\"guten-image-wrapper\"><img loading=\"lazy\" decoding=\"async\" class=\"gutenverse-image-box-filled\" src=\"https:\/\/indonesiaecotour.com\/wp-content\/uploads\/2023\/09\/DSC05903-Edit-scaled.jpg\" height=\"2560\" width=\"2560\"\/><\/div><span class=\"guten-caption\">Maulbeerbaum-Papierb\u00f6gen<\/span><\/div>\n<\/div>\n<\/div><\/div><div class=\"cb-pagination swiper-pagination\"><\/div><div class=\"cb-button-prev swiper-button-prev\"><\/div><div class=\"cb-button-next swiper-button-next\"><\/div><\/div>\n\n\n\n<div class=\"guten-element guten-button-wrapper guten-kfpUHI\"><a class=\"guten-button guten-button-sm\" href=\"https:\/\/drive.google.com\/file\/d\/1kCJalQwkcSJBUvZChzwaxZcm7PFV8P5v\/view?usp=sharing\" target=\"_blank\" aria-label=\"\" rel=\"noreferrer noopener\"><span> Brosch\u00fcre herunterladen<\/span><\/a><\/div>\n\n\n\n<div class=\"guten-element guten-button-wrapper guten-uXcmRG\"><a class=\"guten-button guten-button-sm\" href=\"https:\/\/wa.me\/6282137219073\" target=\"_blank\" aria-label=\"\" rel=\"noreferrer noopener\"><i class=\"fa-lg fab fa-whatsapp\"><\/i><span> Kontakt<\/span><\/a><\/div>","protected":false},"excerpt":{"rendered":"<p>Who would guess that a historical village like this is just around the city corner? The Ultimate Javanese Cultural Tour in Yogyakarta brings us into a place where the culture and way of life is still preserved like centuries ago. During this half day experience, we are welcomed by a local kids\u2019 theater performance that [&hellip;]<\/p>","protected":false},"author":1,"featured_media":0,"parent":0,"menu_order":0,"comment_status":"closed","ping_status":"closed","template":"","meta":{"_monsterinsights_skip_tracking":false,"_monsterinsights_sitenote_active":false,"_monsterinsights_sitenote_note":"","_monsterinsights_sitenote_category":0,"footnotes":""},"class_list":["post-374","page","type-page","status-publish","hentry"],"aioseo_notices":[],"_links":{"self":[{"href":"https:\/\/indonesiaecotour.com\/de\/wp-json\/wp\/v2\/pages\/374","targetHints":{"allow":["GET"]}}],"collection":[{"href":"https:\/\/indonesiaecotour.com\/de\/wp-json\/wp\/v2\/pages"}],"about":[{"href":"https:\/\/indonesiaecotour.com\/de\/wp-json\/wp\/v2\/types\/page"}],"author":[{"embeddable":true,"href":"https:\/\/indonesiaecotour.com\/de\/wp-json\/wp\/v2\/users\/1"}],"replies":[{"embeddable":true,"href":"https:\/\/indonesiaecotour.com\/de\/wp-json\/wp\/v2\/comments?post=374"}],"version-history":[{"count":118,"href":"https:\/\/indonesiaecotour.com\/de\/wp-json\/wp\/v2\/pages\/374\/revisions"}],"predecessor-version":[{"id":3416,"href":"https:\/\/indonesiaecotour.com\/de\/wp-json\/wp\/v2\/pages\/374\/revisions\/3416"}],"wp:attachment":[{"href":"https:\/\/indonesiaecotour.com\/de\/wp-json\/wp\/v2\/media?parent=374"}],"curies":[{"name":"wp","href":"https:\/\/api.w.org\/{rel}","templated":true}]}}