{"id":1276,"date":"2023-10-11T07:09:55","date_gmt":"2023-10-11T07:09:55","guid":{"rendered":"https:\/\/indonesiaecotour.com\/?page_id=1276"},"modified":"2026-04-12T12:25:39","modified_gmt":"2026-04-12T12:25:39","slug":"bali","status":"publish","type":"page","link":"https:\/\/indonesiaecotour.com\/es\/bali\/","title":{"rendered":"13 d\u00edas fuera de lo com\u00fan en Bali para vivir la mejor aventura aut\u00e9ntica"},"content":{"rendered":"<div class=\"wp-block-media-text is-stacked-on-mobile is-image-fill-element\" style=\"padding-top:0;padding-bottom:var(--wp--preset--spacing--40)\"><figure class=\"wp-block-media-text__media\"><img fetchpriority=\"high\" decoding=\"async\" width=\"1022\" height=\"1024\" src=\"https:\/\/indonesiaecotour.com\/wp-content\/uploads\/2023\/10\/IMG_20230403_0906102-1-scaled-e1697128117647-1022x1024.jpg\" alt=\"off the beaten path in Bali\" class=\"wp-image-1250 size-full\" style=\"object-position:50% 50%\" srcset=\"https:\/\/indonesiaecotour.com\/wp-content\/uploads\/2023\/10\/IMG_20230403_0906102-1-scaled-e1697128117647-1022x1024.jpg 1022w, https:\/\/indonesiaecotour.com\/wp-content\/uploads\/2023\/10\/IMG_20230403_0906102-1-scaled-e1697128117647-300x300.jpg 300w, https:\/\/indonesiaecotour.com\/wp-content\/uploads\/2023\/10\/IMG_20230403_0906102-1-scaled-e1697128117647-150x150.jpg 150w, https:\/\/indonesiaecotour.com\/wp-content\/uploads\/2023\/10\/IMG_20230403_0906102-1-scaled-e1697128117647-768x770.jpg 768w, https:\/\/indonesiaecotour.com\/wp-content\/uploads\/2023\/10\/IMG_20230403_0906102-1-scaled-e1697128117647-1533x1536.jpg 1533w, https:\/\/indonesiaecotour.com\/wp-content\/uploads\/2023\/10\/IMG_20230403_0906102-1-scaled-e1697128117647.jpg 1920w\" sizes=\"(max-width: 1022px) 100vw, 1022px\" \/><\/figure><div class=\"wp-block-media-text__content\">\n<p>La Isla de los Dioses ofrece algo verdaderamente inolvidable a cada viajero. Moldeada por las tradiciones hind\u00faes, Bali parece un mundo aparte, repleto de coloridas ceremonias, rituales espirituales, sabores incre\u00edbles y un estilo de vida arraigado en el equilibrio y la naturaleza. A poca distancia de Java, este para\u00edso esconde mucho m\u00e1s que sus famosas playas y templos. \u00danase a nosotros para descubrir un lado m\u00e1s aut\u00e9ntico de la isla, <strong>fuera de los caminos trillados en Bali<\/strong>donde la cultura local sigue viva y no ha sido tocada por el turismo de masas. Desde paseos por la selva y senderos por arrozales hasta bendiciones de aguas sagradas y costas tropicales escondidas, lo exploramos todo juntos, lejos de las multitudes y m\u00e1s cerca de la aut\u00e9ntica Bali.<\/p>\n<\/div><\/div>\n\n\n\n<div class=\"guten-element guten-accordions guten-aF2dQY\">\n<div class=\"accordion-item guten-l50Tqy active\"><div class=\"accordion-heading\"><div class=\"accordion-icon\"><span class=\"accordion-icon-open\"><i class=\"fas fa-minus\"><\/i><\/span><span class=\"accordion-icon-closed\"><i class=\"fas fa-plus\"><\/i><\/span><\/div><span class=\"accordion-text\">Itinerario<\/span><\/div><div class=\"accordion-body\"><div class=\"accordion-content\">\n<p><span style=\"text-decoration: underline;\"><strong>D\u00eda 1 - 4:<br><\/strong><\/span>- \u00a1Bienvenido a la isla de los Dioses! Esta isla es \u00fanica a su manera, y en esta <strong>fuera de los caminos trillados en Bali<\/strong> viaje exploraremos por qu\u00e9. Dormimos c\u00f3modamente en medio de la selva, despertados por la ma\u00f1ana por el canto de los p\u00e1jaros en el bosque. La religi\u00f3n hind\u00fa consiste en estar en consonancia con los dioses. Nos uniremos a los lugare\u00f1os en sus ceremonias tradicionales y aprenderemos por qu\u00e9 es tan importante. Los alrededores de nuestro alojamiento ecol\u00f3gico son maravillosos y nos sumergimos de lleno en la naturaleza tropical a pie y en bicicleta.<\/p>\n\n\n\n<p><\/p>\n\n\n\n<p><span style=\"text-decoration: underline;\"><strong>D\u00eda 5 - 6:<br><\/strong><\/span>- El norte de Bali tiene algunas joyas ocultas y v\u00edrgenes que estamos a punto de explorar. A trav\u00e9s de las aldeas locales, exploramos las actividades cotidianas de los balineses y nos recompensamos con un ba\u00f1o en una cascada escondida. Aqu\u00ed la gente es tan amable que incluso podemos comer con ellos en sus casas. Seguimos participando en aventuras locales y nos encontramos en un para\u00edso natural para nadar en medio de la selva. \u00a1A saltar!<\/p>\n\n\n\n<p><\/p>\n\n\n\n<p><span style=\"text-decoration: underline;\"><strong>D\u00eda 7 - 8:<br><\/strong><\/span>- \u00a1El centro art\u00edstico de Bali nos llama! Exploramos los ca\u00f1ones naturales a primera hora de la ma\u00f1ana y paseamos por los arrozales, tomando algo mientras el sol se pone detr\u00e1s de los pueblos. Despu\u00e9s de cenar, exploramos la m\u00e1gica escena nocturna. La comida balinesa es algo \u00fanico y para entenderla mejor cocinamos nuestra propia comida. Como recompensa, exploramos la joya m\u00e1s escondida, un \"paseo acu\u00e1tico\" en el ca\u00f1\u00f3n m\u00e1s pr\u00edstino y virgen que ofrece esta zona. <\/p>\n\n\n\n<p><\/p>\n\n\n\n<p><span style=\"text-decoration: underline;\"><strong>D\u00eda 9:<br><\/strong><\/span>- Antes de trasladarnos de isla, retrocedemos en la historia y conocemos al pueblo balin\u00e9s original, un verdadero descubrimiento <strong>fuera de los caminos trillados en Bali<\/strong>. Llevan viviendo aqu\u00ed desde el siglo XI. Conoceremos todo sobre ellos, sus tradiciones y sus actividades cotidianas. Y no nos iremos sin antes probar sus deliciosos platos culinarios.<\/p>\n\n\n\n<p><\/p>\n\n\n\n<p><span style=\"text-decoration: underline;\"><strong>D\u00eda 10 - 11:<br><\/strong><\/span>- Bali tiene varias islas peque\u00f1as cerca y hoy tomamos el barco para disfrutar de playas de arena blanca y c\u00f3cteles tropicales. Esta isla tiene muchas cosas que ofrecer que nos mantendr\u00e1n ocupados los pr\u00f3ximos d\u00edas. Exploraremos juntos las playas tropicales y la naturaleza, y ayudaremos a la poblaci\u00f3n local con su principal fuente de ingresos. Nunca hab\u00edamos estado tan cerca de la poblaci\u00f3n local. Las aguas que rodean estas islas son tan azules que nos morimos de ganas de saltar al mar. Exploramos la vida marina en distintos puntos de nuestra isla y nuestro objetivo es el principio del mar, \u00bftienes curiosidad por saber qui\u00e9n es? Contribuimos a la conservaci\u00f3n participando en actividades con una ONG local activa en la isla. Antes de que se ponga el sol bajamos a una playa para presenciar una m\u00e1gica puesta de sol en una de las playas m\u00e1s bonitas del mundo. Lo que baja tiene que subir. <\/p>\n\n\n\n<p><\/p>\n\n\n\n<p><span style=\"text-decoration: underline;\"><strong>D\u00eda 12 - 13:<br><\/strong><\/span>- Ha sido tan intenso, \u00a1que necesitamos darnos un respiro! Hoy toca mar vitaminado. Disfruta de las playas y date un masaje en nuestro precioso resort antes de volver a Bali y prepararnos para nuestro vuelo de vuelta a casa. Nos vemos en nuestro <a href=\"https:\/\/indonesiaecotour.com\/es\/wild-east-java\/\" title=\"Experiencia Java\">Experiencia Java<\/a>.<br><\/p>\n<\/div><\/div><\/div>\n\n\n\n<div class=\"accordion-item guten-wMXzGq\"><div class=\"accordion-heading\"><div class=\"accordion-icon\"><span class=\"accordion-icon-open\"><i class=\"fas fa-minus\"><\/i><\/span><span class=\"accordion-icon-closed\"><i class=\"fas fa-plus\"><\/i><\/span><\/div><span class=\"accordion-text\">Incluye<\/span><\/div><div class=\"accordion-body\"><div class=\"accordion-content\">\n<p>- Todas las actividades descritas<br>- Transporte: tren, barco, coche o minib\u00fas (seg\u00fan el tama\u00f1o del grupo y el destino)<br>- Alojamiento en hotel desde el primer d\u00eda hasta el \u00faltimo (12 noches)<br>- Suministro de agua potable (botella reutilizable de 20 litros, traiga su propio vaso)<br>- Desayuno, comida y cena<br>- Aperitivos locales y\/o fruta<br>- Entradas&nbsp;<br>- Documentaci\u00f3n fotogr\u00e1fica profesional<\/p>\n\n\n\n<p>- Gu\u00eda en neerland\u00e9s e ingl\u00e9s (est\u00e1ndar occidental)<\/p>\n\n\n\n<p>- Enfoque respetuoso con el medio ambiente, en este viaje no se utilizan pl\u00e1sticos de un solo uso<\/p>\n<\/div><\/div><\/div>\n\n\n\n<div class=\"accordion-item guten-kNUBJk\"><div class=\"accordion-heading\"><div class=\"accordion-icon\"><span class=\"accordion-icon-open\"><i class=\"fas fa-minus\"><\/i><\/span><span class=\"accordion-icon-closed\"><i class=\"fas fa-plus\"><\/i><\/span><\/div><span class=\"accordion-text\">Excluido<\/span><\/div><div class=\"accordion-body\"><div class=\"accordion-content\">\n<p>- Billetes de avi\u00f3n internacionales<br>- Bebidas alcoh\u00f3licas y bebidas distintas del agua<br>- Gastos personales (recuerdos, seguros,...)<\/p>\n<\/div><\/div><\/div>\n\n\n\n<div class=\"accordion-item guten-flYyhj\"><div class=\"accordion-heading\"><div class=\"accordion-icon\"><span class=\"accordion-icon-open\"><i class=\"fas fa-minus\"><\/i><\/span><span class=\"accordion-icon-closed\"><i class=\"fas fa-plus\"><\/i><\/span><\/div><span class=\"accordion-text\">Precio<\/span><\/div><div class=\"accordion-body\"><div class=\"accordion-content\">\n<p>- Para mantener los precios asequibles, sugerimos un <strong>m\u00ednimo 4 personas<\/strong> para esta gira. <br>(Por favor <a href=\"https:\/\/wa.link\/nl1r35\" target=\"_blank\" rel=\"noreferrer noopener\"><strong>p\u00f3ngase en contacto con nosotros<\/strong><\/a> para precios, personalizaciones u otras cuestiones)<\/p>\n<\/div><\/div><\/div>\n<\/div>\n\n\n\n<div class=\"wp-block-cb-carousel\" data-slick=\"{&quot;slidesToShow&quot;:2,&quot;slidesToScroll&quot;:1,&quot;speed&quot;:500,&quot;arrows&quot;:true,&quot;dots&quot;:true,&quot;autoplay&quot;:true,&quot;autoplaySpeed&quot;:2000,&quot;infinite&quot;:true,&quot;responsive&quot;:[{&quot;breakpoint&quot;:769,&quot;settings&quot;:{&quot;slidesToShow&quot;:1,&quot;slidesToScroll&quot;:1}}]}\">\n<div class=\"wp-block-cb-slide\">\n<div class=\"wp-block-gutenverse-image guten-element guten-image guten-1SYEf2\"><div class=\"guten-image-wrapper\"><img decoding=\"async\" class=\"gutenverse-image-box-filled\" src=\"https:\/\/indonesiaecotour.com\/wp-content\/uploads\/2023\/10\/DSC02953-scaled-e1697206831887.jpg\" height=\"1706\" width=\"1706\"\/><\/div><span class=\"guten-caption\">Cascada oculta<\/span><\/div>\n<\/div>\n\n\n\n<div class=\"wp-block-cb-slide\">\n<div class=\"wp-block-gutenverse-image guten-element guten-image guten-SiVRcU\"><div class=\"guten-image-wrapper\"><img decoding=\"async\" class=\"gutenverse-image-box-filled\" src=\"https:\/\/indonesiaecotour.com\/wp-content\/uploads\/2023\/10\/DSC03336-Edit-scaled-e1697206853599.jpg\" height=\"1706\" width=\"1706\"\/><\/div><span class=\"guten-caption\">Taller de cocina<\/span><\/div>\n<\/div>\n\n\n\n<div class=\"wp-block-cb-slide\">\n<div class=\"wp-block-gutenverse-image guten-element guten-image guten-zX3u3t\"><div class=\"guten-image-wrapper\"><img loading=\"lazy\" decoding=\"async\" class=\"gutenverse-image-box-filled\" src=\"https:\/\/indonesiaecotour.com\/wp-content\/uploads\/2023\/10\/DSC02895-scaled-e1697206879749.jpg\" height=\"1706\" width=\"1706\"\/><\/div><span class=\"guten-caption\">Cosecha del arroz<\/span><\/div>\n<\/div>\n\n\n\n<div class=\"wp-block-cb-slide\">\n<div class=\"wp-block-gutenverse-image guten-element guten-image guten-NwR1ws\"><div class=\"guten-image-wrapper\"><img loading=\"lazy\" decoding=\"async\" class=\"gutenverse-image-box-filled\" src=\"https:\/\/indonesiaecotour.com\/wp-content\/uploads\/2023\/10\/DSC03401-scaled-e1697206906563.jpg\" height=\"1706\" width=\"1706\" alt=\"\"\/><\/div><span class=\"guten-caption\">Swing Swing<\/span><\/div>\n<\/div>\n\n\n\n<div class=\"wp-block-cb-slide\">\n<div class=\"wp-block-gutenverse-image guten-element guten-image guten-ZTebip\"><div class=\"guten-image-wrapper\"><img loading=\"lazy\" decoding=\"async\" class=\"gutenverse-image-box-filled\" src=\"https:\/\/indonesiaecotour.com\/wp-content\/uploads\/2023\/10\/DSC02928-Edit-scaled.jpg\" height=\"2560\" width=\"2560\"\/><\/div><span class=\"guten-caption\">Perro de Bali<\/span><\/div>\n<\/div>\n\n\n\n<div class=\"wp-block-cb-slide\">\n<div class=\"wp-block-gutenverse-image guten-element guten-image guten-1RZMTK\"><div class=\"guten-image-wrapper\"><img loading=\"lazy\" decoding=\"async\" class=\"gutenverse-image-box-filled\" src=\"https:\/\/indonesiaecotour.com\/wp-content\/uploads\/2023\/10\/DSC02576-scaled-e1697206950943.jpg\" height=\"1706\" width=\"1706\"\/><\/div><span class=\"guten-caption\">Noche de pizza<\/span><\/div>\n<\/div>\n\n\n\n<div class=\"wp-block-cb-slide\">\n<div class=\"wp-block-gutenverse-image guten-element guten-image guten-4pa6bQ\"><div class=\"guten-image-wrapper\"><img loading=\"lazy\" decoding=\"async\" class=\"gutenverse-image-box-filled\" src=\"https:\/\/indonesiaecotour.com\/wp-content\/uploads\/2023\/10\/DSC02713-scaled-e1697206997147.jpg\" height=\"1706\" width=\"1706\"\/><\/div><span class=\"guten-caption\">Piscina natural en nuestro Eco Lodge<\/span><\/div>\n<\/div>\n\n\n\n<div class=\"wp-block-cb-slide\">\n<div class=\"wp-block-gutenverse-image guten-element guten-image guten-eOZ3VI\"><div class=\"guten-image-wrapper\"><img loading=\"lazy\" decoding=\"async\" class=\"gutenverse-image-box-filled\" src=\"https:\/\/indonesiaecotour.com\/wp-content\/uploads\/2023\/10\/DSC02466-scaled-e1697207025164.jpg\" height=\"1706\" width=\"1706\"\/><\/div><span class=\"guten-caption\">Hacer ofertas<\/span><\/div>\n<\/div>\n\n\n\n<div class=\"wp-block-cb-slide\">\n<div class=\"wp-block-gutenverse-image guten-element guten-image guten-Um8UwE\"><div class=\"guten-image-wrapper\"><img loading=\"lazy\" decoding=\"async\" class=\"gutenverse-image-box-filled\" src=\"https:\/\/indonesiaecotour.com\/wp-content\/uploads\/2023\/10\/DSC02680-Edit-scaled-e1697207045170.jpg\" height=\"1706\" width=\"1706\"\/><\/div><span class=\"guten-caption\">Yoga en la selva a primera hora de la ma\u00f1ana<\/span><\/div>\n<\/div>\n\n\n\n<div class=\"wp-block-cb-slide\">\n<div class=\"wp-block-gutenverse-image guten-element guten-image guten-oxtwUX\"><div class=\"guten-image-wrapper\"><img loading=\"lazy\" decoding=\"async\" class=\"gutenverse-image-box-filled\" src=\"https:\/\/indonesiaecotour.com\/wp-content\/uploads\/2023\/10\/DSC03236-Edit-scaled.jpg\" height=\"2560\" width=\"2560\"\/><\/div><span class=\"guten-caption\">Elaboraci\u00f3n de Sate Lilit<\/span><\/div>\n<\/div>\n\n\n\n<div class=\"wp-block-cb-slide\">\n<div class=\"wp-block-gutenverse-image guten-element guten-image guten-rMqlyM\"><div class=\"guten-image-wrapper\"><img loading=\"lazy\" decoding=\"async\" class=\"gutenverse-image-box-filled\" src=\"https:\/\/indonesiaecotour.com\/wp-content\/uploads\/2023\/10\/DSC03466-scaled-e1697207149641.jpg\" height=\"1706\" width=\"1706\"\/><\/div><span class=\"guten-caption\">Ca\u00f1\u00f3n Escondido<\/span><\/div>\n<\/div>\n\n\n\n<div class=\"wp-block-cb-slide\">\n<div class=\"wp-block-gutenverse-image guten-element guten-image guten-T9XpwG\"><div class=\"guten-image-wrapper\"><img loading=\"lazy\" decoding=\"async\" class=\"gutenverse-image-box-filled\" src=\"https:\/\/indonesiaecotour.com\/wp-content\/uploads\/2023\/10\/DSC02919-scaled-e1697207186311.jpg\" height=\"1706\" width=\"1706\"\/><\/div><span class=\"guten-caption\">Cultivo del arroz<\/span><\/div>\n<\/div>\n\n\n\n<div class=\"wp-block-cb-slide\">\n<div class=\"wp-block-gutenverse-image guten-element guten-image guten-0dFo5N\"><div class=\"guten-image-wrapper\"><img loading=\"lazy\" decoding=\"async\" class=\"gutenverse-image-box-filled\" src=\"https:\/\/indonesiaecotour.com\/wp-content\/uploads\/2023\/09\/Screenshot_2024-04-06-12-28-08-432-edit_com.google.android.apps_.maps_.avif\" height=\"1430\" width=\"1080\"\/><\/div><span class=\"guten-caption\">Incre\u00edble comida balinesa<\/span><\/div>\n<\/div>\n\n\n\n<div class=\"wp-block-cb-slide\">\n<div class=\"wp-block-gutenverse-image guten-element guten-image guten-BeZIT2\"><div class=\"guten-image-wrapper\"><img loading=\"lazy\" decoding=\"async\" class=\"gutenverse-image-box-filled\" src=\"https:\/\/indonesiaecotour.com\/wp-content\/uploads\/2023\/10\/DSC03492-Edit-scaled-e1697207276732.jpg\" height=\"1706\" width=\"1706\"\/><\/div><span class=\"guten-caption\">Bali natural<\/span><\/div>\n<\/div>\n\n\n\n<div class=\"wp-block-cb-slide\">\n<div class=\"wp-block-gutenverse-image guten-element guten-image guten-32W2xI\"><div class=\"guten-image-wrapper\"><img loading=\"lazy\" decoding=\"async\" class=\"gutenverse-image-box-filled\" src=\"https:\/\/indonesiaecotour.com\/wp-content\/uploads\/2023\/10\/DSC02421-scaled-e1697207304129.jpg\" height=\"1706\" width=\"1706\"\/><\/div><span class=\"guten-caption\">Trepar por \u00e1rboles tropicales<\/span><\/div>\n<\/div>\n<\/div>\n\n\n\n<div class=\"guten-element guten-button-wrapper guten-uXcmRG\"><a class=\"guten-button guten-button-sm\" href=\"https:\/\/wa.me\/6282137219073\" target=\"_blank\" aria-label=\"\" rel=\"noreferrer noopener\"><i class=\"fa-lg fab fa-whatsapp\"><\/i><span> Contacte con nosotros<\/span><\/a><\/div>\n\n\n\n<p><\/p>","protected":false},"excerpt":{"rendered":"<p>The Island of the Gods offers something truly unforgettable to every traveler. Shaped by Hindu traditions, Bali feels like a world of its own, filled with colorful ceremonies, spiritual rituals, incredible flavors, and a lifestyle rooted in balance and nature. Just a short distance from Java, this paradise hides much more than its famous beaches [&hellip;]<\/p>","protected":false},"author":1,"featured_media":0,"parent":0,"menu_order":0,"comment_status":"closed","ping_status":"closed","template":"","meta":{"_monsterinsights_skip_tracking":false,"_monsterinsights_sitenote_active":false,"_monsterinsights_sitenote_note":"","_monsterinsights_sitenote_category":0,"footnotes":""},"class_list":["post-1276","page","type-page","status-publish","hentry"],"aioseo_notices":[],"_links":{"self":[{"href":"https:\/\/indonesiaecotour.com\/es\/wp-json\/wp\/v2\/pages\/1276","targetHints":{"allow":["GET"]}}],"collection":[{"href":"https:\/\/indonesiaecotour.com\/es\/wp-json\/wp\/v2\/pages"}],"about":[{"href":"https:\/\/indonesiaecotour.com\/es\/wp-json\/wp\/v2\/types\/page"}],"author":[{"embeddable":true,"href":"https:\/\/indonesiaecotour.com\/es\/wp-json\/wp\/v2\/users\/1"}],"replies":[{"embeddable":true,"href":"https:\/\/indonesiaecotour.com\/es\/wp-json\/wp\/v2\/comments?post=1276"}],"version-history":[{"count":122,"href":"https:\/\/indonesiaecotour.com\/es\/wp-json\/wp\/v2\/pages\/1276\/revisions"}],"predecessor-version":[{"id":3419,"href":"https:\/\/indonesiaecotour.com\/es\/wp-json\/wp\/v2\/pages\/1276\/revisions\/3419"}],"wp:attachment":[{"href":"https:\/\/indonesiaecotour.com\/es\/wp-json\/wp\/v2\/media?parent=1276"}],"curies":[{"name":"wp","href":"https:\/\/api.w.org\/{rel}","templated":true}]}}