{"id":1779,"date":"2024-10-04T07:35:12","date_gmt":"2024-10-04T07:35:12","guid":{"rendered":"https:\/\/indonesiaecotour.com\/?page_id=1779"},"modified":"2025-04-29T01:43:13","modified_gmt":"2025-04-29T01:43:13","slug":"sustainability-report-2024","status":"publish","type":"page","link":"https:\/\/indonesiaecotour.com\/es\/sustainability-report-2024\/","title":{"rendered":"Informe de sostenibilidad 2024"},"content":{"rendered":"<p><strong><span style=\"text-decoration: underline;\">Reducci\u00f3n de residuos pl\u00e1sticos:<br><\/span><\/strong>Todos los a\u00f1os elaboramos un sencillo pero eficaz informe sobre la contaminaci\u00f3n por pl\u00e1sticos que muestra la cantidad de pl\u00e1stico que evitamos que se utilice y acabe en nuestro entorno. Como gu\u00edas tur\u00edsticos en Indonesia, evitar los residuos pl\u00e1sticos es una batalla constante, diaria. Desgraciadamente, a\u00fan no tenemos \u00e9xito 100% en nuestro intento de evitar TODOS los pl\u00e1sticos posibles porque no todo est\u00e1 bajo nuestro control. Es un interesante proceso de aprendizaje para nosotros y nuestros hu\u00e9spedes.<\/p>\n\n\n\n<figure class=\"wp-block-table\"><table><tbody><tr><td class=\"has-text-align-center\" data-align=\"center\"><\/td><td class=\"has-text-align-center\" data-align=\"center\"># d\u00edas<\/td><td class=\"has-text-align-center\" data-align=\"center\"># personas<\/td><td class=\"has-text-align-center\" data-align=\"center\">botellas de pl\u00e1stico<\/td><td class=\"has-text-align-center\" data-align=\"center\">pajitas de pl\u00e1stico<\/td><td class=\"has-text-align-center\" data-align=\"center\">bolsas de pl\u00e1stico<\/td><\/tr><tr><td class=\"has-text-align-center\" data-align=\"center\">Promedios<\/td><td class=\"has-text-align-center\" data-align=\"center\"><\/td><td class=\"has-text-align-center\" data-align=\"center\"><\/td><td class=\"has-text-align-center\" data-align=\"center\">2.14<\/td><td class=\"has-text-align-center\" data-align=\"center\">0.34<\/td><td class=\"has-text-align-center\" data-align=\"center\">1.92<\/td><\/tr><tr><td class=\"has-text-align-center\" data-align=\"center\">Viajes<\/td><td class=\"has-text-align-center\" data-align=\"center\"><\/td><td class=\"has-text-align-center\" data-align=\"center\"><\/td><td class=\"has-text-align-center\" data-align=\"center\"><\/td><td class=\"has-text-align-center\" data-align=\"center\"><\/td><td class=\"has-text-align-center\" data-align=\"center\"><\/td><\/tr><tr><td class=\"has-text-align-center\" data-align=\"center\">Experiencia completa en Bali Abril 2024<\/td><td class=\"has-text-align-center\" data-align=\"center\">12<\/td><td class=\"has-text-align-center\" data-align=\"center\">10<\/td><td class=\"has-text-align-center\" data-align=\"center\">257<\/td><td class=\"has-text-align-center\" data-align=\"center\">41<\/td><td class=\"has-text-align-center\" data-align=\"center\">230<\/td><\/tr><tr><td class=\"has-text-align-center\" data-align=\"center\">Experiencia Java completa Julio de 2024<\/td><td class=\"has-text-align-center\" data-align=\"center\">16<\/td><td class=\"has-text-align-center\" data-align=\"center\">18<\/td><td class=\"has-text-align-center\" data-align=\"center\">616<\/td><td class=\"has-text-align-center\" data-align=\"center\">98<\/td><td class=\"has-text-align-center\" data-align=\"center\">553<\/td><\/tr><tr><td class=\"has-text-align-center\" data-align=\"center\">Experiencia Java completa Agosto de 2024<\/td><td class=\"has-text-align-center\" data-align=\"center\">16<\/td><td class=\"has-text-align-center\" data-align=\"center\">16<\/td><td class=\"has-text-align-center\" data-align=\"center\">548<\/td><td class=\"has-text-align-center\" data-align=\"center\">87<\/td><td class=\"has-text-align-center\" data-align=\"center\">492<\/td><\/tr><tr><td class=\"has-text-align-center\" data-align=\"center\">Experiencia Java completa Agosto de 2024<\/td><td class=\"has-text-align-center\" data-align=\"center\">16<\/td><td class=\"has-text-align-center\" data-align=\"center\">16<\/td><td class=\"has-text-align-center\" data-align=\"center\">548<\/td><td class=\"has-text-align-center\" data-align=\"center\">87<\/td><td class=\"has-text-align-center\" data-align=\"center\">492<\/td><\/tr><tr><td class=\"has-text-align-center\" data-align=\"center\">Bali experiencia completa diciembre 2024<\/td><td class=\"has-text-align-center\" data-align=\"center\"><\/td><td class=\"has-text-align-center\" data-align=\"center\"><\/td><td class=\"has-text-align-center\" data-align=\"center\"><\/td><td class=\"has-text-align-center\" data-align=\"center\"><\/td><td class=\"has-text-align-center\" data-align=\"center\"><\/td><\/tr><tr><td class=\"has-text-align-center\" data-align=\"center\"><strong>Totales<\/strong><\/td><td class=\"has-text-align-center\" data-align=\"center\"><strong>60<\/strong><\/td><td class=\"has-text-align-center\" data-align=\"center\"><strong>60<\/strong><\/td><td class=\"has-text-align-center\" data-align=\"center\"><strong>1969<\/strong><\/td><td class=\"has-text-align-center\" data-align=\"center\"><strong>313<\/strong><\/td><td class=\"has-text-align-center\" data-align=\"center\"><strong>1767<\/strong><\/td><\/tr><\/tbody><\/table><\/figure>\n\n\n\n<p>Como puede ver, hemos evitado <strong>1969 botellas de pl\u00e1stico, 313 pajitas y 1767 bolsas de pl\u00e1stico<\/strong> de acabar en nuestro valioso medio ambiente. El c\u00e1lculo anterior se ha realizado con una referencia que ni siquiera se basa en el sector tur\u00edstico, sino m\u00e1s bien en el uso cotidiano, por lo que cabe esperar que las cifras reales sean a\u00fan mayores.<\/p>\n\n\n\n<p>Las fuentes utilizadas para nuestras referencias pueden consultarse aqu\u00ed:<br><br>Uso medio de pajitas de pl\u00e1stico por persona en <strong>Indonesia<\/strong>: 0,34 al d\u00eda<br>Esto se calcula mediante el uso diario estimado de pajitas que es de <a href=\"https:\/\/journal.unnes.ac.id\/sju\/index.php\/jese\/article\/download\/60717\/22489#:~:text=In%20Indonesia%2C%20the%20use%20of,et%20al.%2C%202021).\" target=\"_blank\" rel=\"noopener\" title=\"\">93,244,847<\/a> dividido por la poblaci\u00f3n de Indonesia, que es de 274.000.000 de habitantes.<\/p>\n\n\n\n<p>Uso medio de bolsas de pl\u00e1stico por persona en <strong>Indonesia<\/strong>700 al a\u00f1o<br>Bolsas de pl\u00e1stico\/persona\/d\u00eda = 1,92<br><a href=\"https:\/\/makingoceansplasticfree.com\/hidden-cost-plastic-bag-use-pollution-indonesia\/\" target=\"_blank\" rel=\"noopener\" title=\"\">https:\/\/makingoceansplasticfree.com\/hidden-cost-plastic-bag-use-pollution-indonesia\/<br><\/a><br>Uso medio de botellas de pl\u00e1stico por persona durante un viaje: 30 durante 2 semanas ida y vuelta<br>Botellas de pl\u00e1stico\/persona\/d\u00eda = 2,14<br><a href=\"https:\/\/goodtourisminstitute.com\/library\/reduce-plastic-practical-guide\/\" target=\"_blank\" rel=\"noopener\" title=\"\">https:\/\/goodtourisminstitute.com\/library\/reduce-plastic-practical-guide\/<br><\/a><br>Algunos consejos de oro de la \u00faltima p\u00e1gina web<br><\/p>\n\n\n\n<div class=\"wp-block-gutenverse-image guten-element guten-image guten-nXmJwo\"><div class=\"guten-image-wrapper\"><img fetchpriority=\"high\" decoding=\"async\" class=\"gutenverse-image-box-filled\" src=\"https:\/\/indonesiaecotour.com\/wp-content\/uploads\/2023\/10\/iScreen-Shoter-Google-Chrome-231016164705-e1697449751880.jpg\" height=\"237\" width=\"596\"\/><\/div><\/div>\n\n\n\n<p>Para concluir, nuestros esfuerzos son s\u00f3lo una gota en el oc\u00e9ano de la contaminaci\u00f3n pl\u00e1stica mundial. No salvaremos el mundo haciendo esto, pero nuestro objetivo es perseguir nuestros valores y dar ejemplo al sector tur\u00edstico. Imaginemos que otras empresas tur\u00edsticas empiezan a seguirnos, \u00a1entonces marcaremos la diferencia!<\/p>\n\n\n\n<p><\/p>","protected":false},"excerpt":{"rendered":"<p>Plastic waste reduction:Every year we make a simple but effective plastic pollution report that shows how much plastic we prevented from being used and ended up in our environment. As tour guides in Indonesia, avoiding plastic waste is a constant battle, on a daily basis. Unfortunately, we are not yet 100% successful in our attempt [&hellip;]<\/p>","protected":false},"author":1,"featured_media":0,"parent":0,"menu_order":0,"comment_status":"closed","ping_status":"closed","template":"","meta":{"_monsterinsights_skip_tracking":false,"_monsterinsights_sitenote_active":false,"_monsterinsights_sitenote_note":"","_monsterinsights_sitenote_category":0,"footnotes":""},"class_list":["post-1779","page","type-page","status-publish","hentry"],"aioseo_notices":[],"_links":{"self":[{"href":"https:\/\/indonesiaecotour.com\/es\/wp-json\/wp\/v2\/pages\/1779","targetHints":{"allow":["GET"]}}],"collection":[{"href":"https:\/\/indonesiaecotour.com\/es\/wp-json\/wp\/v2\/pages"}],"about":[{"href":"https:\/\/indonesiaecotour.com\/es\/wp-json\/wp\/v2\/types\/page"}],"author":[{"embeddable":true,"href":"https:\/\/indonesiaecotour.com\/es\/wp-json\/wp\/v2\/users\/1"}],"replies":[{"embeddable":true,"href":"https:\/\/indonesiaecotour.com\/es\/wp-json\/wp\/v2\/comments?post=1779"}],"version-history":[{"count":1,"href":"https:\/\/indonesiaecotour.com\/es\/wp-json\/wp\/v2\/pages\/1779\/revisions"}],"predecessor-version":[{"id":1780,"href":"https:\/\/indonesiaecotour.com\/es\/wp-json\/wp\/v2\/pages\/1779\/revisions\/1780"}],"wp:attachment":[{"href":"https:\/\/indonesiaecotour.com\/es\/wp-json\/wp\/v2\/media?parent=1779"}],"curies":[{"name":"wp","href":"https:\/\/api.w.org\/{rel}","templated":true}]}}