{"id":2083,"date":"2025-04-28T16:03:19","date_gmt":"2025-04-28T16:03:19","guid":{"rendered":"https:\/\/indonesiaecotour.com\/?page_id=2083"},"modified":"2026-04-14T10:19:03","modified_gmt":"2026-04-14T10:19:03","slug":"birding-east-java","status":"publish","type":"page","link":"https:\/\/indonesiaecotour.com\/es\/birding-east-java\/","title":{"rendered":"How to Spot the Rare Javan Blue-Banded Kingfisher"},"content":{"rendered":"<p><\/p>\n\n\n\n<div class=\"wp-block-media-text has-media-on-the-right is-stacked-on-mobile is-image-fill-element\" style=\"padding-bottom:var(--wp--preset--spacing--40)\"><div class=\"wp-block-media-text__content\">\n<p>The main focus of this experience is a single extraordinary species: the <strong>Javan Blue-Banded Kingfisher<\/strong>, a critically endangered bird recently rediscovered in several locations across Java. With an estimated population of fewer than 250 individuals left in the wild, every encounter is exceptionally rare and meaningful.<\/p>\n\n\n\n<p>On this journey, we step into its natural habitat with care and respect, giving ourselves the best possible chance to observe or photograph the elusive <strong>Javan Blue-Banded Kingfisher<\/strong> in the wild. This is a true once-in-a-lifetime wildlife experience for dedicated birders and nature lovers.<\/p>\n<\/div><figure class=\"wp-block-media-text__media\"><img fetchpriority=\"high\" decoding=\"async\" width=\"1024\" height=\"683\" src=\"https:\/\/indonesiaecotour.com\/wp-content\/uploads\/2025\/04\/JCL01553-Edit-EDIT-scaled-e1747056685763-1024x683.avif\" alt=\"Javan Blue-Banded Kingfisher\" class=\"wp-image-2037 size-full\" style=\"object-position:50% 50%\" srcset=\"https:\/\/indonesiaecotour.com\/wp-content\/uploads\/2025\/04\/JCL01553-Edit-EDIT-scaled-e1747056685763-1024x683.avif 1024w, https:\/\/indonesiaecotour.com\/wp-content\/uploads\/2025\/04\/JCL01553-Edit-EDIT-scaled-e1747056685763-300x200.avif 300w, https:\/\/indonesiaecotour.com\/wp-content\/uploads\/2025\/04\/JCL01553-Edit-EDIT-scaled-e1747056685763-768x512.avif 768w, https:\/\/indonesiaecotour.com\/wp-content\/uploads\/2025\/04\/JCL01553-Edit-EDIT-scaled-e1747056685763-1536x1024.avif 1536w, https:\/\/indonesiaecotour.com\/wp-content\/uploads\/2025\/04\/JCL01553-Edit-EDIT-scaled-e1747056685763-2048x1366.avif 2048w\" sizes=\"(max-width: 1024px) 100vw, 1024px\" \/><\/figure><\/div>\n\n\n\n<div class=\"guten-element guten-accordions guten-qmC2UK\">\n<div class=\"accordion-item guten-uw4Wrq active\"><div class=\"accordion-heading\"><div class=\"accordion-icon\"><span class=\"accordion-icon-open\"><i class=\"fas fa-minus\"><\/i><\/span><span class=\"accordion-icon-closed\"><i class=\"fas fa-plus\"><\/i><\/span><\/div><span class=\"accordion-text\">Itinerario<\/span><\/div><div class=\"accordion-body\"><div class=\"accordion-content\">\n<p><strong><span style=\"text-decoration: underline;\">Primer d\u00eda:<\/span><br><\/strong>- Transporte de Yogyakarta a Java Oriental (2,5 horas en tren o ~4 horas en coche\/minib\u00fas)<br>- Cena y alojamiento en Java Oriental<br><br><strong><span style=\"text-decoration: underline;\">D\u00eda 2<\/span>:<br><\/strong>- Por la ma\u00f1ana temprano, salida hacia el bosque<br>- Todo el d\u00eda en el hide esperando a los p\u00e1jaros<br>- Transporte nocturno de regreso a Yogyakarta (2,5 horas en tren o ~4 horas en coche\/minib\u00fas)<\/p>\n<\/div><\/div><\/div>\n<\/div>\n\n\n\n<div class=\"guten-element guten-accordions guten-ylaMfB\">\n<div class=\"accordion-item guten-Ydlq3a\"><div class=\"accordion-heading\"><div class=\"accordion-icon\"><span class=\"accordion-icon-open\"><i class=\"fas fa-minus\"><\/i><\/span><span class=\"accordion-icon-closed\"><i class=\"fas fa-plus\"><\/i><\/span><\/div><span class=\"accordion-text\">Especie<\/span><\/div><div class=\"accordion-body\"><div class=\"accordion-content\">\n<p><strong><span style=\"text-decoration: underline;\">Aves:<\/span><\/strong><br><\/p>\n\n\n\n<figure class=\"wp-block-table alignleft\"><table class=\"has-fixed-layout\"><tbody><tr><td class=\"has-text-align-center\" data-align=\"center\"><strong>Especie<\/strong><\/td><td class=\"has-text-align-center\" data-align=\"center\"><strong>Estado<\/strong><\/td><td class=\"has-text-align-center\" data-align=\"center\"><strong>End\u00e9mica<\/strong><\/td><\/tr><tr><td class=\"has-text-align-center\" data-align=\"center\">Mart\u00edn pescador de Java<\/td><td class=\"has-text-align-center\" data-align=\"center\">cr<\/td><td class=\"has-text-align-center\" data-align=\"center\">Java<\/td><\/tr><tr><td class=\"has-text-align-center\" data-align=\"center\">Mart\u00edn pescador de Java<\/td><td class=\"has-text-align-center\" data-align=\"center\">lc<\/td><td class=\"has-text-align-center\" data-align=\"center\">Java y Bali<\/td><\/tr><tr><td class=\"has-text-align-center\" data-align=\"center\">Cola de tenedor Sunda<\/td><td class=\"has-text-align-center\" data-align=\"center\">lc<\/td><td class=\"has-text-align-center\" data-align=\"center\">Java y Sumatra<\/td><\/tr><tr><td class=\"has-text-align-center\" data-align=\"center\">br\u00f3tola de corona blanca<\/td><td class=\"has-text-align-center\" data-align=\"center\">lc<\/td><td class=\"has-text-align-center\" data-align=\"center\"><\/td><\/tr><tr><td class=\"has-text-align-center\" data-align=\"center\">zorzal silbador azul<\/td><td class=\"has-text-align-center\" data-align=\"center\">lc<\/td><td class=\"has-text-align-center\" data-align=\"center\"><\/td><\/tr><\/tbody><\/table><\/figure>\n<\/div><\/div><\/div>\n<\/div>\n\n\n\n<div class=\"guten-element guten-accordions guten-ZjO4aN\">\n<div class=\"accordion-item guten-YDWd9X\"><div class=\"accordion-heading\"><div class=\"accordion-icon\"><span class=\"accordion-icon-open\"><i class=\"fas fa-minus\"><\/i><\/span><span class=\"accordion-icon-closed\"><i class=\"fas fa-plus\"><\/i><\/span><\/div><span class=\"accordion-text\">Incluye<\/span><\/div><div class=\"accordion-body\"><div class=\"accordion-content\">\n<p>- Transportes<br>- Todas las actividades descritas<br>- Alojamiento en hotel (1 noche)<br>- Agua potable, tentempi\u00e9s, fruta, almuerzo (d\u00eda 2), cena (d\u00eda 1)<br>- Documentaci\u00f3n fotogr\u00e1fica profesional<br>- Gu\u00eda en neerland\u00e9s e ingl\u00e9s (est\u00e1ndar occidental)<br>- Enfoque respetuoso con el medio ambiente, apoyo a las ONG locales, en este viaje no se utilizan pl\u00e1sticos de un solo uso.<\/p>\n<\/div><\/div><\/div>\n<\/div>\n\n\n\n<div class=\"guten-element guten-accordions guten-fxpwX9\">\n<div class=\"accordion-item guten-0baU1P\"><div class=\"accordion-heading\"><div class=\"accordion-icon\"><span class=\"accordion-icon-open\"><i class=\"fas fa-minus\"><\/i><\/span><span class=\"accordion-icon-closed\"><i class=\"fas fa-plus\"><\/i><\/span><\/div><span class=\"accordion-text\">Excluido<\/span><\/div><div class=\"accordion-body\"><div class=\"accordion-content\">\n<p>- Almuerzo (d\u00eda 1) y cena (d\u00eda 2) <\/p>\n\n\n\n<p>- Bebidas alcoh\u00f3licas y bebidas distintas del agua<br>- Gastos personales <\/p>\n\n\n\n<p>- Seguro m\u00e9dico y de viaje<\/p>\n\n\n\n<p>- Consejos<\/p>\n<\/div><\/div><\/div>\n<\/div>\n\n\n\n<div class=\"guten-element guten-accordions guten-udjDj0\">\n<div class=\"accordion-item guten-m0rfzc\"><div class=\"accordion-heading\"><div class=\"accordion-icon\"><span class=\"accordion-icon-open\"><i class=\"fas fa-minus\"><\/i><\/span><span class=\"accordion-icon-closed\"><i class=\"fas fa-plus\"><\/i><\/span><\/div><span class=\"accordion-text\">Precio<\/span><\/div><div class=\"accordion-body\"><div class=\"accordion-content\">\n<p>- Precios a partir de&nbsp;<strong>4.300.000 IDR por persona para un grupo de 4 personas desde Yogyakarta en coche<\/strong><br>- P\u00f3ngase en contacto con<strong>&nbsp;<\/strong>us<strong>&nbsp;<a href=\"https:\/\/wa.me\/6282137219073\">aqu\u00ed<\/a><\/strong>&nbsp;para otros precios, personalizaciones o preguntas<\/p>\n<\/div><\/div><\/div>\n<\/div>\n\n\n\n<div class=\"wp-block-cb-carousel\" data-slick=\"{&quot;slidesToShow&quot;:2,&quot;slidesToScroll&quot;:1,&quot;speed&quot;:300,&quot;arrows&quot;:true,&quot;dots&quot;:true,&quot;autoplay&quot;:true,&quot;autoplaySpeed&quot;:2000,&quot;infinite&quot;:true,&quot;responsive&quot;:[{&quot;breakpoint&quot;:769,&quot;settings&quot;:{&quot;slidesToShow&quot;:1,&quot;slidesToScroll&quot;:1}}]}\">\n<div class=\"wp-block-cb-slide\">\n<div class=\"wp-block-gutenverse-image guten-element guten-image guten-BPI5bX\"><div class=\"guten-image-wrapper\"><img decoding=\"async\" class=\"gutenverse-image-box-filled\" src=\"https:\/\/indonesiaecotour.com\/wp-content\/uploads\/2023\/09\/JCL01576-Edit-scaled.jpg\" height=\"2560\" width=\"2560\"\/><\/div><span class=\"guten-caption\">Javan blue-banded kf (macho)<\/span><\/div>\n<\/div>\n\n\n\n<div class=\"wp-block-cb-slide\">\n<div class=\"wp-block-gutenverse-image guten-element guten-image guten-wG7z4G\"><div class=\"guten-image-wrapper\"><img decoding=\"async\" class=\"gutenverse-image-box-filled\" src=\"https:\/\/indonesiaecotour.com\/wp-content\/uploads\/2023\/09\/JCL01228-Edit-scaled.jpg\" height=\"2560\" width=\"2560\"\/><\/div><span class=\"guten-caption\">Javan blue-banded kf (hembra)<\/span><\/div>\n<\/div>\n\n\n\n<div class=\"wp-block-cb-slide\">\n<div class=\"wp-block-gutenverse-image guten-element guten-image guten-hnvlvf\"><div class=\"guten-image-wrapper\"><img loading=\"lazy\" decoding=\"async\" class=\"gutenverse-image-box-filled\" src=\"https:\/\/indonesiaecotour.com\/wp-content\/uploads\/2023\/09\/JCL01514-Edit-scaled.jpg\" height=\"2560\" width=\"2560\"\/><\/div><span class=\"guten-caption\">Mart\u00edn pescador de Java<\/span><\/div>\n<\/div>\n\n\n\n<div class=\"wp-block-cb-slide\">\n<div class=\"wp-block-gutenverse-image guten-element guten-image guten-XTmbOZ\"><div class=\"guten-image-wrapper\"><img loading=\"lazy\" decoding=\"async\" class=\"gutenverse-image-box-filled\" src=\"https:\/\/indonesiaecotour.com\/wp-content\/uploads\/2023\/09\/JCL01391-Edit-scaled.jpg\" height=\"2560\" width=\"2560\"\/><\/div><span class=\"guten-caption\">Cola de tenedor Sunda<\/span><\/div>\n<\/div>\n\n\n\n<div class=\"wp-block-cb-slide\">\n<div class=\"wp-block-gutenverse-image guten-element guten-image guten-0PgAQs\"><div class=\"guten-image-wrapper\"><img loading=\"lazy\" decoding=\"async\" class=\"gutenverse-image-box-filled\" src=\"https:\/\/indonesiaecotour.com\/wp-content\/uploads\/2023\/09\/JCL01677-Edit-scaled-e1696086942375.jpg\" height=\"1706\" width=\"1706\"\/><\/div><span class=\"guten-caption\">Zorzal silbador azul<\/span><\/div>\n<\/div>\n<\/div>\n\n\n\n<div class=\"guten-element guten-button-wrapper guten-kfpUHI\"><a class=\"guten-button guten-button-sm\" href=\"https:\/\/drive.google.com\/file\/d\/1eJhNQwDfyOac0Vnsg11tKfTxr3sWcbiG\/view?usp=sharing\" target=\"_blank\" aria-label=\"\" rel=\"noreferrer noopener\"><span> Descargar folleto<\/span><\/a><\/div>\n\n\n\n<div class=\"guten-element guten-button-wrapper guten-uXcmRG\"><a class=\"guten-button guten-button-sm\" href=\"https:\/\/wa.me\/6282137219073\" target=\"_blank\" aria-label=\"\" rel=\"noreferrer noopener\"><i class=\"fa-lg fab fa-whatsapp\"><\/i><span> Contacte con nosotros<\/span><\/a><\/div>\n\n\n\n<p><\/p>","protected":false},"excerpt":{"rendered":"<p>The main focus of this experience is a single extraordinary species: the Javan Blue-Banded Kingfisher, a critically endangered bird recently rediscovered in several locations across Java. With an estimated population of fewer than 250 individuals left in the wild, every encounter is exceptionally rare and meaningful. On this journey, we step into its natural habitat [&hellip;]<\/p>","protected":false},"author":1,"featured_media":0,"parent":0,"menu_order":0,"comment_status":"closed","ping_status":"closed","template":"","meta":{"_monsterinsights_skip_tracking":false,"_monsterinsights_sitenote_active":false,"_monsterinsights_sitenote_note":"","_monsterinsights_sitenote_category":0,"footnotes":""},"class_list":["post-2083","page","type-page","status-publish","hentry"],"aioseo_notices":[],"_links":{"self":[{"href":"https:\/\/indonesiaecotour.com\/es\/wp-json\/wp\/v2\/pages\/2083","targetHints":{"allow":["GET"]}}],"collection":[{"href":"https:\/\/indonesiaecotour.com\/es\/wp-json\/wp\/v2\/pages"}],"about":[{"href":"https:\/\/indonesiaecotour.com\/es\/wp-json\/wp\/v2\/types\/page"}],"author":[{"embeddable":true,"href":"https:\/\/indonesiaecotour.com\/es\/wp-json\/wp\/v2\/users\/1"}],"replies":[{"embeddable":true,"href":"https:\/\/indonesiaecotour.com\/es\/wp-json\/wp\/v2\/comments?post=2083"}],"version-history":[{"count":27,"href":"https:\/\/indonesiaecotour.com\/es\/wp-json\/wp\/v2\/pages\/2083\/revisions"}],"predecessor-version":[{"id":3446,"href":"https:\/\/indonesiaecotour.com\/es\/wp-json\/wp\/v2\/pages\/2083\/revisions\/3446"}],"wp:attachment":[{"href":"https:\/\/indonesiaecotour.com\/es\/wp-json\/wp\/v2\/media?parent=2083"}],"curies":[{"name":"wp","href":"https:\/\/api.w.org\/{rel}","templated":true}]}}