{"id":2084,"date":"2025-04-28T16:03:58","date_gmt":"2025-04-28T16:03:58","guid":{"rendered":"https:\/\/indonesiaecotour.com\/?page_id=2084"},"modified":"2026-04-14T09:51:32","modified_gmt":"2026-04-14T09:51:32","slug":"birding-yogyakarta","status":"publish","type":"page","link":"https:\/\/indonesiaecotour.com\/es\/birding-yogyakarta\/","title":{"rendered":"Discover 20+ Rare Endemics on the Ultimate\u00a0birdwatching tour in Yogyakarta"},"content":{"rendered":"<div class=\"wp-block-media-text is-stacked-on-mobile is-image-fill-element\" style=\"padding-bottom:var(--wp--preset--spacing--40)\"><figure class=\"wp-block-media-text__media\"><img fetchpriority=\"high\" decoding=\"async\" width=\"1024\" height=\"683\" src=\"https:\/\/indonesiaecotour.com\/wp-content\/uploads\/2023\/10\/JCL02074-Edit-1024x683.jpg\" alt=\"birdwatching tour in Yogyakarta\" class=\"wp-image-1192 size-full\" style=\"object-position:50% 50%\" srcset=\"https:\/\/indonesiaecotour.com\/wp-content\/uploads\/2023\/10\/JCL02074-Edit-1024x683.jpg 1024w, https:\/\/indonesiaecotour.com\/wp-content\/uploads\/2023\/10\/JCL02074-Edit-300x200.jpg 300w, https:\/\/indonesiaecotour.com\/wp-content\/uploads\/2023\/10\/JCL02074-Edit-768x512.jpg 768w, https:\/\/indonesiaecotour.com\/wp-content\/uploads\/2023\/10\/JCL02074-Edit-1536x1024.jpg 1536w, https:\/\/indonesiaecotour.com\/wp-content\/uploads\/2023\/10\/JCL02074-Edit-2048x1366.jpg 2048w\" sizes=\"(max-width: 1024px) 100vw, 1024px\" \/><\/figure><div class=\"wp-block-media-text__content\">\n<p>Indonesia is a dream destination for spotting endemic birds, and even close to the city you can already find an impressive variety of species. On our <strong>birdwatching tour in Yogyakarta<\/strong>, we explore a region with incredible biodiversity thanks to its unique mix of mountains, beaches, and lowland forests, all within reach of one city.<\/p>\n\n\n\n<p>In just one day, we can visit a few key birding spots, perfect for casual nature lovers. But if you are a dedicated birder or wildlife photographer and want to experience the full range of habitats and species, we highly recommend a multi-day trip to discover everything <strong><a href=\"https:\/\/indonesiaecotour.com\/es\/cultural-cycling-prambanan\/\" title=\"Yogyakarta\">Yogyakarta<\/a><\/strong> has to offer.<\/p>\n<\/div><\/div>\n\n\n\n<div class=\"guten-element guten-accordions guten-Kjps4J\">\n<div class=\"accordion-item guten-ZaY1yf\"><div class=\"accordion-heading\"><div class=\"accordion-icon\"><span class=\"accordion-icon-open\"><i class=\"fas fa-minus\"><\/i><\/span><span class=\"accordion-icon-closed\"><i class=\"fas fa-plus\"><\/i><\/span><\/div><span class=\"accordion-text\"><strong>Itinerario<\/strong><\/span><\/div><div class=\"accordion-body\"><div class=\"accordion-content\">\n<p class=\"translation-block\">- Recogida en el hotel de Yogyakarta 6 am<br>- 1,5 horas en coche a la primera zona de bosque<br>- Tomar un caf\u00e9 y algo de picar antes de ir a buscar aves y explorar los diferentes hides\/\u00e1reas<br>- Almuerzo<br>- Sesi\u00f3n de tarde en otra zona caminando m\u00e1s o instalarse en uno de los hides para conseguir fotos\/vistas realmente cercanas<br>- Cena (opcional)<br>- Devoluci\u00f3n en el hotel<br>- Extensi\u00f3n opcional de 2D\/1N para fotografiar el mart\u00edn pescador m\u00e1s raro del mundo (2,5 horas en tren\/4 horas en coche).<\/p>\n<\/div><\/div><\/div>\n\n\n\n<div class=\"accordion-item guten-GxVC8y\"><div class=\"accordion-heading\"><div class=\"accordion-icon\"><span class=\"accordion-icon-open\"><i class=\"fas fa-minus\"><\/i><\/span><span class=\"accordion-icon-closed\"><i class=\"fas fa-plus\"><\/i><\/span><\/div><span class=\"accordion-text\"><strong>Especie<\/strong><\/span><\/div><div class=\"accordion-body\"><div class=\"accordion-content\">\n<p>This is what you can see during your <strong>birdwatching tour in Yogyakarta<\/strong><span style=\"text-decoration: underline;\"><strong><br><\/strong><\/span><\/p>\n\n\n\n<figure class=\"wp-block-table\"><table class=\"has-fixed-layout\"><tbody><tr><td class=\"has-text-align-center\" data-align=\"center\"><strong>Especie<\/strong><\/td><td class=\"has-text-align-center\" data-align=\"center\"><strong>Estado<\/strong><\/td><td class=\"has-text-align-center\" data-align=\"center\"><strong>End\u00e9mica<\/strong><\/td><\/tr><tr><td class=\"has-text-align-center\" data-align=\"center\">Ave solar de Java<\/td><td class=\"has-text-align-center\" data-align=\"center\">lc<\/td><td class=\"has-text-align-center\" data-align=\"center\">Java y Bali<\/td><\/tr><tr><td class=\"has-text-align-center\" data-align=\"center\">Papamoscas azul de Java<\/td><td class=\"has-text-align-center\" data-align=\"center\">cr<\/td><td class=\"has-text-align-center\" data-align=\"center\">Java<\/td><\/tr><tr><td class=\"has-text-align-center\" data-align=\"center\">bulbul de mejillas marrones<\/td><td class=\"has-text-align-center\" data-align=\"center\">en<\/td><td class=\"has-text-align-center\" data-align=\"center\">Java y Bali<\/td><\/tr><tr><td class=\"has-text-align-center\" data-align=\"center\">rufous-backed dwarf kingfisher<\/td><td class=\"has-text-align-center\" data-align=\"center\">lc<\/td><td class=\"has-text-align-center\" data-align=\"center\"><\/td><\/tr><tr><td class=\"has-text-align-center\" data-align=\"center\">bulbul garganta rub\u00ed<\/td><td class=\"has-text-align-center\" data-align=\"center\">vu<\/td><td class=\"has-text-align-center\" data-align=\"center\">Java y Bali<\/td><\/tr><tr><td class=\"has-text-align-center\" data-align=\"center\">Mart\u00edn pescador de Java<\/td><td class=\"has-text-align-center\" data-align=\"center\">lc<\/td><td class=\"has-text-align-center\" data-align=\"center\">Java y Bali<\/td><\/tr><tr><td class=\"has-text-align-center\" data-align=\"center\">\u00e1guila culebrera<\/td><td class=\"has-text-align-center\" data-align=\"center\">lc<\/td><td class=\"has-text-align-center\" data-align=\"center\"><\/td><\/tr><tr><td class=\"has-text-align-center\" data-align=\"center\">cazador de ara\u00f1as de pecho rayado<\/td><td class=\"has-text-align-center\" data-align=\"center\">lc<\/td><td class=\"has-text-align-center\" data-align=\"center\">Java y Bali<\/td><\/tr><tr><td class=\"has-text-align-center\" data-align=\"center\">peque\u00f1o cazador de ara\u00f1as<\/td><td class=\"has-text-align-center\" data-align=\"center\">lc<\/td><td class=\"has-text-align-center\" data-align=\"center\"><\/td><\/tr><tr><td class=\"has-text-align-center\" data-align=\"center\">malkoha casta\u00f1a<\/td><td class=\"has-text-align-center\" data-align=\"center\">lc<\/td><td class=\"has-text-align-center\" data-align=\"center\"><\/td><\/tr><tr><td class=\"has-text-align-center\" data-align=\"center\">pechinaranja<\/td><td class=\"has-text-align-center\" data-align=\"center\">lc<\/td><td class=\"has-text-align-center\" data-align=\"center\"><\/td><\/tr><tr><td class=\"has-text-align-center\" data-align=\"center\">P\u00e1jaro carpintero pigmeo de Sunda<\/td><td class=\"has-text-align-center\" data-align=\"center\">lc<\/td><td class=\"has-text-align-center\" data-align=\"center\"><\/td><\/tr><tr><td class=\"has-text-align-center\" data-align=\"center\">monarca de nuca negra<\/td><td class=\"has-text-align-center\" data-align=\"center\">lc<\/td><td class=\"has-text-align-center\" data-align=\"center\"><\/td><\/tr><tr><td class=\"has-text-align-center\" data-align=\"center\">mart\u00edn pescador de orejas azules<\/td><td class=\"has-text-align-center\" data-align=\"center\">lc<\/td><td class=\"has-text-align-center\" data-align=\"center\"><\/td><\/tr><tr><td class=\"has-text-align-center\" data-align=\"center\">ave de sol de garganta marr\u00f3n<\/td><td class=\"has-text-align-center\" data-align=\"center\">lc<\/td><td class=\"has-text-align-center\" data-align=\"center\"><\/td><\/tr><tr><td class=\"has-text-align-center\" data-align=\"center\">ave de hoja verde mayor<\/td><td class=\"has-text-align-center\" data-align=\"center\">en<\/td><td class=\"has-text-align-center\" data-align=\"center\"><\/td><\/tr><tr><td class=\"has-text-align-center\" data-align=\"center\">Gorri\u00f3n de Java<\/td><td class=\"has-text-align-center\" data-align=\"center\">en<\/td><td class=\"has-text-align-center\" data-align=\"center\">Java<\/td><\/tr><tr><td class=\"has-text-align-center\" data-align=\"center\">barbo de banda negra<\/td><td class=\"has-text-align-center\" data-align=\"center\">nt<\/td><td class=\"has-text-align-center\" data-align=\"center\">Java y Bali<\/td><\/tr><tr><td class=\"has-text-align-center\" data-align=\"center\">Curruca capirotada de Java<\/td><td class=\"has-text-align-center\" data-align=\"center\">lc<\/td><td class=\"has-text-align-center\" data-align=\"center\">Java<\/td><\/tr><tr><td class=\"has-text-align-center\" data-align=\"center\">Zarcero de Horsefield<\/td><td class=\"has-text-align-center\" data-align=\"center\">lc<\/td><td class=\"has-text-align-center\" data-align=\"center\"><\/td><\/tr><tr><td class=\"has-text-align-center\" data-align=\"center\">Carricer\u00edn cejudo<\/td><td class=\"has-text-align-center\" data-align=\"center\">lc<\/td><td class=\"has-text-align-center\" data-align=\"center\">Java y Bali<\/td><\/tr><tr><td class=\"has-text-align-center\" data-align=\"center\">ave solariega<\/td><td class=\"has-text-align-center\" data-align=\"center\">lc<\/td><td class=\"has-text-align-center\" data-align=\"center\"><\/td><\/tr><tr><td class=\"has-text-align-center\" data-align=\"center\">miniveto peque\u00f1o<\/td><td class=\"has-text-align-center\" data-align=\"center\">lc<\/td><td class=\"has-text-align-center\" data-align=\"center\"><\/td><\/tr><tr><td class=\"has-text-align-center\" data-align=\"center\">piculet\u00f3n rufo<\/td><td class=\"has-text-align-center\" data-align=\"center\">lc<\/td><td class=\"has-text-align-center\" data-align=\"center\"><\/td><\/tr><tr><td class=\"has-text-align-center\" data-align=\"center\">Cola de tenedor Sunda <\/td><td class=\"has-text-align-center\" data-align=\"center\">lc<\/td><td class=\"has-text-align-center\" data-align=\"center\">Java y Sumatra<\/td><\/tr><tr><td class=\"has-text-align-center\" data-align=\"center\">b\u00faho oriental<\/td><td class=\"has-text-align-center\" data-align=\"center\">lc<\/td><td class=\"has-text-align-center\" data-align=\"center\"><\/td><\/tr><tr><td class=\"has-text-align-center\" data-align=\"center\">rabilargo com\u00fan<\/td><td class=\"has-text-align-center\" data-align=\"center\">lc<\/td><td class=\"has-text-align-center\" data-align=\"center\"><\/td><\/tr><tr><td class=\"has-text-align-center\" data-align=\"center\">rabilargo<\/td><td class=\"has-text-align-center\" data-align=\"center\">lc<\/td><td class=\"has-text-align-center\" data-align=\"center\">Java, Bali, Madura, Lombok<\/td><\/tr><tr><td class=\"has-text-align-center\" data-align=\"center\">&#8230;<\/td><td class=\"has-text-align-center\" data-align=\"center\"><\/td><td class=\"has-text-align-center\" data-align=\"center\"><\/td><\/tr><\/tbody><\/table><\/figure>\n<\/div><\/div><\/div>\n\n\n\n<div class=\"accordion-item guten-RDNyDs active\"><div class=\"accordion-heading\"><div class=\"accordion-icon\"><span class=\"accordion-icon-open\"><i class=\"fas fa-minus\"><\/i><\/span><span class=\"accordion-icon-closed\"><i class=\"fas fa-plus\"><\/i><\/span><\/div><span class=\"accordion-text\"><strong><strong>Incluye<\/strong><\/strong><\/span><\/div><div class=\"accordion-body\"><div class=\"accordion-content\">\n<p>- Transportes<br>- Todas las actividades descritas<\/p>\n\n\n\n<p>- Agua potable, tentempi\u00e9s, fruta, almuerzo<\/p>\n\n\n\n<p>- Documentaci\u00f3n fotogr\u00e1fica profesional<\/p>\n\n\n\n<p>- Gu\u00eda en neerland\u00e9s e ingl\u00e9s (est\u00e1ndar occidental)<\/p>\n\n\n\n<p>- Enfoque respetuoso con el medio ambiente, apoyo a las ONG locales, en este viaje no se utilizan pl\u00e1sticos de un solo uso.<\/p>\n<\/div><\/div><\/div>\n\n\n\n<div class=\"accordion-item guten-l1M1ZN\"><div class=\"accordion-heading\"><div class=\"accordion-icon\"><span class=\"accordion-icon-open\"><i class=\"fas fa-minus\"><\/i><\/span><span class=\"accordion-icon-closed\"><i class=\"fas fa-plus\"><\/i><\/span><\/div><span class=\"accordion-text\"><strong><strong>Excluido<\/strong><\/strong><\/span><\/div><div class=\"accordion-body\"><div class=\"accordion-content\">\n<p>- La cena<\/p>\n\n\n\n<p>- Bebidas alcoh\u00f3licas y bebidas distintas del agua<\/p>\n\n\n\n<p>- Gastos personales<\/p>\n\n\n\n<p>- Seguro m\u00e9dico y de viaje<\/p>\n\n\n\n<p>- Consejos<\/p>\n<\/div><\/div><\/div>\n\n\n\n<div class=\"accordion-item guten-8hP3Oq\"><div class=\"accordion-heading\"><div class=\"accordion-icon\"><span class=\"accordion-icon-open\"><i class=\"fas fa-minus\"><\/i><\/span><span class=\"accordion-icon-closed\"><i class=\"fas fa-plus\"><\/i><\/span><\/div><span class=\"accordion-text\"><strong><strong><strong>Precio<\/strong><\/strong><\/strong><\/span><\/div><div class=\"accordion-body\"><div class=\"accordion-content\">\n<p>- Precios a partir de <strong>1.300.000 IDR<\/strong> <strong>por persona basado en un<\/strong> <strong>grupo de 4<\/strong><br>- P\u00f3ngase en contacto con<strong> <\/strong>us<strong> <a href=\"https:\/\/wa.me\/6282137219073\"><span style=\"text-decoration: underline;\">aqu\u00ed<\/span><\/a><\/strong>&nbsp;para otros precios, personalizaciones o preguntas<\/p>\n<\/div><\/div><\/div>\n<\/div>\n\n\n\n<div class=\"wp-block-cb-carousel-v2 cb-carousel-block\" data-cb-slides-per-view=\"1\" data-cb-slides-per-group=\"1\" data-cb-space-between=\"100\" data-cb-speed=\"500\" data-cb-navigation=\"true\" data-cb-pagination=\"true\" data-cb-loop=\"true\" data-cb-autoplay=\"true\" data-cb-autoplay-speed=\"2000\" data-cb-breakpoints=\"{&quot;768&quot;:{&quot;slidesPerView&quot;:3,&quot;slidesPerGroup&quot;:1}}\"><div class=\"swiper\"><div class=\"cb-wrapper swiper-wrapper\">\n<div class=\"wp-block-cb-slide-v2 cb-slide swiper-slide\">\n<div class=\"wp-block-group is-nowrap is-layout-flex wp-container-core-group-is-layout-6c531013 wp-block-group-is-layout-flex\">\n<div class=\"wp-block-gutenverse-image guten-element guten-image guten-seBXlu\"><div class=\"guten-image-wrapper\"><img decoding=\"async\" class=\"gutenverse-image-box-filled\" src=\"https:\/\/indonesiaecotour.com\/wp-content\/uploads\/2025\/05\/JCL07799-Edit-scaled.avif\" height=\"2560\" width=\"1708\"\/><\/div><span class=\"guten-caption\">Barbudo de banda negra<\/span><\/div>\n<\/div>\n<\/div>\n\n\n\n<div class=\"wp-block-cb-slide-v2 cb-slide swiper-slide\">\n<div class=\"wp-block-gutenverse-image guten-element guten-image guten-gCmKs0\"><div class=\"guten-image-wrapper\"><img decoding=\"async\" class=\"gutenverse-image-box-filled\" src=\"https:\/\/indonesiaecotour.com\/wp-content\/uploads\/2023\/09\/DSC04180-Edit-scaled.jpg\" height=\"2560\" width=\"2560\"\/><\/div><span class=\"guten-caption\">Peque\u00f1o cazador de ara\u00f1as<\/span><\/div>\n<\/div>\n\n\n\n<div class=\"wp-block-cb-slide-v2 cb-slide swiper-slide\">\n<div class=\"wp-block-group is-nowrap is-layout-flex wp-container-core-group-is-layout-6c531013 wp-block-group-is-layout-flex\">\n<div class=\"wp-block-gutenverse-image guten-element guten-image guten-DSHuYA\"><div class=\"guten-image-wrapper\"><img loading=\"lazy\" decoding=\"async\" class=\"gutenverse-image-box-filled\" src=\"https:\/\/indonesiaecotour.com\/wp-content\/uploads\/2023\/09\/JCL01097-Edit-scaled.jpg\" height=\"2560\" width=\"2560\"\/><\/div><span class=\"guten-caption\">Bulbul de garganta rub\u00ed<\/span><\/div>\n<\/div>\n<\/div>\n\n\n\n<div class=\"wp-block-cb-slide-v2 cb-slide swiper-slide\">\n<div class=\"wp-block-gutenverse-image guten-element guten-image guten-55ndfx\"><div class=\"guten-image-wrapper\"><img loading=\"lazy\" decoding=\"async\" class=\"gutenverse-image-box-filled\" src=\"https:\/\/indonesiaecotour.com\/wp-content\/uploads\/2025\/05\/JCL07978-Edit-scaled.avif\" height=\"1708\" width=\"2560\"\/><\/div><span class=\"guten-caption\">Gorri\u00f3n de Java<\/span><\/div>\n<\/div>\n\n\n\n<div class=\"wp-block-cb-slide-v2 cb-slide swiper-slide\">\n<div class=\"wp-block-gutenverse-image guten-element guten-image guten-kod9we\"><div class=\"guten-image-wrapper\"><img loading=\"lazy\" decoding=\"async\" class=\"gutenverse-image-box-filled\" src=\"https:\/\/indonesiaecotour.com\/wp-content\/uploads\/2023\/09\/DSC00073-Edit-scaled.jpg\" height=\"2560\" width=\"2560\"\/><\/div><span class=\"guten-caption\">Piquituerto de vientre naranja (hembra)<\/span><\/div>\n<\/div>\n\n\n\n<div class=\"wp-block-cb-slide-v2 cb-slide swiper-slide\">\n<div class=\"wp-block-group is-nowrap is-layout-flex wp-container-core-group-is-layout-6c531013 wp-block-group-is-layout-flex\">\n<div class=\"wp-block-gutenverse-image guten-element guten-image guten-wyAr1R\"><div class=\"guten-image-wrapper\"><img loading=\"lazy\" decoding=\"async\" class=\"gutenverse-image-box-filled\" src=\"https:\/\/indonesiaecotour.com\/wp-content\/uploads\/2025\/05\/JCL07361-Edit-scaled.avif\" height=\"1708\" width=\"2560\"\/><\/div><span class=\"guten-caption\">Pico de flor de vientre naranja (macho)<\/span><\/div>\n<\/div>\n<\/div>\n\n\n\n<div class=\"wp-block-cb-slide-v2 cb-slide swiper-slide\">\n<div class=\"wp-block-group is-nowrap is-layout-flex wp-container-core-group-is-layout-6c531013 wp-block-group-is-layout-flex\">\n<div class=\"wp-block-gutenverse-image guten-element guten-image guten-A6Zqql\"><div class=\"guten-image-wrapper\"><img loading=\"lazy\" decoding=\"async\" class=\"gutenverse-image-box-filled\" src=\"https:\/\/indonesiaecotour.com\/wp-content\/uploads\/2025\/05\/JCL07815-Edit-scaled.avif\" height=\"1708\" width=\"2560\"\/><\/div><span class=\"guten-caption\">Cotorra de Horsfield<\/span><\/div>\n<\/div>\n<\/div>\n\n\n\n<div class=\"wp-block-cb-slide-v2 cb-slide swiper-slide\">\n<div class=\"wp-block-gutenverse-image guten-element guten-image guten-4MvxZ8\"><div class=\"guten-image-wrapper\"><img loading=\"lazy\" decoding=\"async\" class=\"gutenverse-image-box-filled\" src=\"https:\/\/indonesiaecotour.com\/wp-content\/uploads\/2025\/05\/JCL07503-Edit-scaled.avif\" height=\"1708\" width=\"2560\"\/><\/div><span class=\"guten-caption\">Mart\u00edn pescador de Java<\/span><\/div>\n<\/div>\n\n\n\n<div class=\"wp-block-cb-slide-v2 cb-slide swiper-slide\">\n<div class=\"wp-block-gutenverse-image guten-element guten-image guten-DCZXwV\"><div class=\"guten-image-wrapper\"><img loading=\"lazy\" decoding=\"async\" class=\"gutenverse-image-box-filled\" src=\"https:\/\/indonesiaecotour.com\/wp-content\/uploads\/2025\/05\/JCL07616-Edit-scaled.avif\" height=\"2560\" width=\"2560\"\/><\/div><span class=\"guten-caption\">\u00c1guila culebrera (joven)<\/span><\/div>\n<\/div>\n<\/div><\/div><div class=\"cb-pagination swiper-pagination\"><\/div><div class=\"cb-button-prev swiper-button-prev\"><\/div><div class=\"cb-button-next swiper-button-next\"><\/div><\/div>\n\n\n\n<div class=\"guten-element guten-button-wrapper guten-kfpUHI\"><a class=\"guten-button guten-button-sm\" href=\"https:\/\/drive.google.com\/file\/d\/1eJhNQwDfyOac0Vnsg11tKfTxr3sWcbiG\/view?usp=sharing\" target=\"_blank\" aria-label=\"\" rel=\"noreferrer noopener\"><span> Descargar folleto<\/span><\/a><\/div>\n\n\n\n<div class=\"guten-element guten-button-wrapper guten-uXcmRG\"><a class=\"guten-button guten-button-sm\" href=\"https:\/\/wa.me\/6282137219073\" target=\"_blank\" aria-label=\"\" rel=\"noreferrer noopener\"><i class=\"fa-lg fab fa-whatsapp\"><\/i><span> Contacte con nosotros<\/span><\/a><\/div>\n\n\n\n<p><\/p>","protected":false},"excerpt":{"rendered":"<p>Indonesia is a dream destination for spotting endemic birds, and even close to the city you can already find an impressive variety of species. On our birdwatching tour in Yogyakarta, we explore a region with incredible biodiversity thanks to its unique mix of mountains, beaches, and lowland forests, all within reach of one city. In [&hellip;]<\/p>","protected":false},"author":1,"featured_media":0,"parent":0,"menu_order":0,"comment_status":"closed","ping_status":"closed","template":"","meta":{"_monsterinsights_skip_tracking":false,"_monsterinsights_sitenote_active":false,"_monsterinsights_sitenote_note":"","_monsterinsights_sitenote_category":0,"footnotes":""},"class_list":["post-2084","page","type-page","status-publish","hentry"],"aioseo_notices":[],"_links":{"self":[{"href":"https:\/\/indonesiaecotour.com\/es\/wp-json\/wp\/v2\/pages\/2084","targetHints":{"allow":["GET"]}}],"collection":[{"href":"https:\/\/indonesiaecotour.com\/es\/wp-json\/wp\/v2\/pages"}],"about":[{"href":"https:\/\/indonesiaecotour.com\/es\/wp-json\/wp\/v2\/types\/page"}],"author":[{"embeddable":true,"href":"https:\/\/indonesiaecotour.com\/es\/wp-json\/wp\/v2\/users\/1"}],"replies":[{"embeddable":true,"href":"https:\/\/indonesiaecotour.com\/es\/wp-json\/wp\/v2\/comments?post=2084"}],"version-history":[{"count":46,"href":"https:\/\/indonesiaecotour.com\/es\/wp-json\/wp\/v2\/pages\/2084\/revisions"}],"predecessor-version":[{"id":3441,"href":"https:\/\/indonesiaecotour.com\/es\/wp-json\/wp\/v2\/pages\/2084\/revisions\/3441"}],"wp:attachment":[{"href":"https:\/\/indonesiaecotour.com\/es\/wp-json\/wp\/v2\/media?parent=2084"}],"curies":[{"name":"wp","href":"https:\/\/api.w.org\/{rel}","templated":true}]}}