{"id":2091,"date":"2025-04-28T16:02:55","date_gmt":"2025-04-28T16:02:55","guid":{"rendered":"https:\/\/indonesiaecotour.com\/?page_id=2091"},"modified":"2026-04-14T09:36:03","modified_gmt":"2026-04-14T09:36:03","slug":"cultural-cycling-prambanan","status":"publish","type":"page","link":"https:\/\/indonesiaecotour.com\/es\/cultural-cycling-prambanan\/","title":{"rendered":"How to discover Prambanan on the best Cycling Tour in Yogyakarta"},"content":{"rendered":"<div class=\"wp-block-media-text is-stacked-on-mobile is-image-fill-element\" style=\"padding-bottom:var(--wp--preset--spacing--40)\"><figure class=\"wp-block-media-text__media\"><img fetchpriority=\"high\" decoding=\"async\" width=\"1024\" height=\"683\" src=\"https:\/\/indonesiaecotour.com\/wp-content\/uploads\/2025\/04\/DSC05225-01-EDIT-1024x683.avif\" alt=\"Cycling Tour in Yogyakarta\" class=\"wp-image-2050 size-full\" style=\"object-position:50% 50%\" srcset=\"https:\/\/indonesiaecotour.com\/wp-content\/uploads\/2025\/04\/DSC05225-01-EDIT-1024x683.avif 1024w, https:\/\/indonesiaecotour.com\/wp-content\/uploads\/2025\/04\/DSC05225-01-EDIT-300x200.avif 300w, https:\/\/indonesiaecotour.com\/wp-content\/uploads\/2025\/04\/DSC05225-01-EDIT-768x512.avif 768w, https:\/\/indonesiaecotour.com\/wp-content\/uploads\/2025\/04\/DSC05225-01-EDIT-1536x1024.avif 1536w, https:\/\/indonesiaecotour.com\/wp-content\/uploads\/2025\/04\/DSC05225-01-EDIT-2048x1366.avif 2048w\" sizes=\"(max-width: 1024px) 100vw, 1024px\" \/><\/figure><div class=\"wp-block-media-text__content\">\n<p>Our <strong>Cycling Tour in Yogyakarta<\/strong> starts in the fresh morning air as we ride through peaceful villages and lush rice fields beyond the city. Along the way, we stop for authentic cultural experiences, from visiting a local tofu production house to joining a traditional orchestra and playing Javanese instruments with local musicians.<\/p>\n\n\n\n<p>Our final destination is the breathtaking <strong>Prambanan Temple<\/strong>, the largest Hindu temple complex in Indonesia and a UNESCO World Heritage Site. After exploring the site in the cooler afternoon, we end the day with a traditional buffet dinner and a magical Ramayana theater performance with Prambanan glowing in the background.<\/p>\n\n\n\n<p>A surprising and unforgettable adventure for both kids and adults.<\/p>\n\n\n\n<p>This cycling tour in Yogyakarta is filled with culture, fun, and surprises, a perfect adventure for both children and parents.<audio autoplay=\"\"><\/audio><\/p>\n<\/div><\/div>\n\n\n\n<div class=\"guten-element guten-accordions guten-G5q2nY\">\n<div class=\"accordion-item guten-jgUX4c active\"><div class=\"accordion-heading\"><div class=\"accordion-icon\"><span class=\"accordion-icon-open\"><i class=\"fas fa-minus\"><\/i><\/span><span class=\"accordion-icon-closed\"><i class=\"fas fa-plus\"><\/i><\/span><\/div><span class=\"accordion-text\"><strong>Itinerario<\/strong><\/span><\/div><div class=\"accordion-body\"><div class=\"accordion-content\">\n<p>- Recogida en el hotel (despu\u00e9s del desayuno, sobre las 8.00 h)<\/p>\n\n\n\n<p>- 1 hora en coche hasta el punto de partida<\/p>\n\n\n\n<p>- Comienza nuestra ruta en bicicleta por los pueblos<\/p>\n\n\n\n<p>- Parada en varios lugares tradicionales y culturales<\/p>\n\n\n\n<p>- Comida<\/p>\n\n\n\n<p>- Visita a Prambanan (a pie)<\/p>\n\n\n\n<p>- Cena en el restaurante junto al templo<\/p>\n\n\n\n<p>- Teatro Ramayana junto al restaurante<\/p>\n\n\n\n<p>- Entrega en el hotel (hacia las 22:00)<\/p>\n<\/div><\/div><\/div>\n<\/div>\n\n\n\n<div class=\"guten-element guten-accordions guten-ZO5Alz\">\n<div class=\"accordion-item guten-fNY256\"><div class=\"accordion-heading\"><div class=\"accordion-icon\"><span class=\"accordion-icon-open\"><i class=\"fas fa-minus\"><\/i><\/span><span class=\"accordion-icon-closed\"><i class=\"fas fa-plus\"><\/i><\/span><\/div><span class=\"accordion-text\"><strong><strong>Incluye<\/strong><\/strong><\/span><\/div><div class=\"accordion-body\"><div class=\"accordion-content\">\n<p>- Transportes<\/p>\n\n\n\n<p>- Todas las actividades descritas (incluidas las entradas a Prambanan y Ramayana)<\/p>\n\n\n\n<p>- Agua potable, tentempi\u00e9s, fruta, comida y cena<\/p>\n\n\n\n<p>- Documentaci\u00f3n fotogr\u00e1fica profesional<\/p>\n\n\n\n<p>- Gu\u00eda en neerland\u00e9s e ingl\u00e9s (est\u00e1ndar occidental)<\/p>\n\n\n\n<p>- Enfoque respetuoso con el medio ambiente, en este viaje no se utilizan pl\u00e1sticos de un solo uso<\/p>\n<\/div><\/div><\/div>\n<\/div>\n\n\n\n<div class=\"guten-element guten-accordions guten-QpUQim\">\n<div class=\"accordion-item guten-IvEslA\"><div class=\"accordion-heading\"><div class=\"accordion-icon\"><span class=\"accordion-icon-open\"><i class=\"fas fa-minus\"><\/i><\/span><span class=\"accordion-icon-closed\"><i class=\"fas fa-plus\"><\/i><\/span><\/div><span class=\"accordion-text\"><strong><strong>Excluido<\/strong><\/strong><\/span><\/div><div class=\"accordion-body\"><div class=\"accordion-content\">\n<p>- Bebidas alcoh\u00f3licas y bebidas distintas del agua<\/p>\n\n\n\n<p>- Gastos personales<\/p>\n<\/div><\/div><\/div>\n<\/div>\n\n\n\n<div class=\"guten-element guten-accordions guten-04VOhL\">\n<div class=\"accordion-item guten-9brzgr\"><div class=\"accordion-heading\"><div class=\"accordion-icon\"><span class=\"accordion-icon-open\"><i class=\"fas fa-minus\"><\/i><\/span><span class=\"accordion-icon-closed\"><i class=\"fas fa-plus\"><\/i><\/span><\/div><span class=\"accordion-text\"><strong><strong>Precio<\/strong><\/strong><\/span><\/div><div class=\"accordion-body\"><div class=\"accordion-content\">\n<p>- Precios a partir de <strong>1.900.000 IDR<\/strong> <strong>por persona<\/strong> basado en un <strong>grupo de 4 personas<\/strong><br>(Por favor&nbsp;<a href=\"https:\/\/wa.link\/nl1r35\" target=\"_blank\" rel=\"noreferrer noopener\"><strong>p\u00f3ngase en contacto con nosotros<\/strong><\/a>&nbsp;para otros precios, personalizaciones o preguntas)<\/p>\n<\/div><\/div><\/div>\n<\/div>\n\n\n\n<div class=\"wp-block-cb-carousel\" data-slick=\"{&quot;slidesToShow&quot;:2,&quot;slidesToScroll&quot;:1,&quot;speed&quot;:300,&quot;arrows&quot;:true,&quot;dots&quot;:true,&quot;autoplay&quot;:true,&quot;autoplaySpeed&quot;:2000,&quot;infinite&quot;:true,&quot;responsive&quot;:[{&quot;breakpoint&quot;:769,&quot;settings&quot;:{&quot;slidesToShow&quot;:1,&quot;slidesToScroll&quot;:1}}]}\">\n<div class=\"wp-block-cb-slide\">\n<div class=\"wp-block-gutenverse-image guten-element guten-image guten-BPI5bX\"><div class=\"guten-image-wrapper\"><img decoding=\"async\" class=\"gutenverse-image-box-filled\" src=\"https:\/\/indonesiaecotour.com\/wp-content\/uploads\/2023\/09\/DSC09078-scaled-e1695797175633.jpg\" height=\"1706\" width=\"1706\"\/><\/div><span class=\"guten-caption\">Tiro con arco tradicional javan\u00e9s<\/span><\/div>\n<\/div>\n\n\n\n<div class=\"wp-block-cb-slide\">\n<div class=\"wp-block-gutenverse-image guten-element guten-image guten-wG7z4G\"><div class=\"guten-image-wrapper\"><img decoding=\"async\" class=\"gutenverse-image-box-filled\" src=\"https:\/\/indonesiaecotour.com\/wp-content\/uploads\/2023\/09\/DSC08947-scaled-e1695797199115.jpg\" height=\"1706\" width=\"1706\"\/><\/div><span class=\"guten-caption\">Instrumento tradicional javan\u00e9s Angklung<\/span><\/div>\n<\/div>\n\n\n\n<div class=\"wp-block-cb-slide\">\n<div class=\"wp-block-gutenverse-image guten-element guten-image guten-hnvlvf\"><div class=\"guten-image-wrapper\"><img loading=\"lazy\" decoding=\"async\" class=\"gutenverse-image-box-filled\" src=\"https:\/\/indonesiaecotour.com\/wp-content\/uploads\/2023\/09\/DSC08925-scaled-e1695797224295.jpg\" height=\"1706\" width=\"1706\"\/><\/div><span class=\"guten-caption\">Lugar de producci\u00f3n local de tofu<\/span><\/div>\n<\/div>\n\n\n\n<div class=\"wp-block-cb-slide\">\n<div class=\"wp-block-gutenverse-image guten-element guten-image guten-2RUwNb\"><div class=\"guten-image-wrapper\"><img loading=\"lazy\" decoding=\"async\" class=\"gutenverse-image-box-filled\" src=\"https:\/\/indonesiaecotour.com\/wp-content\/uploads\/2023\/10\/DSC05711-Edit-scaled-e1697188678316.jpg\" height=\"1706\" width=\"1706\"\/><\/div><span class=\"guten-caption\">Espect\u00e1culo Ramayana<\/span><\/div>\n<\/div>\n\n\n\n<div class=\"wp-block-cb-slide\">\n<div class=\"wp-block-gutenverse-image guten-element guten-image guten-D5OdvW\"><div class=\"guten-image-wrapper\"><img loading=\"lazy\" decoding=\"async\" class=\"gutenverse-image-box-filled\" src=\"https:\/\/indonesiaecotour.com\/wp-content\/uploads\/2025\/04\/DSC05225-01-EDIT-scaled.avif\" height=\"1707\" width=\"2560\"\/><\/div><span class=\"guten-caption\">Ciclismo de colores<\/span><\/div>\n<\/div>\n<\/div>\n\n\n\n<div class=\"guten-element guten-button-wrapper guten-kfpUHI\"><a class=\"guten-button guten-button-sm\" href=\"https:\/\/drive.google.com\/file\/d\/1kCJalQwkcSJBUvZChzwaxZcm7PFV8P5v\/view?usp=sharing\" target=\"_blank\" aria-label=\"\" rel=\"noreferrer noopener\"><span> Descargar folleto<\/span><\/a><\/div>\n\n\n\n<div class=\"guten-element guten-button-wrapper guten-uXcmRG\"><a class=\"guten-button guten-button-sm\" href=\"https:\/\/wa.me\/6282137219073\" target=\"_blank\" aria-label=\"\" rel=\"noreferrer noopener\"><i class=\"fa-lg fab fa-whatsapp\"><\/i><span> Contacte con nosotros<\/span><\/a><\/div>\n\n\n\n<p><\/p>","protected":false},"excerpt":{"rendered":"<p>Our Cycling Tour in Yogyakarta starts in the fresh morning air as we ride through peaceful villages and lush rice fields beyond the city. Along the way, we stop for authentic cultural experiences, from visiting a local tofu production house to joining a traditional orchestra and playing Javanese instruments with local musicians. Our final destination [&hellip;]<\/p>","protected":false},"author":1,"featured_media":0,"parent":0,"menu_order":0,"comment_status":"closed","ping_status":"closed","template":"","meta":{"_monsterinsights_skip_tracking":false,"_monsterinsights_sitenote_active":false,"_monsterinsights_sitenote_note":"","_monsterinsights_sitenote_category":0,"footnotes":""},"class_list":["post-2091","page","type-page","status-publish","hentry"],"aioseo_notices":[],"_links":{"self":[{"href":"https:\/\/indonesiaecotour.com\/es\/wp-json\/wp\/v2\/pages\/2091","targetHints":{"allow":["GET"]}}],"collection":[{"href":"https:\/\/indonesiaecotour.com\/es\/wp-json\/wp\/v2\/pages"}],"about":[{"href":"https:\/\/indonesiaecotour.com\/es\/wp-json\/wp\/v2\/types\/page"}],"author":[{"embeddable":true,"href":"https:\/\/indonesiaecotour.com\/es\/wp-json\/wp\/v2\/users\/1"}],"replies":[{"embeddable":true,"href":"https:\/\/indonesiaecotour.com\/es\/wp-json\/wp\/v2\/comments?post=2091"}],"version-history":[{"count":37,"href":"https:\/\/indonesiaecotour.com\/es\/wp-json\/wp\/v2\/pages\/2091\/revisions"}],"predecessor-version":[{"id":3437,"href":"https:\/\/indonesiaecotour.com\/es\/wp-json\/wp\/v2\/pages\/2091\/revisions\/3437"}],"wp:attachment":[{"href":"https:\/\/indonesiaecotour.com\/es\/wp-json\/wp\/v2\/media?parent=2091"}],"curies":[{"name":"wp","href":"https:\/\/api.w.org\/{rel}","templated":true}]}}