{"id":2111,"date":"2025-04-28T16:18:54","date_gmt":"2025-04-28T16:18:54","guid":{"rendered":"https:\/\/indonesiaecotour.com\/?page_id=2111"},"modified":"2026-04-12T12:53:08","modified_gmt":"2026-04-12T12:53:08","slug":"wild-east-java","status":"publish","type":"page","link":"https:\/\/indonesiaecotour.com\/es\/wild-east-java\/","title":{"rendered":"La aventura definitiva por la vida salvaje de Java Oriental en 3 d\u00edas \u00e9picos"},"content":{"rendered":"<div class=\"wp-block-media-text is-stacked-on-mobile is-image-fill-element\" style=\"padding-top:0;padding-bottom:var(--wp--preset--spacing--40)\"><figure class=\"wp-block-media-text__media\"><img fetchpriority=\"high\" decoding=\"async\" width=\"1024\" height=\"683\" src=\"https:\/\/indonesiaecotour.com\/wp-content\/uploads\/2023\/09\/DSC00002-1024x683.jpg\" alt=\"East Java wildlife adventure\" class=\"wp-image-1075 size-full\" style=\"object-position:50% 50%\" srcset=\"https:\/\/indonesiaecotour.com\/wp-content\/uploads\/2023\/09\/DSC00002-1024x683.jpg 1024w, https:\/\/indonesiaecotour.com\/wp-content\/uploads\/2023\/09\/DSC00002-300x200.jpg 300w, https:\/\/indonesiaecotour.com\/wp-content\/uploads\/2023\/09\/DSC00002-768x512.jpg 768w, https:\/\/indonesiaecotour.com\/wp-content\/uploads\/2023\/09\/DSC00002-1536x1025.jpg 1536w, https:\/\/indonesiaecotour.com\/wp-content\/uploads\/2023\/09\/DSC00002-2048x1366.jpg 2048w\" sizes=\"(max-width: 1024px) 100vw, 1024px\" \/><\/figure><div class=\"wp-block-media-text__content\">\n<p>En este viaje de varios d\u00edas exploraremos Java Oriental saliendo de Yogyakarta para vivir una experiencia inolvidable. <strong>Aventura en la naturaleza de Java Oriental<\/strong>. Tras un viaje nocturno en tren, llegamos a la parte m\u00e1s oriental de la isla, listos para sumergirnos en paisajes \u00e9picos y experiencias locales \u00fanicas. \u00bfHa explorado alguna vez un parque nacional lleno de animales salvajes en bicicleta? Esta es su oportunidad. Pedalearemos por la sabana, avistando animales salvajes por el camino, antes de atarnos las zapatillas para enfrentarnos al equipo de f\u00fatbol local. Despu\u00e9s, nos vamos a dormir temprano, porque lo realmente emocionante comienza pasada la medianoche. Subimos a un volc\u00e1n en la oscuridad y llegamos a la cima justo a tiempo para ver el amanecer por encima de las nubes. Un momento m\u00e1gico que nunca olvidar\u00e1.<\/p>\n<\/div><\/div>\n\n\n\n<div class=\"guten-element guten-accordions guten-qvSefl\">\n<div class=\"accordion-item guten-uMN6Ez active\"><div class=\"accordion-heading\"><div class=\"accordion-icon\"><span class=\"accordion-icon-open\"><i class=\"fas fa-minus\"><\/i><\/span><span class=\"accordion-icon-closed\"><i class=\"fas fa-plus\"><\/i><\/span><\/div><span class=\"accordion-text\">Itinerario<\/span><\/div><div class=\"accordion-body\"><div class=\"accordion-content\">\n<p><strong>Primer d\u00eda:<\/strong><\/p>\n\n\n\n<p>- Tome el tren nocturno de Yogyakarta a Banyuwangi (11 horas) para comenzar su viaje. <strong>Aventura en la naturaleza de Java Oriental<\/strong><\/p>\n\n\n\n<p><strong>D\u00eda 2:<\/strong><\/p>\n\n\n\n<p>- Llegada a Banyuwangi a las 5.30 h.<\/p>\n\n\n\n<p>- Registro en el hotel y descanso<\/p>\n\n\n\n<p>- Despu\u00e9s del almuerzo, 1,5 horas en coche hasta el parque nacional<\/p>\n\n\n\n<p>- Recorra el parque en bicicleta mientras observa animales salvajes<\/p>\n\n\n\n<p>- Cena real en la playa<\/p>\n\n\n\n<p>- Regreso al hotel<\/p>\n\n\n\n<p><strong>D\u00eda 3:<\/strong><\/p>\n\n\n\n<p>- Visita a pie de un parque monumental cercano despu\u00e9s del desayuno<\/p>\n\n\n\n<p>- Comida<\/p>\n\n\n\n<p>- Visitar una cascada cercana<\/p>\n\n\n\n<p>- Jugar al f\u00fatbol con el equipo local<\/p>\n\n\n\n<p>- La cena<\/p>\n\n\n\n<p>- Regreso a nuestro hotel y dormir temprano<\/p>\n\n\n\n<p><strong>D\u00eda 4:<\/strong><\/p>\n\n\n\n<p>- Levantarse a las 12:30 y subir en coche al volc\u00e1n<\/p>\n\n\n\n<p>- Subida (1,5h) y bajada al cr\u00e1ter para ver el fuego azul<\/p>\n\n\n\n<p>- Contemple el amanecer mientras disfruta de un delicioso desayuno<\/p>\n\n\n\n<p>- Regreso al hotel<\/p>\n\n\n\n<p>- \u00a1Descansa!<\/p>\n\n\n\n<p>- Barbacoa final<\/p>\n\n\n\n<p><strong>D\u00eda 5:<\/strong><\/p>\n\n\n\n<p>- Despu\u00e9s del desayuno podemos cruzar a Bali y continuar all\u00ed o dejarle<\/p>\n\n\n\n<p>en su hotel (dependiendo de la zona de Bali)<\/p>\n\n\n\n<p>- Si necesitas volver a Yogyakarta, cogemos el tren de vuelta a Yogyakarta.<\/p>\n<\/div><\/div><\/div>\n<\/div>\n\n\n\n<div class=\"guten-element guten-accordions guten-GumkzW\">\n<div class=\"accordion-item guten-VIfr6v\"><div class=\"accordion-heading\"><div class=\"accordion-icon\"><span class=\"accordion-icon-open\"><i class=\"fas fa-minus\"><\/i><\/span><span class=\"accordion-icon-closed\"><i class=\"fas fa-plus\"><\/i><\/span><\/div><span class=\"accordion-text\">Incluye<\/span><\/div><div class=\"accordion-body\"><div class=\"accordion-content\">\n<p>- Transportes<\/p>\n\n\n\n<p>- Alojamiento (3 noches)<\/p>\n\n\n\n<p>- Todas las actividades descritas<\/p>\n\n\n\n<p>- Agua potable, tentempi\u00e9s, fruta, almuerzo (d\u00edas 2, 3, 4), cena (d\u00edas 2, 3, 4)<\/p>\n\n\n\n<p>- Documentaci\u00f3n fotogr\u00e1fica profesional<\/p>\n\n\n\n<p>- Gu\u00eda en neerland\u00e9s e ingl\u00e9s (est\u00e1ndar occidental)<\/p>\n\n\n\n<p>- Enfoque respetuoso con el medio ambiente, apoyo a las ONG locales, en este viaje no se utilizan pl\u00e1sticos de un solo uso.<\/p>\n<\/div><\/div><\/div>\n<\/div>\n\n\n\n<div class=\"guten-element guten-accordions guten-akLwCr\">\n<div class=\"accordion-item guten-W372kY\"><div class=\"accordion-heading\"><div class=\"accordion-icon\"><span class=\"accordion-icon-open\"><i class=\"fas fa-minus\"><\/i><\/span><span class=\"accordion-icon-closed\"><i class=\"fas fa-plus\"><\/i><\/span><\/div><span class=\"accordion-text\">Excluido<\/span><\/div><div class=\"accordion-body\"><div class=\"accordion-content\">\n<p>- Bebidas alcoh\u00f3licas y bebidas distintas del agua<\/p>\n\n\n\n<p>- Gastos personales<\/p>\n<\/div><\/div><\/div>\n<\/div>\n\n\n\n<div class=\"guten-element guten-accordions guten-YWPNoW\">\n<div class=\"accordion-item guten-YsJj2Z\"><div class=\"accordion-heading\"><div class=\"accordion-icon\"><span class=\"accordion-icon-open\"><i class=\"fas fa-minus\"><\/i><\/span><span class=\"accordion-icon-closed\"><i class=\"fas fa-plus\"><\/i><\/span><\/div><span class=\"accordion-text\">Precio<\/span><\/div><div class=\"accordion-body\"><div class=\"accordion-content\">\n<p>- Precios a partir de <strong>7.900.000 IDR<\/strong> <strong>por persona<\/strong> basado en un <strong>grupo de 4 saliendo de Yogyakarta<\/strong><br>(Por favor&nbsp;<a href=\"https:\/\/wa.link\/nl1r35\" target=\"_blank\" rel=\"noreferrer noopener\"><strong>p\u00f3ngase en contacto con nosotros<\/strong><\/a>&nbsp;para otros precios, personalizaciones o preguntas)<\/p>\n<\/div><\/div><\/div>\n<\/div>\n\n\n\n<div class=\"wp-block-cb-carousel\" data-slick=\"{&quot;slidesToShow&quot;:2,&quot;slidesToScroll&quot;:1,&quot;speed&quot;:500,&quot;arrows&quot;:true,&quot;dots&quot;:true,&quot;autoplay&quot;:true,&quot;autoplaySpeed&quot;:2000,&quot;infinite&quot;:true,&quot;responsive&quot;:[{&quot;breakpoint&quot;:769,&quot;settings&quot;:{&quot;slidesToShow&quot;:1,&quot;slidesToScroll&quot;:1}}]}\">\n<div class=\"wp-block-cb-slide\">\n<div class=\"wp-block-gutenverse-image guten-element guten-image guten-1SYEf2\"><div class=\"guten-image-wrapper\"><img decoding=\"async\" class=\"gutenverse-image-box-filled\" src=\"https:\/\/indonesiaecotour.com\/wp-content\/uploads\/2023\/10\/DSC09876-scaled.jpg\" height=\"1708\" width=\"2560\"\/><\/div><span class=\"guten-caption\">Ciervo de Java<\/span><\/div>\n<\/div>\n\n\n\n<div class=\"wp-block-cb-slide\">\n<div class=\"wp-block-gutenverse-image guten-element guten-image guten-SiVRcU\"><div class=\"guten-image-wrapper\"><img decoding=\"async\" class=\"gutenverse-image-box-filled\" src=\"https:\/\/indonesiaecotour.com\/wp-content\/uploads\/2023\/10\/DSC09885-Edit-scaled.jpg\" height=\"2560\" width=\"2560\"\/><\/div><span class=\"guten-caption\">C\u00e1lao oriental<\/span><\/div>\n<\/div>\n\n\n\n<div class=\"wp-block-cb-slide\">\n<div class=\"wp-block-gutenverse-image guten-element guten-image guten-zX3u3t\"><div class=\"guten-image-wrapper\"><img loading=\"lazy\" decoding=\"async\" class=\"gutenverse-image-box-filled\" src=\"https:\/\/indonesiaecotour.com\/wp-content\/uploads\/2023\/10\/DSC09927-scaled.jpg\" height=\"1708\" width=\"2560\"\/><\/div><span class=\"guten-caption\">Playa tropical<\/span><\/div>\n<\/div>\n\n\n\n<div class=\"wp-block-cb-slide\">\n<div class=\"wp-block-gutenverse-image guten-element guten-image guten-NwR1ws\"><div class=\"guten-image-wrapper\"><img loading=\"lazy\" decoding=\"async\" class=\"gutenverse-image-box-filled\" src=\"https:\/\/indonesiaecotour.com\/wp-content\/uploads\/2023\/10\/DSC00006-Edit-scaled-e1696134127117.jpg\" height=\"1706\" width=\"1706\" alt=\"\"\/><\/div><span class=\"guten-caption\">En bicicleta por la selva<\/span><\/div>\n<\/div>\n\n\n\n<div class=\"wp-block-cb-slide\">\n<div class=\"wp-block-gutenverse-image guten-element guten-image guten-OS1YVC\"><div class=\"guten-image-wrapper\"><img loading=\"lazy\" decoding=\"async\" class=\"gutenverse-image-box-filled\" src=\"https:\/\/indonesiaecotour.com\/wp-content\/uploads\/2023\/10\/IMG_20230811_0552012-scaled-e1697608145323.jpg\" height=\"1898\" width=\"1898\"\/><\/div><span class=\"guten-caption\">Gloria Matutina<\/span><\/div>\n<\/div>\n\n\n\n<div class=\"wp-block-cb-slide\">\n<div class=\"wp-block-gutenverse-image guten-element guten-image guten-pzLMiH\"><div class=\"guten-image-wrapper\"><img loading=\"lazy\" decoding=\"async\" class=\"gutenverse-image-box-filled\" src=\"https:\/\/indonesiaecotour.com\/wp-content\/uploads\/2023\/10\/DSC00185-HDR-Edit-scaled-e1697608273360.jpg\" height=\"1706\" width=\"1706\"\/><\/div><span class=\"guten-caption\">Amanecer m\u00e1gico<\/span><\/div>\n<\/div>\n<\/div>\n\n\n\n<div class=\"guten-element guten-button-wrapper guten-kfpUHI\"><a class=\"guten-button guten-button-sm\" href=\"https:\/\/drive.google.com\/file\/d\/1kCJalQwkcSJBUvZChzwaxZcm7PFV8P5v\/view?usp=sharing\" target=\"_blank\" aria-label=\"\" rel=\"noreferrer noopener\"><span> Descargar folleto<\/span><\/a><\/div>\n\n\n\n<div class=\"guten-element guten-button-wrapper guten-uXcmRG\"><a class=\"guten-button guten-button-sm\" href=\"https:\/\/wa.me\/6282137219073\" target=\"_blank\" aria-label=\"\" rel=\"noreferrer noopener\"><i class=\"fa-lg fab fa-whatsapp\"><\/i><span> Contacte con nosotros<\/span><\/a><\/div>","protected":false},"excerpt":{"rendered":"<p>On this multi-day trip, we explore East Java departing from Yogyakarta for an unforgettable East Java wildlife adventure. After an overnight train ride, we arrive in the easternmost part of the island, ready to dive into epic landscapes and unique local experiences. Have you ever explored a national park filled with wild animals by bicycle? [&hellip;]<\/p>","protected":false},"author":1,"featured_media":0,"parent":0,"menu_order":0,"comment_status":"closed","ping_status":"closed","template":"","meta":{"_monsterinsights_skip_tracking":false,"_monsterinsights_sitenote_active":false,"_monsterinsights_sitenote_note":"","_monsterinsights_sitenote_category":0,"footnotes":""},"class_list":["post-2111","page","type-page","status-publish","hentry"],"aioseo_notices":[],"_links":{"self":[{"href":"https:\/\/indonesiaecotour.com\/es\/wp-json\/wp\/v2\/pages\/2111","targetHints":{"allow":["GET"]}}],"collection":[{"href":"https:\/\/indonesiaecotour.com\/es\/wp-json\/wp\/v2\/pages"}],"about":[{"href":"https:\/\/indonesiaecotour.com\/es\/wp-json\/wp\/v2\/types\/page"}],"author":[{"embeddable":true,"href":"https:\/\/indonesiaecotour.com\/es\/wp-json\/wp\/v2\/users\/1"}],"replies":[{"embeddable":true,"href":"https:\/\/indonesiaecotour.com\/es\/wp-json\/wp\/v2\/comments?post=2111"}],"version-history":[{"count":24,"href":"https:\/\/indonesiaecotour.com\/es\/wp-json\/wp\/v2\/pages\/2111\/revisions"}],"predecessor-version":[{"id":3421,"href":"https:\/\/indonesiaecotour.com\/es\/wp-json\/wp\/v2\/pages\/2111\/revisions\/3421"}],"wp:attachment":[{"href":"https:\/\/indonesiaecotour.com\/es\/wp-json\/wp\/v2\/media?parent=2111"}],"curies":[{"name":"wp","href":"https:\/\/api.w.org\/{rel}","templated":true}]}}