{"id":290,"date":"2023-09-25T08:22:53","date_gmt":"2023-09-25T08:22:53","guid":{"rendered":"https:\/\/indonesiaecotour.com\/?page_id=290"},"modified":"2025-05-28T15:54:48","modified_gmt":"2025-05-28T15:54:48","slug":"eco-tourism-sustainability","status":"publish","type":"page","link":"https:\/\/indonesiaecotour.com\/es\/eco-tourism-sustainability\/","title":{"rendered":"Ecoturismo y sostenibilidad"},"content":{"rendered":"<div class=\"wp-block-media-text has-media-on-the-right is-stacked-on-mobile is-image-fill-element\"><div class=\"wp-block-media-text__content\">\n<p>\u00bfQu\u00e9 significa para nosotros \"ecoturismo\"?<br><br>La palabra ecoturismo se utiliza en todo el mundo en muchos sentidos diferentes. A veces de forma correcta, pero m\u00e1s a menudo no...<\/p>\n\n\n\n<p>Entendemos por ecoturismo no s\u00f3lo el turismo que se desarrolla en un entorno natural, sino tambi\u00e9n el respeto por el medio en el que nos adentramos. Puede tratarse de bosques u oc\u00e9anos, pero tambi\u00e9n de comunidades locales o pueblos tradicionales. Cada nuevo lugar al que viajamos tiene que ser comprendido a trav\u00e9s del conocimiento local y respetado antes incluso de que pongamos un pie en el suelo. Todas las actividades de nuestros viajes se seleccionan teniendo en cuenta estos valores. Respetamos y conocemos los lugares que visitamos y, adem\u00e1s, s\u00f3lo dejamos huellas. No generamos basura adicional y, desde luego, no la dejamos en el lugar que visitamos. Creemos que esta deber\u00eda convertirse en la nueva forma de viajar para ayudar a combatir la contaminaci\u00f3n mundial por pl\u00e1stico y crear viajes m\u00e1s sostenibles. El sector tur\u00edstico es uno de los principales contaminadores de pl\u00e1stico y esta es nuestra modesta forma de hacer algo al respecto desde nuestro lado.<\/p>\n\n\n\n<p><\/p>\n<\/div><figure class=\"wp-block-media-text__media\"><img fetchpriority=\"high\" decoding=\"async\" width=\"600\" height=\"400\" src=\"https:\/\/indonesiaecotour.com\/wp-content\/uploads\/2023\/10\/filling-water-bottle_800px_grande.webp\" alt=\"\" class=\"wp-image-1667 size-full\" style=\"object-position:72% 48%\" srcset=\"https:\/\/indonesiaecotour.com\/wp-content\/uploads\/2023\/10\/filling-water-bottle_800px_grande.webp 600w, https:\/\/indonesiaecotour.com\/wp-content\/uploads\/2023\/10\/filling-water-bottle_800px_grande-300x200.webp 300w\" sizes=\"(max-width: 600px) 100vw, 600px\" \/><\/figure><\/div>\n\n\n\n<div class=\"wp-block-media-text is-stacked-on-mobile is-image-fill-element\"><figure class=\"wp-block-media-text__media\"><img decoding=\"async\" width=\"1024\" height=\"769\" src=\"https:\/\/indonesiaecotour.com\/wp-content\/uploads\/2023\/09\/IMG_20230609_091557-1-1024x769.jpg\" alt=\"\" class=\"wp-image-269 size-full\" style=\"object-position:42% 45%\" srcset=\"https:\/\/indonesiaecotour.com\/wp-content\/uploads\/2023\/09\/IMG_20230609_091557-1-1024x769.jpg 1024w, https:\/\/indonesiaecotour.com\/wp-content\/uploads\/2023\/09\/IMG_20230609_091557-1-300x225.jpg 300w, https:\/\/indonesiaecotour.com\/wp-content\/uploads\/2023\/09\/IMG_20230609_091557-1-768x577.jpg 768w, https:\/\/indonesiaecotour.com\/wp-content\/uploads\/2023\/09\/IMG_20230609_091557-1-1536x1153.jpg 1536w, https:\/\/indonesiaecotour.com\/wp-content\/uploads\/2023\/09\/IMG_20230609_091557-1-2048x1538.jpg 2048w\" sizes=\"(max-width: 1024px) 100vw, 1024px\" \/><\/figure><div class=\"wp-block-media-text__content\">\n<p>\u00bfPor qu\u00e9 es perjudicial el pl\u00e1stico?<br><br>El pl\u00e1stico es perjudicial para todos los seres vivos del planeta, por lo que tenemos que empezar a actuar y cambiar el modo en que la humanidad utiliza (mal) el pl\u00e1stico. En Indonesia casi no existen normas para evitar o reciclar el pl\u00e1stico, as\u00ed que tenemos que actuar nosotros mismos. Con estos valores en mente, queremos hacer que los viajes sean m\u00e1s respetuosos con el medio ambiente y tambi\u00e9n motivar a la poblaci\u00f3n local para que deje de proporcionar pl\u00e1stico a los turistas.<\/p>\n<\/div><\/div>\n\n\n\n<p><br><strong>\u00bfC\u00f3mo podemos hacer que nuestras experiencias sean m\u00e1s sostenibles?<\/strong><\/p>\n\n\n\n<ul class=\"wp-block-list\">\n<li><strong><span style=\"text-decoration: underline;\">Minimizar los residuos (evitar envases, utilizar envases reutilizables para alimentos):<\/span><\/strong><br>- Evitar los hoteles con contaminaci\u00f3n por pl\u00e1sticos (botellas de pl\u00e1stico y otros servicios que no pedimos).<br>- Proporcionamos agua potable en botellas grandes reciclables (20L). Siempre pedimos a nuestros hu\u00e9spedes que traigan sus propias botellas.<br>- Evita los cubiertos de pl\u00e1stico, las pajitas y otras posibles basuras en restaurantes y cafeter\u00edas.<br>- Siempre llevamos nuestros propios envases de comida por si hay que comprar algo y necesitamos evitar el pl\u00e1stico que da el vendedor.<br>- Apoyamos y colaboramos con organizaciones que luchan localmente contra la contaminaci\u00f3n por pl\u00e1sticos.<\/li>\n<\/ul>\n\n\n\n<ul class=\"wp-block-list\">\n<li><strong><span style=\"text-decoration: underline;\">Educar a los hu\u00e9spedes sobre el medio ambiente a trav\u00e9s de nuestras actividades:<\/span><\/strong><br>- Informamos a nuestros hu\u00e9spedes sobre la situaci\u00f3n de la basura en Indonesia y les explicamos c\u00f3mo pueden reducirla ellos mismos.<\/li>\n<\/ul>\n\n\n\n<ul class=\"wp-block-list\">\n<li><strong><span style=\"text-decoration: underline;\">Colaborar con ONG locales activas en la conservaci\u00f3n de la naturaleza, la gesti\u00f3n de residuos y acciones humanitarias:<\/span><\/strong><br>- SwaraOwa (conservaci\u00f3n de primates)<br>- Gardu Action (acci\u00f3n humanitaria)<br>- SokoIndigo (comunidad textil de tintes naturales)<br>- Jatimulyo y Purwosari (conservaci\u00f3n de aves)<\/li>\n<\/ul>\n\n\n\n<ul class=\"wp-block-list\">\n<li><span style=\"text-decoration: underline;\"><strong>Siempre que sea posible, utilice el transporte p\u00fablico:<\/strong><br><\/span>- Siempre que podemos cogemos el tren. Los trenes de Java son muy c\u00f3modos y es la \u00fanica isla de Indonesia que tiene una red ferroviaria tan decente.<\/li>\n<\/ul>\n\n\n\n<ul class=\"wp-block-list\">\n<li><span style=\"text-decoration: underline;\"><strong>Trabajar con socios locales, incluidos gu\u00edas, restaurantes, servicio de catering, casas de hu\u00e9spedes, servicio de transporte::<\/strong><br><\/span>- Recurrimos a socios locales y hacemos de puente entre sus servicios y las expectativas de nuestros hu\u00e9spedes.<\/li>\n<\/ul>\n\n\n\n<ul class=\"wp-block-list\">\n<li><span style=\"text-decoration: underline;\"><strong>Introducir la sabidur\u00eda local que una vez fueron los principios de vivir en sinton\u00eda con la naturaleza:<br><\/strong><\/span>- Ofrezca actividades que profundicen realmente en la historia del lugar, donde algunos saberes locales est\u00e1n realmente aislados y ya no se difunden p\u00fablicamente. <\/li>\n<\/ul>\n\n\n\n<ul class=\"wp-block-list\">\n<li><span style=\"text-decoration: underline;\"><strong>Evitar el turismo de masas y centrarse en las \"joyas ocultas\"<\/strong><br><\/span>- intentamos mantenernos alejados de la ruta tur\u00edstica siempre que podemos. Obviamente, esto no siempre es posible, pero cuando nos unimos a las actividades tur\u00edsticas las hacemos especiales e inolvidables para usted.<\/li>\n<\/ul>\n\n\n\n<p><\/p>","protected":false},"excerpt":{"rendered":"<p>What &#8220;eco-tourism&#8221; means to us? The word eco-tourism is used around the world in many different senses. Sometimes in a correct way but more often not\u2026 We find that eco-tourism is not only tourism that takes place in a natural environment but it is also respecting the environment that we are entering. It can be [&hellip;]<\/p>","protected":false},"author":1,"featured_media":0,"parent":0,"menu_order":0,"comment_status":"closed","ping_status":"closed","template":"","meta":{"footnotes":""},"class_list":["post-290","page","type-page","status-publish","hentry"],"_links":{"self":[{"href":"https:\/\/indonesiaecotour.com\/es\/wp-json\/wp\/v2\/pages\/290","targetHints":{"allow":["GET"]}}],"collection":[{"href":"https:\/\/indonesiaecotour.com\/es\/wp-json\/wp\/v2\/pages"}],"about":[{"href":"https:\/\/indonesiaecotour.com\/es\/wp-json\/wp\/v2\/types\/page"}],"author":[{"embeddable":true,"href":"https:\/\/indonesiaecotour.com\/es\/wp-json\/wp\/v2\/users\/1"}],"replies":[{"embeddable":true,"href":"https:\/\/indonesiaecotour.com\/es\/wp-json\/wp\/v2\/comments?post=290"}],"version-history":[{"count":35,"href":"https:\/\/indonesiaecotour.com\/es\/wp-json\/wp\/v2\/pages\/290\/revisions"}],"predecessor-version":[{"id":2976,"href":"https:\/\/indonesiaecotour.com\/es\/wp-json\/wp\/v2\/pages\/290\/revisions\/2976"}],"wp:attachment":[{"href":"https:\/\/indonesiaecotour.com\/es\/wp-json\/wp\/v2\/media?parent=290"}],"curies":[{"name":"wp","href":"https:\/\/api.w.org\/{rel}","templated":true}]}}