{"id":3057,"date":"2025-09-05T03:28:53","date_gmt":"2025-09-05T03:28:53","guid":{"rendered":"https:\/\/indonesiaecotour.com\/?page_id=3057"},"modified":"2025-09-05T04:20:54","modified_gmt":"2025-09-05T04:20:54","slug":"merapi-lava-sensation","status":"publish","type":"page","link":"https:\/\/indonesiaecotour.com\/es\/merapi-lava-sensation\/","title":{"rendered":"Sensaci\u00f3n de lava Merapi"},"content":{"rendered":"<div class=\"wp-block-media-text is-stacked-on-mobile is-image-fill-element\" style=\"padding-bottom:var(--wp--preset--spacing--40)\"><figure class=\"wp-block-media-text__media\"><img fetchpriority=\"high\" decoding=\"async\" width=\"1024\" height=\"683\" src=\"https:\/\/indonesiaecotour.com\/wp-content\/uploads\/2025\/09\/JCL03859-Edit-1024x683.avif\" alt=\"\" class=\"wp-image-3059 size-full\" style=\"object-position:50% 50%\" srcset=\"https:\/\/indonesiaecotour.com\/wp-content\/uploads\/2025\/09\/JCL03859-Edit-1024x683.avif 1024w, https:\/\/indonesiaecotour.com\/wp-content\/uploads\/2025\/09\/JCL03859-Edit-300x200.avif 300w, https:\/\/indonesiaecotour.com\/wp-content\/uploads\/2025\/09\/JCL03859-Edit-768x512.avif 768w, https:\/\/indonesiaecotour.com\/wp-content\/uploads\/2025\/09\/JCL03859-Edit-1536x1025.avif 1536w, https:\/\/indonesiaecotour.com\/wp-content\/uploads\/2025\/09\/JCL03859-Edit-2048x1366.avif 2048w\" sizes=\"(max-width: 1024px) 100vw, 1024px\" \/><\/figure><div class=\"wp-block-media-text__content\">\n<p>Le recogeremos en su hotel despu\u00e9s de la cena y nos dirigiremos al norte de la ciudad, donde hay varios miradores del volc\u00e1n Merapi. Elegimos el mejor mirador en funci\u00f3n de las condiciones meteorol\u00f3gicas del momento y nos instalamos frente al volc\u00e1n para observar las erupciones mientras tomamos una bebida (caliente) y un tentempi\u00e9. Por lo general, las erupciones se producen varias veces cada hora, pero no est\u00e1 garantizado. Aumentaremos nuestras posibilidades si nos quedamos all\u00ed varias horas para ver salir la lava del volc\u00e1n activo. Tambi\u00e9n podemos ver primero la puesta de sol y esperar a que la lava se haga visible. O podemos ir m\u00e1s tarde por la noche y quedarnos hasta el amanecer.<\/p>\n<\/div><\/div>\n\n\n\n<div class=\"guten-element guten-accordions guten-G5q2nY\">\n<div class=\"accordion-item guten-jgUX4c active\"><div class=\"accordion-heading\"><div class=\"accordion-icon\"><span class=\"accordion-icon-open\"><i class=\"fas fa-minus\"><\/i><\/span><span class=\"accordion-icon-closed\"><i class=\"fas fa-plus\"><\/i><\/span><\/div><span class=\"accordion-text\"><strong>Itinerario<\/strong><\/span><\/div><div class=\"accordion-body\"><div class=\"accordion-content\">\n<p><strong>Lava<\/strong> <strong>paquete<\/strong>:<br>- Recogida en el hotel (despu\u00e9s de cenar, sobre las 20.00 horas)<\/p>\n\n\n\n<p>- 1 hora en coche hasta el mirador (dependiendo de la ubicaci\u00f3n de su hotel)<\/p>\n\n\n\n<p>- Ponte c\u00f3modo y espera a que aparezca la lava<\/p>\n\n\n\n<p>- Ofrecemos bebidas (calientes) y aperitivos tradicionales<\/p>\n\n\n\n<p>- Nos quedamos todo el tiempo que quieras, pero el objetivo es volver al hotel hacia medianoche (depende de cu\u00e1ndo aparezca la lava).<\/p>\n\n\n\n<p>- Entrega en el hotel (hacia las 12 h)<br><br><strong>Puesta de sol<\/strong> <strong>paquete<\/strong>:<br>- Recogida en el hotel (sobre las 16.00 horas)<\/p>\n\n\n\n<p>- 1 hora en coche hasta el mirador (dependiendo de la ubicaci\u00f3n de su hotel)<\/p>\n\n\n\n<p>- Ponte c\u00f3modo y espera la puesta de sol seguida de la lava<\/p>\n\n\n\n<p>- Ofrecemos bebidas (calientes) y aperitivos tradicionales<\/p>\n\n\n\n<p>- Nos quedamos todo el tiempo que quieras, pero el objetivo es volver al hotel antes de medianoche (depende de cu\u00e1ndo aparezca la lava).<\/p>\n\n\n\n<p>- Entrega en el hotel (antes de las 12 h)<br><br><strong>Amanecer<\/strong> <strong>paquete<\/strong>:<br>- Recogida en el hotel (sobre las 22.00 horas)<\/p>\n\n\n\n<p>- 1 hora en coche hasta el mirador (dependiendo de la ubicaci\u00f3n de su hotel)<\/p>\n\n\n\n<p>- Ponte c\u00f3modo y espera a la lava seguida de la salida del sol (alrededor de las 5 de la ma\u00f1ana).<\/p>\n\n\n\n<p>- Proporcionamos bebidas (calientes) y aperitivos tradicionales. <\/p>\n\n\n\n<p>- Nos quedamos todo el tiempo que quieras, pero el objetivo es volver al hotel despu\u00e9s del amanecer.<\/p>\n\n\n\n<p>- Traslado al hotel (sobre las 6.30 h)<\/p>\n<\/div><\/div><\/div>\n<\/div>\n\n\n\n<div class=\"guten-element guten-accordions guten-ZO5Alz\">\n<div class=\"accordion-item guten-fNY256\"><div class=\"accordion-heading\"><div class=\"accordion-icon\"><span class=\"accordion-icon-open\"><i class=\"fas fa-minus\"><\/i><\/span><span class=\"accordion-icon-closed\"><i class=\"fas fa-plus\"><\/i><\/span><\/div><span class=\"accordion-text\"><strong><strong>Incluye<\/strong><\/strong><\/span><\/div><div class=\"accordion-body\"><div class=\"accordion-content\">\n<p>- Transportes<\/p>\n\n\n\n<p>- Todas las actividades descritas<\/p>\n\n\n\n<p>- Agua potable (reposici\u00f3n) y tentempi\u00e9s<\/p>\n\n\n\n<p>- Documentaci\u00f3n fotogr\u00e1fica profesional<\/p>\n\n\n\n<p>- Gu\u00eda en neerland\u00e9s e ingl\u00e9s (est\u00e1ndar occidental)<\/p>\n\n\n\n<p>- Enfoque respetuoso con el medio ambiente, en este viaje no se utilizan pl\u00e1sticos de un solo uso<\/p>\n<\/div><\/div><\/div>\n<\/div>\n\n\n\n<div class=\"guten-element guten-accordions guten-QpUQim\">\n<div class=\"accordion-item guten-IvEslA\"><div class=\"accordion-heading\"><div class=\"accordion-icon\"><span class=\"accordion-icon-open\"><i class=\"fas fa-minus\"><\/i><\/span><span class=\"accordion-icon-closed\"><i class=\"fas fa-plus\"><\/i><\/span><\/div><span class=\"accordion-text\"><strong><strong>Excluido<\/strong><\/strong><\/span><\/div><div class=\"accordion-body\"><div class=\"accordion-content\">\n<p>- Bebidas alcoh\u00f3licas y bebidas distintas del agua<\/p>\n\n\n\n<p>- Gastos personales<\/p>\n<\/div><\/div><\/div>\n<\/div>\n\n\n\n<div class=\"guten-element guten-accordions guten-04VOhL\">\n<div class=\"accordion-item guten-9brzgr\"><div class=\"accordion-heading\"><div class=\"accordion-icon\"><span class=\"accordion-icon-open\"><i class=\"fas fa-minus\"><\/i><\/span><span class=\"accordion-icon-closed\"><i class=\"fas fa-plus\"><\/i><\/span><\/div><span class=\"accordion-text\"><strong><strong>Precio<\/strong><\/strong><\/span><\/div><div class=\"accordion-body\"><div class=\"accordion-content\">\n<p>- Los precios dependen de lo que <strong>paquete<\/strong> que elija y el <strong>tama\u00f1o del grupo<\/strong>.<br>Por lo tanto, por favor <a href=\"https:\/\/wa.link\/nl1r35\" target=\"_blank\" rel=\"noreferrer noopener\"><strong>p\u00f3ngase en contacto con nosotros<\/strong><\/a> con los detalles necesarios y le enviaremos nuestros precios.<\/p>\n<\/div><\/div><\/div>\n<\/div>\n\n\n\n<div class=\"wp-block-cb-carousel\" data-slick=\"{&quot;slidesToShow&quot;:2,&quot;slidesToScroll&quot;:1,&quot;speed&quot;:300,&quot;arrows&quot;:true,&quot;dots&quot;:true,&quot;autoplay&quot;:true,&quot;autoplaySpeed&quot;:2000,&quot;infinite&quot;:true,&quot;responsive&quot;:[{&quot;breakpoint&quot;:769,&quot;settings&quot;:{&quot;slidesToShow&quot;:1,&quot;slidesToScroll&quot;:1}}]}\">\n<div class=\"wp-block-cb-slide\">\n<div class=\"wp-block-gutenverse-image guten-element guten-image guten-BPI5bX\"><div class=\"guten-image-wrapper\"><img decoding=\"async\" class=\"gutenverse-image-box-filled\" src=\"https:\/\/indonesiaecotour.com\/wp-content\/uploads\/2025\/09\/JCL03846-Edit-scaled.avif\" height=\"2560\" width=\"1708\"\/><\/div><span class=\"guten-caption\">Comienzo de la erupci\u00f3n de lava<\/span><\/div>\n<\/div>\n\n\n\n<div class=\"wp-block-cb-slide\">\n<div class=\"wp-block-gutenverse-image guten-element guten-image guten-wG7z4G\"><div class=\"guten-image-wrapper\"><img decoding=\"async\" class=\"gutenverse-image-box-filled\" src=\"https:\/\/indonesiaecotour.com\/wp-content\/uploads\/2025\/09\/JCL03868-Edit-scaled.avif\" height=\"1708\" width=\"2560\"\/><\/div><span class=\"guten-caption\">Piedras de lava rodantes saliendo del volc\u00e1n<\/span><\/div>\n<\/div>\n\n\n\n<div class=\"wp-block-cb-slide\">\n<div class=\"wp-block-gutenverse-image guten-element guten-image guten-hnvlvf\"><div class=\"guten-image-wrapper\"><img loading=\"lazy\" decoding=\"async\" class=\"gutenverse-image-box-filled\" src=\"https:\/\/indonesiaecotour.com\/wp-content\/uploads\/2025\/09\/JCL03847-Edit-scaled.avif\" height=\"2560\" width=\"1708\"\/><\/div><span class=\"guten-caption\">Lsva extendi\u00e9ndose por el flanco del volc\u00e1n<\/span><\/div>\n<\/div>\n<\/div>\n\n\n\n<div class=\"guten-element guten-button-wrapper guten-uXcmRG\"><a class=\"guten-button guten-button-sm\" href=\"https:\/\/wa.me\/6282137219073\" target=\"_blank\" aria-label=\"\" rel=\"noreferrer noopener\"><i class=\"fa-lg fab fa-whatsapp\"><\/i><span> Contacte con nosotros<\/span><\/a><\/div>\n\n\n\n<p><\/p>","protected":false},"excerpt":{"rendered":"<p>We pick you up in your hotel after dinner and we drive to the north of the city where we there are several viewpoints of the Merapi volcano. We choose the best viewpoint depending on the current weather conditions and install ourselves to sit in front of the volcano to watch the eruptions while having [&hellip;]<\/p>","protected":false},"author":1,"featured_media":0,"parent":0,"menu_order":0,"comment_status":"closed","ping_status":"closed","template":"","meta":{"_monsterinsights_skip_tracking":false,"_monsterinsights_sitenote_active":false,"_monsterinsights_sitenote_note":"","_monsterinsights_sitenote_category":0,"footnotes":""},"class_list":["post-3057","page","type-page","status-publish","hentry"],"aioseo_notices":[],"_links":{"self":[{"href":"https:\/\/indonesiaecotour.com\/es\/wp-json\/wp\/v2\/pages\/3057","targetHints":{"allow":["GET"]}}],"collection":[{"href":"https:\/\/indonesiaecotour.com\/es\/wp-json\/wp\/v2\/pages"}],"about":[{"href":"https:\/\/indonesiaecotour.com\/es\/wp-json\/wp\/v2\/types\/page"}],"author":[{"embeddable":true,"href":"https:\/\/indonesiaecotour.com\/es\/wp-json\/wp\/v2\/users\/1"}],"replies":[{"embeddable":true,"href":"https:\/\/indonesiaecotour.com\/es\/wp-json\/wp\/v2\/comments?post=3057"}],"version-history":[{"count":5,"href":"https:\/\/indonesiaecotour.com\/es\/wp-json\/wp\/v2\/pages\/3057\/revisions"}],"predecessor-version":[{"id":3099,"href":"https:\/\/indonesiaecotour.com\/es\/wp-json\/wp\/v2\/pages\/3057\/revisions\/3099"}],"wp:attachment":[{"href":"https:\/\/indonesiaecotour.com\/es\/wp-json\/wp\/v2\/media?parent=3057"}],"curies":[{"name":"wp","href":"https:\/\/api.w.org\/{rel}","templated":true}]}}