{"id":365,"date":"2023-09-25T12:49:30","date_gmt":"2023-09-25T12:49:30","guid":{"rendered":"https:\/\/indonesiaecotour.com\/?page_id=365"},"modified":"2026-04-14T09:06:20","modified_gmt":"2026-04-14T09:06:20","slug":"gibbons-and-batik","status":"publish","type":"page","link":"https:\/\/indonesiaecotour.com\/es\/gibbons-and-batik\/","title":{"rendered":"The Most Unique Javan Gibbon Tour in Java\u2019s Untouched Rainforest"},"content":{"rendered":"<p><\/p>\n\n\n\n<p aria-label=\"Texto P\u00e1rrafo\" class=\"guten-element gutenverse-text guten-cJDQJ2\">Time to wake up early and dive into the pristine tropical rainforests of Central Java on an unforgettable <strong>Javan gibbon tour<\/strong>. Traveling by local safari jeep, we explore deep into the jungle in search of four different monkey species, including the endangered and endemic Javan gibbon. Along the way, we learn about the ancient forest ecosystem, its towering trees, and the incredible wildlife that calls this protected area home.<br>For lunch, we enjoy a unique local meal made from forest-grown plants, combined with traditional Indonesian ingredients and spices.<br>After returning to the city, the adventure continues in a more creative way. It\u2019s time to unleash the artist within and design your own naturally dyed t-shirt, experimenting with different traditional Batik techniques and patterns.<\/p>\n\n\n\n<figure class=\"wp-block-gallery has-nested-images columns-default is-cropped wp-block-gallery-1 is-layout-flex wp-block-gallery-is-layout-flex\">\n<figure class=\"wp-block-image size-large\"><img fetchpriority=\"high\" decoding=\"async\" width=\"1024\" height=\"801\" data-id=\"2062\" src=\"https:\/\/indonesiaecotour.com\/wp-content\/uploads\/2025\/04\/DSC03947-Edit-EDIT-1024x801.avif\" alt=\"Javan Gibbon Tour in Java\" class=\"wp-image-2062\" srcset=\"https:\/\/indonesiaecotour.com\/wp-content\/uploads\/2025\/04\/DSC03947-Edit-EDIT-1024x801.avif 1024w, https:\/\/indonesiaecotour.com\/wp-content\/uploads\/2025\/04\/DSC03947-Edit-EDIT-300x235.avif 300w, https:\/\/indonesiaecotour.com\/wp-content\/uploads\/2025\/04\/DSC03947-Edit-EDIT-768x601.avif 768w, https:\/\/indonesiaecotour.com\/wp-content\/uploads\/2025\/04\/DSC03947-Edit-EDIT-1536x1202.avif 1536w, https:\/\/indonesiaecotour.com\/wp-content\/uploads\/2025\/04\/DSC03947-Edit-EDIT-2048x1603.avif 2048w\" sizes=\"(max-width: 1024px) 100vw, 1024px\" \/><\/figure>\n\n\n\n<figure class=\"wp-block-image size-large\"><img decoding=\"async\" width=\"766\" height=\"1024\" data-id=\"34\" src=\"https:\/\/indonesiaecotour.com\/wp-content\/uploads\/2023\/09\/DSC08254-EDIT-766x1024.jpg\" alt=\"Learn how to make Batik in Java\" class=\"wp-image-34\" srcset=\"https:\/\/indonesiaecotour.com\/wp-content\/uploads\/2023\/09\/DSC08254-EDIT-766x1024.jpg 766w, https:\/\/indonesiaecotour.com\/wp-content\/uploads\/2023\/09\/DSC08254-EDIT-224x300.jpg 224w, https:\/\/indonesiaecotour.com\/wp-content\/uploads\/2023\/09\/DSC08254-EDIT-768x1027.jpg 768w, https:\/\/indonesiaecotour.com\/wp-content\/uploads\/2023\/09\/DSC08254-EDIT-1149x1536.jpg 1149w, https:\/\/indonesiaecotour.com\/wp-content\/uploads\/2023\/09\/DSC08254-EDIT-1532x2048.jpg 1532w, https:\/\/indonesiaecotour.com\/wp-content\/uploads\/2023\/09\/DSC08254-EDIT-scaled.jpg 1915w\" sizes=\"(max-width: 766px) 100vw, 766px\" \/><\/figure>\n<\/figure>\n\n\n\n<div class=\"guten-element guten-accordions guten-t44m0W\">\n<div class=\"accordion-item guten-IX3uCM active\"><div class=\"accordion-heading\"><div class=\"accordion-icon\"><span class=\"accordion-icon-open\"><i class=\"fas fa-minus\"><\/i><\/span><span class=\"accordion-icon-closed\"><i class=\"fas fa-plus\"><\/i><\/span><\/div><span class=\"accordion-text\"><span id=\"guten-aLJqQy\"><span id=\"guten-huwlfl\" style=\"text-decoration: underline;\"><strong>Itinerario<\/strong><\/span><\/span><\/span><\/div><div class=\"accordion-body\"><div class=\"accordion-content\">\n<p><strong>Primer d\u00eda:<\/strong><\/p>\n\n\n\n<p>\u2022 <a href=\"https:\/\/indonesiaecotour.com\/es\/cultural-cycling-prambanan\/\" title=\"Yogyakarta\">Yogyakarta<\/a> hotel pickup at 11 am and drive to <a href=\"https:\/\/indonesiaecotour.com\/es\/wildlife-pekalongan\/\" title=\"Pekalongan\">Pekalongan<\/a> (around 4,5 hours)<br>- Llegada al hotel, cena y descanso<br><strong>D\u00eda 2:<\/strong><br>- Levantarse a las 5.30 y conducir 1,5 horas hasta el bosque<br>- Paseo por el bosque en busca del gib\u00f3n de Java y otras aves y animales salvajes.<br>- Contin\u00fae caminando hasta el campamento base de la ONG<br>- Tomar un tentempi\u00e9 local y t\u00e9\/caf\u00e9 (\u00a1el aut\u00e9ntico caf\u00e9 wild luwak!)<br>- Almuerzo en el bosque<br>- Regreso a la ciudad<br>- Taller de batik<br>- La cena<br>- Regreso al hotel y descanso<br><strong>D\u00eda 3:<\/strong><\/p>\n\n\n\n<p>- Tras el desayuno, regreso a Yogyakarta<br>- Entrega en su hotel<\/p>\n<\/div><\/div><\/div>\n\n\n\n<div class=\"accordion-item guten-oZaUpc\"><div class=\"accordion-heading\"><div class=\"accordion-icon\"><span class=\"accordion-icon-open\"><i class=\"fas fa-minus\"><\/i><\/span><span class=\"accordion-icon-closed\"><i class=\"fas fa-plus\"><\/i><\/span><\/div><span class=\"accordion-text\"><span id=\"guten-aLJqQy\"><span id=\"guten-huwlfl\" style=\"text-decoration: underline;\"><strong>Especie<\/strong><\/span><\/span><\/span><\/div><div class=\"accordion-body\"><div class=\"accordion-content\">\n<p><span style=\"text-decoration: underline;\">Primates:<\/span><br><\/p>\n\n\n\n<figure class=\"wp-block-table alignleft\"><table class=\"has-fixed-layout\"><tbody><tr><td class=\"has-text-align-center\" data-align=\"center\"><strong>Especie<\/strong><\/td><td class=\"has-text-align-center\" data-align=\"center\"><strong>Estado<\/strong><\/td><td class=\"has-text-align-center\" data-align=\"center\"><strong>End\u00e9mica<\/strong><\/td><\/tr><tr><td class=\"has-text-align-center\" data-align=\"center\">Gib\u00f3n de Java<\/td><td class=\"has-text-align-center\" data-align=\"center\">en<\/td><td class=\"has-text-align-center\" data-align=\"center\">Java<\/td><\/tr><tr><td class=\"has-text-align-center\" data-align=\"center\">Langur de Java <\/td><td class=\"has-text-align-center\" data-align=\"center\">vu<\/td><td class=\"has-text-align-center\" data-align=\"center\"><\/td><\/tr><tr><td class=\"has-text-align-center\" data-align=\"center\">Javan surili<\/td><td class=\"has-text-align-center\" data-align=\"center\">vu<\/td><td class=\"has-text-align-center\" data-align=\"center\">Java<\/td><\/tr><tr><td class=\"has-text-align-center\" data-align=\"center\">Macaco de cola larga<\/td><td class=\"has-text-align-center\" data-align=\"center\">en<\/td><td class=\"has-text-align-center\" data-align=\"center\">Java<\/td><\/tr><tr><td class=\"has-text-align-center\" data-align=\"center\">Loris lento de Java<\/td><td class=\"has-text-align-center\" data-align=\"center\">cr<\/td><td class=\"has-text-align-center\" data-align=\"center\">Java<\/td><\/tr><\/tbody><\/table><\/figure>\n\n\n\n<p><span style=\"text-decoration: underline;\">Aves:<\/span><br><\/p>\n\n\n\n<figure class=\"wp-block-table\"><table class=\"has-fixed-layout\"><tbody><tr><td class=\"has-text-align-center\" data-align=\"center\"><strong>Especie<\/strong><\/td><td class=\"has-text-align-center\" data-align=\"center\"><strong>Estado<\/strong><\/td><td class=\"has-text-align-center\" data-align=\"center\"><strong>End\u00e9mica<\/strong><\/td><\/tr><tr><td class=\"has-text-align-center\" data-align=\"center\">\u00e1guila culebrera<\/td><td class=\"has-text-align-center\" data-align=\"center\">lc<\/td><td class=\"has-text-align-center\" data-align=\"center\"><\/td><\/tr><tr><td class=\"has-text-align-center\" data-align=\"center\">\u00e1guila negra<\/td><td class=\"has-text-align-center\" data-align=\"center\">lc<\/td><td class=\"has-text-align-center\" data-align=\"center\"><\/td><\/tr><tr><td class=\"has-text-align-center\" data-align=\"center\">mart\u00edn pescador<\/td><td class=\"has-text-align-center\" data-align=\"center\">lc<\/td><td class=\"has-text-align-center\" data-align=\"center\"><\/td><\/tr><tr><td class=\"has-text-align-center\" data-align=\"center\">Mart\u00edn pescador de Java<\/td><td class=\"has-text-align-center\" data-align=\"center\">lc<\/td><td class=\"has-text-align-center\" data-align=\"center\">Java y Bali<\/td><\/tr><tr><td class=\"has-text-align-center\" data-align=\"center\">miniveto peque\u00f1o<\/td><td class=\"has-text-align-center\" data-align=\"center\">lc<\/td><td class=\"has-text-align-center\" data-align=\"center\"><\/td><\/tr><tr><td class=\"has-text-align-center\" data-align=\"center\">trog\u00f3n de pecho naranja<\/td><td class=\"has-text-align-center\" data-align=\"center\">lc<\/td><td class=\"has-text-align-center\" data-align=\"center\"><\/td><\/tr><tr><td class=\"has-text-align-center\" data-align=\"center\">mart\u00edn pescador<\/td><td class=\"has-text-align-center\" data-align=\"center\">lc<\/td><td class=\"has-text-align-center\" data-align=\"center\"><\/td><\/tr><tr><td class=\"has-text-align-center\" data-align=\"center\">\u00c1guila de Java<\/td><td class=\"has-text-align-center\" data-align=\"center\">en<\/td><td class=\"has-text-align-center\" data-align=\"center\">Java y Bali<\/td><\/tr><tr><td class=\"has-text-align-center\" data-align=\"center\">Esp\u00e1tula de Java<\/td><td class=\"has-text-align-center\" data-align=\"center\">nt<\/td><td class=\"has-text-align-center\" data-align=\"center\"><\/td><\/tr><tr><td class=\"has-text-align-center\" data-align=\"center\">barbo de banda negra<\/td><td class=\"has-text-align-center\" data-align=\"center\">nt<\/td><td class=\"has-text-align-center\" data-align=\"center\">Java y Bali<\/td><\/tr><tr><td class=\"has-text-align-center\" data-align=\"center\">autillo de Sunda<\/td><td class=\"has-text-align-center\" data-align=\"center\">lc<\/td><td class=\"has-text-align-center\" data-align=\"center\"><\/td><\/tr><tr><td class=\"has-text-align-center\" data-align=\"center\">lorito colilargo<\/td><td class=\"has-text-align-center\" data-align=\"center\">lc<\/td><td class=\"has-text-align-center\" data-align=\"center\"><\/td><\/tr><\/tbody><\/table><\/figure>\n\n\n\n<p><\/p>\n<\/div><\/div><\/div>\n\n\n\n<div class=\"accordion-item guten-n0euYM\"><div class=\"accordion-heading\"><div class=\"accordion-icon\"><span class=\"accordion-icon-open\"><i class=\"fas fa-minus\"><\/i><\/span><span class=\"accordion-icon-closed\"><i class=\"fas fa-plus\"><\/i><\/span><\/div><span class=\"accordion-text\"><span id=\"guten-aLJqQy\"><span id=\"guten-huwlfl\" style=\"text-decoration: underline;\"><strong>Incluye<\/strong><\/span><\/span><\/span><\/div><div class=\"accordion-body\"><div class=\"accordion-content\">\n<p>- Transportes<\/p>\n\n\n\n<p>- Alojamiento (2 noches)<\/p>\n\n\n\n<p>- Todas las actividades descritas<\/p>\n\n\n\n<p>- Agua potable, tentempi\u00e9s, fruta, almuerzo (d\u00eda 1 y d\u00eda 2), cena (d\u00eda 1 y d\u00eda 2)<\/p>\n\n\n\n<p>- Documentaci\u00f3n fotogr\u00e1fica profesional<\/p>\n\n\n\n<p>- Gu\u00eda en neerland\u00e9s e ingl\u00e9s (est\u00e1ndar occidental)<br>- Donaci\u00f3n para la conservaci\u00f3n del gib\u00f3n de Java<\/p>\n\n\n\n<p>- Enfoque respetuoso con el medio ambiente, apoyo a las ONG locales, en este viaje no se utilizan pl\u00e1sticos de un solo uso.<\/p>\n<\/div><\/div><\/div>\n\n\n\n<div class=\"accordion-item guten-FUvarS\"><div class=\"accordion-heading\"><div class=\"accordion-icon\"><span class=\"accordion-icon-open\"><i class=\"fas fa-minus\"><\/i><\/span><span class=\"accordion-icon-closed\"><i class=\"fas fa-plus\"><\/i><\/span><\/div><span class=\"accordion-text\"><span id=\"guten-aLJqQy\"><span id=\"guten-huwlfl\" style=\"text-decoration: underline;\"><strong>Excluido<\/strong><\/span><\/span><\/span><\/div><div class=\"accordion-body\"><div class=\"accordion-content\">\n<p>- Bebidas alcoh\u00f3licas y bebidas distintas del agua<\/p>\n\n\n\n<p>- Gastos personales<\/p>\n<\/div><\/div><\/div>\n\n\n\n<div class=\"accordion-item guten-TJEN4I\"><div class=\"accordion-heading\"><div class=\"accordion-icon\"><span class=\"accordion-icon-open\"><i class=\"fas fa-minus\"><\/i><\/span><span class=\"accordion-icon-closed\"><i class=\"fas fa-plus\"><\/i><\/span><\/div><span class=\"accordion-text\"><span id=\"guten-aLJqQy\"><span id=\"guten-huwlfl\" style=\"text-decoration: underline;\"><strong>Precio<\/strong><\/span><\/span><\/span><\/div><div class=\"accordion-body\"><div class=\"accordion-content\">\n<p>- Precios a partir de <strong>3.300.000 IDR<\/strong> <strong>por persona  <\/strong>basado en un <strong>grupo de 4 saliendo de Yogyakarta<\/strong><br>(Por favor&nbsp;<a href=\"https:\/\/wa.link\/nl1r35\" target=\"_blank\" rel=\"noreferrer noopener\"><strong>p\u00f3ngase en contacto con nosotros<\/strong><\/a>&nbsp;para otros precios, personalizaciones o preguntas)<\/p>\n<\/div><\/div><\/div>\n<\/div>\n\n\n\n<div class=\"wp-block-cb-carousel-v2 cb-carousel-block\" data-cb-slides-per-view=\"1\" data-cb-slides-per-group=\"1\" data-cb-space-between=\"15\" data-cb-speed=\"500\" data-cb-navigation=\"true\" data-cb-pagination=\"true\" data-cb-loop=\"true\" data-cb-autoplay=\"true\" data-cb-autoplay-speed=\"2000\" data-cb-breakpoints=\"{&quot;768&quot;:{&quot;slidesPerView&quot;:2,&quot;slidesPerGroup&quot;:1}}\"><div class=\"swiper\"><div class=\"cb-wrapper swiper-wrapper\">\n<div class=\"wp-block-cb-slide-v2 cb-slide swiper-slide\">\n<div class=\"wp-block-gutenverse-image guten-element guten-image guten-1SYEf2\"><div class=\"guten-image-wrapper\"><img decoding=\"async\" class=\"gutenverse-image-box-filled\" src=\"https:\/\/indonesiaecotour.com\/wp-content\/uploads\/2023\/09\/DSC09227-2-scaled-e1695390961957.jpg\" height=\"1920\" width=\"1918\"\/><\/div><span class=\"guten-caption\">Gib\u00f3n javan\u00e9s<\/span><\/div>\n<\/div>\n\n\n\n<div class=\"wp-block-cb-slide-v2 cb-slide swiper-slide\">\n<div class=\"wp-block-gutenverse-image guten-element guten-image guten-SiVRcU\"><div class=\"guten-image-wrapper\"><img loading=\"lazy\" decoding=\"async\" class=\"gutenverse-image-box-filled\" src=\"https:\/\/indonesiaecotour.com\/wp-content\/uploads\/2023\/09\/DSC03456-Edit-scaled-e1695782698434.jpg\" height=\"1706\" width=\"1706\"\/><\/div><span class=\"guten-caption\">Surili<\/span><\/div>\n<\/div>\n\n\n\n<div class=\"wp-block-cb-slide-v2 cb-slide swiper-slide\">\n<div class=\"wp-block-gutenverse-image guten-element guten-image guten-zX3u3t\"><div class=\"guten-image-wrapper\"><img loading=\"lazy\" decoding=\"async\" class=\"gutenverse-image-box-filled\" src=\"https:\/\/indonesiaecotour.com\/wp-content\/uploads\/2023\/09\/DSC01228-Edit-scaled.jpg\" height=\"2560\" width=\"2560\"\/><\/div><span class=\"guten-caption\">Langur de Java<\/span><\/div>\n<\/div>\n\n\n\n<div class=\"wp-block-cb-slide-v2 cb-slide swiper-slide\">\n<div class=\"wp-block-gutenverse-image guten-element guten-image guten-NwR1ws\"><div class=\"guten-image-wrapper\"><img loading=\"lazy\" decoding=\"async\" class=\"gutenverse-image-box-filled\" src=\"https:\/\/indonesiaecotour.com\/wp-content\/uploads\/2023\/09\/DSCN7633_1-Edit-scaled-e1695782991908.jpg\" height=\"1920\" width=\"1920\" alt=\"Javan Slow Loris\"\/><\/div><span class=\"guten-caption\">Loris lento de Java<\/span><\/div>\n\n\n\n<p><\/p>\n<\/div>\n\n\n\n<div class=\"wp-block-cb-slide-v2 cb-slide swiper-slide\">\n<div class=\"wp-block-gutenverse-image guten-element guten-image guten-aRQPLh\"><div class=\"guten-image-wrapper\"><img loading=\"lazy\" decoding=\"async\" class=\"gutenverse-image-box-filled\" src=\"https:\/\/indonesiaecotour.com\/wp-content\/uploads\/2023\/09\/DSC08307-scaled-e1695792133807.jpg\" height=\"1706\" width=\"1706\" alt=\"Sketch\"\/><\/div><span class=\"guten-caption\">Boceto<\/span><\/div>\n<\/div>\n\n\n\n<div class=\"wp-block-cb-slide-v2 cb-slide swiper-slide\">\n<div class=\"wp-block-gutenverse-image guten-element guten-image guten-j3y1os\"><div class=\"guten-image-wrapper\"><img loading=\"lazy\" decoding=\"async\" class=\"gutenverse-image-box-filled\" src=\"https:\/\/indonesiaecotour.com\/wp-content\/uploads\/2023\/09\/DSC08413-Edit-scaled-e1695792109929.jpg\" height=\"1706\" width=\"1706\" alt=\"Javan Slow Loris\"\/><\/div><span class=\"guten-caption\">Sello Batik<\/span><\/div>\n<\/div>\n\n\n\n<div class=\"wp-block-cb-slide-v2 cb-slide swiper-slide\">\n<div class=\"wp-block-gutenverse-image guten-element guten-image guten-WNxivs\"><div class=\"guten-image-wrapper\"><img loading=\"lazy\" decoding=\"async\" class=\"gutenverse-image-box-filled\" src=\"https:\/\/indonesiaecotour.com\/wp-content\/uploads\/2023\/09\/DSC08365-scaled-e1695792074137.jpg\" height=\"1706\" width=\"1706\" alt=\"Javan Slow Loris\"\/><\/div><span class=\"guten-caption\">Bolsa<\/span><\/div>\n<\/div>\n<\/div><\/div><div class=\"cb-pagination swiper-pagination\"><\/div><div class=\"cb-button-prev swiper-button-prev\"><\/div><div class=\"cb-button-next swiper-button-next\"><\/div><\/div>\n\n\n\n<div class=\"guten-element guten-button-wrapper guten-kfpUHI\"><a class=\"guten-button guten-button-sm\" href=\"https:\/\/drive.google.com\/file\/d\/1kCJalQwkcSJBUvZChzwaxZcm7PFV8P5v\/view?usp=sharing\" target=\"_blank\" aria-label=\"\" rel=\"noreferrer noopener\"><span> Descargar folleto<\/span><\/a><\/div>\n\n\n\n<div class=\"guten-element guten-button-wrapper guten-uXcmRG\"><a class=\"guten-button guten-button-sm\" href=\"https:\/\/wa.me\/6282137219073\" target=\"_blank\" aria-label=\"\" rel=\"noreferrer noopener\"><i class=\"fa-lg fab fa-whatsapp\"><\/i><span> Contacte con nosotros<\/span><\/a><\/div>","protected":false},"excerpt":{"rendered":"","protected":false},"author":1,"featured_media":0,"parent":0,"menu_order":0,"comment_status":"closed","ping_status":"closed","template":"","meta":{"_monsterinsights_skip_tracking":false,"_monsterinsights_sitenote_active":false,"_monsterinsights_sitenote_note":"","_monsterinsights_sitenote_category":0,"footnotes":""},"class_list":["post-365","page","type-page","status-publish","hentry"],"aioseo_notices":[],"_links":{"self":[{"href":"https:\/\/indonesiaecotour.com\/es\/wp-json\/wp\/v2\/pages\/365","targetHints":{"allow":["GET"]}}],"collection":[{"href":"https:\/\/indonesiaecotour.com\/es\/wp-json\/wp\/v2\/pages"}],"about":[{"href":"https:\/\/indonesiaecotour.com\/es\/wp-json\/wp\/v2\/types\/page"}],"author":[{"embeddable":true,"href":"https:\/\/indonesiaecotour.com\/es\/wp-json\/wp\/v2\/users\/1"}],"replies":[{"embeddable":true,"href":"https:\/\/indonesiaecotour.com\/es\/wp-json\/wp\/v2\/comments?post=365"}],"version-history":[{"count":284,"href":"https:\/\/indonesiaecotour.com\/es\/wp-json\/wp\/v2\/pages\/365\/revisions"}],"predecessor-version":[{"id":3435,"href":"https:\/\/indonesiaecotour.com\/es\/wp-json\/wp\/v2\/pages\/365\/revisions\/3435"}],"wp:attachment":[{"href":"https:\/\/indonesiaecotour.com\/es\/wp-json\/wp\/v2\/media?parent=365"}],"curies":[{"name":"wp","href":"https:\/\/api.w.org\/{rel}","templated":true}]}}