{"id":368,"date":"2023-09-25T12:50:35","date_gmt":"2023-09-25T12:50:35","guid":{"rendered":"https:\/\/indonesiaecotour.com\/?page_id=368"},"modified":"2026-04-14T08:26:50","modified_gmt":"2026-04-14T08:26:50","slug":"street-art","status":"publish","type":"page","link":"https:\/\/indonesiaecotour.com\/es\/street-art\/","title":{"rendered":"Street Art Workshop in Yogyakarta for a Unique Local Experience"},"content":{"rendered":"<div class=\"wp-block-media-text is-stacked-on-mobile is-image-fill-element\" style=\"padding-bottom:var(--wp--preset--spacing--40)\"><figure class=\"wp-block-media-text__media\"><img fetchpriority=\"high\" decoding=\"async\" width=\"1024\" height=\"683\" src=\"https:\/\/indonesiaecotour.com\/wp-content\/uploads\/2023\/09\/DSC06795-1024x683.jpg\" alt=\"Street Art Workshop in Yogyakarta\" class=\"wp-image-595 size-full\" style=\"object-position:50% 50%\" srcset=\"https:\/\/indonesiaecotour.com\/wp-content\/uploads\/2023\/09\/DSC06795-1024x683.jpg 1024w, https:\/\/indonesiaecotour.com\/wp-content\/uploads\/2023\/09\/DSC06795-300x200.jpg 300w, https:\/\/indonesiaecotour.com\/wp-content\/uploads\/2023\/09\/DSC06795-768x512.jpg 768w, https:\/\/indonesiaecotour.com\/wp-content\/uploads\/2023\/09\/DSC06795-1536x1025.jpg 1536w, https:\/\/indonesiaecotour.com\/wp-content\/uploads\/2023\/09\/DSC06795-2048x1366.jpg 2048w\" sizes=\"(max-width: 1024px) 100vw, 1024px\" \/><\/figure><div class=\"wp-block-media-text__content\">\n<p>Unleash your creative spirit and dive into the vibrant urban culture of Indonesia by creating your own street art painting on canvas. During this <strong>Street Art Workshop in Yogyakarta<\/strong>, we express the impressions Indonesia has left on us, from its chaotic streets and colorful traditions to its raw energy, people, and unforgettable atmosphere.<\/p>\n\n\n\n<p>Step by step, we transform inspiration into a real artwork using street art techniques, bold colors, and creative composition. Whether you are a beginner or already love painting, this experience is designed to help you feel confident, experiment freely, and create something truly personal.<\/p>\n\n\n\n<p>Todo bajo la direcci\u00f3n de uno de <strong><a href=\"https:\/\/indonesiaecotour.com\/es\/creative-with-the-local-kids\/\" title=\"Yogyakarta\u2019s\">Yogyakarta\u2019s<\/a><\/strong> most famous street artists.<\/p>\n<\/div><\/div>\n\n\n\n<div class=\"guten-element guten-accordions guten-Y912LV\">\n<div class=\"accordion-item guten-oXON30 active\"><div class=\"accordion-heading\"><div class=\"accordion-icon\"><span class=\"accordion-icon-open\"><i class=\"fas fa-minus\"><\/i><\/span><span class=\"accordion-icon-closed\"><i class=\"fas fa-plus\"><\/i><\/span><\/div><span class=\"accordion-text\">Itinerario<\/span><\/div><div class=\"accordion-body\"><div class=\"accordion-content\">\n<p>- Recogida en el hotel (despu\u00e9s del almuerzo)<\/p>\n\n\n\n<p>- A 30 minutos en coche del pueblo<\/p>\n\n\n\n<p>- Esbozar nuestras ideas creativas sobre el papel<\/p>\n\n\n\n<p>- Plasmar nuestras ideas en un lienzo (que podemos llevarnos a casa)<\/p>\n\n\n\n<p>- Regreso a la ciudad<\/p>\n\n\n\n<p>- Cena (opcional)<\/p>\n\n\n\n<p>- Traslado al hotel (antes o despu\u00e9s de la cena)<\/p>\n<\/div><\/div><\/div>\n<\/div>\n\n\n\n<div class=\"guten-element guten-accordions guten-nXfQUb\">\n<div class=\"accordion-item guten-Wt9Pgo\"><div class=\"accordion-heading\"><div class=\"accordion-icon\"><span class=\"accordion-icon-open\"><i class=\"fas fa-minus\"><\/i><\/span><span class=\"accordion-icon-closed\"><i class=\"fas fa-plus\"><\/i><\/span><\/div><span class=\"accordion-text\">Incluye<\/span><\/div><div class=\"accordion-body\"><div class=\"accordion-content\">\n<p>- Transportes<\/p>\n\n\n\n<p>- Todas las actividades descritas<\/p>\n\n\n\n<p>- Agua potable, tentempi\u00e9s<\/p>\n\n\n\n<p>- Documentaci\u00f3n fotogr\u00e1fica profesional<\/p>\n\n\n\n<p>- Gu\u00eda en neerland\u00e9s e ingl\u00e9s (est\u00e1ndar occidental)<\/p>\n\n\n\n<p>- Enfoque respetuoso con el medio ambiente, en este viaje no se utilizan pl\u00e1sticos de un solo uso<\/p>\n<\/div><\/div><\/div>\n<\/div>\n\n\n\n<div class=\"guten-element guten-accordions guten-dhfesa\">\n<div class=\"accordion-item guten-CDnTmh\"><div class=\"accordion-heading\"><div class=\"accordion-icon\"><span class=\"accordion-icon-open\"><i class=\"fas fa-minus\"><\/i><\/span><span class=\"accordion-icon-closed\"><i class=\"fas fa-plus\"><\/i><\/span><\/div><span class=\"accordion-text\">Excluido<\/span><\/div><div class=\"accordion-body\"><div class=\"accordion-content\">\n<p>- Comida y cena<\/p>\n\n\n\n<p>- Bebidas alcoh\u00f3licas y bebidas distintas del agua<\/p>\n\n\n\n<p>- Gastos personales<\/p>\n<\/div><\/div><\/div>\n<\/div>\n\n\n\n<div class=\"guten-element guten-accordions guten-kkvdFt\">\n<div class=\"accordion-item guten-cpwotU\"><div class=\"accordion-heading\"><div class=\"accordion-icon\"><span class=\"accordion-icon-open\"><i class=\"fas fa-minus\"><\/i><\/span><span class=\"accordion-icon-closed\"><i class=\"fas fa-plus\"><\/i><\/span><\/div><span class=\"accordion-text\">Precio<\/span><\/div><div class=\"accordion-body\"><div class=\"accordion-content\">\n<p>- Precios a partir de <strong>650.000 IDR<\/strong> <strong>por persona<\/strong> basado en un <strong>grupo de 4 personas<\/strong><br>(Por favor&nbsp;<a href=\"https:\/\/wa.link\/nl1r35\" target=\"_blank\" rel=\"noreferrer noopener\"><strong>p\u00f3ngase en contacto con nosotros<\/strong><\/a>&nbsp;para otros precios, personalizaciones o preguntas)<\/p>\n<\/div><\/div><\/div>\n<\/div>\n\n\n\n<div class=\"wp-block-cb-carousel\" data-slick=\"{&quot;slidesToShow&quot;:2,&quot;slidesToScroll&quot;:1,&quot;speed&quot;:300,&quot;arrows&quot;:true,&quot;dots&quot;:true,&quot;autoplay&quot;:true,&quot;autoplaySpeed&quot;:2000,&quot;infinite&quot;:true,&quot;responsive&quot;:[{&quot;breakpoint&quot;:769,&quot;settings&quot;:{&quot;slidesToShow&quot;:1,&quot;slidesToScroll&quot;:1}}]}\">\n<div class=\"wp-block-cb-slide\">\n<div class=\"wp-block-gutenverse-image guten-element guten-image guten-BPI5bX\"><div class=\"guten-image-wrapper\"><img decoding=\"async\" class=\"gutenverse-image-box-filled\" src=\"https:\/\/indonesiaecotour.com\/wp-content\/uploads\/2023\/09\/DSC09806-scaled-e1695791771723.jpg\" height=\"1706\" width=\"1706\" alt=\"\"\/><\/div><span class=\"guten-caption\">Los adultos tambi\u00e9n disfrutan<\/span><\/div>\n<\/div>\n\n\n\n<div class=\"wp-block-cb-slide\">\n<div class=\"wp-block-gutenverse-image guten-element guten-image guten-wG7z4G\"><div class=\"guten-image-wrapper\"><img decoding=\"async\" class=\"gutenverse-image-box-filled\" src=\"https:\/\/indonesiaecotour.com\/wp-content\/uploads\/2023\/09\/DSC09810-scaled-e1695791745110.jpg\" height=\"1706\" width=\"1706\"\/><\/div><span class=\"guten-caption\">Y a los ni\u00f1os tambi\u00e9n<\/span><\/div>\n<\/div>\n\n\n\n<div class=\"wp-block-cb-slide\">\n<div class=\"wp-block-gutenverse-image guten-element guten-image guten-ndbhMS\"><div class=\"guten-image-wrapper\"><img loading=\"lazy\" decoding=\"async\" class=\"gutenverse-image-box-filled\" src=\"https:\/\/indonesiaecotour.com\/wp-content\/uploads\/2023\/11\/DSC06762-Edit-scaled-e1700019276549.jpg\" height=\"1706\" width=\"1706\"\/><\/div><span class=\"guten-caption\">\u00a1Trabajo en equipo!<\/span><\/div>\n<\/div>\n<\/div>\n\n\n\n<div class=\"guten-element guten-button-wrapper guten-kfpUHI\"><a class=\"guten-button guten-button-sm\" href=\"https:\/\/drive.google.com\/file\/d\/1kCJalQwkcSJBUvZChzwaxZcm7PFV8P5v\/view?usp=sharing\" target=\"_blank\" aria-label=\"\" rel=\"noreferrer noopener\"><span> Descargar folleto<\/span><\/a><\/div>\n\n\n\n<div class=\"guten-element guten-button-wrapper guten-kRsZB6\"><a class=\"guten-button guten-button-sm\" href=\"https:\/\/wa.me\/6282137219073\" target=\"_blank\" aria-label=\"\" rel=\"noreferrer noopener\"><i class=\"fa-lg fab fa-whatsapp\"><\/i><span> Contacte con nosotros<\/span><\/a><\/div>\n\n\n\n<p><\/p>","protected":false},"excerpt":{"rendered":"<p>Unleash your creative spirit and dive into the vibrant urban culture of Indonesia by creating your own street art painting on canvas. During this Street Art Workshop in Yogyakarta, we express the impressions Indonesia has left on us, from its chaotic streets and colorful traditions to its raw energy, people, and unforgettable atmosphere. Step by [&hellip;]<\/p>","protected":false},"author":1,"featured_media":0,"parent":0,"menu_order":0,"comment_status":"closed","ping_status":"closed","template":"","meta":{"_monsterinsights_skip_tracking":false,"_monsterinsights_sitenote_active":false,"_monsterinsights_sitenote_note":"","_monsterinsights_sitenote_category":0,"footnotes":""},"class_list":["post-368","page","type-page","status-publish","hentry"],"aioseo_notices":[],"_links":{"self":[{"href":"https:\/\/indonesiaecotour.com\/es\/wp-json\/wp\/v2\/pages\/368","targetHints":{"allow":["GET"]}}],"collection":[{"href":"https:\/\/indonesiaecotour.com\/es\/wp-json\/wp\/v2\/pages"}],"about":[{"href":"https:\/\/indonesiaecotour.com\/es\/wp-json\/wp\/v2\/types\/page"}],"author":[{"embeddable":true,"href":"https:\/\/indonesiaecotour.com\/es\/wp-json\/wp\/v2\/users\/1"}],"replies":[{"embeddable":true,"href":"https:\/\/indonesiaecotour.com\/es\/wp-json\/wp\/v2\/comments?post=368"}],"version-history":[{"count":124,"href":"https:\/\/indonesiaecotour.com\/es\/wp-json\/wp\/v2\/pages\/368\/revisions"}],"predecessor-version":[{"id":3429,"href":"https:\/\/indonesiaecotour.com\/es\/wp-json\/wp\/v2\/pages\/368\/revisions\/3429"}],"wp:attachment":[{"href":"https:\/\/indonesiaecotour.com\/es\/wp-json\/wp\/v2\/media?parent=368"}],"curies":[{"name":"wp","href":"https:\/\/api.w.org\/{rel}","templated":true}]}}