{"id":370,"date":"2023-09-25T12:50:48","date_gmt":"2023-09-25T12:50:48","guid":{"rendered":"https:\/\/indonesiaecotour.com\/?page_id=370"},"modified":"2026-04-14T08:10:06","modified_gmt":"2026-04-14T08:10:06","slug":"tea-and-waterfalls","status":"publish","type":"page","link":"https:\/\/indonesiaecotour.com\/es\/tea-and-waterfalls\/","title":{"rendered":"How to visit Java&#8217;s Most Breathtaking\u00a0Indonesian Tea Plantation Tour"},"content":{"rendered":"<p><\/p>\n\n\n\n<div class=\"wp-block-media-text is-stacked-on-mobile is-image-fill-element\" style=\"padding-bottom:var(--wp--preset--spacing--40)\"><figure class=\"wp-block-media-text__media\"><img fetchpriority=\"high\" decoding=\"async\" width=\"768\" height=\"1024\" src=\"https:\/\/indonesiaecotour.com\/wp-content\/uploads\/2023\/09\/DSC08892-EDIT-768x1024.jpg\" alt=\"Indonesian tea plantation tour meal\" class=\"wp-image-35 size-full\" style=\"object-position:50% 50%\" srcset=\"https:\/\/indonesiaecotour.com\/wp-content\/uploads\/2023\/09\/DSC08892-EDIT-768x1023.jpg 768w, https:\/\/indonesiaecotour.com\/wp-content\/uploads\/2023\/09\/DSC08892-EDIT-225x300.jpg 225w, https:\/\/indonesiaecotour.com\/wp-content\/uploads\/2023\/09\/DSC08892-EDIT-1153x1536.jpg 1153w, https:\/\/indonesiaecotour.com\/wp-content\/uploads\/2023\/09\/DSC08892-EDIT-1537x2048.jpg 1537w, https:\/\/indonesiaecotour.com\/wp-content\/uploads\/2023\/09\/DSC08892-EDIT.jpg 1825w\" sizes=\"(max-width: 768px) 100vw, 768px\" \/><\/figure><div class=\"wp-block-media-text__content\">\n<p>Tea plays an important role in Indonesia, the world\u2019s <strong>seventh-largest tea producer<\/strong>. On this <strong>Indonesian tea plantation tour<\/strong>, we explore stunning tea gardens and discover how tea is grown, harvested, and processed from leaf to cup.<\/p>\n\n\n\n<p>We taste a variety of local tea blends and learn to recognize the unique flavors and aromas that make Indonesian tea so special. Some blends include surprising local ingredients\u2026 but can you identify them all?<\/p>\n\n\n\n<p>After a delicious traditional lunch served with fresh local fruits and drinks, we continue our journey to the highest waterfall in the region. There, we take a refreshing dip in the cold spring water, the perfect way to end an unforgettable day.<\/p>\n\n\n\n<p>This experience is part of our <strong>Tea &amp; Waterfalls Tour<\/strong>, available as a <strong>1D\/2N trip from Yogyakarta<\/strong> or a <strong>1-day tour starting in Pekalongan<\/strong>.<\/p>\n<\/div><\/div>\n\n\n\n<div class=\"guten-element guten-accordions guten-kJghN0\">\n<div class=\"accordion-item guten-6juVLo active\"><div class=\"accordion-heading\"><div class=\"accordion-icon\"><span class=\"accordion-icon-open\"><i class=\"fas fa-minus\"><\/i><\/span><span class=\"accordion-icon-closed\"><i class=\"fas fa-plus\"><\/i><\/span><\/div><span class=\"accordion-text\">Itinerario<\/span><\/div><div class=\"accordion-body\"><div class=\"accordion-content\">\n<p>\u2022 <a href=\"https:\/\/indonesiaecotour.com\/es\/back-in-time\/\" title=\"Yogyakarta\">Yogyakarta<\/a> hotel pickup at 11 am and drive to Pekalongan (around 4,5 hours)<\/p>\n\n\n\n<p>- Llegada al hotel, cena y descanso<\/p>\n\n\n\n<p>- 1,5 horas en coche hasta las plantaciones de t\u00e9<\/p>\n\n\n\n<p>- Pasea por las plantaciones y aprende todo sobre el t\u00e9 indonesio<\/p>\n\n\n\n<p>- Divertidos juegos de degustaci\u00f3n de t\u00e9<\/p>\n\n\n\n<p>- Espect\u00e1culo de danza tradicional a cargo de la organizaci\u00f3n juvenil local<\/p>\n\n\n\n<p>- Comida<\/p>\n\n\n\n<p>- Cascada<\/p>\n\n\n\n<p>- Regreso a la ciudad<\/p>\n\n\n\n<p>- La cena<\/p>\n\n\n\n<p>- Regreso al hotel y descanso<\/p>\n\n\n\n<p>- Tras el desayuno, regreso a Yogyakarta<\/p>\n\n\n\n<p>- Entrega en su hotel<\/p>\n<\/div><\/div><\/div>\n<\/div>\n\n\n\n<div class=\"guten-element guten-accordions guten-ai5LKl\">\n<div class=\"accordion-item guten-n2McOO active\"><div class=\"accordion-heading\"><div class=\"accordion-icon\"><span class=\"accordion-icon-open\"><i class=\"fas fa-minus\"><\/i><\/span><span class=\"accordion-icon-closed\"><i class=\"fas fa-plus\"><\/i><\/span><\/div><span class=\"accordion-text\">Incluye<\/span><\/div><div class=\"accordion-body\"><div class=\"accordion-content\">\n<p>- Transportes<\/p>\n\n\n\n<p>- 2 noches de hotel en Pekalongan<\/p>\n\n\n\n<p>- Todas las actividades descritas<\/p>\n\n\n\n<p>- Agua potable, tentempi\u00e9s, fruta, almuerzo (d\u00eda 1 y d\u00eda 2), cena (d\u00eda 1 y d\u00eda 2)<\/p>\n\n\n\n<p>- Documentaci\u00f3n fotogr\u00e1fica profesional<\/p>\n\n\n\n<p>- Gu\u00eda en neerland\u00e9s e ingl\u00e9s (est\u00e1ndar occidental)<\/p>\n\n\n\n<p>- Enfoque respetuoso con el medio ambiente, apoyo a las ONG locales, en este viaje no se utilizan pl\u00e1sticos de un solo uso.<\/p>\n<\/div><\/div><\/div>\n<\/div>\n\n\n\n<div class=\"guten-element guten-accordions guten-P5EWAr\">\n<div class=\"accordion-item guten-dmauej active\"><div class=\"accordion-heading\"><div class=\"accordion-icon\"><span class=\"accordion-icon-open\"><i class=\"fas fa-minus\"><\/i><\/span><span class=\"accordion-icon-closed\"><i class=\"fas fa-plus\"><\/i><\/span><\/div><span class=\"accordion-text\">Excluido<\/span><\/div><div class=\"accordion-body\"><div class=\"accordion-content\">\n<p>- Bebidas alcoh\u00f3licas y bebidas distintas del agua<\/p>\n\n\n\n<p>- Gastos personales<\/p>\n<\/div><\/div><\/div>\n<\/div>\n\n\n\n<div class=\"guten-element guten-accordions guten-YQzhFi\">\n<div class=\"accordion-item guten-PxWQZk active\"><div class=\"accordion-heading\"><div class=\"accordion-icon\"><span class=\"accordion-icon-open\"><i class=\"fas fa-minus\"><\/i><\/span><span class=\"accordion-icon-closed\"><i class=\"fas fa-plus\"><\/i><\/span><\/div><span class=\"accordion-text\">Precio<\/span><\/div><div class=\"accordion-body\"><div class=\"accordion-content\">\n<p>- Precios a partir de <strong>2.300.000 IDR<\/strong> <strong>por persona<\/strong> para un <strong>grupo de 4 personas saliendo de Yogyakarta<\/strong><br>(Por favor&nbsp;<a href=\"https:\/\/wa.link\/nl1r35\" target=\"_blank\" rel=\"noreferrer noopener\"><strong>p\u00f3ngase en contacto con nosotros<\/strong><\/a>&nbsp;para otros precios, personalizaciones o preguntas)<\/p>\n<\/div><\/div><\/div>\n<\/div>\n\n\n\n<div class=\"wp-block-cb-carousel\" data-slick=\"{&quot;slidesToShow&quot;:2,&quot;slidesToScroll&quot;:1,&quot;speed&quot;:300,&quot;arrows&quot;:true,&quot;dots&quot;:true,&quot;autoplay&quot;:true,&quot;autoplaySpeed&quot;:2000,&quot;infinite&quot;:true,&quot;responsive&quot;:[{&quot;breakpoint&quot;:769,&quot;settings&quot;:{&quot;slidesToShow&quot;:1,&quot;slidesToScroll&quot;:1}}]}\">\n<div class=\"wp-block-cb-slide\">\n<div class=\"wp-block-group is-nowrap is-layout-flex wp-container-core-group-is-layout-6c531013 wp-block-group-is-layout-flex\">\n<div class=\"wp-block-gutenverse-image guten-element guten-image guten-v5AUz9\"><div class=\"guten-image-wrapper\"><img decoding=\"async\" class=\"gutenverse-image-box-filled\" src=\"https:\/\/indonesiaecotour.com\/wp-content\/uploads\/2023\/09\/JCL09584-scaled.avif\" height=\"1708\" width=\"2560\" alt=\"\"\/><\/div><span class=\"guten-caption\">Plantaciones de t\u00e9<\/span><\/div>\n<\/div>\n<\/div>\n\n\n\n<div class=\"wp-block-cb-slide\">\n<div class=\"wp-block-group is-nowrap is-layout-flex wp-container-core-group-is-layout-6c531013 wp-block-group-is-layout-flex\">\n<div class=\"wp-block-gutenverse-image guten-element guten-image guten-WR40OG\"><div class=\"guten-image-wrapper\"><img decoding=\"async\" class=\"gutenverse-image-box-filled\" src=\"https:\/\/indonesiaecotour.com\/wp-content\/uploads\/2025\/04\/JCL07381-Edit-scaled.avif\" height=\"1708\" width=\"2560\" alt=\"\"\/><\/div><span class=\"guten-caption\">La locura de las cascadas<\/span><\/div>\n<\/div>\n<\/div>\n\n\n\n<div class=\"wp-block-cb-slide\">\n<div class=\"wp-block-gutenverse-image guten-element guten-image guten-NVCZhK\"><div class=\"guten-image-wrapper\"><img loading=\"lazy\" decoding=\"async\" class=\"gutenverse-image-box-filled\" src=\"https:\/\/indonesiaecotour.com\/wp-content\/uploads\/2023\/09\/DSC08892-EDIT.jpg\" height=\"2432\" width=\"1825\"\/><\/div><span class=\"guten-caption\">Deliciosa comida javanesa<\/span><\/div>\n<\/div>\n\n\n\n<div class=\"wp-block-cb-slide\">\n<div class=\"wp-block-gutenverse-image guten-element guten-image guten-voV5ED\"><div class=\"guten-image-wrapper\"><img loading=\"lazy\" decoding=\"async\" class=\"gutenverse-image-box-filled\" src=\"https:\/\/indonesiaecotour.com\/wp-content\/uploads\/2025\/05\/JCL07159-Edit-scaled.avif\" height=\"1708\" width=\"2560\" alt=\"\"\/><\/div><span class=\"guten-caption\">Aperitivos javaneses<\/span><\/div>\n<\/div>\n\n\n\n<div class=\"wp-block-cb-slide\">\n<div class=\"wp-block-gutenverse-image guten-element guten-image guten-gmupJS\"><div class=\"guten-image-wrapper\"><img loading=\"lazy\" decoding=\"async\" class=\"gutenverse-image-box-filled\" src=\"https:\/\/indonesiaecotour.com\/wp-content\/uploads\/2025\/05\/JCL09604-scaled.avif\" height=\"2280\" width=\"2560\"\/><\/div><span class=\"guten-caption\">Ingredientes del t\u00e9 indonesio<\/span><\/div>\n<\/div>\n<\/div>\n\n\n\n<div class=\"guten-element guten-button-wrapper guten-kfpUHI\"><a class=\"guten-button guten-button-sm\" href=\"https:\/\/drive.google.com\/file\/d\/1kCJalQwkcSJBUvZChzwaxZcm7PFV8P5v\/view?usp=sharing\" target=\"_blank\" aria-label=\"\" rel=\"noreferrer noopener\"><span> Descargar folleto<\/span><\/a><\/div>\n\n\n\n<div class=\"guten-element guten-button-wrapper guten-uXcmRG\"><a class=\"guten-button guten-button-sm\" href=\"https:\/\/wa.me\/6282137219073\" target=\"_blank\" aria-label=\"\" rel=\"noreferrer noopener\"><i class=\"fa-lg fab fa-whatsapp\"><\/i><span> Contacte con nosotros<\/span><\/a><\/div>\n\n\n\n<p><\/p>","protected":false},"excerpt":{"rendered":"<p>Tea plays an important role in Indonesia, the world\u2019s seventh-largest tea producer. On this Indonesian tea plantation tour, we explore stunning tea gardens and discover how tea is grown, harvested, and processed from leaf to cup. We taste a variety of local tea blends and learn to recognize the unique flavors and aromas that make [&hellip;]<\/p>","protected":false},"author":1,"featured_media":0,"parent":0,"menu_order":0,"comment_status":"closed","ping_status":"closed","template":"","meta":{"_monsterinsights_skip_tracking":false,"_monsterinsights_sitenote_active":false,"_monsterinsights_sitenote_note":"","_monsterinsights_sitenote_category":0,"footnotes":""},"class_list":["post-370","page","type-page","status-publish","hentry"],"aioseo_notices":[],"_links":{"self":[{"href":"https:\/\/indonesiaecotour.com\/es\/wp-json\/wp\/v2\/pages\/370","targetHints":{"allow":["GET"]}}],"collection":[{"href":"https:\/\/indonesiaecotour.com\/es\/wp-json\/wp\/v2\/pages"}],"about":[{"href":"https:\/\/indonesiaecotour.com\/es\/wp-json\/wp\/v2\/types\/page"}],"author":[{"embeddable":true,"href":"https:\/\/indonesiaecotour.com\/es\/wp-json\/wp\/v2\/users\/1"}],"replies":[{"embeddable":true,"href":"https:\/\/indonesiaecotour.com\/es\/wp-json\/wp\/v2\/comments?post=370"}],"version-history":[{"count":44,"href":"https:\/\/indonesiaecotour.com\/es\/wp-json\/wp\/v2\/pages\/370\/revisions"}],"predecessor-version":[{"id":3425,"href":"https:\/\/indonesiaecotour.com\/es\/wp-json\/wp\/v2\/pages\/370\/revisions\/3425"}],"wp:attachment":[{"href":"https:\/\/indonesiaecotour.com\/es\/wp-json\/wp\/v2\/media?parent=370"}],"curies":[{"name":"wp","href":"https:\/\/api.w.org\/{rel}","templated":true}]}}