{"id":374,"date":"2023-09-25T12:51:24","date_gmt":"2023-09-25T12:51:24","guid":{"rendered":"https:\/\/indonesiaecotour.com\/?page_id=374"},"modified":"2026-04-12T12:03:58","modified_gmt":"2026-04-12T12:03:58","slug":"back-in-time","status":"publish","type":"page","link":"https:\/\/indonesiaecotour.com\/es\/back-in-time\/","title":{"rendered":"Viaje en el tiempo: lo \u00faltimo en cultura javanesa en Yogyakarta"},"content":{"rendered":"<div class=\"wp-block-media-text is-stacked-on-mobile is-image-fill-element\" style=\"border-style:none;border-width:0px;border-radius:0px;margin-top:0;margin-right:0;margin-bottom:0;margin-left:0;padding-top:0;padding-right:0;padding-bottom:var(--wp--preset--spacing--50);padding-left:0\"><figure class=\"wp-block-media-text__media\"><img fetchpriority=\"high\" decoding=\"async\" width=\"1024\" height=\"683\" src=\"https:\/\/indonesiaecotour.com\/wp-content\/uploads\/2025\/04\/DSC05770-1024x683.avif\" alt=\"Javanese Cultural Tour in Yogyakarta\" class=\"wp-image-2060 size-large\" style=\"object-position:50% 50%\" srcset=\"https:\/\/indonesiaecotour.com\/wp-content\/uploads\/2025\/04\/DSC05770-1024x683.avif 1024w, https:\/\/indonesiaecotour.com\/wp-content\/uploads\/2025\/04\/DSC05770-300x200.avif 300w, https:\/\/indonesiaecotour.com\/wp-content\/uploads\/2025\/04\/DSC05770-768x512.avif 768w, https:\/\/indonesiaecotour.com\/wp-content\/uploads\/2025\/04\/DSC05770-1536x1025.avif 1536w, https:\/\/indonesiaecotour.com\/wp-content\/uploads\/2025\/04\/DSC05770-2048x1367.avif 2048w\" sizes=\"(max-width: 1024px) 100vw, 1024px\" \/><\/figure><div class=\"wp-block-media-text__content\">\n<p>\u00bfQui\u00e9n dir\u00eda que un pueblo hist\u00f3rico como \u00e9ste est\u00e1 a la vuelta de la esquina? <strong>Lo \u00faltimo en cultura javanesa en Yogyakarta<\/strong> nos lleva a un lugar donde la cultura y el modo de vida a\u00fan se conservan como hace siglos. Durante esta experiencia de medio d\u00eda, nos da la bienvenida una representaci\u00f3n teatral infantil local que nos conecta instant\u00e1neamente con el esp\u00edritu de la aldea. A continuaci\u00f3n, aprenderemos y jugaremos con la aut\u00e9ntica representaci\u00f3n de marionetas Wayang Beber, descubriendo una forma poco com\u00fan de narraci\u00f3n javanesa. La experiencia se vuelve a\u00fan m\u00e1s especial cuando nosotros mismos cosechamos morera y creamos papel, el papel m\u00e1s antiguo inventado hace unos 3.000 a\u00f1os. Por \u00faltimo, aprendemos a escribir nuestro nombre en javan\u00e9s en este papel de morera hecho a mano.<\/p>\n<\/div><\/div>\n\n\n\n<div class=\"guten-element guten-accordions guten-AneYZo\">\n<div class=\"accordion-item guten-h9b8XX active\"><div class=\"accordion-heading\"><div class=\"accordion-icon\"><span class=\"accordion-icon-open\"><i class=\"fas fa-minus\"><\/i><\/span><span class=\"accordion-icon-closed\"><i class=\"fas fa-plus\"><\/i><\/span><\/div><span class=\"accordion-text\"><span id=\"guten-giusDt\"><span id=\"guten-FbfO6p\" style=\"text-decoration: underline;\"><strong>Itinerario<\/strong><\/span><\/span><\/span><\/div><div class=\"accordion-body\"><div class=\"accordion-content\">\n<p>- Recogida en el hotel (despu\u00e9s del desayuno)<br>- A 30 minutos en coche del pueblo<br>- Vea a los ni\u00f1os de la localidad representando teatro tradicional<br>- Tocar instrumentos javaneses y ver el espect\u00e1culo tradicional \"Wayang Beber\".<br>- D\u00e9 un paseo por el pueblo y vea las actividades locales, como la elaboraci\u00f3n de tortitas tradicionales y la producci\u00f3n de vino.<br>- Taller en el que escribimos nuestro nombre en javan\u00e9s sobre madera seca de morera, como se hac\u00eda hace 3000 a\u00f1os.<br>- Actividad interactiva en la que aprendemos a fabricar papel como lo hac\u00edan los javaneses hace 3000 a\u00f1os.<br>- Almuerzo (opcional)<br>- Regreso a la ciudad<br>- Traslado al hotel (antes o despu\u00e9s del almuerzo)<\/p>\n<\/div><\/div><\/div>\n\n\n\n<div class=\"accordion-item guten-nAgnB4\"><div class=\"accordion-heading\"><div class=\"accordion-icon\"><span class=\"accordion-icon-open\"><i class=\"fas fa-minus\"><\/i><\/span><span class=\"accordion-icon-closed\"><i class=\"fas fa-plus\"><\/i><\/span><\/div><span class=\"accordion-text\"><span id=\"guten-giusDt\"><span id=\"guten-FbfO6p\" style=\"text-decoration: underline;\"><strong>Incluye<\/strong><\/span><\/span><\/span><\/div><div class=\"accordion-body\"><div class=\"accordion-content\">\n<p>- Transportes<\/p>\n\n\n\n<p>- Todas las actividades descritas<\/p>\n\n\n\n<p>- Agua potable, tentempi\u00e9s, fruta<\/p>\n\n\n\n<p>- Documentaci\u00f3n fotogr\u00e1fica profesional<\/p>\n\n\n\n<p>- Gu\u00eda en neerland\u00e9s e ingl\u00e9s (est\u00e1ndar occidental)<\/p>\n\n\n\n<p>- Enfoque respetuoso con el medio ambiente, apoyo a las ONG locales, en este viaje no se utilizan pl\u00e1sticos de un solo uso.<\/p>\n<\/div><\/div><\/div>\n\n\n\n<div class=\"accordion-item guten-wPrYuC\"><div class=\"accordion-heading\"><div class=\"accordion-icon\"><span class=\"accordion-icon-open\"><i class=\"fas fa-minus\"><\/i><\/span><span class=\"accordion-icon-closed\"><i class=\"fas fa-plus\"><\/i><\/span><\/div><span class=\"accordion-text\"><span id=\"guten-giusDt\"><span id=\"guten-FbfO6p\" style=\"text-decoration: underline;\"><strong>Excluido<\/strong><\/span><\/span><\/span><\/div><div class=\"accordion-body\"><div class=\"accordion-content\">\n<p>- Comida<\/p>\n\n\n\n<p>- Bebidas alcoh\u00f3licas y bebidas distintas del agua<\/p>\n\n\n\n<p>- Gastos personales<\/p>\n<\/div><\/div><\/div>\n\n\n\n<div class=\"accordion-item guten-wM0mL5\"><div class=\"accordion-heading\"><div class=\"accordion-icon\"><span class=\"accordion-icon-open\"><i class=\"fas fa-minus\"><\/i><\/span><span class=\"accordion-icon-closed\"><i class=\"fas fa-plus\"><\/i><\/span><\/div><span class=\"accordion-text\"><span id=\"guten-giusDt\"><span id=\"guten-FbfO6p\" style=\"text-decoration: underline;\"><strong>Precio<\/strong><\/span><\/span><\/span><\/div><div class=\"accordion-body\"><div class=\"accordion-content\">\n<p>- Esta actividad s\u00f3lo es posible para un grupo de <strong>m\u00ednimo 8 personas<\/strong><br>(Por favor&nbsp;<a href=\"https:\/\/wa.link\/nl1r35\" target=\"_blank\" rel=\"noreferrer noopener\"><strong>p\u00f3ngase en contacto con nosotros<\/strong><\/a>&nbsp;para precios, personalizaciones o preguntas)<\/p>\n<\/div><\/div><\/div>\n<\/div>\n\n\n\n<div class=\"wp-block-cb-carousel-v2 cb-carousel-block\" data-cb-slides-per-view=\"1\" data-cb-slides-per-group=\"1\" data-cb-space-between=\"1\" data-cb-speed=\"500\" data-cb-navigation=\"true\" data-cb-pagination=\"true\" data-cb-loop=\"true\" data-cb-autoplay=\"true\" data-cb-autoplay-speed=\"2000\" data-cb-breakpoints=\"{&quot;768&quot;:{&quot;slidesPerView&quot;:2,&quot;slidesPerGroup&quot;:1}}\"><div class=\"swiper\"><div class=\"cb-wrapper swiper-wrapper\">\n<div class=\"wp-block-cb-slide-v2 cb-slide swiper-slide\">\n<div class=\"wp-block-gutenverse-image guten-element guten-image guten-gCmKs0\"><div class=\"guten-image-wrapper\"><img decoding=\"async\" class=\"gutenverse-image-box-filled\" src=\"https:\/\/indonesiaecotour.com\/wp-content\/uploads\/2023\/09\/DSC05969-scaled-e1695797867152.jpg\" height=\"1706\" width=\"1706\"\/><\/div><span class=\"guten-caption\">Aprende a escribir javan\u00e9s<\/span><\/div>\n<\/div>\n\n\n\n<div class=\"wp-block-cb-slide-v2 cb-slide swiper-slide\">\n<div class=\"wp-block-gutenverse-image guten-element guten-image guten-DSHuYA\"><div class=\"guten-image-wrapper\"><img decoding=\"async\" class=\"gutenverse-image-box-filled\" src=\"https:\/\/indonesiaecotour.com\/wp-content\/uploads\/2023\/09\/DSC05968-scaled-e1695797949437.jpg\" height=\"1706\" width=\"1706\"\/><\/div><span class=\"guten-caption\">Herramientas para la fabricaci\u00f3n de papel<\/span><\/div>\n<\/div>\n\n\n\n<div class=\"wp-block-cb-slide-v2 cb-slide swiper-slide\">\n<div class=\"wp-block-gutenverse-image guten-element guten-image guten-55ndfx\"><div class=\"guten-image-wrapper\"><img loading=\"lazy\" decoding=\"async\" class=\"gutenverse-image-box-filled\" src=\"https:\/\/indonesiaecotour.com\/wp-content\/uploads\/2023\/10\/DSC09208-scaled-e1697607349915.jpg\" height=\"1706\" width=\"1706\"\/><\/div><span class=\"guten-caption\">Tocar Gamel\u00e1n<\/span><\/div>\n<\/div>\n\n\n\n<div class=\"wp-block-cb-slide-v2 cb-slide swiper-slide\">\n<div class=\"wp-block-gutenverse-image guten-element guten-image guten-kod9we\"><div class=\"guten-image-wrapper\"><img loading=\"lazy\" decoding=\"async\" class=\"gutenverse-image-box-filled\" src=\"https:\/\/indonesiaecotour.com\/wp-content\/uploads\/2023\/10\/DSC09247-scaled-e1697607491327.jpg\" height=\"1706\" width=\"1706\"\/><\/div><span class=\"guten-caption\">Ni\u00f1os escribiendo su nombre en javan\u00e9s<\/span><\/div>\n<\/div>\n\n\n\n<div class=\"wp-block-cb-slide-v2 cb-slide swiper-slide\">\n<div class=\"wp-block-gutenverse-image guten-element guten-image guten-wyAr1R\"><div class=\"guten-image-wrapper\"><img loading=\"lazy\" decoding=\"async\" class=\"gutenverse-image-box-filled\" src=\"https:\/\/indonesiaecotour.com\/wp-content\/uploads\/2023\/09\/DSC05903-Edit-scaled.jpg\" height=\"2560\" width=\"2560\"\/><\/div><span class=\"guten-caption\">Hojas de papel de morera<\/span><\/div>\n<\/div>\n<\/div><\/div><div class=\"cb-pagination swiper-pagination\"><\/div><div class=\"cb-button-prev swiper-button-prev\"><\/div><div class=\"cb-button-next swiper-button-next\"><\/div><\/div>\n\n\n\n<div class=\"guten-element guten-button-wrapper guten-kfpUHI\"><a class=\"guten-button guten-button-sm\" href=\"https:\/\/drive.google.com\/file\/d\/1kCJalQwkcSJBUvZChzwaxZcm7PFV8P5v\/view?usp=sharing\" target=\"_blank\" aria-label=\"\" rel=\"noreferrer noopener\"><span> Descargar folleto<\/span><\/a><\/div>\n\n\n\n<div class=\"guten-element guten-button-wrapper guten-uXcmRG\"><a class=\"guten-button guten-button-sm\" href=\"https:\/\/wa.me\/6282137219073\" target=\"_blank\" aria-label=\"\" rel=\"noreferrer noopener\"><i class=\"fa-lg fab fa-whatsapp\"><\/i><span> Contacte con nosotros<\/span><\/a><\/div>","protected":false},"excerpt":{"rendered":"<p>Who would guess that a historical village like this is just around the city corner? The Ultimate Javanese Cultural Tour in Yogyakarta brings us into a place where the culture and way of life is still preserved like centuries ago. During this half day experience, we are welcomed by a local kids\u2019 theater performance that [&hellip;]<\/p>","protected":false},"author":1,"featured_media":0,"parent":0,"menu_order":0,"comment_status":"closed","ping_status":"closed","template":"","meta":{"_monsterinsights_skip_tracking":false,"_monsterinsights_sitenote_active":false,"_monsterinsights_sitenote_note":"","_monsterinsights_sitenote_category":0,"footnotes":""},"class_list":["post-374","page","type-page","status-publish","hentry"],"aioseo_notices":[],"_links":{"self":[{"href":"https:\/\/indonesiaecotour.com\/es\/wp-json\/wp\/v2\/pages\/374","targetHints":{"allow":["GET"]}}],"collection":[{"href":"https:\/\/indonesiaecotour.com\/es\/wp-json\/wp\/v2\/pages"}],"about":[{"href":"https:\/\/indonesiaecotour.com\/es\/wp-json\/wp\/v2\/types\/page"}],"author":[{"embeddable":true,"href":"https:\/\/indonesiaecotour.com\/es\/wp-json\/wp\/v2\/users\/1"}],"replies":[{"embeddable":true,"href":"https:\/\/indonesiaecotour.com\/es\/wp-json\/wp\/v2\/comments?post=374"}],"version-history":[{"count":118,"href":"https:\/\/indonesiaecotour.com\/es\/wp-json\/wp\/v2\/pages\/374\/revisions"}],"predecessor-version":[{"id":3416,"href":"https:\/\/indonesiaecotour.com\/es\/wp-json\/wp\/v2\/pages\/374\/revisions\/3416"}],"wp:attachment":[{"href":"https:\/\/indonesiaecotour.com\/es\/wp-json\/wp\/v2\/media?parent=374"}],"curies":[{"name":"wp","href":"https:\/\/api.w.org\/{rel}","templated":true}]}}