{"id":1276,"date":"2023-10-11T07:09:55","date_gmt":"2023-10-11T07:09:55","guid":{"rendered":"https:\/\/indonesiaecotour.com\/?page_id=1276"},"modified":"2026-04-12T12:25:39","modified_gmt":"2026-04-12T12:25:39","slug":"bali","status":"publish","type":"page","link":"https:\/\/indonesiaecotour.com\/fr\/bali\/","title":{"rendered":"13 jours hors des sentiers battus \u00e0 Bali pour une aventure authentique"},"content":{"rendered":"<div class=\"wp-block-media-text is-stacked-on-mobile is-image-fill-element\" style=\"padding-top:0;padding-bottom:var(--wp--preset--spacing--40)\"><figure class=\"wp-block-media-text__media\"><img fetchpriority=\"high\" decoding=\"async\" width=\"1022\" height=\"1024\" src=\"https:\/\/indonesiaecotour.com\/wp-content\/uploads\/2023\/10\/IMG_20230403_0906102-1-scaled-e1697128117647-1022x1024.jpg\" alt=\"off the beaten path in Bali\" class=\"wp-image-1250 size-full\" style=\"object-position:50% 50%\" srcset=\"https:\/\/indonesiaecotour.com\/wp-content\/uploads\/2023\/10\/IMG_20230403_0906102-1-scaled-e1697128117647-1022x1024.jpg 1022w, https:\/\/indonesiaecotour.com\/wp-content\/uploads\/2023\/10\/IMG_20230403_0906102-1-scaled-e1697128117647-300x300.jpg 300w, https:\/\/indonesiaecotour.com\/wp-content\/uploads\/2023\/10\/IMG_20230403_0906102-1-scaled-e1697128117647-150x150.jpg 150w, https:\/\/indonesiaecotour.com\/wp-content\/uploads\/2023\/10\/IMG_20230403_0906102-1-scaled-e1697128117647-768x770.jpg 768w, https:\/\/indonesiaecotour.com\/wp-content\/uploads\/2023\/10\/IMG_20230403_0906102-1-scaled-e1697128117647-1533x1536.jpg 1533w, https:\/\/indonesiaecotour.com\/wp-content\/uploads\/2023\/10\/IMG_20230403_0906102-1-scaled-e1697128117647.jpg 1920w\" sizes=\"(max-width: 1022px) 100vw, 1022px\" \/><\/figure><div class=\"wp-block-media-text__content\">\n<p>The Island of the Gods offers something truly unforgettable to every traveler. Shaped by Hindu traditions, Bali feels like a world of its own, filled with colorful ceremonies, spiritual rituals, incredible flavors, and a lifestyle rooted in balance and nature. Just a short distance from Java, this paradise hides much more than its famous beaches and temples. Join us to discover a more authentic side of the island, <strong>off the beaten path in Bali<\/strong>, where local culture is still alive and untouched by mass tourism. From jungle walks and rice paddy trails to sacred water blessings and hidden tropical shores, we explore it all together, far from the crowds and closer to the real Bali.<\/p>\n<\/div><\/div>\n\n\n\n<div class=\"guten-element guten-accordions guten-aF2dQY\">\n<div class=\"accordion-item guten-l50Tqy active\"><div class=\"accordion-heading\"><div class=\"accordion-icon\"><span class=\"accordion-icon-open\"><i class=\"fas fa-minus\"><\/i><\/span><span class=\"accordion-icon-closed\"><i class=\"fas fa-plus\"><\/i><\/span><\/div><span class=\"accordion-text\">Itin\u00e9raire<\/span><\/div><div class=\"accordion-body\"><div class=\"accordion-content\">\n<p><span style=\"text-decoration: underline;\"><strong>Jour 1 - 4 :<br><\/strong><\/span>\u2022 Welcome to the island of the Gods! This island is unique in its own way, and on this <strong>off the beaten path in Bali<\/strong> trip we will explore why. We sleep comfortably in the middle of the jungle woken up in the morning by birds singing in the forest. The Hindu religion is all about being in line with the Gods. We will join the local people in their traditional ceremonies and learn why it is so important. The surroundings of our eco accommodation are wonderful and we fully immerse in tropical nature on foot and on our bikes.<\/p>\n\n\n\n<p><\/p>\n\n\n\n<p><span style=\"text-decoration: underline;\"><strong>Jour 5 - 6 :<br><\/strong><\/span>- Le nord de Bali rec\u00e8le des joyaux cach\u00e9s et intacts que nous nous appr\u00eatons \u00e0 explorer ! \u00c0 travers les villages locaux, nous d\u00e9couvrons les activit\u00e9s quotidiennes des Balinais et nous nous r\u00e9compensons par une baignade dans une cascade cach\u00e9e. Les gens ici sont si amicaux que nous pouvons m\u00eame d\u00e9jeuner avec eux dans leurs maisons ! Nous continuons \u00e0 participer \u00e0 des aventures locales et nous nous retrouvons dans un paradis naturel de la natation au milieu de la jungle. Sautez !<\/p>\n\n\n\n<p><\/p>\n\n\n\n<p><span style=\"text-decoration: underline;\"><strong>Jour 7 - 8 :<br><\/strong><\/span>- Le centre artistique de Bali vous appelle ! Nous explorons les canyons naturels t\u00f4t le matin et marchons \u00e0 travers les rizi\u00e8res, en prenant un verre pendant que le soleil se couche derri\u00e8re les villages. Apr\u00e8s le d\u00eener, nous explorons la sc\u00e8ne magique du soir. La nourriture balinaise est unique et pour mieux la comprendre, nous cuisinons nos propres plats. En guise de r\u00e9compense, nous explorons le joyau le plus cach\u00e9, une \"promenade dans l'eau\" dans le canyon le plus vierge et le plus intact que cette r\u00e9gion puisse offrir. <\/p>\n\n\n\n<p><\/p>\n\n\n\n<p><span style=\"text-decoration: underline;\"><strong>Jour 9 :<br><\/strong><\/span>\u2022 Before we move islands, we go back into history and meet the original Balinese people, a true discovery <strong>off the beaten path in Bali<\/strong>. They have been living here since the 11th century. We get to know all about them, their traditions, and their daily activities. And we won&#8217;t leave before trying their delicious culinary dishes.<\/p>\n\n\n\n<p><\/p>\n\n\n\n<p><span style=\"text-decoration: underline;\"><strong>Jour 10 - 11 :<br><\/strong><\/span>- Bali a plusieurs petites \u00eeles \u00e0 proximit\u00e9 et aujourd'hui nous prenons le bateau pour profiter des plages de sable blanc et des cocktails tropicaux. Cette \u00eele a beaucoup de choses \u00e0 offrir qui nous occuperont pendant les prochains jours. Nous explorerons ensemble les plages tropicales et la nature, et nous aiderons la population locale \u00e0 assurer sa principale source de revenus. Nous n'avons jamais \u00e9t\u00e9 aussi proches de la population locale ! Les eaux autour de ces \u00eeles sont si bleues que nous avons h\u00e2te de sauter dans la mer. Nous explorons la vie marine dans diff\u00e9rents endroits autour de notre \u00eele et notre objectif est le d\u00e9but de la mer, \u00eates-vous curieux de savoir qui c'est ? Nous contribuons \u00e0 la conservation en nous engageant dans des activit\u00e9s avec une ONG locale active sur l'\u00eele. Avant le coucher du soleil, nous marchons jusqu'\u00e0 une plage pour assister \u00e0 un coucher de soleil magique sur l'une des plus belles plages du monde. Ce qui descend doit remonter ! <\/p>\n\n\n\n<p><\/p>\n\n\n\n<p><span style=\"text-decoration: underline;\"><strong>Jour 12 - 13 :<br><\/strong><\/span>\u2022 It&#8217;s been so intense, we need to give ourselves some rest! Vitamin sea is what it&#8217;s all about today. Enjoy the beaches and get a massage in our beautiful resort before we move back to Bali and prepare for our flight home. See you on our <a href=\"https:\/\/indonesiaecotour.com\/fr\/wild-east-java\/\" title=\"Java experience\">Java experience<\/a>.<br><\/p>\n<\/div><\/div><\/div>\n\n\n\n<div class=\"accordion-item guten-wMXzGq\"><div class=\"accordion-heading\"><div class=\"accordion-icon\"><span class=\"accordion-icon-open\"><i class=\"fas fa-minus\"><\/i><\/span><span class=\"accordion-icon-closed\"><i class=\"fas fa-plus\"><\/i><\/span><\/div><span class=\"accordion-text\">Inclus<\/span><\/div><div class=\"accordion-body\"><div class=\"accordion-content\">\n<p>- Toutes les activit\u00e9s d\u00e9crites<br>- Transport : train, bateau, voiture ou minibus (en fonction de la taille du groupe et de la destination)<br>- H\u00e9bergement \u00e0 l'h\u00f4tel du premier au dernier jour (12 nuits)<br>- Eau potable fournie (bouteille r\u00e9utilisable de 20 litres, veuillez apporter votre propre gobelet)<br>- Petit-d\u00e9jeuner, d\u00e9jeuner et d\u00eener<br>- En-cas locaux et\/ou fruits<br>- Billets d'entr\u00e9e&nbsp;<br>- Documentation photographique professionnelle<\/p>\n\n\n\n<p>- Guide parlant n\u00e9erlandais et anglais (norme occidentale)<\/p>\n\n\n\n<p>- Approche respectueuse de l'environnement, aucun plastique \u00e0 usage unique n'est utilis\u00e9 lors de ce voyage.<\/p>\n<\/div><\/div><\/div>\n\n\n\n<div class=\"accordion-item guten-kNUBJk\"><div class=\"accordion-heading\"><div class=\"accordion-icon\"><span class=\"accordion-icon-open\"><i class=\"fas fa-minus\"><\/i><\/span><span class=\"accordion-icon-closed\"><i class=\"fas fa-plus\"><\/i><\/span><\/div><span class=\"accordion-text\">Exclus<\/span><\/div><div class=\"accordion-body\"><div class=\"accordion-content\">\n<p>- Billets d'avion internationaux<br>- Boissons alcoolis\u00e9es et boissons autres que l'eau<br>- D\u00e9penses personnelles (souvenirs, assurance,...)<\/p>\n<\/div><\/div><\/div>\n\n\n\n<div class=\"accordion-item guten-flYyhj\"><div class=\"accordion-heading\"><div class=\"accordion-icon\"><span class=\"accordion-icon-open\"><i class=\"fas fa-minus\"><\/i><\/span><span class=\"accordion-icon-closed\"><i class=\"fas fa-plus\"><\/i><\/span><\/div><span class=\"accordion-text\">Prix<\/span><\/div><div class=\"accordion-body\"><div class=\"accordion-content\">\n<p>- Pour que les prix restent abordables, nous proposons un <strong>minimum de 4 personnes<\/strong> pour cette tourn\u00e9e. <br>(S'il vous pla\u00eet <a href=\"https:\/\/wa.link\/nl1r35\" target=\"_blank\" rel=\"noreferrer noopener\"><strong>contactez-nous ici<\/strong><\/a> pour les prix, les personnalisations ou d'autres questions)<\/p>\n<\/div><\/div><\/div>\n<\/div>\n\n\n\n<div class=\"wp-block-cb-carousel\" data-slick=\"{&quot;slidesToShow&quot;:2,&quot;slidesToScroll&quot;:1,&quot;speed&quot;:500,&quot;arrows&quot;:true,&quot;dots&quot;:true,&quot;autoplay&quot;:true,&quot;autoplaySpeed&quot;:2000,&quot;infinite&quot;:true,&quot;responsive&quot;:[{&quot;breakpoint&quot;:769,&quot;settings&quot;:{&quot;slidesToShow&quot;:1,&quot;slidesToScroll&quot;:1}}]}\">\n<div class=\"wp-block-cb-slide\">\n<div class=\"wp-block-gutenverse-image guten-element guten-image guten-1SYEf2\"><div class=\"guten-image-wrapper\"><img decoding=\"async\" class=\"gutenverse-image-box-filled\" src=\"https:\/\/indonesiaecotour.com\/wp-content\/uploads\/2023\/10\/DSC02953-scaled-e1697206831887.jpg\" height=\"1706\" width=\"1706\"\/><\/div><span class=\"guten-caption\">Cascade cach\u00e9e<\/span><\/div>\n<\/div>\n\n\n\n<div class=\"wp-block-cb-slide\">\n<div class=\"wp-block-gutenverse-image guten-element guten-image guten-SiVRcU\"><div class=\"guten-image-wrapper\"><img decoding=\"async\" class=\"gutenverse-image-box-filled\" src=\"https:\/\/indonesiaecotour.com\/wp-content\/uploads\/2023\/10\/DSC03336-Edit-scaled-e1697206853599.jpg\" height=\"1706\" width=\"1706\"\/><\/div><span class=\"guten-caption\">Atelier de cuisine<\/span><\/div>\n<\/div>\n\n\n\n<div class=\"wp-block-cb-slide\">\n<div class=\"wp-block-gutenverse-image guten-element guten-image guten-zX3u3t\"><div class=\"guten-image-wrapper\"><img loading=\"lazy\" decoding=\"async\" class=\"gutenverse-image-box-filled\" src=\"https:\/\/indonesiaecotour.com\/wp-content\/uploads\/2023\/10\/DSC02895-scaled-e1697206879749.jpg\" height=\"1706\" width=\"1706\"\/><\/div><span class=\"guten-caption\">R\u00e9colte du riz<\/span><\/div>\n<\/div>\n\n\n\n<div class=\"wp-block-cb-slide\">\n<div class=\"wp-block-gutenverse-image guten-element guten-image guten-NwR1ws\"><div class=\"guten-image-wrapper\"><img loading=\"lazy\" decoding=\"async\" class=\"gutenverse-image-box-filled\" src=\"https:\/\/indonesiaecotour.com\/wp-content\/uploads\/2023\/10\/DSC03401-scaled-e1697206906563.jpg\" height=\"1706\" width=\"1706\" alt=\"\"\/><\/div><span class=\"guten-caption\">Swing Swing<\/span><\/div>\n<\/div>\n\n\n\n<div class=\"wp-block-cb-slide\">\n<div class=\"wp-block-gutenverse-image guten-element guten-image guten-ZTebip\"><div class=\"guten-image-wrapper\"><img loading=\"lazy\" decoding=\"async\" class=\"gutenverse-image-box-filled\" src=\"https:\/\/indonesiaecotour.com\/wp-content\/uploads\/2023\/10\/DSC02928-Edit-scaled.jpg\" height=\"2560\" width=\"2560\"\/><\/div><span class=\"guten-caption\">Chien de Bali<\/span><\/div>\n<\/div>\n\n\n\n<div class=\"wp-block-cb-slide\">\n<div class=\"wp-block-gutenverse-image guten-element guten-image guten-1RZMTK\"><div class=\"guten-image-wrapper\"><img loading=\"lazy\" decoding=\"async\" class=\"gutenverse-image-box-filled\" src=\"https:\/\/indonesiaecotour.com\/wp-content\/uploads\/2023\/10\/DSC02576-scaled-e1697206950943.jpg\" height=\"1706\" width=\"1706\"\/><\/div><span class=\"guten-caption\">Nuit de la pizza<\/span><\/div>\n<\/div>\n\n\n\n<div class=\"wp-block-cb-slide\">\n<div class=\"wp-block-gutenverse-image guten-element guten-image guten-4pa6bQ\"><div class=\"guten-image-wrapper\"><img loading=\"lazy\" decoding=\"async\" class=\"gutenverse-image-box-filled\" src=\"https:\/\/indonesiaecotour.com\/wp-content\/uploads\/2023\/10\/DSC02713-scaled-e1697206997147.jpg\" height=\"1706\" width=\"1706\"\/><\/div><span class=\"guten-caption\">Piscine naturelle dans notre Eco Lodge<\/span><\/div>\n<\/div>\n\n\n\n<div class=\"wp-block-cb-slide\">\n<div class=\"wp-block-gutenverse-image guten-element guten-image guten-eOZ3VI\"><div class=\"guten-image-wrapper\"><img loading=\"lazy\" decoding=\"async\" class=\"gutenverse-image-box-filled\" src=\"https:\/\/indonesiaecotour.com\/wp-content\/uploads\/2023\/10\/DSC02466-scaled-e1697207025164.jpg\" height=\"1706\" width=\"1706\"\/><\/div><span class=\"guten-caption\">Faire des offres<\/span><\/div>\n<\/div>\n\n\n\n<div class=\"wp-block-cb-slide\">\n<div class=\"wp-block-gutenverse-image guten-element guten-image guten-Um8UwE\"><div class=\"guten-image-wrapper\"><img loading=\"lazy\" decoding=\"async\" class=\"gutenverse-image-box-filled\" src=\"https:\/\/indonesiaecotour.com\/wp-content\/uploads\/2023\/10\/DSC02680-Edit-scaled-e1697207045170.jpg\" height=\"1706\" width=\"1706\"\/><\/div><span class=\"guten-caption\">Yoga de la jungle t\u00f4t le matin<\/span><\/div>\n<\/div>\n\n\n\n<div class=\"wp-block-cb-slide\">\n<div class=\"wp-block-gutenverse-image guten-element guten-image guten-oxtwUX\"><div class=\"guten-image-wrapper\"><img loading=\"lazy\" decoding=\"async\" class=\"gutenverse-image-box-filled\" src=\"https:\/\/indonesiaecotour.com\/wp-content\/uploads\/2023\/10\/DSC03236-Edit-scaled.jpg\" height=\"2560\" width=\"2560\"\/><\/div><span class=\"guten-caption\">Fabrication de Sate Lilit<\/span><\/div>\n<\/div>\n\n\n\n<div class=\"wp-block-cb-slide\">\n<div class=\"wp-block-gutenverse-image guten-element guten-image guten-rMqlyM\"><div class=\"guten-image-wrapper\"><img loading=\"lazy\" decoding=\"async\" class=\"gutenverse-image-box-filled\" src=\"https:\/\/indonesiaecotour.com\/wp-content\/uploads\/2023\/10\/DSC03466-scaled-e1697207149641.jpg\" height=\"1706\" width=\"1706\"\/><\/div><span class=\"guten-caption\">Canyon cach\u00e9<\/span><\/div>\n<\/div>\n\n\n\n<div class=\"wp-block-cb-slide\">\n<div class=\"wp-block-gutenverse-image guten-element guten-image guten-T9XpwG\"><div class=\"guten-image-wrapper\"><img loading=\"lazy\" decoding=\"async\" class=\"gutenverse-image-box-filled\" src=\"https:\/\/indonesiaecotour.com\/wp-content\/uploads\/2023\/10\/DSC02919-scaled-e1697207186311.jpg\" height=\"1706\" width=\"1706\"\/><\/div><span class=\"guten-caption\">Riziculture<\/span><\/div>\n<\/div>\n\n\n\n<div class=\"wp-block-cb-slide\">\n<div class=\"wp-block-gutenverse-image guten-element guten-image guten-0dFo5N\"><div class=\"guten-image-wrapper\"><img loading=\"lazy\" decoding=\"async\" class=\"gutenverse-image-box-filled\" src=\"https:\/\/indonesiaecotour.com\/wp-content\/uploads\/2023\/09\/Screenshot_2024-04-06-12-28-08-432-edit_com.google.android.apps_.maps_.avif\" height=\"1430\" width=\"1080\"\/><\/div><span class=\"guten-caption\">Une cuisine balinaise \u00e9tonnante<\/span><\/div>\n<\/div>\n\n\n\n<div class=\"wp-block-cb-slide\">\n<div class=\"wp-block-gutenverse-image guten-element guten-image guten-BeZIT2\"><div class=\"guten-image-wrapper\"><img loading=\"lazy\" decoding=\"async\" class=\"gutenverse-image-box-filled\" src=\"https:\/\/indonesiaecotour.com\/wp-content\/uploads\/2023\/10\/DSC03492-Edit-scaled-e1697207276732.jpg\" height=\"1706\" width=\"1706\"\/><\/div><span class=\"guten-caption\">Bali naturel<\/span><\/div>\n<\/div>\n\n\n\n<div class=\"wp-block-cb-slide\">\n<div class=\"wp-block-gutenverse-image guten-element guten-image guten-32W2xI\"><div class=\"guten-image-wrapper\"><img loading=\"lazy\" decoding=\"async\" class=\"gutenverse-image-box-filled\" src=\"https:\/\/indonesiaecotour.com\/wp-content\/uploads\/2023\/10\/DSC02421-scaled-e1697207304129.jpg\" height=\"1706\" width=\"1706\"\/><\/div><span class=\"guten-caption\">Grimper aux arbres tropicaux<\/span><\/div>\n<\/div>\n<\/div>\n\n\n\n<div class=\"guten-element guten-button-wrapper guten-uXcmRG\"><a class=\"guten-button guten-button-sm\" href=\"https:\/\/wa.me\/6282137219073\" target=\"_blank\" aria-label=\"\" rel=\"noreferrer noopener\"><i class=\"fa-lg fab fa-whatsapp\"><\/i><span> Nous contacter<\/span><\/a><\/div>\n\n\n\n<p><\/p>","protected":false},"excerpt":{"rendered":"<p>The Island of the Gods offers something truly unforgettable to every traveler. Shaped by Hindu traditions, Bali feels like a world of its own, filled with colorful ceremonies, spiritual rituals, incredible flavors, and a lifestyle rooted in balance and nature. Just a short distance from Java, this paradise hides much more than its famous beaches [&hellip;]<\/p>","protected":false},"author":1,"featured_media":0,"parent":0,"menu_order":0,"comment_status":"closed","ping_status":"closed","template":"","meta":{"_monsterinsights_skip_tracking":false,"_monsterinsights_sitenote_active":false,"_monsterinsights_sitenote_note":"","_monsterinsights_sitenote_category":0,"footnotes":""},"class_list":["post-1276","page","type-page","status-publish","hentry"],"aioseo_notices":[],"_links":{"self":[{"href":"https:\/\/indonesiaecotour.com\/fr\/wp-json\/wp\/v2\/pages\/1276","targetHints":{"allow":["GET"]}}],"collection":[{"href":"https:\/\/indonesiaecotour.com\/fr\/wp-json\/wp\/v2\/pages"}],"about":[{"href":"https:\/\/indonesiaecotour.com\/fr\/wp-json\/wp\/v2\/types\/page"}],"author":[{"embeddable":true,"href":"https:\/\/indonesiaecotour.com\/fr\/wp-json\/wp\/v2\/users\/1"}],"replies":[{"embeddable":true,"href":"https:\/\/indonesiaecotour.com\/fr\/wp-json\/wp\/v2\/comments?post=1276"}],"version-history":[{"count":122,"href":"https:\/\/indonesiaecotour.com\/fr\/wp-json\/wp\/v2\/pages\/1276\/revisions"}],"predecessor-version":[{"id":3419,"href":"https:\/\/indonesiaecotour.com\/fr\/wp-json\/wp\/v2\/pages\/1276\/revisions\/3419"}],"wp:attachment":[{"href":"https:\/\/indonesiaecotour.com\/fr\/wp-json\/wp\/v2\/media?parent=1276"}],"curies":[{"name":"wp","href":"https:\/\/api.w.org\/{rel}","templated":true}]}}