{"id":1779,"date":"2024-10-04T07:35:12","date_gmt":"2024-10-04T07:35:12","guid":{"rendered":"https:\/\/indonesiaecotour.com\/?page_id=1779"},"modified":"2025-04-29T01:43:13","modified_gmt":"2025-04-29T01:43:13","slug":"sustainability-report-2024","status":"publish","type":"page","link":"https:\/\/indonesiaecotour.com\/fr\/sustainability-report-2024\/","title":{"rendered":"Rapport sur le d\u00e9veloppement durable 2024"},"content":{"rendered":"<p><strong><span style=\"text-decoration: underline;\">R\u00e9duction des d\u00e9chets plastiques :<br><\/span><\/strong>Chaque ann\u00e9e, nous \u00e9tablissons un rapport simple mais efficace sur la pollution plastique, qui indique la quantit\u00e9 de plastique que nous avons emp\u00each\u00e9e d'\u00eatre utilis\u00e9e et qui s'est retrouv\u00e9e dans notre environnement. En tant que guides touristiques en Indon\u00e9sie, \u00e9viter les d\u00e9chets plastiques est une bataille constante, au quotidien. Malheureusement, nous n'avons pas encore 100% r\u00e9ussi \u00e0 \u00e9viter TOUS les plastiques possibles, car nous ne pouvons pas tout contr\u00f4ler. C'est un processus d'apprentissage int\u00e9ressant pour nous et nos h\u00f4tes.<\/p>\n\n\n\n<figure class=\"wp-block-table\"><table><tbody><tr><td class=\"has-text-align-center\" data-align=\"center\"><\/td><td class=\"has-text-align-center\" data-align=\"center\"># jours<\/td><td class=\"has-text-align-center\" data-align=\"center\"># personnes<\/td><td class=\"has-text-align-center\" data-align=\"center\">bouteilles en plastique<\/td><td class=\"has-text-align-center\" data-align=\"center\">pailles en plastique<\/td><td class=\"has-text-align-center\" data-align=\"center\">sacs en plastique<\/td><\/tr><tr><td class=\"has-text-align-center\" data-align=\"center\">Moyennes<\/td><td class=\"has-text-align-center\" data-align=\"center\"><\/td><td class=\"has-text-align-center\" data-align=\"center\"><\/td><td class=\"has-text-align-center\" data-align=\"center\">2.14<\/td><td class=\"has-text-align-center\" data-align=\"center\">0.34<\/td><td class=\"has-text-align-center\" data-align=\"center\">1.92<\/td><\/tr><tr><td class=\"has-text-align-center\" data-align=\"center\">Voyages<\/td><td class=\"has-text-align-center\" data-align=\"center\"><\/td><td class=\"has-text-align-center\" data-align=\"center\"><\/td><td class=\"has-text-align-center\" data-align=\"center\"><\/td><td class=\"has-text-align-center\" data-align=\"center\"><\/td><td class=\"has-text-align-center\" data-align=\"center\"><\/td><\/tr><tr><td class=\"has-text-align-center\" data-align=\"center\">Exp\u00e9rience compl\u00e8te \u00e0 Bali Avril 2024<\/td><td class=\"has-text-align-center\" data-align=\"center\">12<\/td><td class=\"has-text-align-center\" data-align=\"center\">10<\/td><td class=\"has-text-align-center\" data-align=\"center\">257<\/td><td class=\"has-text-align-center\" data-align=\"center\">41<\/td><td class=\"has-text-align-center\" data-align=\"center\">230<\/td><\/tr><tr><td class=\"has-text-align-center\" data-align=\"center\">Exp\u00e9rience compl\u00e8te de Java Juillet 2024<\/td><td class=\"has-text-align-center\" data-align=\"center\">16<\/td><td class=\"has-text-align-center\" data-align=\"center\">18<\/td><td class=\"has-text-align-center\" data-align=\"center\">616<\/td><td class=\"has-text-align-center\" data-align=\"center\">98<\/td><td class=\"has-text-align-center\" data-align=\"center\">553<\/td><\/tr><tr><td class=\"has-text-align-center\" data-align=\"center\">Exp\u00e9rience compl\u00e8te de Java Ao\u00fbt 2024<\/td><td class=\"has-text-align-center\" data-align=\"center\">16<\/td><td class=\"has-text-align-center\" data-align=\"center\">16<\/td><td class=\"has-text-align-center\" data-align=\"center\">548<\/td><td class=\"has-text-align-center\" data-align=\"center\">87<\/td><td class=\"has-text-align-center\" data-align=\"center\">492<\/td><\/tr><tr><td class=\"has-text-align-center\" data-align=\"center\">Exp\u00e9rience compl\u00e8te de Java Ao\u00fbt 2024<\/td><td class=\"has-text-align-center\" data-align=\"center\">16<\/td><td class=\"has-text-align-center\" data-align=\"center\">16<\/td><td class=\"has-text-align-center\" data-align=\"center\">548<\/td><td class=\"has-text-align-center\" data-align=\"center\">87<\/td><td class=\"has-text-align-center\" data-align=\"center\">492<\/td><\/tr><tr><td class=\"has-text-align-center\" data-align=\"center\">Exp\u00e9rience compl\u00e8te \u00e0 Bali D\u00e9cembre 2024<\/td><td class=\"has-text-align-center\" data-align=\"center\"><\/td><td class=\"has-text-align-center\" data-align=\"center\"><\/td><td class=\"has-text-align-center\" data-align=\"center\"><\/td><td class=\"has-text-align-center\" data-align=\"center\"><\/td><td class=\"has-text-align-center\" data-align=\"center\"><\/td><\/tr><tr><td class=\"has-text-align-center\" data-align=\"center\"><strong>Total<\/strong><\/td><td class=\"has-text-align-center\" data-align=\"center\"><strong>60<\/strong><\/td><td class=\"has-text-align-center\" data-align=\"center\"><strong>60<\/strong><\/td><td class=\"has-text-align-center\" data-align=\"center\"><strong>1969<\/strong><\/td><td class=\"has-text-align-center\" data-align=\"center\"><strong>313<\/strong><\/td><td class=\"has-text-align-center\" data-align=\"center\"><strong>1767<\/strong><\/td><\/tr><\/tbody><\/table><\/figure>\n\n\n\n<p>Comme vous pouvez le constater, nous avons emp\u00each\u00e9 <strong>1969 bouteilles en plastique, 313 pailles et 1767 sacs en plastique<\/strong> de se retrouver dans notre pr\u00e9cieux environnement. Le calcul ci-dessus est effectu\u00e9 \u00e0 partir d'une r\u00e9f\u00e9rence qui n'est m\u00eame pas bas\u00e9e sur le secteur du tourisme, mais plut\u00f4t sur l'utilisation quotidienne, donc attendez-vous \u00e0 ce que les chiffres r\u00e9els soient encore plus \u00e9lev\u00e9s.<\/p>\n\n\n\n<p>Les sources utilis\u00e9es pour nos r\u00e9f\u00e9rences se trouvent ici :<br><br>Utilisation moyenne de pailles en plastique par personne en <strong>Indon\u00e9sie<\/strong>: 0,34 par jour<br>Ce chiffre est calcul\u00e9 en fonction de l'utilisation quotidienne estim\u00e9e des pailles, soit <a href=\"https:\/\/journal.unnes.ac.id\/sju\/index.php\/jese\/article\/download\/60717\/22489#:~:text=In%20Indonesia%2C%20the%20use%20of,et%20al.%2C%202021).\" target=\"_blank\" rel=\"noopener\" title=\"\">93,244,847<\/a> divis\u00e9 par la population de l'Indon\u00e9sie qui est de 274 000 000.<\/p>\n\n\n\n<p>Utilisation moyenne de sacs en plastique par personne en <strong>Indon\u00e9sie<\/strong>: 700 euros par an<br>Sacs en plastique\/personne\/jour = 1,92<br><a href=\"https:\/\/makingoceansplasticfree.com\/hidden-cost-plastic-bag-use-pollution-indonesia\/\" target=\"_blank\" rel=\"noopener\" title=\"\">https:\/\/makingoceansplasticfree.com\/hidden-cost-plastic-bag-use-pollution-indonesia\/<br><\/a><br>Consommation moyenne de bouteilles en plastique par personne en voyage : 30 pour 2 semaines de voyage aller-retour<br>Bouteilles en plastique\/personne\/jour = 2,14<br><a href=\"https:\/\/goodtourisminstitute.com\/library\/reduce-plastic-practical-guide\/\" target=\"_blank\" rel=\"noopener\" title=\"\">https:\/\/goodtourisminstitute.com\/library\/reduce-plastic-practical-guide\/<br><\/a><br>Quelques conseils en or du dernier site web !<br><\/p>\n\n\n\n<div class=\"wp-block-gutenverse-image guten-element guten-image guten-nXmJwo\"><div class=\"guten-image-wrapper\"><img fetchpriority=\"high\" decoding=\"async\" class=\"gutenverse-image-box-filled\" src=\"https:\/\/indonesiaecotour.com\/wp-content\/uploads\/2023\/10\/iScreen-Shoter-Google-Chrome-231016164705-e1697449751880.jpg\" height=\"237\" width=\"596\"\/><\/div><\/div>\n\n\n\n<p>En conclusion, nos efforts ne sont qu'une goutte d'eau dans l'oc\u00e9an de la pollution plastique mondiale. Nous ne sauverons pas le monde en agissant de la sorte, mais notre objectif est de poursuivre nos valeurs et de donner l'exemple au secteur du tourisme. Imaginez que d'autres entreprises de voyage commencent \u00e0 suivre, c'est alors que nous ferons la diff\u00e9rence !<\/p>\n\n\n\n<p><\/p>","protected":false},"excerpt":{"rendered":"<p>Plastic waste reduction:Every year we make a simple but effective plastic pollution report that shows how much plastic we prevented from being used and ended up in our environment. As tour guides in Indonesia, avoiding plastic waste is a constant battle, on a daily basis. Unfortunately, we are not yet 100% successful in our attempt [&hellip;]<\/p>","protected":false},"author":1,"featured_media":0,"parent":0,"menu_order":0,"comment_status":"closed","ping_status":"closed","template":"","meta":{"_monsterinsights_skip_tracking":false,"_monsterinsights_sitenote_active":false,"_monsterinsights_sitenote_note":"","_monsterinsights_sitenote_category":0,"footnotes":""},"class_list":["post-1779","page","type-page","status-publish","hentry"],"aioseo_notices":[],"_links":{"self":[{"href":"https:\/\/indonesiaecotour.com\/fr\/wp-json\/wp\/v2\/pages\/1779","targetHints":{"allow":["GET"]}}],"collection":[{"href":"https:\/\/indonesiaecotour.com\/fr\/wp-json\/wp\/v2\/pages"}],"about":[{"href":"https:\/\/indonesiaecotour.com\/fr\/wp-json\/wp\/v2\/types\/page"}],"author":[{"embeddable":true,"href":"https:\/\/indonesiaecotour.com\/fr\/wp-json\/wp\/v2\/users\/1"}],"replies":[{"embeddable":true,"href":"https:\/\/indonesiaecotour.com\/fr\/wp-json\/wp\/v2\/comments?post=1779"}],"version-history":[{"count":1,"href":"https:\/\/indonesiaecotour.com\/fr\/wp-json\/wp\/v2\/pages\/1779\/revisions"}],"predecessor-version":[{"id":1780,"href":"https:\/\/indonesiaecotour.com\/fr\/wp-json\/wp\/v2\/pages\/1779\/revisions\/1780"}],"wp:attachment":[{"href":"https:\/\/indonesiaecotour.com\/fr\/wp-json\/wp\/v2\/media?parent=1779"}],"curies":[{"name":"wp","href":"https:\/\/api.w.org\/{rel}","templated":true}]}}