{"id":1838,"date":"2025-04-28T06:30:01","date_gmt":"2025-04-28T06:30:01","guid":{"rendered":"https:\/\/indonesiaecotour.com\/?page_id=1838"},"modified":"2025-04-29T01:41:44","modified_gmt":"2025-04-29T01:41:44","slug":"about","status":"publish","type":"page","link":"https:\/\/indonesiaecotour.com\/fr\/about\/","title":{"rendered":"A propos de"},"content":{"rendered":"<p class=\"has-text-align-left\" id=\"daytrips\">Bonjour ! Nous sommes Natalia &amp; Janick.<br><br>Nous voulons vous montrer la v\u00e9ritable Indon\u00e9sie, de notre point de vue local. <br>Que vous soyez un couple, un routard ou une famille, les circuits que nous proposons s'adressent \u00e0 tous.<\/p>\n\n\n\n<p class=\"has-text-align-left\">L'Indon\u00e9sie \u00e9tant l'un des plus grands pollueurs de plastique de la plan\u00e8te, nous prenons le mot \"Eco\" tr\u00e8s au s\u00e9rieux. <br><br>Nos circuits minimisent les d\u00e9chets, utilisent les ressources locales, travaillent avec des organisations qui se soucient de l'environnement et initient nos h\u00f4tes \u00e0 la sagesse locale.<\/p>\n\n\n\n<figure class=\"wp-block-image size-large\"><img fetchpriority=\"high\" decoding=\"async\" width=\"1024\" height=\"563\" src=\"https:\/\/indonesiaecotour.com\/wp-content\/uploads\/2025\/04\/IMG_20150726_142025-1024x563.avif\" alt=\"\" class=\"wp-image-2159\" srcset=\"https:\/\/indonesiaecotour.com\/wp-content\/uploads\/2025\/04\/IMG_20150726_142025-1024x563.avif 1024w, https:\/\/indonesiaecotour.com\/wp-content\/uploads\/2025\/04\/IMG_20150726_142025-300x165.avif 300w, https:\/\/indonesiaecotour.com\/wp-content\/uploads\/2025\/04\/IMG_20150726_142025-768x422.avif 768w, https:\/\/indonesiaecotour.com\/wp-content\/uploads\/2025\/04\/IMG_20150726_142025-1536x844.avif 1536w, https:\/\/indonesiaecotour.com\/wp-content\/uploads\/2025\/04\/IMG_20150726_142025-2048x1126.avif 2048w\" sizes=\"(max-width: 1024px) 100vw, 1024px\" \/><\/figure>","protected":false},"excerpt":{"rendered":"<p>Hello! We are Natalia &amp; Janick. We want to show you the real Indonesia, from our local point of view. Whether you are a couple, a backpacker or a family, the tours we offer are for everyone. Indonesia being one of the largest plastic polluters on the planet, we take the word &#8216;Eco&#8217; very seriously. [&hellip;]<\/p>","protected":false},"author":1,"featured_media":0,"parent":0,"menu_order":0,"comment_status":"closed","ping_status":"closed","template":"","meta":{"_monsterinsights_skip_tracking":false,"_monsterinsights_sitenote_active":false,"_monsterinsights_sitenote_note":"","_monsterinsights_sitenote_category":0,"footnotes":""},"class_list":["post-1838","page","type-page","status-publish","hentry"],"aioseo_notices":[],"_links":{"self":[{"href":"https:\/\/indonesiaecotour.com\/fr\/wp-json\/wp\/v2\/pages\/1838","targetHints":{"allow":["GET"]}}],"collection":[{"href":"https:\/\/indonesiaecotour.com\/fr\/wp-json\/wp\/v2\/pages"}],"about":[{"href":"https:\/\/indonesiaecotour.com\/fr\/wp-json\/wp\/v2\/types\/page"}],"author":[{"embeddable":true,"href":"https:\/\/indonesiaecotour.com\/fr\/wp-json\/wp\/v2\/users\/1"}],"replies":[{"embeddable":true,"href":"https:\/\/indonesiaecotour.com\/fr\/wp-json\/wp\/v2\/comments?post=1838"}],"version-history":[{"count":4,"href":"https:\/\/indonesiaecotour.com\/fr\/wp-json\/wp\/v2\/pages\/1838\/revisions"}],"predecessor-version":[{"id":2163,"href":"https:\/\/indonesiaecotour.com\/fr\/wp-json\/wp\/v2\/pages\/1838\/revisions\/2163"}],"wp:attachment":[{"href":"https:\/\/indonesiaecotour.com\/fr\/wp-json\/wp\/v2\/media?parent=1838"}],"curies":[{"name":"wp","href":"https:\/\/api.w.org\/{rel}","templated":true}]}}