{"id":2083,"date":"2025-04-28T16:03:19","date_gmt":"2025-04-28T16:03:19","guid":{"rendered":"https:\/\/indonesiaecotour.com\/?page_id=2083"},"modified":"2026-04-14T10:19:03","modified_gmt":"2026-04-14T10:19:03","slug":"birding-east-java","status":"publish","type":"page","link":"https:\/\/indonesiaecotour.com\/fr\/birding-east-java\/","title":{"rendered":"Comment rep\u00e9rer le rare martin-p\u00eacheur \u00e0 bandes bleues de Javan"},"content":{"rendered":"<p><\/p>\n\n\n\n<div class=\"wp-block-media-text has-media-on-the-right is-stacked-on-mobile is-image-fill-element\" style=\"padding-bottom:var(--wp--preset--spacing--40)\"><div class=\"wp-block-media-text__content\">\n<p>Cette exp\u00e9rience est principalement ax\u00e9e sur une seule esp\u00e8ce extraordinaire : le <strong>Martin-p\u00eacheur de Javan \u00e0 bande bleue<\/strong>un oiseau en danger critique d'extinction r\u00e9cemment red\u00e9couvert dans plusieurs endroits de Java. Avec une population estim\u00e9e \u00e0 moins de 250 individus \u00e0 l'\u00e9tat sauvage, chaque rencontre est exceptionnellement rare et significative.<\/p>\n\n\n\n<p>Au cours de ce voyage, nous p\u00e9n\u00e9trons dans son habitat naturel avec soin et respect, en nous donnant les meilleures chances d'observer ou de photographier l'insaisissable <strong>Martin-p\u00eacheur de Javan \u00e0 bande bleue<\/strong> dans la nature. Il s'agit d'une exp\u00e9rience unique pour les ornithologues et les amoureux de la nature.<\/p>\n<\/div><figure class=\"wp-block-media-text__media\"><img fetchpriority=\"high\" decoding=\"async\" width=\"1024\" height=\"683\" src=\"https:\/\/indonesiaecotour.com\/wp-content\/uploads\/2025\/04\/JCL01553-Edit-EDIT-scaled-e1747056685763-1024x683.avif\" alt=\"Javan Blue-Banded Kingfisher\" class=\"wp-image-2037 size-full\" style=\"object-position:50% 50%\" srcset=\"https:\/\/indonesiaecotour.com\/wp-content\/uploads\/2025\/04\/JCL01553-Edit-EDIT-scaled-e1747056685763-1024x683.avif 1024w, https:\/\/indonesiaecotour.com\/wp-content\/uploads\/2025\/04\/JCL01553-Edit-EDIT-scaled-e1747056685763-300x200.avif 300w, https:\/\/indonesiaecotour.com\/wp-content\/uploads\/2025\/04\/JCL01553-Edit-EDIT-scaled-e1747056685763-768x512.avif 768w, https:\/\/indonesiaecotour.com\/wp-content\/uploads\/2025\/04\/JCL01553-Edit-EDIT-scaled-e1747056685763-1536x1024.avif 1536w, https:\/\/indonesiaecotour.com\/wp-content\/uploads\/2025\/04\/JCL01553-Edit-EDIT-scaled-e1747056685763-2048x1366.avif 2048w\" sizes=\"(max-width: 1024px) 100vw, 1024px\" \/><\/figure><\/div>\n\n\n\n<div class=\"guten-element guten-accordions guten-qmC2UK\">\n<div class=\"accordion-item guten-uw4Wrq active\"><div class=\"accordion-heading\"><div class=\"accordion-icon\"><span class=\"accordion-icon-open\"><i class=\"fas fa-minus\"><\/i><\/span><span class=\"accordion-icon-closed\"><i class=\"fas fa-plus\"><\/i><\/span><\/div><span class=\"accordion-text\">Itin\u00e9raire<\/span><\/div><div class=\"accordion-body\"><div class=\"accordion-content\">\n<p><strong><span style=\"text-decoration: underline;\">Jour 1 :<\/span><br><\/strong>- Transport de Yogyakarta \u00e0 Java Est (2,5 heures en train ou ~4 heures en voiture\/minibus)<br>- D\u00eener et nuit \u00e0 Java Est<br><br><strong><span style=\"text-decoration: underline;\">Jour 2<\/span>:<br><\/strong>- D\u00e9part t\u00f4t le matin pour la for\u00eat<br>- Journ\u00e9e enti\u00e8re dans le refuge \u00e0 attendre les oiseaux<br>- Transport du soir vers Yogyakarta (2,5 heures en train ou ~4 heures en voiture\/minibus)<\/p>\n<\/div><\/div><\/div>\n<\/div>\n\n\n\n<div class=\"guten-element guten-accordions guten-ylaMfB\">\n<div class=\"accordion-item guten-Ydlq3a\"><div class=\"accordion-heading\"><div class=\"accordion-icon\"><span class=\"accordion-icon-open\"><i class=\"fas fa-minus\"><\/i><\/span><span class=\"accordion-icon-closed\"><i class=\"fas fa-plus\"><\/i><\/span><\/div><span class=\"accordion-text\">Esp\u00e8ces<\/span><\/div><div class=\"accordion-body\"><div class=\"accordion-content\">\n<p><strong><span style=\"text-decoration: underline;\">Oiseaux :<\/span><\/strong><br><\/p>\n\n\n\n<figure class=\"wp-block-table alignleft\"><table class=\"has-fixed-layout\"><tbody><tr><td class=\"has-text-align-center\" data-align=\"center\"><strong>Esp\u00e8ces<\/strong><\/td><td class=\"has-text-align-center\" data-align=\"center\"><strong>Statut<\/strong><\/td><td class=\"has-text-align-center\" data-align=\"center\"><strong>End\u00e9mique<\/strong><\/td><\/tr><tr><td class=\"has-text-align-center\" data-align=\"center\">Martin-p\u00eacheur de Javan \u00e0 bande bleue<\/td><td class=\"has-text-align-center\" data-align=\"center\">cr<\/td><td class=\"has-text-align-center\" data-align=\"center\">Java<\/td><\/tr><tr><td class=\"has-text-align-center\" data-align=\"center\">Martin-p\u00eacheur de Java<\/td><td class=\"has-text-align-center\" data-align=\"center\">lc<\/td><td class=\"has-text-align-center\" data-align=\"center\">Java et Bali<\/td><\/tr><tr><td class=\"has-text-align-center\" data-align=\"center\">B\u00e9casseau sunda<\/td><td class=\"has-text-align-center\" data-align=\"center\">lc<\/td><td class=\"has-text-align-center\" data-align=\"center\">Java et Sumatra<\/td><\/tr><tr><td class=\"has-text-align-center\" data-align=\"center\">queue-de-cheval \u00e0 couronne blanche<\/td><td class=\"has-text-align-center\" data-align=\"center\">lc<\/td><td class=\"has-text-align-center\" data-align=\"center\"><\/td><\/tr><tr><td class=\"has-text-align-center\" data-align=\"center\">grive siffleuse bleue<\/td><td class=\"has-text-align-center\" data-align=\"center\">lc<\/td><td class=\"has-text-align-center\" data-align=\"center\"><\/td><\/tr><\/tbody><\/table><\/figure>\n<\/div><\/div><\/div>\n<\/div>\n\n\n\n<div class=\"guten-element guten-accordions guten-ZjO4aN\">\n<div class=\"accordion-item guten-YDWd9X\"><div class=\"accordion-heading\"><div class=\"accordion-icon\"><span class=\"accordion-icon-open\"><i class=\"fas fa-minus\"><\/i><\/span><span class=\"accordion-icon-closed\"><i class=\"fas fa-plus\"><\/i><\/span><\/div><span class=\"accordion-text\">Inclus<\/span><\/div><div class=\"accordion-body\"><div class=\"accordion-content\">\n<p>- Transport<br>- Toutes les activit\u00e9s sont d\u00e9crites<br>- H\u00e9bergement \u00e0 l'h\u00f4tel (1 nuit)<br>- Eau potable, en-cas, fruits, d\u00e9jeuner (jour 2), d\u00eener (jour 1)<br>- Documentation photographique professionnelle<br>- Guide parlant n\u00e9erlandais et anglais (norme occidentale)<br>- Approche respectueuse de l'environnement, soutien des ONG locales, aucun plastique \u00e0 usage unique n'est utilis\u00e9 lors de ce voyage.<\/p>\n<\/div><\/div><\/div>\n<\/div>\n\n\n\n<div class=\"guten-element guten-accordions guten-fxpwX9\">\n<div class=\"accordion-item guten-0baU1P\"><div class=\"accordion-heading\"><div class=\"accordion-icon\"><span class=\"accordion-icon-open\"><i class=\"fas fa-minus\"><\/i><\/span><span class=\"accordion-icon-closed\"><i class=\"fas fa-plus\"><\/i><\/span><\/div><span class=\"accordion-text\">Exclus<\/span><\/div><div class=\"accordion-body\"><div class=\"accordion-content\">\n<p>- D\u00e9jeuner (jour 1) et d\u00eener (jour 2) <\/p>\n\n\n\n<p>- Boissons alcoolis\u00e9es et boissons autres que l'eau<br>- D\u00e9penses personnelles <\/p>\n\n\n\n<p>- Assurance voyage et m\u00e9dicale<\/p>\n\n\n\n<p>- Conseils<\/p>\n<\/div><\/div><\/div>\n<\/div>\n\n\n\n<div class=\"guten-element guten-accordions guten-udjDj0\">\n<div class=\"accordion-item guten-m0rfzc\"><div class=\"accordion-heading\"><div class=\"accordion-icon\"><span class=\"accordion-icon-open\"><i class=\"fas fa-minus\"><\/i><\/span><span class=\"accordion-icon-closed\"><i class=\"fas fa-plus\"><\/i><\/span><\/div><span class=\"accordion-text\">Prix<\/span><\/div><div class=\"accordion-body\"><div class=\"accordion-content\">\n<p>- Prix \u00e0 partir de&nbsp;<strong>4.300.000 IDR par personne pour un groupe de 4 personnes venant de Yogyakarta en voiture<\/strong><br>- Veuillez contacter<strong>&nbsp;<\/strong>nous<strong>&nbsp;<a href=\"https:\/\/wa.me\/6282137219073\">ici<\/a><\/strong>&nbsp;pour d'autres prix, personnalisations ou questions<\/p>\n<\/div><\/div><\/div>\n<\/div>\n\n\n\n<div class=\"wp-block-cb-carousel\" data-slick=\"{&quot;slidesToShow&quot;:2,&quot;slidesToScroll&quot;:1,&quot;speed&quot;:300,&quot;arrows&quot;:true,&quot;dots&quot;:true,&quot;autoplay&quot;:true,&quot;autoplaySpeed&quot;:2000,&quot;infinite&quot;:true,&quot;responsive&quot;:[{&quot;breakpoint&quot;:769,&quot;settings&quot;:{&quot;slidesToShow&quot;:1,&quot;slidesToScroll&quot;:1}}]}\">\n<div class=\"wp-block-cb-slide\">\n<div class=\"wp-block-gutenverse-image guten-element guten-image guten-BPI5bX\"><div class=\"guten-image-wrapper\"><img decoding=\"async\" class=\"gutenverse-image-box-filled\" src=\"https:\/\/indonesiaecotour.com\/wp-content\/uploads\/2023\/09\/JCL01576-Edit-scaled.jpg\" height=\"2560\" width=\"2560\"\/><\/div><span class=\"guten-caption\">Kf \u00e0 bande bleue de Javan (m\u00e2le)<\/span><\/div>\n<\/div>\n\n\n\n<div class=\"wp-block-cb-slide\">\n<div class=\"wp-block-gutenverse-image guten-element guten-image guten-wG7z4G\"><div class=\"guten-image-wrapper\"><img decoding=\"async\" class=\"gutenverse-image-box-filled\" src=\"https:\/\/indonesiaecotour.com\/wp-content\/uploads\/2023\/09\/JCL01228-Edit-scaled.jpg\" height=\"2560\" width=\"2560\"\/><\/div><span class=\"guten-caption\">Kf \u00e0 bande bleue de Javan (femelle)<\/span><\/div>\n<\/div>\n\n\n\n<div class=\"wp-block-cb-slide\">\n<div class=\"wp-block-gutenverse-image guten-element guten-image guten-hnvlvf\"><div class=\"guten-image-wrapper\"><img loading=\"lazy\" decoding=\"async\" class=\"gutenverse-image-box-filled\" src=\"https:\/\/indonesiaecotour.com\/wp-content\/uploads\/2023\/09\/JCL01514-Edit-scaled.jpg\" height=\"2560\" width=\"2560\"\/><\/div><span class=\"guten-caption\">Martin-p\u00eacheur de Java<\/span><\/div>\n<\/div>\n\n\n\n<div class=\"wp-block-cb-slide\">\n<div class=\"wp-block-gutenverse-image guten-element guten-image guten-XTmbOZ\"><div class=\"guten-image-wrapper\"><img loading=\"lazy\" decoding=\"async\" class=\"gutenverse-image-box-filled\" src=\"https:\/\/indonesiaecotour.com\/wp-content\/uploads\/2023\/09\/JCL01391-Edit-scaled.jpg\" height=\"2560\" width=\"2560\"\/><\/div><span class=\"guten-caption\">B\u00e9casseau sunda<\/span><\/div>\n<\/div>\n\n\n\n<div class=\"wp-block-cb-slide\">\n<div class=\"wp-block-gutenverse-image guten-element guten-image guten-0PgAQs\"><div class=\"guten-image-wrapper\"><img loading=\"lazy\" decoding=\"async\" class=\"gutenverse-image-box-filled\" src=\"https:\/\/indonesiaecotour.com\/wp-content\/uploads\/2023\/09\/JCL01677-Edit-scaled-e1696086942375.jpg\" height=\"1706\" width=\"1706\"\/><\/div><span class=\"guten-caption\">Grive siffleuse bleue<\/span><\/div>\n<\/div>\n<\/div>\n\n\n\n<div class=\"guten-element guten-button-wrapper guten-kfpUHI\"><a class=\"guten-button guten-button-sm\" href=\"https:\/\/drive.google.com\/file\/d\/1eJhNQwDfyOac0Vnsg11tKfTxr3sWcbiG\/view?usp=sharing\" target=\"_blank\" aria-label=\"\" rel=\"noreferrer noopener\"><span> T\u00e9l\u00e9charger la brochure<\/span><\/a><\/div>\n\n\n\n<div class=\"guten-element guten-button-wrapper guten-uXcmRG\"><a class=\"guten-button guten-button-sm\" href=\"https:\/\/wa.me\/6282137219073\" target=\"_blank\" aria-label=\"\" rel=\"noreferrer noopener\"><i class=\"fa-lg fab fa-whatsapp\"><\/i><span> Nous contacter<\/span><\/a><\/div>\n\n\n\n<p><\/p>","protected":false},"excerpt":{"rendered":"<p>The main focus of this experience is a single extraordinary species: the Javan Blue-Banded Kingfisher, a critically endangered bird recently rediscovered in several locations across Java. With an estimated population of fewer than 250 individuals left in the wild, every encounter is exceptionally rare and meaningful. On this journey, we step into its natural habitat [&hellip;]<\/p>","protected":false},"author":1,"featured_media":0,"parent":0,"menu_order":0,"comment_status":"closed","ping_status":"closed","template":"","meta":{"_monsterinsights_skip_tracking":false,"_monsterinsights_sitenote_active":false,"_monsterinsights_sitenote_note":"","_monsterinsights_sitenote_category":0,"footnotes":""},"class_list":["post-2083","page","type-page","status-publish","hentry"],"aioseo_notices":[],"_links":{"self":[{"href":"https:\/\/indonesiaecotour.com\/fr\/wp-json\/wp\/v2\/pages\/2083","targetHints":{"allow":["GET"]}}],"collection":[{"href":"https:\/\/indonesiaecotour.com\/fr\/wp-json\/wp\/v2\/pages"}],"about":[{"href":"https:\/\/indonesiaecotour.com\/fr\/wp-json\/wp\/v2\/types\/page"}],"author":[{"embeddable":true,"href":"https:\/\/indonesiaecotour.com\/fr\/wp-json\/wp\/v2\/users\/1"}],"replies":[{"embeddable":true,"href":"https:\/\/indonesiaecotour.com\/fr\/wp-json\/wp\/v2\/comments?post=2083"}],"version-history":[{"count":27,"href":"https:\/\/indonesiaecotour.com\/fr\/wp-json\/wp\/v2\/pages\/2083\/revisions"}],"predecessor-version":[{"id":3446,"href":"https:\/\/indonesiaecotour.com\/fr\/wp-json\/wp\/v2\/pages\/2083\/revisions\/3446"}],"wp:attachment":[{"href":"https:\/\/indonesiaecotour.com\/fr\/wp-json\/wp\/v2\/media?parent=2083"}],"curies":[{"name":"wp","href":"https:\/\/api.w.org\/{rel}","templated":true}]}}