{"id":2088,"date":"2025-04-28T16:03:34","date_gmt":"2025-04-28T16:03:34","guid":{"rendered":"https:\/\/indonesiaecotour.com\/?page_id=2088"},"modified":"2026-04-14T08:39:00","modified_gmt":"2026-04-14T08:39:00","slug":"java","status":"publish","type":"page","link":"https:\/\/indonesiaecotour.com\/fr\/java\/","title":{"rendered":"Java Eco Tour 16 jours \u00e0 la d\u00e9couverte des merveilles cach\u00e9es de l'Indon\u00e9sie"},"content":{"rendered":"<div class=\"wp-block-media-text is-stacked-on-mobile is-image-fill-element\" style=\"padding-bottom:var(--wp--preset--spacing--40)\"><figure class=\"wp-block-media-text__media\"><img fetchpriority=\"high\" decoding=\"async\" width=\"1024\" height=\"576\" src=\"https:\/\/indonesiaecotour.com\/wp-content\/uploads\/2023\/10\/DJI_0590-2-1024x576.jpg\" alt=\"Java eco tour 16 days to discover the hidden gem's of Indonesia biggest island.\" class=\"wp-image-1291 size-full\" style=\"object-position:50% 50%\" srcset=\"https:\/\/indonesiaecotour.com\/wp-content\/uploads\/2023\/10\/DJI_0590-2-1024x576.jpg 1024w, https:\/\/indonesiaecotour.com\/wp-content\/uploads\/2023\/10\/DJI_0590-2-300x169.jpg 300w, https:\/\/indonesiaecotour.com\/wp-content\/uploads\/2023\/10\/DJI_0590-2-768x432.jpg 768w, https:\/\/indonesiaecotour.com\/wp-content\/uploads\/2023\/10\/DJI_0590-2-1536x864.jpg 1536w, https:\/\/indonesiaecotour.com\/wp-content\/uploads\/2023\/10\/DJI_0590-2-2048x1152.jpg 2048w\" sizes=\"(max-width: 1024px) 100vw, 1024px\" \/><\/figure><div class=\"wp-block-media-text__content\">\n<p>Pr\u00e9parez-vous \u00e0 d\u00e9couvrir Java de la mani\u00e8re la plus unique et la plus aventureuse qui soit. Au cours de cette <strong>Circuit \u00e9co Java 16 jours<\/strong>Nous vous emmenons bien au-del\u00e0 des itin\u00e9raires touristiques classiques, dans des lieux authentiques o\u00f9 le tourisme de masse n'est pas encore arriv\u00e9.<\/p>\n\n\n\n<p>Vous d\u00e9couvrirez la v\u00e9ritable Java de mani\u00e8re traditionnelle, locale et respectueuse, en rencontrant des communaut\u00e9s accueillantes, en partageant des moments authentiques et en d\u00e9couvrant une culture intacte et profond\u00e9ment vivante. Partout o\u00f9 nous allons, nous sommes accueillis par des sourires chaleureux, des c\u0153urs ouverts et la v\u00e9ritable hospitalit\u00e9 indon\u00e9sienne.<\/p>\n\n\n\n<p>Des villages isol\u00e9s aux paysages \u00e0 couper le souffle, ce voyage est fait de joyaux cach\u00e9s et de rencontres inoubliables. Rejoignez-nous et d\u00e9couvrez par vous-m\u00eame ce que Java a vraiment \u00e0 offrir.<\/p>\n<\/div><\/div>\n\n\n\n<div class=\"guten-element guten-accordions guten-k6QwS6\">\n<div class=\"accordion-item guten-1Ql3nr active\"><div class=\"accordion-heading\"><div class=\"accordion-icon\"><span class=\"accordion-icon-open\"><i class=\"fas fa-minus\"><\/i><\/span><span class=\"accordion-icon-closed\"><i class=\"fas fa-plus\"><\/i><\/span><\/div><span class=\"accordion-text\">Itin\u00e9raire<\/span><\/div><div class=\"accordion-body\"><div class=\"accordion-content\">\n<p><span style=\"text-decoration: underline;\"><strong>Jour 1 - 4 :<br><\/strong><\/span>- Apr\u00e8s vous avoir accueilli \u00e0 l'a\u00e9roport, nous nous reposons avant de profiter des paradis tropicaux que Java a \u00e0 offrir. Pr\u00e9parez-vous \u00e0 profiter des plages de sable blanc et des petites \u00eeles tropicales pittoresques ! Nous participons \u00e0 la conservation du corail et de la faune et nous nous d\u00e9tendons en prenant des vitamines de la mer ! Notre h\u00e9bergement unique vous donnera l'impression de ne plus jamais vouloir partir. Mais nous devons partir, alors nous prenons le train pour <strong><a href=\"https:\/\/indonesiaecotour.com\/fr\/wildlife-pekalongan\/\" target=\"_blank\" rel=\"noopener\" title=\"Java central\">Java central<\/a><\/strong> o\u00f9 de nouvelles aventures nous attendent.<br><\/p>\n\n\n\n<p><span style=\"text-decoration: underline;\"><strong>Jour 5 - 8 :<br><\/strong><\/span>- Le centre de Java est connu pour ses textiles et ses jungles vierges cach\u00e9es. Nous lib\u00e9rons notre esprit cr\u00e9atif et cr\u00e9ons nos propres v\u00eatements avec des teintures naturelles. Nous explorons ensuite les jungles et partons \u00e0 la recherche des v\u00e9ritables habitants de ces for\u00eats, bien avant nous, les humains. La r\u00e9gion est \u00e9galement connue pour ses plantations de th\u00e9 et ses \u00e9tonnantes chutes d'eau. Qui ose sauter dans l'eau rafra\u00eechissante mais froide ? Nous nous concentrons sur les activit\u00e9s locales et engageantes avec le sympathique peuple javanais. Le dernier jour, nous nous rendons \u00e0 <strong><a href=\"https:\/\/indonesiaecotour.com\/fr\/back-in-time\/\" title=\"Yogyakarta\">Yogyakarta<\/a><\/strong>La ville sp\u00e9ciale qui ne dort jamais.<br><\/p>\n\n\n\n<p><span style=\"text-decoration: underline;\"><strong>Jour 9 - 12 :<br><\/strong><\/span>- Yogyakarta est une ville \u00e9tudiante pleine de culture et de plaisir ! Nous explorons la ville de mani\u00e8re unique, loin des zones touristiques surpeupl\u00e9es. Beaucoup de v\u00e9lo, de natation, d'aventure et d'activit\u00e9s cr\u00e9atives \u00e0 la recherche de joyaux cach\u00e9s. Nous explorons la culture javanaise de mani\u00e8re amusante ! Nous collaborons avec des initiatives humanitaires et de conservation locales afin de soutenir leur travail et leurs efforts. Nous nous rendons \u00e0 <strong><a href=\"https:\/\/indonesiaecotour.com\/fr\/wild-east-java\/\" title=\"Java Est\">Java Est<\/a><\/strong> avec un train de nuit o\u00f9 nous arriverons t\u00f4t le matin.<br><\/p>\n\n\n\n<p><span style=\"text-decoration: underline;\"><strong>Jour 13 - 15 :<br><\/strong><\/span>- Le r\u00e9veil dans l'est de Java est magique. Apr\u00e8s nous \u00eatre repos\u00e9s, nous enfourchons nos v\u00e9los et partons \u00e0 la d\u00e9couverte de la nature. Attention aux gros animaux sauvages qui traversent la route ! Apr\u00e8s nous \u00eatre bien repos\u00e9s, nous sommes de nouveau pr\u00eats \u00e0 vaincre le club sportif local. Ils sont tr\u00e8s excit\u00e9s \u00e0 l'id\u00e9e de nous battre, mais nous savons qui va gagner, n'est-ce pas ? Nous nous rafra\u00eechissons d'abord dans la cascade avant de c\u00e9l\u00e9brer notre victoire avec style et d'aller nous coucher t\u00f4t. Nous devons nous lever au milieu de la nuit parce que ce soir sera sp\u00e9cial. Nous allons assister \u00e0 l'une des merveilles naturelles de ce monde, mais pas sans effort. Au sommet de cette merveille naturelle, nous vous r\u00e9compenserons d'une mani\u00e8re sp\u00e9ciale et unique et nous profiterons ensemble de vues inoubliables et infinies. <br><\/p>\n\n\n\n<p><span style=\"text-decoration: underline;\"><strong>Jour 16 :<br><\/strong><\/span>- Malheureusement, notre dernier jour est arriv\u00e9. Comme on dit, toutes les bonnes choses ont une fin ! Nous traversons \u00e0 Bali et pour ceux qui veulent visiter l'\u00eele des Dieux, c'est le moment ! Nous recommandons de rester au moins quelques jours \u00e0 Bali avant de rentrer chez soi. Ce fut un voyage intense et actif \u00e0 travers Java. Il est maintenant temps de se d\u00e9tendre au bord de la piscine, d'explorer Bali et de prendre son vol de retour...<\/p>\n<\/div><\/div><\/div>\n\n\n\n<div class=\"accordion-item guten-kvm26F\"><div class=\"accordion-heading\"><div class=\"accordion-icon\"><span class=\"accordion-icon-open\"><i class=\"fas fa-minus\"><\/i><\/span><span class=\"accordion-icon-closed\"><i class=\"fas fa-plus\"><\/i><\/span><\/div><span class=\"accordion-text\">Inclus<\/span><\/div><div class=\"accordion-body\"><div class=\"accordion-content\">\n<p>- Toutes les activit\u00e9s d\u00e9crites<br>- Transport : train, bateau, voiture ou minibus (en fonction de la taille du groupe et de la destination)<br>- H\u00e9bergement \u00e0 l'h\u00f4tel du premier au dernier jour (15 nuits)<br>- Eau potable fournie (bouteille r\u00e9utilisable de 20 litres, veuillez apporter votre propre gobelet)<br>- Petit-d\u00e9jeuner, d\u00e9jeuner et d\u00eener<br>- En-cas locaux et\/ou fruits<br>- Billets d'entr\u00e9e&nbsp;<br>- Documentation photographique professionnelle<\/p>\n\n\n\n<p>- Guide parlant n\u00e9erlandais et anglais (norme occidentale)<\/p>\n\n\n\n<p>- Approche respectueuse de l'environnement, aucun plastique \u00e0 usage unique n'est utilis\u00e9 lors de ce voyage.<\/p>\n<\/div><\/div><\/div>\n\n\n\n<div class=\"accordion-item guten-oUhQdq\"><div class=\"accordion-heading\"><div class=\"accordion-icon\"><span class=\"accordion-icon-open\"><i class=\"fas fa-minus\"><\/i><\/span><span class=\"accordion-icon-closed\"><i class=\"fas fa-plus\"><\/i><\/span><\/div><span class=\"accordion-text\">Exclus<\/span><\/div><div class=\"accordion-body\"><div class=\"accordion-content\">\n<p>- Billets d'avion internationaux<br>- Boissons alcoolis\u00e9es et boissons autres que l'eau<br>- D\u00e9penses personnelles (souvenirs, assurance,...)<\/p>\n<\/div><\/div><\/div>\n\n\n\n<div class=\"accordion-item guten-X88ZWL\"><div class=\"accordion-heading\"><div class=\"accordion-icon\"><span class=\"accordion-icon-open\"><i class=\"fas fa-minus\"><\/i><\/span><span class=\"accordion-icon-closed\"><i class=\"fas fa-plus\"><\/i><\/span><\/div><span class=\"accordion-text\">Prix<\/span><\/div><div class=\"accordion-body\"><div class=\"accordion-content\">\n<p>- Pour que les prix restent abordables, nous proposons un <strong>minimum de 6 personnes<\/strong> pour cette tourn\u00e9e. <br>(S'il vous pla\u00eet <a href=\"https:\/\/wa.link\/nl1r35\" target=\"_blank\" rel=\"noreferrer noopener\"><strong>contactez-nous ici<\/strong><\/a> pour les prix, les personnalisations ou d'autres questions)<\/p>\n<\/div><\/div><\/div>\n<\/div>\n\n\n\n<div class=\"wp-block-cb-carousel\" data-slick=\"{&quot;slidesToShow&quot;:2,&quot;slidesToScroll&quot;:1,&quot;speed&quot;:300,&quot;arrows&quot;:true,&quot;dots&quot;:true,&quot;autoplay&quot;:true,&quot;autoplaySpeed&quot;:2000,&quot;infinite&quot;:true,&quot;responsive&quot;:[{&quot;breakpoint&quot;:769,&quot;settings&quot;:{&quot;slidesToShow&quot;:1,&quot;slidesToScroll&quot;:1}}]}\">\n<div class=\"wp-block-cb-slide\">\n<div class=\"wp-block-gutenverse-image guten-element guten-image guten-BPI5bX\"><div class=\"guten-image-wrapper\"><img decoding=\"async\" class=\"gutenverse-image-box-filled\" src=\"https:\/\/indonesiaecotour.com\/wp-content\/uploads\/2023\/10\/DSC04914-e1697187512270.jpg\" height=\"1280\" width=\"1280\"\/><\/div><span class=\"guten-caption\">Plantations de th\u00e9<\/span><\/div>\n<\/div>\n\n\n\n<div class=\"wp-block-cb-slide\">\n<div class=\"wp-block-gutenverse-image guten-element guten-image guten-wG7z4G\"><div class=\"guten-image-wrapper\"><img decoding=\"async\" class=\"gutenverse-image-box-filled\" src=\"https:\/\/indonesiaecotour.com\/wp-content\/uploads\/2023\/10\/DSC05096-e1697187534326.jpg\" height=\"1280\" width=\"1280\"\/><\/div><span class=\"guten-caption\">Enfants de la r\u00e9gion<\/span><\/div>\n<\/div>\n\n\n\n<div class=\"wp-block-cb-slide\">\n<div class=\"wp-block-gutenverse-image guten-element guten-image guten-hnvlvf\"><div class=\"guten-image-wrapper\"><img loading=\"lazy\" decoding=\"async\" class=\"gutenverse-image-box-filled\" src=\"https:\/\/indonesiaecotour.com\/wp-content\/uploads\/2025\/04\/JCL07381-Edit-scaled.avif\" height=\"1708\" width=\"2560\"\/><\/div><span class=\"guten-caption\">La folie des cascades<\/span><\/div>\n<\/div>\n\n\n\n<div class=\"wp-block-cb-slide\">\n<div class=\"wp-block-gutenverse-image guten-element guten-image guten-i5FyFJ\"><div class=\"guten-image-wrapper\"><img loading=\"lazy\" decoding=\"async\" class=\"gutenverse-image-box-filled\" src=\"https:\/\/indonesiaecotour.com\/wp-content\/uploads\/2023\/10\/DSC05154-Edit-e1697187613341.jpg\" height=\"1280\" width=\"1280\"\/><\/div><span class=\"guten-caption\">La cuisine de rue locale<\/span><\/div>\n<\/div>\n\n\n\n<div class=\"wp-block-cb-slide\">\n<div class=\"wp-block-gutenverse-image guten-element guten-image guten-5o29MG\"><div class=\"guten-image-wrapper\"><img loading=\"lazy\" decoding=\"async\" class=\"gutenverse-image-box-filled\" src=\"https:\/\/indonesiaecotour.com\/wp-content\/uploads\/2023\/10\/DSC04695-e1697187742401.jpg\" height=\"1280\" width=\"1420\"\/><\/div><span class=\"guten-caption\">En-cas et fruits<\/span><\/div>\n<\/div>\n\n\n\n<div class=\"wp-block-cb-slide\">\n<div class=\"wp-block-gutenverse-image guten-element guten-image guten-YXKrsl\"><div class=\"guten-image-wrapper\"><img loading=\"lazy\" decoding=\"async\" class=\"gutenverse-image-box-filled\" src=\"https:\/\/indonesiaecotour.com\/wp-content\/uploads\/2023\/10\/DSC04318-e1697187809248.jpg\" height=\"1280\" width=\"1280\"\/><\/div><span class=\"guten-caption\">L'amour de Java<\/span><\/div>\n<\/div>\n\n\n\n<div class=\"wp-block-cb-slide\">\n<div class=\"wp-block-gutenverse-image guten-element guten-image guten-yYA8VK\"><div class=\"guten-image-wrapper\"><img loading=\"lazy\" decoding=\"async\" class=\"gutenverse-image-box-filled\" src=\"https:\/\/indonesiaecotour.com\/wp-content\/uploads\/2023\/10\/DSC04246-e1697187914141.jpg\" height=\"1280\" width=\"1280\"\/><\/div><span class=\"guten-caption\">Rel\u00e2cher les b\u00e9b\u00e9s tortues<\/span><\/div>\n<\/div>\n\n\n\n<div class=\"wp-block-cb-slide\">\n<div class=\"wp-block-gutenverse-image guten-element guten-image guten-HHxTxi\"><div class=\"guten-image-wrapper\"><img loading=\"lazy\" decoding=\"async\" class=\"gutenverse-image-box-filled\" src=\"https:\/\/indonesiaecotour.com\/wp-content\/uploads\/2023\/10\/DSC04117-e1697188000923.jpg\" height=\"1280\" width=\"1280\"\/><\/div><span class=\"guten-caption\">Plantation de coraux<\/span><\/div>\n<\/div>\n\n\n\n<div class=\"wp-block-cb-slide\">\n<div class=\"wp-block-gutenverse-image guten-element guten-image guten-MwAZh2\"><div class=\"guten-image-wrapper\"><img loading=\"lazy\" decoding=\"async\" class=\"gutenverse-image-box-filled\" src=\"https:\/\/indonesiaecotour.com\/wp-content\/uploads\/2025\/04\/DSC05225-01-EDIT-scaled.avif\" height=\"1707\" width=\"2560\"\/><\/div><span class=\"guten-caption\">Cyclisme \u00e0 Prambanan<\/span><\/div>\n<\/div>\n\n\n\n<div class=\"wp-block-cb-slide\">\n<div class=\"wp-block-gutenverse-image guten-element guten-image guten-xvFGTZ\"><div class=\"guten-image-wrapper\"><img loading=\"lazy\" decoding=\"async\" class=\"gutenverse-image-box-filled\" src=\"https:\/\/indonesiaecotour.com\/wp-content\/uploads\/2023\/10\/DSC06148-scaled-e1697188343221.jpg\" height=\"1706\" width=\"1706\" alt=\"\"\/><\/div><span class=\"guten-caption\">Fabrication de cerfs-volants \u00e0 partir de d\u00e9chets jetables<\/span><\/div>\n<\/div>\n\n\n\n<div class=\"wp-block-cb-slide\">\n<div class=\"wp-block-gutenverse-image guten-element guten-image guten-Gddz3w\"><div class=\"guten-image-wrapper\"><img loading=\"lazy\" decoding=\"async\" class=\"gutenverse-image-box-filled\" src=\"https:\/\/indonesiaecotour.com\/wp-content\/uploads\/2023\/10\/DSC06470-Edit-scaled-e1697188537530.jpg\" height=\"1706\" width=\"1706\"\/><\/div><span class=\"guten-caption\">Enseigner aux enfants de la r\u00e9gion<\/span><\/div>\n<\/div>\n\n\n\n<div class=\"wp-block-cb-slide\">\n<div class=\"wp-block-gutenverse-image guten-element guten-image guten-EdmoDI\"><div class=\"guten-image-wrapper\"><img loading=\"lazy\" decoding=\"async\" class=\"gutenverse-image-box-filled\" src=\"https:\/\/indonesiaecotour.com\/wp-content\/uploads\/2023\/10\/DSC06666-Edit-scaled-e1697188563191.jpg\" height=\"1706\" width=\"1706\"\/><\/div><span class=\"guten-caption\">Alimentation locale festive<\/span><\/div>\n<\/div>\n\n\n\n<div class=\"wp-block-cb-slide\">\n<div class=\"wp-block-gutenverse-image guten-element guten-image guten-iaMcGp\"><div class=\"guten-image-wrapper\"><img loading=\"lazy\" decoding=\"async\" class=\"gutenverse-image-box-filled\" src=\"https:\/\/indonesiaecotour.com\/wp-content\/uploads\/2023\/10\/DSC06542-scaled-e1697188607861.jpg\" height=\"1706\" width=\"1706\"\/><\/div><span class=\"guten-caption\">Jouer au volley-ball avec les locaux<\/span><\/div>\n<\/div>\n\n\n\n<div class=\"wp-block-cb-slide\">\n<div class=\"wp-block-gutenverse-image guten-element guten-image guten-sAdrqp\"><div class=\"guten-image-wrapper\"><img loading=\"lazy\" decoding=\"async\" class=\"gutenverse-image-box-filled\" src=\"https:\/\/indonesiaecotour.com\/wp-content\/uploads\/2023\/10\/DSC06688-Edit-scaled-e1697188647753.jpg\" height=\"1706\" width=\"1706\"\/><\/div><span class=\"guten-caption\">Piscine \u00e0 cascade naturelle<\/span><\/div>\n<\/div>\n\n\n\n<div class=\"wp-block-cb-slide\">\n<div class=\"wp-block-gutenverse-image guten-element guten-image guten-Aj4Ntd\"><div class=\"guten-image-wrapper\"><img loading=\"lazy\" decoding=\"async\" class=\"gutenverse-image-box-filled\" src=\"https:\/\/indonesiaecotour.com\/wp-content\/uploads\/2023\/10\/DSC05711-Edit-scaled-e1697188678316.jpg\" height=\"1706\" width=\"1706\"\/><\/div><span class=\"guten-caption\">Th\u00e9\u00e2tre Ramayana<\/span><\/div>\n<\/div>\n<\/div>\n\n\n\n<div class=\"guten-element guten-button-wrapper guten-uXcmRG\"><a class=\"guten-button guten-button-sm\" href=\"https:\/\/wa.me\/6282137219073\" target=\"_blank\" aria-label=\"\" rel=\"noreferrer noopener\"><i class=\"fa-lg fab fa-whatsapp\"><\/i><span> Nous contacter<\/span><\/a><\/div>\n\n\n\n<p><\/p>","protected":false},"excerpt":{"rendered":"<p>Get ready to discover Java in the most unique and adventurous way. On this Java eco tour 16 days, we take you far beyond the classic tourist routes and into authentic places where mass tourism hasn\u2019t arrived yet. You\u2019ll experience the real Java in a traditional, local, and respectful way, meeting welcoming communities, sharing genuine [&hellip;]<\/p>","protected":false},"author":1,"featured_media":0,"parent":0,"menu_order":0,"comment_status":"closed","ping_status":"closed","template":"","meta":{"_monsterinsights_skip_tracking":false,"_monsterinsights_sitenote_active":false,"_monsterinsights_sitenote_note":"","_monsterinsights_sitenote_category":0,"footnotes":""},"class_list":["post-2088","page","type-page","status-publish","hentry"],"aioseo_notices":[],"_links":{"self":[{"href":"https:\/\/indonesiaecotour.com\/fr\/wp-json\/wp\/v2\/pages\/2088","targetHints":{"allow":["GET"]}}],"collection":[{"href":"https:\/\/indonesiaecotour.com\/fr\/wp-json\/wp\/v2\/pages"}],"about":[{"href":"https:\/\/indonesiaecotour.com\/fr\/wp-json\/wp\/v2\/types\/page"}],"author":[{"embeddable":true,"href":"https:\/\/indonesiaecotour.com\/fr\/wp-json\/wp\/v2\/users\/1"}],"replies":[{"embeddable":true,"href":"https:\/\/indonesiaecotour.com\/fr\/wp-json\/wp\/v2\/comments?post=2088"}],"version-history":[{"count":42,"href":"https:\/\/indonesiaecotour.com\/fr\/wp-json\/wp\/v2\/pages\/2088\/revisions"}],"predecessor-version":[{"id":3431,"href":"https:\/\/indonesiaecotour.com\/fr\/wp-json\/wp\/v2\/pages\/2088\/revisions\/3431"}],"wp:attachment":[{"href":"https:\/\/indonesiaecotour.com\/fr\/wp-json\/wp\/v2\/media?parent=2088"}],"curies":[{"name":"wp","href":"https:\/\/api.w.org\/{rel}","templated":true}]}}