{"id":2091,"date":"2025-04-28T16:02:55","date_gmt":"2025-04-28T16:02:55","guid":{"rendered":"https:\/\/indonesiaecotour.com\/?page_id=2091"},"modified":"2026-04-14T09:36:03","modified_gmt":"2026-04-14T09:36:03","slug":"cultural-cycling-prambanan","status":"publish","type":"page","link":"https:\/\/indonesiaecotour.com\/fr\/cultural-cycling-prambanan\/","title":{"rendered":"How to discover Prambanan on the best Cycling Tour in Yogyakarta"},"content":{"rendered":"<div class=\"wp-block-media-text is-stacked-on-mobile is-image-fill-element\" style=\"padding-bottom:var(--wp--preset--spacing--40)\"><figure class=\"wp-block-media-text__media\"><img fetchpriority=\"high\" decoding=\"async\" width=\"1024\" height=\"683\" src=\"https:\/\/indonesiaecotour.com\/wp-content\/uploads\/2025\/04\/DSC05225-01-EDIT-1024x683.avif\" alt=\"Cycling Tour in Yogyakarta\" class=\"wp-image-2050 size-full\" style=\"object-position:50% 50%\" srcset=\"https:\/\/indonesiaecotour.com\/wp-content\/uploads\/2025\/04\/DSC05225-01-EDIT-1024x683.avif 1024w, https:\/\/indonesiaecotour.com\/wp-content\/uploads\/2025\/04\/DSC05225-01-EDIT-300x200.avif 300w, https:\/\/indonesiaecotour.com\/wp-content\/uploads\/2025\/04\/DSC05225-01-EDIT-768x512.avif 768w, https:\/\/indonesiaecotour.com\/wp-content\/uploads\/2025\/04\/DSC05225-01-EDIT-1536x1024.avif 1536w, https:\/\/indonesiaecotour.com\/wp-content\/uploads\/2025\/04\/DSC05225-01-EDIT-2048x1366.avif 2048w\" sizes=\"(max-width: 1024px) 100vw, 1024px\" \/><\/figure><div class=\"wp-block-media-text__content\">\n<p>Our <strong>Cycling Tour in Yogyakarta<\/strong> starts in the fresh morning air as we ride through peaceful villages and lush rice fields beyond the city. Along the way, we stop for authentic cultural experiences, from visiting a local tofu production house to joining a traditional orchestra and playing Javanese instruments with local musicians.<\/p>\n\n\n\n<p>Our final destination is the breathtaking <strong>Prambanan Temple<\/strong>, the largest Hindu temple complex in Indonesia and a UNESCO World Heritage Site. After exploring the site in the cooler afternoon, we end the day with a traditional buffet dinner and a magical Ramayana theater performance with Prambanan glowing in the background.<\/p>\n\n\n\n<p>A surprising and unforgettable adventure for both kids and adults.<\/p>\n\n\n\n<p>This cycling tour in Yogyakarta is filled with culture, fun, and surprises, a perfect adventure for both children and parents.<audio autoplay=\"\"><\/audio><\/p>\n<\/div><\/div>\n\n\n\n<div class=\"guten-element guten-accordions guten-G5q2nY\">\n<div class=\"accordion-item guten-jgUX4c active\"><div class=\"accordion-heading\"><div class=\"accordion-icon\"><span class=\"accordion-icon-open\"><i class=\"fas fa-minus\"><\/i><\/span><span class=\"accordion-icon-closed\"><i class=\"fas fa-plus\"><\/i><\/span><\/div><span class=\"accordion-text\"><strong>Itin\u00e9raire<\/strong><\/span><\/div><div class=\"accordion-body\"><div class=\"accordion-content\">\n<p>- Prise en charge \u00e0 l'h\u00f4tel (apr\u00e8s le petit-d\u00e9jeuner vers 8h)<\/p>\n\n\n\n<p>- 1 heure de route jusqu'au point de d\u00e9part<\/p>\n\n\n\n<p>- D\u00e9but de notre circuit cycliste \u00e0 travers les villages<\/p>\n\n\n\n<p>- Arr\u00eat dans plusieurs lieux traditionnels et culturels<\/p>\n\n\n\n<p>- D\u00e9jeuner<\/p>\n\n\n\n<p>- Visite de Prambanan (\u00e0 pied)<\/p>\n\n\n\n<p>- D\u00eener dans le restaurant situ\u00e9 \u00e0 c\u00f4t\u00e9 du temple<\/p>\n\n\n\n<p>- Th\u00e9\u00e2tre Ramayana \u00e0 c\u00f4t\u00e9 du restaurant<\/p>\n\n\n\n<p>- D\u00e9pose \u00e0 l'h\u00f4tel (vers 22h)<\/p>\n<\/div><\/div><\/div>\n<\/div>\n\n\n\n<div class=\"guten-element guten-accordions guten-ZO5Alz\">\n<div class=\"accordion-item guten-fNY256\"><div class=\"accordion-heading\"><div class=\"accordion-icon\"><span class=\"accordion-icon-open\"><i class=\"fas fa-minus\"><\/i><\/span><span class=\"accordion-icon-closed\"><i class=\"fas fa-plus\"><\/i><\/span><\/div><span class=\"accordion-text\"><strong><strong>Inclus<\/strong><\/strong><\/span><\/div><div class=\"accordion-body\"><div class=\"accordion-content\">\n<p>- Transport<\/p>\n\n\n\n<p>- Toutes les activit\u00e9s d\u00e9crites (y compris les billets d'entr\u00e9e pour Prambanan et Ramayana)<\/p>\n\n\n\n<p>- Eau potable, collations, fruits, d\u00e9jeuner et d\u00eener<\/p>\n\n\n\n<p>- Documentation photographique professionnelle<\/p>\n\n\n\n<p>- Guide parlant n\u00e9erlandais et anglais (norme occidentale)<\/p>\n\n\n\n<p>- Approche respectueuse de l'environnement, aucun plastique \u00e0 usage unique n'est utilis\u00e9 lors de ce voyage.<\/p>\n<\/div><\/div><\/div>\n<\/div>\n\n\n\n<div class=\"guten-element guten-accordions guten-QpUQim\">\n<div class=\"accordion-item guten-IvEslA\"><div class=\"accordion-heading\"><div class=\"accordion-icon\"><span class=\"accordion-icon-open\"><i class=\"fas fa-minus\"><\/i><\/span><span class=\"accordion-icon-closed\"><i class=\"fas fa-plus\"><\/i><\/span><\/div><span class=\"accordion-text\"><strong><strong>Exclus<\/strong><\/strong><\/span><\/div><div class=\"accordion-body\"><div class=\"accordion-content\">\n<p>- Boissons alcoolis\u00e9es et boissons autres que l'eau<\/p>\n\n\n\n<p>- D\u00e9penses personnelles<\/p>\n<\/div><\/div><\/div>\n<\/div>\n\n\n\n<div class=\"guten-element guten-accordions guten-04VOhL\">\n<div class=\"accordion-item guten-9brzgr\"><div class=\"accordion-heading\"><div class=\"accordion-icon\"><span class=\"accordion-icon-open\"><i class=\"fas fa-minus\"><\/i><\/span><span class=\"accordion-icon-closed\"><i class=\"fas fa-plus\"><\/i><\/span><\/div><span class=\"accordion-text\"><strong><strong>Prix<\/strong><\/strong><\/span><\/div><div class=\"accordion-body\"><div class=\"accordion-content\">\n<p>- Prix \u00e0 partir de <strong>1.900.000 IDR<\/strong> <strong>par personne<\/strong> sur la base d'un <strong>groupe de 4 personnes<\/strong><br>(S'il vous pla\u00eet&nbsp;<a href=\"https:\/\/wa.link\/nl1r35\" target=\"_blank\" rel=\"noreferrer noopener\"><strong>contactez-nous ici<\/strong><\/a>&nbsp;pour d'autres prix, personnalisations ou questions)<\/p>\n<\/div><\/div><\/div>\n<\/div>\n\n\n\n<div class=\"wp-block-cb-carousel\" data-slick=\"{&quot;slidesToShow&quot;:2,&quot;slidesToScroll&quot;:1,&quot;speed&quot;:300,&quot;arrows&quot;:true,&quot;dots&quot;:true,&quot;autoplay&quot;:true,&quot;autoplaySpeed&quot;:2000,&quot;infinite&quot;:true,&quot;responsive&quot;:[{&quot;breakpoint&quot;:769,&quot;settings&quot;:{&quot;slidesToShow&quot;:1,&quot;slidesToScroll&quot;:1}}]}\">\n<div class=\"wp-block-cb-slide\">\n<div class=\"wp-block-gutenverse-image guten-element guten-image guten-BPI5bX\"><div class=\"guten-image-wrapper\"><img decoding=\"async\" class=\"gutenverse-image-box-filled\" src=\"https:\/\/indonesiaecotour.com\/wp-content\/uploads\/2023\/09\/DSC09078-scaled-e1695797175633.jpg\" height=\"1706\" width=\"1706\"\/><\/div><span class=\"guten-caption\">Tir \u00e0 l'arc traditionnel javanais<\/span><\/div>\n<\/div>\n\n\n\n<div class=\"wp-block-cb-slide\">\n<div class=\"wp-block-gutenverse-image guten-element guten-image guten-wG7z4G\"><div class=\"guten-image-wrapper\"><img decoding=\"async\" class=\"gutenverse-image-box-filled\" src=\"https:\/\/indonesiaecotour.com\/wp-content\/uploads\/2023\/09\/DSC08947-scaled-e1695797199115.jpg\" height=\"1706\" width=\"1706\"\/><\/div><span class=\"guten-caption\">Instrument traditionnel javanais Angklung<\/span><\/div>\n<\/div>\n\n\n\n<div class=\"wp-block-cb-slide\">\n<div class=\"wp-block-gutenverse-image guten-element guten-image guten-hnvlvf\"><div class=\"guten-image-wrapper\"><img loading=\"lazy\" decoding=\"async\" class=\"gutenverse-image-box-filled\" src=\"https:\/\/indonesiaecotour.com\/wp-content\/uploads\/2023\/09\/DSC08925-scaled-e1695797224295.jpg\" height=\"1706\" width=\"1706\"\/><\/div><span class=\"guten-caption\">Lieu de production locale de tofu<\/span><\/div>\n<\/div>\n\n\n\n<div class=\"wp-block-cb-slide\">\n<div class=\"wp-block-gutenverse-image guten-element guten-image guten-2RUwNb\"><div class=\"guten-image-wrapper\"><img loading=\"lazy\" decoding=\"async\" class=\"gutenverse-image-box-filled\" src=\"https:\/\/indonesiaecotour.com\/wp-content\/uploads\/2023\/10\/DSC05711-Edit-scaled-e1697188678316.jpg\" height=\"1706\" width=\"1706\"\/><\/div><span class=\"guten-caption\">Spectacle Ramayana<\/span><\/div>\n<\/div>\n\n\n\n<div class=\"wp-block-cb-slide\">\n<div class=\"wp-block-gutenverse-image guten-element guten-image guten-D5OdvW\"><div class=\"guten-image-wrapper\"><img loading=\"lazy\" decoding=\"async\" class=\"gutenverse-image-box-filled\" src=\"https:\/\/indonesiaecotour.com\/wp-content\/uploads\/2025\/04\/DSC05225-01-EDIT-scaled.avif\" height=\"1707\" width=\"2560\"\/><\/div><span class=\"guten-caption\">Cyclisme color\u00e9<\/span><\/div>\n<\/div>\n<\/div>\n\n\n\n<div class=\"guten-element guten-button-wrapper guten-kfpUHI\"><a class=\"guten-button guten-button-sm\" href=\"https:\/\/drive.google.com\/file\/d\/1kCJalQwkcSJBUvZChzwaxZcm7PFV8P5v\/view?usp=sharing\" target=\"_blank\" aria-label=\"\" rel=\"noreferrer noopener\"><span> T\u00e9l\u00e9charger la brochure<\/span><\/a><\/div>\n\n\n\n<div class=\"guten-element guten-button-wrapper guten-uXcmRG\"><a class=\"guten-button guten-button-sm\" href=\"https:\/\/wa.me\/6282137219073\" target=\"_blank\" aria-label=\"\" rel=\"noreferrer noopener\"><i class=\"fa-lg fab fa-whatsapp\"><\/i><span> Nous contacter<\/span><\/a><\/div>\n\n\n\n<p><\/p>","protected":false},"excerpt":{"rendered":"<p>Our Cycling Tour in Yogyakarta starts in the fresh morning air as we ride through peaceful villages and lush rice fields beyond the city. Along the way, we stop for authentic cultural experiences, from visiting a local tofu production house to joining a traditional orchestra and playing Javanese instruments with local musicians. Our final destination [&hellip;]<\/p>","protected":false},"author":1,"featured_media":0,"parent":0,"menu_order":0,"comment_status":"closed","ping_status":"closed","template":"","meta":{"_monsterinsights_skip_tracking":false,"_monsterinsights_sitenote_active":false,"_monsterinsights_sitenote_note":"","_monsterinsights_sitenote_category":0,"footnotes":""},"class_list":["post-2091","page","type-page","status-publish","hentry"],"aioseo_notices":[],"_links":{"self":[{"href":"https:\/\/indonesiaecotour.com\/fr\/wp-json\/wp\/v2\/pages\/2091","targetHints":{"allow":["GET"]}}],"collection":[{"href":"https:\/\/indonesiaecotour.com\/fr\/wp-json\/wp\/v2\/pages"}],"about":[{"href":"https:\/\/indonesiaecotour.com\/fr\/wp-json\/wp\/v2\/types\/page"}],"author":[{"embeddable":true,"href":"https:\/\/indonesiaecotour.com\/fr\/wp-json\/wp\/v2\/users\/1"}],"replies":[{"embeddable":true,"href":"https:\/\/indonesiaecotour.com\/fr\/wp-json\/wp\/v2\/comments?post=2091"}],"version-history":[{"count":37,"href":"https:\/\/indonesiaecotour.com\/fr\/wp-json\/wp\/v2\/pages\/2091\/revisions"}],"predecessor-version":[{"id":3437,"href":"https:\/\/indonesiaecotour.com\/fr\/wp-json\/wp\/v2\/pages\/2091\/revisions\/3437"}],"wp:attachment":[{"href":"https:\/\/indonesiaecotour.com\/fr\/wp-json\/wp\/v2\/media?parent=2091"}],"curies":[{"name":"wp","href":"https:\/\/api.w.org\/{rel}","templated":true}]}}