{"id":2111,"date":"2025-04-28T16:18:54","date_gmt":"2025-04-28T16:18:54","guid":{"rendered":"https:\/\/indonesiaecotour.com\/?page_id=2111"},"modified":"2026-04-12T12:53:08","modified_gmt":"2026-04-12T12:53:08","slug":"wild-east-java","status":"publish","type":"page","link":"https:\/\/indonesiaecotour.com\/fr\/wild-east-java\/","title":{"rendered":"L'ultime aventure de la faune et de la flore de Java Est en 3 jours \u00e9piques"},"content":{"rendered":"<div class=\"wp-block-media-text is-stacked-on-mobile is-image-fill-element\" style=\"padding-top:0;padding-bottom:var(--wp--preset--spacing--40)\"><figure class=\"wp-block-media-text__media\"><img fetchpriority=\"high\" decoding=\"async\" width=\"1024\" height=\"683\" src=\"https:\/\/indonesiaecotour.com\/wp-content\/uploads\/2023\/09\/DSC00002-1024x683.jpg\" alt=\"East Java wildlife adventure\" class=\"wp-image-1075 size-full\" style=\"object-position:50% 50%\" srcset=\"https:\/\/indonesiaecotour.com\/wp-content\/uploads\/2023\/09\/DSC00002-1024x683.jpg 1024w, https:\/\/indonesiaecotour.com\/wp-content\/uploads\/2023\/09\/DSC00002-300x200.jpg 300w, https:\/\/indonesiaecotour.com\/wp-content\/uploads\/2023\/09\/DSC00002-768x512.jpg 768w, https:\/\/indonesiaecotour.com\/wp-content\/uploads\/2023\/09\/DSC00002-1536x1025.jpg 1536w, https:\/\/indonesiaecotour.com\/wp-content\/uploads\/2023\/09\/DSC00002-2048x1366.jpg 2048w\" sizes=\"(max-width: 1024px) 100vw, 1024px\" \/><\/figure><div class=\"wp-block-media-text__content\">\n<p>On this multi-day trip, we explore East Java departing from Yogyakarta for an unforgettable <strong>East Java wildlife adventure<\/strong>. After an overnight train ride, we arrive in the easternmost part of the island, ready to dive into epic landscapes and unique local experiences. Have you ever explored a national park filled with wild animals by bicycle? This is your chance. We cycle through open savanna, spotting wildlife along the way, before lacing up our shoes to take on the local football team. Then it\u2019s an early night, because the real highlight begins after midnight. We hike up a volcano in the dark, reaching the top just in time to watch the sunrise rise above the clouds. A truly magical moment you will never forget.<\/p>\n<\/div><\/div>\n\n\n\n<div class=\"guten-element guten-accordions guten-qvSefl\">\n<div class=\"accordion-item guten-uMN6Ez active\"><div class=\"accordion-heading\"><div class=\"accordion-icon\"><span class=\"accordion-icon-open\"><i class=\"fas fa-minus\"><\/i><\/span><span class=\"accordion-icon-closed\"><i class=\"fas fa-plus\"><\/i><\/span><\/div><span class=\"accordion-text\">Itin\u00e9raire<\/span><\/div><div class=\"accordion-body\"><div class=\"accordion-content\">\n<p><strong>Jour 1 :<\/strong><\/p>\n\n\n\n<p>\u2022 Take the overnight train from Yogyakarta to Banyuwangi (11 hours) to start your <strong>East Java wildlife adventure<\/strong><\/p>\n\n\n\n<p><strong>Jour 2 :<\/strong><\/p>\n\n\n\n<p>- Arriv\u00e9e \u00e0 Banyuwangi \u00e0 5h30<\/p>\n\n\n\n<p>- Arriv\u00e9e \u00e0 l'h\u00f4tel et repos<\/p>\n\n\n\n<p>- Apr\u00e8s le d\u00e9jeuner, 1,5 heure de route vers le parc national.<\/p>\n\n\n\n<p>- Parcourir le parc \u00e0 v\u00e9lo tout en observant les animaux sauvages<\/p>\n\n\n\n<p>- D\u00eener royal \u00e0 la plage<\/p>\n\n\n\n<p>- Retour \u00e0 l'h\u00f4tel<\/p>\n\n\n\n<p><strong>Troisi\u00e8me jour :<\/strong><\/p>\n\n\n\n<p>- Visite \u00e0 pied d'un parc monumental \u00e0 proximit\u00e9 apr\u00e8s le petit-d\u00e9jeuner<\/p>\n\n\n\n<p>- D\u00e9jeuner<\/p>\n\n\n\n<p>- Visite d'une cascade \u00e0 proximit\u00e9<\/p>\n\n\n\n<p>- Jouer au football avec l'\u00e9quipe locale<\/p>\n\n\n\n<p>- D\u00eener<\/p>\n\n\n\n<p>- Retour \u00e0 l'h\u00f4tel et grasse matin\u00e9e<\/p>\n\n\n\n<p><strong>Jour 4 :<\/strong><\/p>\n\n\n\n<p>- Lever \u00e0 12h30 et monter en voiture sur le volcan.<\/p>\n\n\n\n<p>- Mont\u00e9e (1,5h) et descente dans le crat\u00e8re pour voir le feu bleu.<\/p>\n\n\n\n<p>- Observer le lever du soleil tout en savourant un d\u00e9licieux petit-d\u00e9jeuner<\/p>\n\n\n\n<p>- Retour \u00e0 l'h\u00f4tel<\/p>\n\n\n\n<p>- Reposez-vous !<\/p>\n\n\n\n<p>- BBQ final<\/p>\n\n\n\n<p><strong>Jour 5 :<\/strong><\/p>\n\n\n\n<p>- Apr\u00e8s le petit-d\u00e9jeuner, nous pouvons traverser vers Bali et continuer ou vous d\u00e9poser.<\/p>\n\n\n\n<p>dans votre h\u00f4tel (selon la r\u00e9gion de Bali)<\/p>\n\n\n\n<p>- Si vous devez retourner \u00e0 Yogyakarta, nous prenons le train jusqu'\u00e0 Yogyakarta.<\/p>\n<\/div><\/div><\/div>\n<\/div>\n\n\n\n<div class=\"guten-element guten-accordions guten-GumkzW\">\n<div class=\"accordion-item guten-VIfr6v\"><div class=\"accordion-heading\"><div class=\"accordion-icon\"><span class=\"accordion-icon-open\"><i class=\"fas fa-minus\"><\/i><\/span><span class=\"accordion-icon-closed\"><i class=\"fas fa-plus\"><\/i><\/span><\/div><span class=\"accordion-text\">Inclus<\/span><\/div><div class=\"accordion-body\"><div class=\"accordion-content\">\n<p>- Transport<\/p>\n\n\n\n<p>- H\u00e9bergement (3 nuits)<\/p>\n\n\n\n<p>- Toutes les activit\u00e9s sont d\u00e9crites<\/p>\n\n\n\n<p>- Eau potable, en-cas, fruits, d\u00e9jeuner (jours 2, 3, 4), d\u00eener (jours 2, 3, 4)<\/p>\n\n\n\n<p>- Documentation photographique professionnelle<\/p>\n\n\n\n<p>- Guide parlant n\u00e9erlandais et anglais (norme occidentale)<\/p>\n\n\n\n<p>- Approche respectueuse de l'environnement, soutien des ONG locales, aucun plastique \u00e0 usage unique n'est utilis\u00e9 lors de ce voyage.<\/p>\n<\/div><\/div><\/div>\n<\/div>\n\n\n\n<div class=\"guten-element guten-accordions guten-akLwCr\">\n<div class=\"accordion-item guten-W372kY\"><div class=\"accordion-heading\"><div class=\"accordion-icon\"><span class=\"accordion-icon-open\"><i class=\"fas fa-minus\"><\/i><\/span><span class=\"accordion-icon-closed\"><i class=\"fas fa-plus\"><\/i><\/span><\/div><span class=\"accordion-text\">Exclus<\/span><\/div><div class=\"accordion-body\"><div class=\"accordion-content\">\n<p>- Boissons alcoolis\u00e9es et boissons autres que l'eau<\/p>\n\n\n\n<p>- D\u00e9penses personnelles<\/p>\n<\/div><\/div><\/div>\n<\/div>\n\n\n\n<div class=\"guten-element guten-accordions guten-YWPNoW\">\n<div class=\"accordion-item guten-YsJj2Z\"><div class=\"accordion-heading\"><div class=\"accordion-icon\"><span class=\"accordion-icon-open\"><i class=\"fas fa-minus\"><\/i><\/span><span class=\"accordion-icon-closed\"><i class=\"fas fa-plus\"><\/i><\/span><\/div><span class=\"accordion-text\">Prix<\/span><\/div><div class=\"accordion-body\"><div class=\"accordion-content\">\n<p>- Prix \u00e0 partir de <strong>7.900.000 IDR<\/strong> <strong>par personne<\/strong> sur la base d'un <strong>groupe de 4 personnes partant de Yogyakarta<\/strong><br>(S'il vous pla\u00eet&nbsp;<a href=\"https:\/\/wa.link\/nl1r35\" target=\"_blank\" rel=\"noreferrer noopener\"><strong>contactez-nous ici<\/strong><\/a>&nbsp;pour d'autres prix, personnalisations ou questions)<\/p>\n<\/div><\/div><\/div>\n<\/div>\n\n\n\n<div class=\"wp-block-cb-carousel\" data-slick=\"{&quot;slidesToShow&quot;:2,&quot;slidesToScroll&quot;:1,&quot;speed&quot;:500,&quot;arrows&quot;:true,&quot;dots&quot;:true,&quot;autoplay&quot;:true,&quot;autoplaySpeed&quot;:2000,&quot;infinite&quot;:true,&quot;responsive&quot;:[{&quot;breakpoint&quot;:769,&quot;settings&quot;:{&quot;slidesToShow&quot;:1,&quot;slidesToScroll&quot;:1}}]}\">\n<div class=\"wp-block-cb-slide\">\n<div class=\"wp-block-gutenverse-image guten-element guten-image guten-1SYEf2\"><div class=\"guten-image-wrapper\"><img decoding=\"async\" class=\"gutenverse-image-box-filled\" src=\"https:\/\/indonesiaecotour.com\/wp-content\/uploads\/2023\/10\/DSC09876-scaled.jpg\" height=\"1708\" width=\"2560\"\/><\/div><span class=\"guten-caption\">Cerf de Java<\/span><\/div>\n<\/div>\n\n\n\n<div class=\"wp-block-cb-slide\">\n<div class=\"wp-block-gutenverse-image guten-element guten-image guten-SiVRcU\"><div class=\"guten-image-wrapper\"><img decoding=\"async\" class=\"gutenverse-image-box-filled\" src=\"https:\/\/indonesiaecotour.com\/wp-content\/uploads\/2023\/10\/DSC09885-Edit-scaled.jpg\" height=\"2560\" width=\"2560\"\/><\/div><span class=\"guten-caption\">Calao piqu\u00e9 oriental<\/span><\/div>\n<\/div>\n\n\n\n<div class=\"wp-block-cb-slide\">\n<div class=\"wp-block-gutenverse-image guten-element guten-image guten-zX3u3t\"><div class=\"guten-image-wrapper\"><img loading=\"lazy\" decoding=\"async\" class=\"gutenverse-image-box-filled\" src=\"https:\/\/indonesiaecotour.com\/wp-content\/uploads\/2023\/10\/DSC09927-scaled.jpg\" height=\"1708\" width=\"2560\"\/><\/div><span class=\"guten-caption\">Plage tropicale<\/span><\/div>\n<\/div>\n\n\n\n<div class=\"wp-block-cb-slide\">\n<div class=\"wp-block-gutenverse-image guten-element guten-image guten-NwR1ws\"><div class=\"guten-image-wrapper\"><img loading=\"lazy\" decoding=\"async\" class=\"gutenverse-image-box-filled\" src=\"https:\/\/indonesiaecotour.com\/wp-content\/uploads\/2023\/10\/DSC00006-Edit-scaled-e1696134127117.jpg\" height=\"1706\" width=\"1706\" alt=\"\"\/><\/div><span class=\"guten-caption\">Cyclisme dans la jungle<\/span><\/div>\n<\/div>\n\n\n\n<div class=\"wp-block-cb-slide\">\n<div class=\"wp-block-gutenverse-image guten-element guten-image guten-OS1YVC\"><div class=\"guten-image-wrapper\"><img loading=\"lazy\" decoding=\"async\" class=\"gutenverse-image-box-filled\" src=\"https:\/\/indonesiaecotour.com\/wp-content\/uploads\/2023\/10\/IMG_20230811_0552012-scaled-e1697608145323.jpg\" height=\"1898\" width=\"1898\"\/><\/div><span class=\"guten-caption\">Gloire du matin<\/span><\/div>\n<\/div>\n\n\n\n<div class=\"wp-block-cb-slide\">\n<div class=\"wp-block-gutenverse-image guten-element guten-image guten-pzLMiH\"><div class=\"guten-image-wrapper\"><img loading=\"lazy\" decoding=\"async\" class=\"gutenverse-image-box-filled\" src=\"https:\/\/indonesiaecotour.com\/wp-content\/uploads\/2023\/10\/DSC00185-HDR-Edit-scaled-e1697608273360.jpg\" height=\"1706\" width=\"1706\"\/><\/div><span class=\"guten-caption\">Lever de soleil magique<\/span><\/div>\n<\/div>\n<\/div>\n\n\n\n<div class=\"guten-element guten-button-wrapper guten-kfpUHI\"><a class=\"guten-button guten-button-sm\" href=\"https:\/\/drive.google.com\/file\/d\/1kCJalQwkcSJBUvZChzwaxZcm7PFV8P5v\/view?usp=sharing\" target=\"_blank\" aria-label=\"\" rel=\"noreferrer noopener\"><span> T\u00e9l\u00e9charger la brochure<\/span><\/a><\/div>\n\n\n\n<div class=\"guten-element guten-button-wrapper guten-uXcmRG\"><a class=\"guten-button guten-button-sm\" href=\"https:\/\/wa.me\/6282137219073\" target=\"_blank\" aria-label=\"\" rel=\"noreferrer noopener\"><i class=\"fa-lg fab fa-whatsapp\"><\/i><span> Nous contacter<\/span><\/a><\/div>","protected":false},"excerpt":{"rendered":"<p>On this multi-day trip, we explore East Java departing from Yogyakarta for an unforgettable East Java wildlife adventure. After an overnight train ride, we arrive in the easternmost part of the island, ready to dive into epic landscapes and unique local experiences. Have you ever explored a national park filled with wild animals by bicycle? [&hellip;]<\/p>","protected":false},"author":1,"featured_media":0,"parent":0,"menu_order":0,"comment_status":"closed","ping_status":"closed","template":"","meta":{"_monsterinsights_skip_tracking":false,"_monsterinsights_sitenote_active":false,"_monsterinsights_sitenote_note":"","_monsterinsights_sitenote_category":0,"footnotes":""},"class_list":["post-2111","page","type-page","status-publish","hentry"],"aioseo_notices":[],"_links":{"self":[{"href":"https:\/\/indonesiaecotour.com\/fr\/wp-json\/wp\/v2\/pages\/2111","targetHints":{"allow":["GET"]}}],"collection":[{"href":"https:\/\/indonesiaecotour.com\/fr\/wp-json\/wp\/v2\/pages"}],"about":[{"href":"https:\/\/indonesiaecotour.com\/fr\/wp-json\/wp\/v2\/types\/page"}],"author":[{"embeddable":true,"href":"https:\/\/indonesiaecotour.com\/fr\/wp-json\/wp\/v2\/users\/1"}],"replies":[{"embeddable":true,"href":"https:\/\/indonesiaecotour.com\/fr\/wp-json\/wp\/v2\/comments?post=2111"}],"version-history":[{"count":24,"href":"https:\/\/indonesiaecotour.com\/fr\/wp-json\/wp\/v2\/pages\/2111\/revisions"}],"predecessor-version":[{"id":3421,"href":"https:\/\/indonesiaecotour.com\/fr\/wp-json\/wp\/v2\/pages\/2111\/revisions\/3421"}],"wp:attachment":[{"href":"https:\/\/indonesiaecotour.com\/fr\/wp-json\/wp\/v2\/media?parent=2111"}],"curies":[{"name":"wp","href":"https:\/\/api.w.org\/{rel}","templated":true}]}}