{"id":2148,"date":"2025-04-28T16:38:13","date_gmt":"2025-04-28T16:38:13","guid":{"rendered":"https:\/\/indonesiaecotour.com\/?page_id=2148"},"modified":"2026-04-14T09:43:49","modified_gmt":"2026-04-14T09:43:49","slug":"creative-with-the-local-kids","status":"publish","type":"page","link":"https:\/\/indonesiaecotour.com\/fr\/creative-with-the-local-kids\/","title":{"rendered":"Participez \u00e0 l'excursion de conservation des tortues \u00e0 Yogyakarta"},"content":{"rendered":"<div class=\"wp-block-media-text has-media-on-the-right is-stacked-on-mobile is-image-fill-element\" style=\"padding-top:0;padding-bottom:var(--wp--preset--spacing--40)\"><div class=\"wp-block-media-text__content\">\n<p>Sur ce <strong>visite de conservation des tortues en <a href=\"https:\/\/indonesiaecotour.com\/fr\/cultural-cycling-prambanan\/\" title=\"Yogyakarta\">Yogyakarta<\/a><\/strong>Apr\u00e8s la visite de l'\u00e9cole, nous nous rendons sur la c\u00f4te pour visiter une initiative locale inspirante consacr\u00e9e \u00e0 la gestion des d\u00e9chets, \u00e0 l'\u00e9ducation, \u00e0 l'art et \u00e0 des projets humanitaires. Il s'agit d'une exp\u00e9rience pratique qui nous permet d'entrer en contact avec la communaut\u00e9 locale, de jouer \u00e0 des jeux traditionnels et de partager des moments significatifs avec les enfants.<\/p>\n\n\n\n<p>Retroussez vos manches et cr\u00e9ez des cerfs-volants color\u00e9s \u00e0 partir de d\u00e9chets recycl\u00e9s sur la plage, transformant ainsi les d\u00e9chets en cr\u00e9ativit\u00e9. L'apr\u00e8s-midi, nous rejoignons une ONG locale pour le moment fort de la journ\u00e9e : nous rel\u00e2chons des b\u00e9b\u00e9s tortues de mer dans l'oc\u00e9an et contribuons \u00e0 prot\u00e9ger leur avenir.<\/p>\n<\/div><figure class=\"wp-block-media-text__media\"><img fetchpriority=\"high\" decoding=\"async\" width=\"1024\" height=\"683\" src=\"https:\/\/indonesiaecotour.com\/wp-content\/uploads\/2025\/05\/DSC06068-Edit-1024x683.avif\" alt=\"turtle conservation tour in Yogyakarta\" class=\"wp-image-2588 size-full\" style=\"object-position:50% 50%\" srcset=\"https:\/\/indonesiaecotour.com\/wp-content\/uploads\/2025\/05\/DSC06068-Edit-1024x683.avif 1024w, https:\/\/indonesiaecotour.com\/wp-content\/uploads\/2025\/05\/DSC06068-Edit-300x200.avif 300w, https:\/\/indonesiaecotour.com\/wp-content\/uploads\/2025\/05\/DSC06068-Edit-768x512.avif 768w, https:\/\/indonesiaecotour.com\/wp-content\/uploads\/2025\/05\/DSC06068-Edit-1536x1025.avif 1536w, https:\/\/indonesiaecotour.com\/wp-content\/uploads\/2025\/05\/DSC06068-Edit-2048x1366.avif 2048w\" sizes=\"(max-width: 1024px) 100vw, 1024px\" \/><\/figure><\/div>\n\n\n\n<div class=\"guten-element guten-accordions guten-4U0NYN\">\n<div class=\"accordion-item guten-FqkhDL active\"><div class=\"accordion-heading\"><div class=\"accordion-icon\"><span class=\"accordion-icon-open\"><i class=\"fas fa-minus\"><\/i><\/span><span class=\"accordion-icon-closed\"><i class=\"fas fa-plus\"><\/i><\/span><\/div><span class=\"accordion-text\">Itin\u00e9raire<\/span><\/div><div class=\"accordion-body\"><div class=\"accordion-content\">\n<p>- Prise en charge \u00e0 l'h\u00f4tel (apr\u00e8s le d\u00e9jeuner vers 13h)<\/p>\n\n\n\n<p>- 1 heure de route de la plage<\/p>\n\n\n\n<p>- Jouer \u00e0 des jeux traditionnels et s'amuser avec la population locale<\/p>\n\n\n\n<p>- Fabriquez ensemble un cerf-volant \u00e0 partir de d\u00e9chets recycl\u00e9s et faites-le voler sur la plage.<\/p>\n\n\n\n<p>- Marche jusqu'\u00e0 l'ONG de protection des tortues sur la plage<\/p>\n\n\n\n<p>- Admirez le coucher de soleil et rel\u00e2chez les b\u00e9b\u00e9s tortues.<\/p>\n\n\n\n<p>- D\u00eener en ville (facultatif)<\/p>\n\n\n\n<p>- D\u00e9pose \u00e0 l'h\u00f4tel (vers 20h)<\/p>\n<\/div><\/div><\/div>\n<\/div>\n\n\n\n<div class=\"guten-element guten-accordions guten-VHqUyC\">\n<div class=\"accordion-item guten-d9Rp3Y\"><div class=\"accordion-heading\"><div class=\"accordion-icon\"><span class=\"accordion-icon-open\"><i class=\"fas fa-minus\"><\/i><\/span><span class=\"accordion-icon-closed\"><i class=\"fas fa-plus\"><\/i><\/span><\/div><span class=\"accordion-text\">Inclus<\/span><\/div><div class=\"accordion-body\"><div class=\"accordion-content\">\n<p>- Transport<\/p>\n\n\n\n<p>- Donation \u00e0 l'installation de traitement des d\u00e9chets et aux enfants de la r\u00e9gion<\/p>\n\n\n\n<p>- Toutes les activit\u00e9s sont d\u00e9crites<\/p>\n\n\n\n<p>- Don pour la conservation des tortues<\/p>\n\n\n\n<p>- Eau potable, en-cas<\/p>\n\n\n\n<p>- Documentation photographique professionnelle<\/p>\n\n\n\n<p>- Guide parlant n\u00e9erlandais et anglais (norme occidentale)<\/p>\n\n\n\n<p>- Approche respectueuse de l'environnement, soutien des ONG locales, aucun plastique \u00e0 usage unique n'est utilis\u00e9 lors de ce voyage.<\/p>\n<\/div><\/div><\/div>\n<\/div>\n\n\n\n<div class=\"guten-element guten-accordions guten-B6H74o\">\n<div class=\"accordion-item guten-PNBAok\"><div class=\"accordion-heading\"><div class=\"accordion-icon\"><span class=\"accordion-icon-open\"><i class=\"fas fa-minus\"><\/i><\/span><span class=\"accordion-icon-closed\"><i class=\"fas fa-plus\"><\/i><\/span><\/div><span class=\"accordion-text\">Exclus<\/span><\/div><div class=\"accordion-body\"><div class=\"accordion-content\">\n<p>- D\u00eener<\/p>\n\n\n\n<p>- Boissons alcoolis\u00e9es et boissons autres que l'eau<\/p>\n\n\n\n<p>- D\u00e9penses personnelles<\/p>\n<\/div><\/div><\/div>\n<\/div>\n\n\n\n<div class=\"guten-element guten-accordions guten-npsbG5\">\n<div class=\"accordion-item guten-NEOyfu\"><div class=\"accordion-heading\"><div class=\"accordion-icon\"><span class=\"accordion-icon-open\"><i class=\"fas fa-minus\"><\/i><\/span><span class=\"accordion-icon-closed\"><i class=\"fas fa-plus\"><\/i><\/span><\/div><span class=\"accordion-text\">Prix<\/span><\/div><div class=\"accordion-body\"><div class=\"accordion-content\">\n<p>- Cette activit\u00e9 n'est possible que pour un groupe de <strong>minimum 8 personnes<\/strong><br>(S'il vous pla\u00eet&nbsp;<a href=\"https:\/\/wa.link\/nl1r35\" target=\"_blank\" rel=\"noreferrer noopener\"><strong>contactez-nous ici<\/strong><\/a>&nbsp;pour les prix, les personnalisations ou les questions)<\/p>\n<\/div><\/div><\/div>\n<\/div>\n\n\n\n<div class=\"wp-block-cb-carousel\" data-slick=\"{&quot;slidesToShow&quot;:2,&quot;slidesToScroll&quot;:1,&quot;speed&quot;:500,&quot;arrows&quot;:true,&quot;dots&quot;:true,&quot;autoplay&quot;:true,&quot;autoplaySpeed&quot;:2000,&quot;infinite&quot;:true,&quot;responsive&quot;:[{&quot;breakpoint&quot;:769,&quot;settings&quot;:{&quot;slidesToShow&quot;:1,&quot;slidesToScroll&quot;:1}}]}\">\n<div class=\"wp-block-cb-slide\">\n<div class=\"wp-block-group is-nowrap is-layout-flex wp-container-core-group-is-layout-6c531013 wp-block-group-is-layout-flex\">\n<div class=\"wp-block-gutenverse-image guten-element guten-image guten-1SYEf2\"><div class=\"guten-image-wrapper\"><img decoding=\"async\" class=\"gutenverse-image-box-filled\" src=\"https:\/\/indonesiaecotour.com\/wp-content\/uploads\/2025\/04\/JCL07679-scaled-e1746791068287.avif\" height=\"1707\" width=\"1707\"\/><\/div><span class=\"guten-caption\">Interaction directe avec les enfants de la r\u00e9gion<\/span><\/div>\n<\/div>\n<\/div>\n\n\n\n<div class=\"wp-block-cb-slide\">\n<div class=\"wp-block-gutenverse-image guten-element guten-image guten-s81lHG\"><div class=\"guten-image-wrapper\"><img decoding=\"async\" class=\"gutenverse-image-box-filled\" src=\"https:\/\/indonesiaecotour.com\/wp-content\/uploads\/2025\/05\/JCL00386-scaled.avif\" height=\"1708\" width=\"2560\"\/><\/div><span class=\"guten-caption\">B\u00e9b\u00e9 tortue<\/span><\/div>\n<\/div>\n\n\n\n<div class=\"wp-block-cb-slide\">\n<div class=\"wp-block-gutenverse-image guten-element guten-image guten-SiVRcU\"><div class=\"guten-image-wrapper\"><img loading=\"lazy\" decoding=\"async\" class=\"gutenverse-image-box-filled\" src=\"https:\/\/indonesiaecotour.com\/wp-content\/uploads\/2023\/10\/DSC06148-scaled-e1697188343221.jpg\" height=\"1706\" width=\"1706\" alt=\"\"\/><\/div><span class=\"guten-caption\">Cerfs-volants volants<\/span><\/div>\n<\/div>\n<\/div>\n\n\n\n<div class=\"guten-element guten-button-wrapper guten-kfpUHI\"><a class=\"guten-button guten-button-sm\" href=\"https:\/\/drive.google.com\/file\/d\/1kCJalQwkcSJBUvZChzwaxZcm7PFV8P5v\/view?usp=sharing\" target=\"_blank\" aria-label=\"\" rel=\"noreferrer noopener\"><span> T\u00e9l\u00e9charger la brochure<\/span><\/a><\/div>\n\n\n\n<div class=\"guten-element guten-button-wrapper guten-uXcmRG\"><a class=\"guten-button guten-button-sm\" href=\"https:\/\/wa.me\/6282137219073\" target=\"_blank\" aria-label=\"\" rel=\"noreferrer noopener\"><i class=\"fa-lg fab fa-whatsapp\"><\/i><span> Nous contacter<\/span><\/a><\/div>\n\n\n\n<p><\/p>","protected":false},"excerpt":{"rendered":"<p>On this turtle conservation tour in Yogyakarta, we head to the coast to visit an inspiring local initiative dedicated to waste management, education, art, and humanitarian projects. It\u2019s a hands-on experience where we connect with the local community, play traditional games, and share meaningful moments with the children. Roll up your sleeves and create colorful [&hellip;]<\/p>","protected":false},"author":1,"featured_media":0,"parent":0,"menu_order":0,"comment_status":"closed","ping_status":"closed","template":"","meta":{"_monsterinsights_skip_tracking":false,"_monsterinsights_sitenote_active":false,"_monsterinsights_sitenote_note":"","_monsterinsights_sitenote_category":0,"footnotes":""},"class_list":["post-2148","page","type-page","status-publish","hentry"],"aioseo_notices":[],"_links":{"self":[{"href":"https:\/\/indonesiaecotour.com\/fr\/wp-json\/wp\/v2\/pages\/2148","targetHints":{"allow":["GET"]}}],"collection":[{"href":"https:\/\/indonesiaecotour.com\/fr\/wp-json\/wp\/v2\/pages"}],"about":[{"href":"https:\/\/indonesiaecotour.com\/fr\/wp-json\/wp\/v2\/types\/page"}],"author":[{"embeddable":true,"href":"https:\/\/indonesiaecotour.com\/fr\/wp-json\/wp\/v2\/users\/1"}],"replies":[{"embeddable":true,"href":"https:\/\/indonesiaecotour.com\/fr\/wp-json\/wp\/v2\/comments?post=2148"}],"version-history":[{"count":28,"href":"https:\/\/indonesiaecotour.com\/fr\/wp-json\/wp\/v2\/pages\/2148\/revisions"}],"predecessor-version":[{"id":3439,"href":"https:\/\/indonesiaecotour.com\/fr\/wp-json\/wp\/v2\/pages\/2148\/revisions\/3439"}],"wp:attachment":[{"href":"https:\/\/indonesiaecotour.com\/fr\/wp-json\/wp\/v2\/media?parent=2148"}],"curies":[{"name":"wp","href":"https:\/\/api.w.org\/{rel}","templated":true}]}}