{"id":290,"date":"2023-09-25T08:22:53","date_gmt":"2023-09-25T08:22:53","guid":{"rendered":"https:\/\/indonesiaecotour.com\/?page_id=290"},"modified":"2025-05-28T15:54:48","modified_gmt":"2025-05-28T15:54:48","slug":"eco-tourism-sustainability","status":"publish","type":"page","link":"https:\/\/indonesiaecotour.com\/fr\/eco-tourism-sustainability\/","title":{"rendered":"Eco-tourisme et d\u00e9veloppement durable"},"content":{"rendered":"<div class=\"wp-block-media-text has-media-on-the-right is-stacked-on-mobile is-image-fill-element\"><div class=\"wp-block-media-text__content\">\n<p>Que signifie pour nous l'\u00e9cotourisme ?<br><br>Le mot \"\u00e9cotourisme\" est utilis\u00e9 dans le monde entier dans des sens tr\u00e8s diff\u00e9rents. Parfois de mani\u00e8re correcte, mais le plus souvent non...<\/p>\n\n\n\n<p>Nous constatons que l'\u00e9cotourisme n'est pas seulement un tourisme qui se d\u00e9roule dans un environnement naturel, mais qu'il s'agit \u00e9galement de respecter l'environnement dans lequel nous p\u00e9n\u00e9trons. Il peut s'agir d'une for\u00eat ou d'un oc\u00e9an, mais aussi de communaut\u00e9s locales ou de villages traditionnels. Chaque nouvel endroit o\u00f9 nous nous rendons doit \u00eatre compris gr\u00e2ce aux connaissances locales et respect\u00e9 avant m\u00eame que nous ne posions le pied sur le sol. Toutes les activit\u00e9s de nos circuits sont s\u00e9lectionn\u00e9es en tenant compte de ces valeurs. Nous respectons et connaissons les lieux que nous visitons et, en outre, nous ne laissons que des empreintes de pas. Nous ne cr\u00e9ons pas de d\u00e9chets suppl\u00e9mentaires et ne les laissons certainement pas sur le lieu que nous visitons. Nous pensons que cela devrait devenir la nouvelle fa\u00e7on de voyager pour aider \u00e0 lutter contre la pollution plastique mondiale et cr\u00e9er des voyages plus durables. Le secteur du tourisme est l'un des principaux pollueurs de plastique et c'est notre modeste fa\u00e7on de faire quelque chose \u00e0 ce sujet de notre c\u00f4t\u00e9.<\/p>\n\n\n\n<p><\/p>\n<\/div><figure class=\"wp-block-media-text__media\"><img fetchpriority=\"high\" decoding=\"async\" width=\"600\" height=\"400\" src=\"https:\/\/indonesiaecotour.com\/wp-content\/uploads\/2023\/10\/filling-water-bottle_800px_grande.webp\" alt=\"\" class=\"wp-image-1667 size-full\" style=\"object-position:72% 48%\" srcset=\"https:\/\/indonesiaecotour.com\/wp-content\/uploads\/2023\/10\/filling-water-bottle_800px_grande.webp 600w, https:\/\/indonesiaecotour.com\/wp-content\/uploads\/2023\/10\/filling-water-bottle_800px_grande-300x200.webp 300w\" sizes=\"(max-width: 600px) 100vw, 600px\" \/><\/figure><\/div>\n\n\n\n<div class=\"wp-block-media-text is-stacked-on-mobile is-image-fill-element\"><figure class=\"wp-block-media-text__media\"><img decoding=\"async\" width=\"1024\" height=\"769\" src=\"https:\/\/indonesiaecotour.com\/wp-content\/uploads\/2023\/09\/IMG_20230609_091557-1-1024x769.jpg\" alt=\"\" class=\"wp-image-269 size-full\" style=\"object-position:42% 45%\" srcset=\"https:\/\/indonesiaecotour.com\/wp-content\/uploads\/2023\/09\/IMG_20230609_091557-1-1024x769.jpg 1024w, https:\/\/indonesiaecotour.com\/wp-content\/uploads\/2023\/09\/IMG_20230609_091557-1-300x225.jpg 300w, https:\/\/indonesiaecotour.com\/wp-content\/uploads\/2023\/09\/IMG_20230609_091557-1-768x577.jpg 768w, https:\/\/indonesiaecotour.com\/wp-content\/uploads\/2023\/09\/IMG_20230609_091557-1-1536x1153.jpg 1536w, https:\/\/indonesiaecotour.com\/wp-content\/uploads\/2023\/09\/IMG_20230609_091557-1-2048x1538.jpg 2048w\" sizes=\"(max-width: 1024px) 100vw, 1024px\" \/><\/figure><div class=\"wp-block-media-text__content\">\n<p>Pourquoi le plastique est-il nocif ?<br><br>Le plastique est nocif pour toutes les cr\u00e9atures vivantes de la plan\u00e8te, c'est pourquoi nous devons commencer \u00e0 agir et \u00e0 changer la fa\u00e7on dont l'humanit\u00e9 utilise (mal) le plastique. En Indon\u00e9sie, il n'existe pratiquement aucune r\u00e9glementation concernant l'\u00e9vitement ou le recyclage du plastique ; nous devons donc agir nous-m\u00eames. En gardant ces valeurs \u00e0 l'esprit, nous voulons rendre les voyages plus respectueux de l'environnement et motiver les populations locales \u00e0 ne plus fournir de plastique aux touristes.<\/p>\n<\/div><\/div>\n\n\n\n<p><br><strong>Comment rendre nos exp\u00e9riences plus durables ?<\/strong><\/p>\n\n\n\n<ul class=\"wp-block-list\">\n<li><strong><span style=\"text-decoration: underline;\">Minimiser les d\u00e9chets (\u00e9viter les emballages, utiliser des emballages alimentaires r\u00e9utilisables) :<\/span><\/strong><br>- \u00c9viter les h\u00f4tels pollu\u00e9s par le plastique (bouteilles en plastique et autres accessoires que nous n'avons pas demand\u00e9s).<br>- Nous fournissons de l'eau potable dans de grandes bouteilles recyclables (20L). Nous demandons toujours \u00e0 nos h\u00f4tes d'apporter leurs propres bouteilles de recharge.<br>- \u00c9vitez les couverts en plastique, les pailles et autres d\u00e9chets potentiels dans les restaurants et les caf\u00e9s.<br>- Nous apportons toujours nos propres r\u00e9cipients alimentaires au cas o\u00f9 nous devrions acheter quelque chose et que nous aurions besoin d'\u00e9viter le plastique que le vendeur nous donne.<br>- Nous soutenons des organisations qui luttent localement contre la pollution plastique et collaborons avec elles.<\/li>\n<\/ul>\n\n\n\n<ul class=\"wp-block-list\">\n<li><strong><span style=\"text-decoration: underline;\">Sensibiliser les visiteurs \u00e0 l'environnement par le biais de nos activit\u00e9s :<\/span><\/strong><br>- Nous informons nos h\u00f4tes de la situation des d\u00e9chets en Indon\u00e9sie et leur expliquons comment ils peuvent r\u00e9duire eux-m\u00eames leurs d\u00e9chets.<\/li>\n<\/ul>\n\n\n\n<ul class=\"wp-block-list\">\n<li><strong><span style=\"text-decoration: underline;\">Collaborer avec des ONG locales actives dans la conservation de la nature, la gestion des d\u00e9chets et les actions humanitaires :<\/span><\/strong><br>- SwaraOwa (conservation des primates)<br>- Gardu Action (action humanitaire)<br>- SokoIndigo (communaut\u00e9 de la teinture naturelle des textiles)<br>- Jatimulyo &amp; Purwosari (conservation des oiseaux)<\/li>\n<\/ul>\n\n\n\n<ul class=\"wp-block-list\">\n<li><span style=\"text-decoration: underline;\"><strong>Prendre les transports en commun lorsque c'est possible :<\/strong><br><\/span>- Nous prenons le train chaque fois que nous le pouvons. Les trains de Java sont tr\u00e8s confortables et c'est la seule \u00eele d'Indon\u00e9sie qui dispose d'un r\u00e9seau ferroviaire aussi d\u00e9cent.<\/li>\n<\/ul>\n\n\n\n<ul class=\"wp-block-list\">\n<li><span style=\"text-decoration: underline;\"><strong>Travailler avec des partenaires locaux, notamment des guides, des restaurants, des services de restauration, des maisons d'h\u00f4tes et des services de transport :<\/strong><br><\/span>- Nous faisons appel \u00e0 des partenaires locaux et nous faisons le lien entre leurs services et les attentes de nos h\u00f4tes.<\/li>\n<\/ul>\n\n\n\n<ul class=\"wp-block-list\">\n<li><span style=\"text-decoration: underline;\"><strong>Introduire la sagesse locale qui \u00e9tait autrefois les principes d'une vie en harmonie avec la nature :<br><\/strong><\/span>- Proposer des activit\u00e9s qui vont tr\u00e8s loin dans l'histoire du lieu o\u00f9 une certaine sagesse locale est vraiment isol\u00e9e et n'est plus diffus\u00e9e publiquement. <\/li>\n<\/ul>\n\n\n\n<ul class=\"wp-block-list\">\n<li><span style=\"text-decoration: underline;\"><strong>\u00c9viter le tourisme de masse et se concentrer sur les \"joyaux cach\u00e9s\"<\/strong><br><\/span>- nous essayons de rester \u00e0 l'\u00e9cart des circuits touristiques lorsque nous le pouvons. \u00c9videmment, ce n'est pas toujours possible, mais lorsque nous nous joignons aux activit\u00e9s touristiques, nous les rendons sp\u00e9ciales et inoubliables pour vous.<\/li>\n<\/ul>\n\n\n\n<p><\/p>","protected":false},"excerpt":{"rendered":"<p>What &#8220;eco-tourism&#8221; means to us? The word eco-tourism is used around the world in many different senses. Sometimes in a correct way but more often not\u2026 We find that eco-tourism is not only tourism that takes place in a natural environment but it is also respecting the environment that we are entering. It can be [&hellip;]<\/p>","protected":false},"author":1,"featured_media":0,"parent":0,"menu_order":0,"comment_status":"closed","ping_status":"closed","template":"","meta":{"footnotes":""},"class_list":["post-290","page","type-page","status-publish","hentry"],"_links":{"self":[{"href":"https:\/\/indonesiaecotour.com\/fr\/wp-json\/wp\/v2\/pages\/290","targetHints":{"allow":["GET"]}}],"collection":[{"href":"https:\/\/indonesiaecotour.com\/fr\/wp-json\/wp\/v2\/pages"}],"about":[{"href":"https:\/\/indonesiaecotour.com\/fr\/wp-json\/wp\/v2\/types\/page"}],"author":[{"embeddable":true,"href":"https:\/\/indonesiaecotour.com\/fr\/wp-json\/wp\/v2\/users\/1"}],"replies":[{"embeddable":true,"href":"https:\/\/indonesiaecotour.com\/fr\/wp-json\/wp\/v2\/comments?post=290"}],"version-history":[{"count":35,"href":"https:\/\/indonesiaecotour.com\/fr\/wp-json\/wp\/v2\/pages\/290\/revisions"}],"predecessor-version":[{"id":2976,"href":"https:\/\/indonesiaecotour.com\/fr\/wp-json\/wp\/v2\/pages\/290\/revisions\/2976"}],"wp:attachment":[{"href":"https:\/\/indonesiaecotour.com\/fr\/wp-json\/wp\/v2\/media?parent=290"}],"curies":[{"name":"wp","href":"https:\/\/api.w.org\/{rel}","templated":true}]}}