{"id":2939,"date":"2025-05-28T14:47:34","date_gmt":"2025-05-28T14:47:34","guid":{"rendered":"https:\/\/indonesiaecotour.com\/?page_id=2939"},"modified":"2026-04-14T10:34:45","modified_gmt":"2026-04-14T10:34:45","slug":"wildlife-pekalongan","status":"publish","type":"page","link":"https:\/\/indonesiaecotour.com\/fr\/wildlife-pekalongan\/","title":{"rendered":"The most authentic Java Wildlife Tour to Discover Untouched Rainforest"},"content":{"rendered":"<figure class=\"wp-block-image size-large\"><img fetchpriority=\"high\" decoding=\"async\" width=\"1024\" height=\"752\" src=\"https:\/\/indonesiaecotour.com\/wp-content\/uploads\/2025\/05\/DSC09227-1024x752.avif\" alt=\" Java Wildlife Tour\" class=\"wp-image-2935\" srcset=\"https:\/\/indonesiaecotour.com\/wp-content\/uploads\/2025\/05\/DSC09227-1024x752.avif 1024w, https:\/\/indonesiaecotour.com\/wp-content\/uploads\/2025\/05\/DSC09227-300x220.avif 300w, https:\/\/indonesiaecotour.com\/wp-content\/uploads\/2025\/05\/DSC09227-768x564.avif 768w, https:\/\/indonesiaecotour.com\/wp-content\/uploads\/2025\/05\/DSC09227-1536x1127.avif 1536w, https:\/\/indonesiaecotour.com\/wp-content\/uploads\/2025\/05\/DSC09227-2048x1503.avif 2048w\" sizes=\"(max-width: 1024px) 100vw, 1024px\" \/><\/figure>\n\n\n\n<p aria-label=\"Texte Paragraphe\" class=\"guten-element gutenverse-text guten-cJDQJ2\">Time to get up early and head deep into the pristine tropical rainforests of Central Java on an immersive <strong>Java Wildlife Tour<\/strong>. In search of four key primate species, including the endangered and endemic Javan gibbon, we explore one of the most biodiverse regions of the island. Traveling by local safari jeep, we learn about the majestic forest ecosystem, its ancient trees, and the wildlife that depends on this untouched habitat.<br>For lunch, we enjoy a locally prepared meal inspired by the forest itself, made with native plants and traditional Indonesian spices.<br>In the afternoon, the <strong>Java Wildlife Tour<\/strong> continues as we move to a nearby area in search of the elusive nocturnal Javan slow loris, along with additional bird species we haven\u2019t yet encountered. A full day of rare wildlife encounters in the heart of Central Java\u2019s wilderness.<\/p>\n\n\n\n<div class=\"guten-element guten-accordions guten-t44m0W\">\n<div class=\"accordion-item guten-IX3uCM active\"><div class=\"accordion-heading\"><div class=\"accordion-icon\"><span class=\"accordion-icon-open\"><i class=\"fas fa-minus\"><\/i><\/span><span class=\"accordion-icon-closed\"><i class=\"fas fa-plus\"><\/i><\/span><\/div><span class=\"accordion-text\"><span id=\"guten-aLJqQy\"><span id=\"guten-huwlfl\" style=\"text-decoration: underline;\"><strong>Itin\u00e9raire<\/strong><\/span><\/span><\/span><\/div><div class=\"accordion-body\"><div class=\"accordion-content\">\n<p><strong>Jour 1 :<\/strong><\/p>\n\n\n\n<p>\u2022 <strong><a href=\"https:\/\/indonesiaecotour.com\/fr\/birding-yogyakarta\/\" title=\"Yogyakarta\">Yogyakarta<\/a><\/strong> hotel pickup at 11 am and drive to Pekalongan (around 4,5 hours)<br>- Arriv\u00e9e \u00e0 l'h\u00f4tel, d\u00eener et repos.<br><strong>Jour 2 :<\/strong><br>- Lever \u00e0 5h30 et trajet d'une heure et demie jusqu'\u00e0 la for\u00eat.<\/p>\n\n\n\n<p>- Conduite\/marche dans la for\u00eat \u00e0 la recherche du gibbon de Javan et d'autres animaux\/oiseaux sauvages.<\/p>\n\n\n\n<p>- Continuer \u00e0 marcher jusqu'au camp de base de l'ONG<\/p>\n\n\n\n<p>- Collation locale et th\u00e9\/caf\u00e9 (le vrai caf\u00e9 sauvage luwak !)<\/p>\n\n\n\n<p>- D\u00e9jeuner en for\u00eat<\/p>\n\n\n\n<p>- Poursuivre la recherche d'autres mammif\u00e8res\/oiseaux dans une autre for\u00eat proche.<\/p>\n\n\n\n<p>- Session nocturne \u00e0 la recherche d'oiseaux et de mammif\u00e8res nocturnes (facultatif)<\/p>\n\n\n\n<p>- D\u00eener (tardif)<\/p>\n\n\n\n<p>- Retour \u00e0 l'h\u00f4tel et repos<br><strong>Troisi\u00e8me jour :<\/strong><\/p>\n\n\n\n<p>- Apr\u00e8s le petit-d\u00e9jeuner, retour \u00e0 Yogyakarta.<br>- D\u00e9pose \u00e0 l'h\u00f4tel dans l'apr\u00e8s-midi<\/p>\n<\/div><\/div><\/div>\n\n\n\n<div class=\"accordion-item guten-oZaUpc\"><div class=\"accordion-heading\"><div class=\"accordion-icon\"><span class=\"accordion-icon-open\"><i class=\"fas fa-minus\"><\/i><\/span><span class=\"accordion-icon-closed\"><i class=\"fas fa-plus\"><\/i><\/span><\/div><span class=\"accordion-text\"><span id=\"guten-aLJqQy\"><span id=\"guten-huwlfl\" style=\"text-decoration: underline;\"><strong>Esp\u00e8ces<\/strong><\/span><\/span><\/span><\/div><div class=\"accordion-body\"><div class=\"accordion-content\">\n<p><span style=\"text-decoration: underline;\">Primates :<\/span><br><\/p>\n\n\n\n<figure class=\"wp-block-table alignleft\"><table class=\"has-fixed-layout\"><tbody><tr><td class=\"has-text-align-center\" data-align=\"center\"><strong>Esp\u00e8ces<\/strong><\/td><td class=\"has-text-align-center\" data-align=\"center\"><strong>Statut<\/strong><\/td><td class=\"has-text-align-center\" data-align=\"center\"><strong>End\u00e9mique<\/strong><\/td><\/tr><tr><td class=\"has-text-align-center\" data-align=\"center\">Gibbon de Java<\/td><td class=\"has-text-align-center\" data-align=\"center\">fr<\/td><td class=\"has-text-align-center\" data-align=\"center\">Java<\/td><\/tr><tr><td class=\"has-text-align-center\" data-align=\"center\">Langur de Java <\/td><td class=\"has-text-align-center\" data-align=\"center\">vu<\/td><td class=\"has-text-align-center\" data-align=\"center\">Java<\/td><\/tr><tr><td class=\"has-text-align-center\" data-align=\"center\">Surili javanais<\/td><td class=\"has-text-align-center\" data-align=\"center\">vu<\/td><td class=\"has-text-align-center\" data-align=\"center\">Java<\/td><\/tr><tr><td class=\"has-text-align-center\" data-align=\"center\">Macaque \u00e0 longue queue<\/td><td class=\"has-text-align-center\" data-align=\"center\">fr<\/td><td class=\"has-text-align-center\" data-align=\"center\"><\/td><\/tr><tr><td class=\"has-text-align-center\" data-align=\"center\">Loris lent de Java<\/td><td class=\"has-text-align-center\" data-align=\"center\">cr<\/td><td class=\"has-text-align-center\" data-align=\"center\">Java<\/td><\/tr><\/tbody><\/table><\/figure>\n\n\n\n<p><span style=\"text-decoration: underline;\">Oiseaux :<\/span><br><\/p>\n\n\n\n<figure class=\"wp-block-table\"><table class=\"has-fixed-layout\"><tbody><tr><td class=\"has-text-align-center\" data-align=\"center\"><strong>Esp\u00e8ces<\/strong><\/td><td class=\"has-text-align-center\" data-align=\"center\"><strong>Statut<\/strong><\/td><td class=\"has-text-align-center\" data-align=\"center\"><strong>End\u00e9mique<\/strong><\/td><\/tr><tr><td class=\"has-text-align-center\" data-align=\"center\">aigle serpent \u00e0 cr\u00eate<\/td><td class=\"has-text-align-center\" data-align=\"center\">lc<\/td><td class=\"has-text-align-center\" data-align=\"center\"><\/td><\/tr><tr><td class=\"has-text-align-center\" data-align=\"center\">aigle noir<\/td><td class=\"has-text-align-center\" data-align=\"center\">lc<\/td><td class=\"has-text-align-center\" data-align=\"center\"><\/td><\/tr><tr><td class=\"has-text-align-center\" data-align=\"center\">martin-p\u00eacheur \u00e0 collier<\/td><td class=\"has-text-align-center\" data-align=\"center\">lc<\/td><td class=\"has-text-align-center\" data-align=\"center\"><\/td><\/tr><tr><td class=\"has-text-align-center\" data-align=\"center\">Martin-p\u00eacheur de Java<\/td><td class=\"has-text-align-center\" data-align=\"center\">lc<\/td><td class=\"has-text-align-center\" data-align=\"center\">Java et Bali<\/td><\/tr><tr><td class=\"has-text-align-center\" data-align=\"center\">petite minivette<\/td><td class=\"has-text-align-center\" data-align=\"center\">lc<\/td><td class=\"has-text-align-center\" data-align=\"center\"><\/td><\/tr><tr><td class=\"has-text-align-center\" data-align=\"center\">trogon \u00e0 poitrine orange<\/td><td class=\"has-text-align-center\" data-align=\"center\">lc<\/td><td class=\"has-text-align-center\" data-align=\"center\"><\/td><\/tr><tr><td class=\"has-text-align-center\" data-align=\"center\">Trogon de Java<\/td><td class=\"has-text-align-center\" data-align=\"center\">vu<\/td><td class=\"has-text-align-center\" data-align=\"center\">Java<\/td><\/tr><tr><td class=\"has-text-align-center\" data-align=\"center\">martin-p\u00eacheur bagu\u00e9<\/td><td class=\"has-text-align-center\" data-align=\"center\">lc<\/td><td class=\"has-text-align-center\" data-align=\"center\"><\/td><\/tr><tr><td class=\"has-text-align-center\" data-align=\"center\">Aigle de Java<\/td><td class=\"has-text-align-center\" data-align=\"center\">fr<\/td><td class=\"has-text-align-center\" data-align=\"center\">Java et Bali<\/td><\/tr><tr><td class=\"has-text-align-center\" data-align=\"center\">Bec-de-cygne javanais<\/td><td class=\"has-text-align-center\" data-align=\"center\">nt<\/td><td class=\"has-text-align-center\" data-align=\"center\"><\/td><\/tr><tr><td class=\"has-text-align-center\" data-align=\"center\">barbet \u00e0 bande noire<\/td><td class=\"has-text-align-center\" data-align=\"center\">nt<\/td><td class=\"has-text-align-center\" data-align=\"center\">Java et Bali<\/td><\/tr><tr><td class=\"has-text-align-center\" data-align=\"center\">Petit-duc de Sunda<\/td><td class=\"has-text-align-center\" data-align=\"center\">lc<\/td><td class=\"has-text-align-center\" data-align=\"center\"><\/td><\/tr><tr><td class=\"has-text-align-center\" data-align=\"center\">perroquet \u00e0 queue fine<\/td><td class=\"has-text-align-center\" data-align=\"center\">lc<\/td><td class=\"has-text-align-center\" data-align=\"center\"><\/td><\/tr><\/tbody><\/table><\/figure>\n\n\n\n<p><\/p>\n<\/div><\/div><\/div>\n\n\n\n<div class=\"accordion-item guten-n0euYM\"><div class=\"accordion-heading\"><div class=\"accordion-icon\"><span class=\"accordion-icon-open\"><i class=\"fas fa-minus\"><\/i><\/span><span class=\"accordion-icon-closed\"><i class=\"fas fa-plus\"><\/i><\/span><\/div><span class=\"accordion-text\"><span id=\"guten-aLJqQy\"><span id=\"guten-huwlfl\" style=\"text-decoration: underline;\"><strong>Inclus<\/strong><\/span><\/span><\/span><\/div><div class=\"accordion-body\"><div class=\"accordion-content\">\n<p>- Transport<\/p>\n\n\n\n<p>- H\u00e9bergement (2 nuits)<\/p>\n\n\n\n<p>- Toutes les activit\u00e9s sont d\u00e9crites<\/p>\n\n\n\n<p>- Eau potable, en-cas, fruits, d\u00e9jeuner (jour 1 et jour 2), d\u00eener (jour 1 et jour 2)<\/p>\n\n\n\n<p>- Documentation photographique professionnelle<\/p>\n\n\n\n<p>- Guide parlant n\u00e9erlandais et anglais (norme occidentale)<br>- Don pour la conservation du gibbon de Javan<\/p>\n\n\n\n<p>- Approche respectueuse de l'environnement, soutien des ONG locales, aucun plastique \u00e0 usage unique n'est utilis\u00e9 lors de ce voyage.<\/p>\n<\/div><\/div><\/div>\n\n\n\n<div class=\"accordion-item guten-FUvarS\"><div class=\"accordion-heading\"><div class=\"accordion-icon\"><span class=\"accordion-icon-open\"><i class=\"fas fa-minus\"><\/i><\/span><span class=\"accordion-icon-closed\"><i class=\"fas fa-plus\"><\/i><\/span><\/div><span class=\"accordion-text\"><span id=\"guten-aLJqQy\"><span id=\"guten-huwlfl\" style=\"text-decoration: underline;\"><strong>Exclus<\/strong><\/span><\/span><\/span><\/div><div class=\"accordion-body\"><div class=\"accordion-content\">\n<p>- Boissons alcoolis\u00e9es et boissons autres que l'eau<\/p>\n\n\n\n<p>- D\u00e9penses personnelles<\/p>\n\n\n\n<p>- Assurance voyage et m\u00e9dicale<\/p>\n\n\n\n<p>- Conseils<\/p>\n<\/div><\/div><\/div>\n\n\n\n<div class=\"accordion-item guten-TJEN4I\"><div class=\"accordion-heading\"><div class=\"accordion-icon\"><span class=\"accordion-icon-open\"><i class=\"fas fa-minus\"><\/i><\/span><span class=\"accordion-icon-closed\"><i class=\"fas fa-plus\"><\/i><\/span><\/div><span class=\"accordion-text\"><span id=\"guten-aLJqQy\"><span id=\"guten-huwlfl\" style=\"text-decoration: underline;\"><strong>Prix<\/strong><\/span><\/span><\/span><\/div><div class=\"accordion-body\"><div class=\"accordion-content\">\n<p>- Prix \u00e0 partir de <strong>2.900.000 IDR par personne pour un groupe de 4 personnes de Yogyakarta<\/strong><br>- Veuillez nous contacter<strong> <a href=\"https:\/\/wa.me\/6282137219073\"><span style=\"text-decoration: underline;\">ici<\/span><\/a><\/strong>&nbsp;pour d'autres prix, personnalisations ou questions<\/p>\n<\/div><\/div><\/div>\n<\/div>\n\n\n\n<div class=\"wp-block-cb-carousel-v2 cb-carousel-block\" data-cb-slides-per-view=\"1\" data-cb-slides-per-group=\"1\" data-cb-space-between=\"15\" data-cb-speed=\"500\" data-cb-navigation=\"true\" data-cb-pagination=\"true\" data-cb-loop=\"true\" data-cb-autoplay=\"true\" data-cb-autoplay-speed=\"2000\" data-cb-breakpoints=\"{&quot;768&quot;:{&quot;slidesPerView&quot;:2,&quot;slidesPerGroup&quot;:1}}\"><div class=\"swiper\"><div class=\"cb-wrapper swiper-wrapper\">\n<div class=\"wp-block-cb-slide-v2 cb-slide swiper-slide\">\n<div class=\"wp-block-gutenverse-image guten-element guten-image guten-1SYEf2\"><div class=\"guten-image-wrapper\"><img decoding=\"async\" class=\"gutenverse-image-box-filled\" src=\"https:\/\/indonesiaecotour.com\/wp-content\/uploads\/2025\/04\/DSC03947-Edit-EDIT-scaled.avif\" height=\"2004\" width=\"2560\"\/><\/div><span class=\"guten-caption\">Javan Gibbon<\/span><\/div>\n<\/div>\n\n\n\n<div class=\"wp-block-cb-slide-v2 cb-slide swiper-slide\">\n<div class=\"wp-block-gutenverse-image guten-element guten-image guten-SiVRcU\"><div class=\"guten-image-wrapper\"><img decoding=\"async\" class=\"gutenverse-image-box-filled\" src=\"https:\/\/indonesiaecotour.com\/wp-content\/uploads\/2023\/09\/DSC03456-Edit-scaled-e1695782698434.jpg\" height=\"1706\" width=\"1706\"\/><\/div><span class=\"guten-caption\">Surili<\/span><\/div>\n<\/div>\n\n\n\n<div class=\"wp-block-cb-slide-v2 cb-slide swiper-slide\">\n<div class=\"wp-block-gutenverse-image guten-element guten-image guten-zX3u3t\"><div class=\"guten-image-wrapper\"><img loading=\"lazy\" decoding=\"async\" class=\"gutenverse-image-box-filled\" src=\"https:\/\/indonesiaecotour.com\/wp-content\/uploads\/2023\/09\/DSC01228-Edit-scaled.jpg\" height=\"2560\" width=\"2560\"\/><\/div><span class=\"guten-caption\">Langur de Java<\/span><\/div>\n<\/div>\n\n\n\n<div class=\"wp-block-cb-slide-v2 cb-slide swiper-slide\">\n<div class=\"wp-block-gutenverse-image guten-element guten-image guten-NwR1ws\"><div class=\"guten-image-wrapper\"><img loading=\"lazy\" decoding=\"async\" class=\"gutenverse-image-box-filled\" src=\"https:\/\/indonesiaecotour.com\/wp-content\/uploads\/2023\/09\/DSCN7633_1-Edit-scaled-e1695782991908.jpg\" height=\"1920\" width=\"1920\" alt=\"Javan Slow Loris\"\/><\/div><span class=\"guten-caption\">Loris lent de Java<\/span><\/div>\n\n\n\n<p><\/p>\n<\/div>\n<\/div><\/div><div class=\"cb-pagination swiper-pagination\"><\/div><div class=\"cb-button-prev swiper-button-prev\"><\/div><div class=\"cb-button-next swiper-button-next\"><\/div><\/div>\n\n\n\n<div class=\"guten-element guten-button-wrapper guten-kfpUHI\"><a class=\"guten-button guten-button-sm\" href=\"https:\/\/drive.google.com\/file\/d\/1eJhNQwDfyOac0Vnsg11tKfTxr3sWcbiG\/view?usp=sharing\" target=\"_blank\" aria-label=\"\" rel=\"noreferrer noopener\"><span> T\u00e9l\u00e9charger la brochure<\/span><\/a><\/div>\n\n\n\n<div class=\"guten-element guten-button-wrapper guten-uXcmRG\"><a class=\"guten-button guten-button-sm\" href=\"https:\/\/wa.me\/6282137219073\" target=\"_blank\" aria-label=\"\" rel=\"noreferrer noopener\"><i class=\"fa-lg fab fa-whatsapp\"><\/i><span> Nous contacter<\/span><\/a><\/div>\n\n\n\n<p><\/p>","protected":false},"excerpt":{"rendered":"","protected":false},"author":1,"featured_media":0,"parent":0,"menu_order":0,"comment_status":"closed","ping_status":"closed","template":"","meta":{"_monsterinsights_skip_tracking":false,"_monsterinsights_sitenote_active":false,"_monsterinsights_sitenote_note":"","_monsterinsights_sitenote_category":0,"footnotes":""},"class_list":["post-2939","page","type-page","status-publish","hentry"],"aioseo_notices":[],"_links":{"self":[{"href":"https:\/\/indonesiaecotour.com\/fr\/wp-json\/wp\/v2\/pages\/2939","targetHints":{"allow":["GET"]}}],"collection":[{"href":"https:\/\/indonesiaecotour.com\/fr\/wp-json\/wp\/v2\/pages"}],"about":[{"href":"https:\/\/indonesiaecotour.com\/fr\/wp-json\/wp\/v2\/types\/page"}],"author":[{"embeddable":true,"href":"https:\/\/indonesiaecotour.com\/fr\/wp-json\/wp\/v2\/users\/1"}],"replies":[{"embeddable":true,"href":"https:\/\/indonesiaecotour.com\/fr\/wp-json\/wp\/v2\/comments?post=2939"}],"version-history":[{"count":10,"href":"https:\/\/indonesiaecotour.com\/fr\/wp-json\/wp\/v2\/pages\/2939\/revisions"}],"predecessor-version":[{"id":3449,"href":"https:\/\/indonesiaecotour.com\/fr\/wp-json\/wp\/v2\/pages\/2939\/revisions\/3449"}],"wp:attachment":[{"href":"https:\/\/indonesiaecotour.com\/fr\/wp-json\/wp\/v2\/media?parent=2939"}],"curies":[{"name":"wp","href":"https:\/\/api.w.org\/{rel}","templated":true}]}}