{"id":362,"date":"2023-09-25T12:48:29","date_gmt":"2023-09-25T12:48:29","guid":{"rendered":"https:\/\/indonesiaecotour.com\/?page_id=362"},"modified":"2026-04-14T08:55:44","modified_gmt":"2026-04-14T08:55:44","slug":"immersed-in-nature","status":"publish","type":"page","link":"https:\/\/indonesiaecotour.com\/fr\/immersed-in-nature\/","title":{"rendered":"Your Ultimate and unforgettable Nature Day Trip from Yogyakarta"},"content":{"rendered":"<div class=\"wp-block-media-text is-stacked-on-mobile is-image-fill-element\" style=\"padding-bottom:var(--wp--preset--spacing--40)\"><figure class=\"wp-block-media-text__media\"><img fetchpriority=\"high\" decoding=\"async\" width=\"1024\" height=\"683\" src=\"https:\/\/indonesiaecotour.com\/wp-content\/uploads\/2023\/09\/DSC09727-Edit-1-1024x683.jpg\" alt=\"Nature Day Trip from Yogyakarta\" class=\"wp-image-45 size-full\" style=\"object-position:50% 50%\" srcset=\"https:\/\/indonesiaecotour.com\/wp-content\/uploads\/2023\/09\/DSC09727-Edit-1-1024x683.jpg 1024w, https:\/\/indonesiaecotour.com\/wp-content\/uploads\/2023\/09\/DSC09727-Edit-1-300x200.jpg 300w, https:\/\/indonesiaecotour.com\/wp-content\/uploads\/2023\/09\/DSC09727-Edit-1-768x512.jpg 768w, https:\/\/indonesiaecotour.com\/wp-content\/uploads\/2023\/09\/DSC09727-Edit-1-1536x1025.jpg 1536w, https:\/\/indonesiaecotour.com\/wp-content\/uploads\/2023\/09\/DSC09727-Edit-1-2048x1366.jpg 2048w\" sizes=\"(max-width: 1024px) 100vw, 1024px\" \/><\/figure><div class=\"wp-block-media-text__content\">\n<p>We drive into the lush highlands west of the city on an unforgettable <strong>Nature Day Trip from Yogyakarta<\/strong>, searching for an inspiring bird conservation project that successfully transformed former hunters into passionate protectors of wildlife.<\/p>\n\n\n\n<p>Along the way, we connect with local Javanese communities, learning about their traditions and even taking part in their daily activities for a truly authentic cultural experience. After enjoying a delicious traditional lunch, we continue deeper into the jungle to reach a hidden waterfall featuring an epic 5-meter jumping platform, the perfect spot for adventure lovers.<\/p>\n\n\n\n<p>Surrounded by dense tropical nature, this place feels untouched, peaceful, and incredibly serene.<\/p>\n<\/div><\/div>\n\n\n\n<div class=\"guten-element guten-accordions guten-ZPpFtl\">\n<div class=\"accordion-item guten-FwhXx0 active\"><div class=\"accordion-heading\"><div class=\"accordion-icon\"><span class=\"accordion-icon-open\"><i class=\"fas fa-minus\"><\/i><\/span><span class=\"accordion-icon-closed\"><i class=\"fas fa-plus\"><\/i><\/span><\/div><span class=\"accordion-text\">Itin\u00e9raire<\/span><\/div><div class=\"accordion-body\"><div class=\"accordion-content\">\n<p>\u2022 Hotel pickup in <strong><a href=\"https:\/\/indonesiaecotour.com\/fr\/cultural-cycling-prambanan\/\" title=\"Yogyakarta\">Yogyakarta<\/a><\/strong> (after breakfast around 8am)<\/p>\n\n\n\n<p>- 1 heure de route jusqu'au village<\/p>\n\n\n\n<p>- Boire un caf\u00e9 local et prendre une collation pendant que le guide explique le projet de conservation.<\/p>\n\n\n\n<p>- Promenade dans la for\u00eat du village et observation de la fabrication du sucre de palme par les habitants.<\/p>\n\n\n\n<p>- Visite d'une cascade<\/p>\n\n\n\n<p>- D\u00e9jeuner traditionnel festif<\/p>\n\n\n\n<p>- Marcher jusqu'\u00e0 la piscine naturelle de la jungle et se rafra\u00eechir (plateforme de saut de 5 m\u00e8tres)<\/p>\n\n\n\n<p>- Retour en ville<\/p>\n\n\n\n<p>- D\u00eener (facultatif)<\/p>\n\n\n\n<p>- D\u00e9pose \u00e0 l'h\u00f4tel (apr\u00e8s ou avant le d\u00eener)<\/p>\n<\/div><\/div><\/div>\n<\/div>\n\n\n\n<div class=\"guten-element guten-accordions guten-gAeSqn\">\n<div class=\"accordion-item guten-60mDwY\"><div class=\"accordion-heading\"><div class=\"accordion-icon\"><span class=\"accordion-icon-open\"><i class=\"fas fa-minus\"><\/i><\/span><span class=\"accordion-icon-closed\"><i class=\"fas fa-plus\"><\/i><\/span><\/div><span class=\"accordion-text\">Inclus<\/span><\/div><div class=\"accordion-body\"><div class=\"accordion-content\">\n<p>- Transport<\/p>\n\n\n\n<p>- Toutes les activit\u00e9s sont d\u00e9crites<\/p>\n\n\n\n<p>- Eau potable, en-cas, fruits, d\u00e9jeuner<\/p>\n\n\n\n<p>- Documentation photographique professionnelle<\/p>\n\n\n\n<p>- Guide parlant n\u00e9erlandais et anglais (norme occidentale)<\/p>\n\n\n\n<p>- Approche respectueuse de l'environnement, soutien des ONG locales, aucun plastique \u00e0 usage unique n'est utilis\u00e9 lors de ce voyage.<\/p>\n<\/div><\/div><\/div>\n<\/div>\n\n\n\n<div class=\"guten-element guten-accordions guten-4l5pgo\">\n<div class=\"accordion-item guten-1lL1NG active\"><div class=\"accordion-heading\"><div class=\"accordion-icon\"><span class=\"accordion-icon-open\"><i class=\"fas fa-minus\"><\/i><\/span><span class=\"accordion-icon-closed\"><i class=\"fas fa-plus\"><\/i><\/span><\/div><span class=\"accordion-text\">Exclus<\/span><\/div><div class=\"accordion-body\"><div class=\"accordion-content\">\n<p>- D\u00eener<\/p>\n\n\n\n<p>- Boissons alcoolis\u00e9es et boissons autres que l'eau<\/p>\n\n\n\n<p>- D\u00e9penses personnelles<\/p>\n<\/div><\/div><\/div>\n<\/div>\n\n\n\n<div class=\"guten-element guten-accordions guten-74ftop\">\n<div class=\"accordion-item guten-yaHQaU active\"><div class=\"accordion-heading\"><div class=\"accordion-icon\"><span class=\"accordion-icon-open\"><i class=\"fas fa-minus\"><\/i><\/span><span class=\"accordion-icon-closed\"><i class=\"fas fa-plus\"><\/i><\/span><\/div><span class=\"accordion-text\">Prix<\/span><\/div><div class=\"accordion-body\"><div class=\"accordion-content\">\n<p>- Prix \u00e0 partir de <strong>780.000 IDR<\/strong> <strong>par personne<\/strong> sur la base d'un <strong>groupe de 4<\/strong> <strong>les personnes<\/strong> for this <strong>Nature Day Trip from Yogyakarta<\/strong><br>(S'il vous pla\u00eet\u00a0<a href=\"https:\/\/wa.link\/nl1r35\" target=\"_blank\" rel=\"noreferrer noopener\"><strong>contactez-nous ici<\/strong><\/a>\u00a0pour d'autres prix, personnalisations ou questions)<\/p>\n<\/div><\/div><\/div>\n<\/div>\n\n\n\n<div class=\"wp-block-cb-carousel\" data-slick=\"{&quot;slidesToShow&quot;:2,&quot;slidesToScroll&quot;:1,&quot;speed&quot;:300,&quot;arrows&quot;:true,&quot;dots&quot;:true,&quot;autoplay&quot;:true,&quot;autoplaySpeed&quot;:2000,&quot;infinite&quot;:true,&quot;responsive&quot;:[{&quot;breakpoint&quot;:769,&quot;settings&quot;:{&quot;slidesToShow&quot;:1,&quot;slidesToScroll&quot;:1}}]}\">\n<div class=\"wp-block-cb-slide\">\n<div class=\"wp-block-gutenverse-image guten-element guten-image guten-QaPHDf\"><div class=\"guten-image-wrapper\"><img decoding=\"async\" class=\"gutenverse-image-box-filled\" src=\"https:\/\/indonesiaecotour.com\/wp-content\/uploads\/2023\/10\/DSC09656-Edit-scaled-e1696134057846.jpg\" height=\"1706\" width=\"1706\"\/><\/div><span class=\"guten-caption\">Sautez !<\/span><\/div>\n<\/div>\n\n\n\n<div class=\"wp-block-cb-slide\">\n<div class=\"wp-block-group is-nowrap is-layout-flex wp-container-core-group-is-layout-6c531013 wp-block-group-is-layout-flex\">\n<div class=\"wp-block-gutenverse-image guten-element guten-image guten-HOIG6m\"><div class=\"guten-image-wrapper\"><img decoding=\"async\" class=\"gutenverse-image-box-filled\" src=\"https:\/\/indonesiaecotour.com\/wp-content\/uploads\/2023\/10\/DSC06666-Edit-scaled-e1697188563191.jpg\" height=\"1706\" width=\"1706\"\/><\/div><span class=\"guten-caption\">D\u00e9jeuner festif<\/span><\/div>\n<\/div>\n<\/div>\n\n\n\n<div class=\"wp-block-cb-slide\">\n<div class=\"wp-block-group is-nowrap is-layout-flex wp-container-core-group-is-layout-6c531013 wp-block-group-is-layout-flex\">\n<div class=\"wp-block-gutenverse-image guten-element guten-image guten-jXcsfE\"><div class=\"guten-image-wrapper\"><img loading=\"lazy\" decoding=\"async\" class=\"gutenverse-image-box-filled\" src=\"https:\/\/indonesiaecotour.com\/wp-content\/uploads\/2023\/10\/DSC09572-EDIT-scaled-e1696134477665.jpg\" height=\"1920\" width=\"1919\"\/><\/div><span class=\"guten-caption\">Nage dans la jungle<\/span><\/div>\n<\/div>\n<\/div>\n\n\n\n<div class=\"wp-block-cb-slide\">\n<div class=\"wp-block-gutenverse-image guten-element guten-image guten-g85vdv\"><div class=\"guten-image-wrapper\"><img loading=\"lazy\" decoding=\"async\" class=\"gutenverse-image-box-filled\" src=\"https:\/\/indonesiaecotour.com\/wp-content\/uploads\/2025\/05\/JCL03841-Edit-scaled.avif\" height=\"1251\" width=\"2560\"\/><\/div><span class=\"guten-caption\">Martin-p\u00eacheur de Java dans la for\u00eat<\/span><\/div>\n<\/div>\n<\/div>\n\n\n\n<div class=\"guten-element guten-button-wrapper guten-kfpUHI\"><a class=\"guten-button guten-button-sm\" href=\"https:\/\/drive.google.com\/file\/d\/1kCJalQwkcSJBUvZChzwaxZcm7PFV8P5v\/view?usp=sharing\" target=\"_blank\" aria-label=\"\" rel=\"noreferrer noopener\"><span> T\u00e9l\u00e9charger la brochure<\/span><\/a><\/div>\n\n\n\n<div class=\"guten-element guten-button-wrapper guten-uXcmRG\"><a class=\"guten-button guten-button-sm\" href=\"https:\/\/wa.me\/6282137219073\" target=\"_blank\" aria-label=\"\" rel=\"noreferrer noopener\"><i class=\"fa-lg fab fa-whatsapp\"><\/i><span> Nous contacter<\/span><\/a><\/div>","protected":false},"excerpt":{"rendered":"<p>We drive into the lush highlands west of the city on an unforgettable Nature Day Trip from Yogyakarta, searching for an inspiring bird conservation project that successfully transformed former hunters into passionate protectors of wildlife. Along the way, we connect with local Javanese communities, learning about their traditions and even taking part in their daily [&hellip;]<\/p>","protected":false},"author":1,"featured_media":0,"parent":0,"menu_order":0,"comment_status":"closed","ping_status":"closed","template":"","meta":{"_monsterinsights_skip_tracking":false,"_monsterinsights_sitenote_active":false,"_monsterinsights_sitenote_note":"","_monsterinsights_sitenote_category":0,"footnotes":""},"class_list":["post-362","page","type-page","status-publish","hentry"],"aioseo_notices":[],"_links":{"self":[{"href":"https:\/\/indonesiaecotour.com\/fr\/wp-json\/wp\/v2\/pages\/362","targetHints":{"allow":["GET"]}}],"collection":[{"href":"https:\/\/indonesiaecotour.com\/fr\/wp-json\/wp\/v2\/pages"}],"about":[{"href":"https:\/\/indonesiaecotour.com\/fr\/wp-json\/wp\/v2\/types\/page"}],"author":[{"embeddable":true,"href":"https:\/\/indonesiaecotour.com\/fr\/wp-json\/wp\/v2\/users\/1"}],"replies":[{"embeddable":true,"href":"https:\/\/indonesiaecotour.com\/fr\/wp-json\/wp\/v2\/comments?post=362"}],"version-history":[{"count":90,"href":"https:\/\/indonesiaecotour.com\/fr\/wp-json\/wp\/v2\/pages\/362\/revisions"}],"predecessor-version":[{"id":3433,"href":"https:\/\/indonesiaecotour.com\/fr\/wp-json\/wp\/v2\/pages\/362\/revisions\/3433"}],"wp:attachment":[{"href":"https:\/\/indonesiaecotour.com\/fr\/wp-json\/wp\/v2\/media?parent=362"}],"curies":[{"name":"wp","href":"https:\/\/api.w.org\/{rel}","templated":true}]}}