{"id":365,"date":"2023-09-25T12:49:30","date_gmt":"2023-09-25T12:49:30","guid":{"rendered":"https:\/\/indonesiaecotour.com\/?page_id=365"},"modified":"2026-04-14T09:06:20","modified_gmt":"2026-04-14T09:06:20","slug":"gibbons-and-batik","status":"publish","type":"page","link":"https:\/\/indonesiaecotour.com\/fr\/gibbons-and-batik\/","title":{"rendered":"L'excursion la plus unique pour observer le gibbon de Java dans la for\u00eat tropicale intacte de Java"},"content":{"rendered":"<p><\/p>\n\n\n\n<p aria-label=\"Texte Paragraphe\" class=\"guten-element gutenverse-text guten-cJDQJ2\">Il est temps de se lever t\u00f4t et de plonger dans les for\u00eats tropicales vierges du centre de Java pour un voyage inoubliable. <strong>Excursion au gibbon de Java<\/strong>. En jeep safari, nous nous enfon\u00e7ons dans la jungle \u00e0 la recherche de quatre esp\u00e8ces de singes, dont le gibbon de Java, une esp\u00e8ce end\u00e9mique en voie de disparition. En chemin, nous apprenons \u00e0 conna\u00eetre l'ancien \u00e9cosyst\u00e8me forestier, ses arbres imposants et l'incroyable faune qui vit dans cette zone prot\u00e9g\u00e9e.<br>Pour le d\u00e9jeuner, nous d\u00e9gustons un repas local unique \u00e0 base de plantes cultiv\u00e9es dans la for\u00eat, combin\u00e9es avec des ingr\u00e9dients et des \u00e9pices indon\u00e9siens traditionnels.<br>De retour en ville, l'aventure se poursuit de mani\u00e8re plus cr\u00e9ative. Il est temps de lib\u00e9rer l'artiste qui sommeille en vous et de concevoir votre propre t-shirt teint de mani\u00e8re naturelle, en exp\u00e9rimentant diff\u00e9rentes techniques et motifs traditionnels de Batik.<\/p>\n\n\n\n<figure class=\"wp-block-gallery has-nested-images columns-default is-cropped wp-block-gallery-1 is-layout-flex wp-block-gallery-is-layout-flex\">\n<figure class=\"wp-block-image size-large\"><img fetchpriority=\"high\" decoding=\"async\" width=\"1024\" height=\"801\" data-id=\"2062\" src=\"https:\/\/indonesiaecotour.com\/wp-content\/uploads\/2025\/04\/DSC03947-Edit-EDIT-1024x801.avif\" alt=\"Javan Gibbon Tour in Java\" class=\"wp-image-2062\" srcset=\"https:\/\/indonesiaecotour.com\/wp-content\/uploads\/2025\/04\/DSC03947-Edit-EDIT-1024x801.avif 1024w, https:\/\/indonesiaecotour.com\/wp-content\/uploads\/2025\/04\/DSC03947-Edit-EDIT-300x235.avif 300w, https:\/\/indonesiaecotour.com\/wp-content\/uploads\/2025\/04\/DSC03947-Edit-EDIT-768x601.avif 768w, https:\/\/indonesiaecotour.com\/wp-content\/uploads\/2025\/04\/DSC03947-Edit-EDIT-1536x1202.avif 1536w, https:\/\/indonesiaecotour.com\/wp-content\/uploads\/2025\/04\/DSC03947-Edit-EDIT-2048x1603.avif 2048w\" sizes=\"(max-width: 1024px) 100vw, 1024px\" \/><\/figure>\n\n\n\n<figure class=\"wp-block-image size-large\"><img decoding=\"async\" width=\"766\" height=\"1024\" data-id=\"34\" src=\"https:\/\/indonesiaecotour.com\/wp-content\/uploads\/2023\/09\/DSC08254-EDIT-766x1024.jpg\" alt=\"Learn how to make Batik in Java\" class=\"wp-image-34\" srcset=\"https:\/\/indonesiaecotour.com\/wp-content\/uploads\/2023\/09\/DSC08254-EDIT-766x1024.jpg 766w, https:\/\/indonesiaecotour.com\/wp-content\/uploads\/2023\/09\/DSC08254-EDIT-224x300.jpg 224w, https:\/\/indonesiaecotour.com\/wp-content\/uploads\/2023\/09\/DSC08254-EDIT-768x1027.jpg 768w, https:\/\/indonesiaecotour.com\/wp-content\/uploads\/2023\/09\/DSC08254-EDIT-1149x1536.jpg 1149w, https:\/\/indonesiaecotour.com\/wp-content\/uploads\/2023\/09\/DSC08254-EDIT-1532x2048.jpg 1532w, https:\/\/indonesiaecotour.com\/wp-content\/uploads\/2023\/09\/DSC08254-EDIT-scaled.jpg 1915w\" sizes=\"(max-width: 766px) 100vw, 766px\" \/><\/figure>\n<\/figure>\n\n\n\n<div class=\"guten-element guten-accordions guten-t44m0W\">\n<div class=\"accordion-item guten-IX3uCM active\"><div class=\"accordion-heading\"><div class=\"accordion-icon\"><span class=\"accordion-icon-open\"><i class=\"fas fa-minus\"><\/i><\/span><span class=\"accordion-icon-closed\"><i class=\"fas fa-plus\"><\/i><\/span><\/div><span class=\"accordion-text\"><span id=\"guten-aLJqQy\"><span id=\"guten-huwlfl\" style=\"text-decoration: underline;\"><strong>Itin\u00e9raire<\/strong><\/span><\/span><\/span><\/div><div class=\"accordion-body\"><div class=\"accordion-content\">\n<p><strong>Jour 1 :<\/strong><\/p>\n\n\n\n<p>- <a href=\"https:\/\/indonesiaecotour.com\/fr\/cultural-cycling-prambanan\/\" title=\"Yogyakarta\">Yogyakarta<\/a> Prise en charge \u00e0 l'h\u00f4tel \u00e0 11 heures et route vers <a href=\"https:\/\/indonesiaecotour.com\/fr\/wildlife-pekalongan\/\" title=\"Pekalongan\">Pekalongan<\/a> (environ 4,5 heures)<br>- Arriv\u00e9e \u00e0 l'h\u00f4tel, d\u00eener et repos.<br><strong>Jour 2 :<\/strong><br>- Lever \u00e0 5h30 et trajet d'une heure et demie jusqu'\u00e0 la for\u00eat.<br>- Conduite\/marche dans la for\u00eat \u00e0 la recherche du gibbon de Javan et d'autres animaux\/oiseaux sauvages.<br>- Continuer \u00e0 marcher jusqu'au camp de base de l'ONG<br>- Collation locale et th\u00e9\/caf\u00e9 (le vrai caf\u00e9 sauvage luwak !)<br>- D\u00e9jeuner en for\u00eat<br>- Retour en ville<br>- Atelier de batik<br>- D\u00eener<br>- Retour \u00e0 l'h\u00f4tel et repos<br><strong>Troisi\u00e8me jour :<\/strong><\/p>\n\n\n\n<p>- Apr\u00e8s le petit-d\u00e9jeuner, retour \u00e0 Yogyakarta.<br>- D\u00e9pose \u00e0 l'h\u00f4tel<\/p>\n<\/div><\/div><\/div>\n\n\n\n<div class=\"accordion-item guten-oZaUpc\"><div class=\"accordion-heading\"><div class=\"accordion-icon\"><span class=\"accordion-icon-open\"><i class=\"fas fa-minus\"><\/i><\/span><span class=\"accordion-icon-closed\"><i class=\"fas fa-plus\"><\/i><\/span><\/div><span class=\"accordion-text\"><span id=\"guten-aLJqQy\"><span id=\"guten-huwlfl\" style=\"text-decoration: underline;\"><strong>Esp\u00e8ces<\/strong><\/span><\/span><\/span><\/div><div class=\"accordion-body\"><div class=\"accordion-content\">\n<p><span style=\"text-decoration: underline;\">Primates :<\/span><br><\/p>\n\n\n\n<figure class=\"wp-block-table alignleft\"><table class=\"has-fixed-layout\"><tbody><tr><td class=\"has-text-align-center\" data-align=\"center\"><strong>Esp\u00e8ces<\/strong><\/td><td class=\"has-text-align-center\" data-align=\"center\"><strong>Statut<\/strong><\/td><td class=\"has-text-align-center\" data-align=\"center\"><strong>End\u00e9mique<\/strong><\/td><\/tr><tr><td class=\"has-text-align-center\" data-align=\"center\">Gibbon de Java<\/td><td class=\"has-text-align-center\" data-align=\"center\">fr<\/td><td class=\"has-text-align-center\" data-align=\"center\">Java<\/td><\/tr><tr><td class=\"has-text-align-center\" data-align=\"center\">Langur de Java <\/td><td class=\"has-text-align-center\" data-align=\"center\">vu<\/td><td class=\"has-text-align-center\" data-align=\"center\"><\/td><\/tr><tr><td class=\"has-text-align-center\" data-align=\"center\">Surili javanais<\/td><td class=\"has-text-align-center\" data-align=\"center\">vu<\/td><td class=\"has-text-align-center\" data-align=\"center\">Java<\/td><\/tr><tr><td class=\"has-text-align-center\" data-align=\"center\">Macaque \u00e0 longue queue<\/td><td class=\"has-text-align-center\" data-align=\"center\">fr<\/td><td class=\"has-text-align-center\" data-align=\"center\">Java<\/td><\/tr><tr><td class=\"has-text-align-center\" data-align=\"center\">Loris lent de Java<\/td><td class=\"has-text-align-center\" data-align=\"center\">cr<\/td><td class=\"has-text-align-center\" data-align=\"center\">Java<\/td><\/tr><\/tbody><\/table><\/figure>\n\n\n\n<p><span style=\"text-decoration: underline;\">Oiseaux :<\/span><br><\/p>\n\n\n\n<figure class=\"wp-block-table\"><table class=\"has-fixed-layout\"><tbody><tr><td class=\"has-text-align-center\" data-align=\"center\"><strong>Esp\u00e8ces<\/strong><\/td><td class=\"has-text-align-center\" data-align=\"center\"><strong>Statut<\/strong><\/td><td class=\"has-text-align-center\" data-align=\"center\"><strong>End\u00e9mique<\/strong><\/td><\/tr><tr><td class=\"has-text-align-center\" data-align=\"center\">aigle serpent \u00e0 cr\u00eate<\/td><td class=\"has-text-align-center\" data-align=\"center\">lc<\/td><td class=\"has-text-align-center\" data-align=\"center\"><\/td><\/tr><tr><td class=\"has-text-align-center\" data-align=\"center\">aigle noir<\/td><td class=\"has-text-align-center\" data-align=\"center\">lc<\/td><td class=\"has-text-align-center\" data-align=\"center\"><\/td><\/tr><tr><td class=\"has-text-align-center\" data-align=\"center\">martin-p\u00eacheur \u00e0 collier<\/td><td class=\"has-text-align-center\" data-align=\"center\">lc<\/td><td class=\"has-text-align-center\" data-align=\"center\"><\/td><\/tr><tr><td class=\"has-text-align-center\" data-align=\"center\">Martin-p\u00eacheur de Java<\/td><td class=\"has-text-align-center\" data-align=\"center\">lc<\/td><td class=\"has-text-align-center\" data-align=\"center\">Java et Bali<\/td><\/tr><tr><td class=\"has-text-align-center\" data-align=\"center\">petite minivette<\/td><td class=\"has-text-align-center\" data-align=\"center\">lc<\/td><td class=\"has-text-align-center\" data-align=\"center\"><\/td><\/tr><tr><td class=\"has-text-align-center\" data-align=\"center\">trogon \u00e0 poitrine orange<\/td><td class=\"has-text-align-center\" data-align=\"center\">lc<\/td><td class=\"has-text-align-center\" data-align=\"center\"><\/td><\/tr><tr><td class=\"has-text-align-center\" data-align=\"center\">martin-p\u00eacheur bagu\u00e9<\/td><td class=\"has-text-align-center\" data-align=\"center\">lc<\/td><td class=\"has-text-align-center\" data-align=\"center\"><\/td><\/tr><tr><td class=\"has-text-align-center\" data-align=\"center\">Aigle de Java<\/td><td class=\"has-text-align-center\" data-align=\"center\">fr<\/td><td class=\"has-text-align-center\" data-align=\"center\">Java et Bali<\/td><\/tr><tr><td class=\"has-text-align-center\" data-align=\"center\">Bec-de-cygne javanais<\/td><td class=\"has-text-align-center\" data-align=\"center\">nt<\/td><td class=\"has-text-align-center\" data-align=\"center\"><\/td><\/tr><tr><td class=\"has-text-align-center\" data-align=\"center\">barbet \u00e0 bande noire<\/td><td class=\"has-text-align-center\" data-align=\"center\">nt<\/td><td class=\"has-text-align-center\" data-align=\"center\">Java et Bali<\/td><\/tr><tr><td class=\"has-text-align-center\" data-align=\"center\">Petit-duc de Sunda<\/td><td class=\"has-text-align-center\" data-align=\"center\">lc<\/td><td class=\"has-text-align-center\" data-align=\"center\"><\/td><\/tr><tr><td class=\"has-text-align-center\" data-align=\"center\">perroquet \u00e0 queue fine<\/td><td class=\"has-text-align-center\" data-align=\"center\">lc<\/td><td class=\"has-text-align-center\" data-align=\"center\"><\/td><\/tr><\/tbody><\/table><\/figure>\n\n\n\n<p><\/p>\n<\/div><\/div><\/div>\n\n\n\n<div class=\"accordion-item guten-n0euYM\"><div class=\"accordion-heading\"><div class=\"accordion-icon\"><span class=\"accordion-icon-open\"><i class=\"fas fa-minus\"><\/i><\/span><span class=\"accordion-icon-closed\"><i class=\"fas fa-plus\"><\/i><\/span><\/div><span class=\"accordion-text\"><span id=\"guten-aLJqQy\"><span id=\"guten-huwlfl\" style=\"text-decoration: underline;\"><strong>Inclus<\/strong><\/span><\/span><\/span><\/div><div class=\"accordion-body\"><div class=\"accordion-content\">\n<p>- Transport<\/p>\n\n\n\n<p>- H\u00e9bergement (2 nuits)<\/p>\n\n\n\n<p>- Toutes les activit\u00e9s sont d\u00e9crites<\/p>\n\n\n\n<p>- Eau potable, en-cas, fruits, d\u00e9jeuner (jour 1 et jour 2), d\u00eener (jour 1 et jour 2)<\/p>\n\n\n\n<p>- Documentation photographique professionnelle<\/p>\n\n\n\n<p>- Guide parlant n\u00e9erlandais et anglais (norme occidentale)<br>- Don pour la conservation du gibbon de Javan<\/p>\n\n\n\n<p>- Approche respectueuse de l'environnement, soutien des ONG locales, aucun plastique \u00e0 usage unique n'est utilis\u00e9 lors de ce voyage.<\/p>\n<\/div><\/div><\/div>\n\n\n\n<div class=\"accordion-item guten-FUvarS\"><div class=\"accordion-heading\"><div class=\"accordion-icon\"><span class=\"accordion-icon-open\"><i class=\"fas fa-minus\"><\/i><\/span><span class=\"accordion-icon-closed\"><i class=\"fas fa-plus\"><\/i><\/span><\/div><span class=\"accordion-text\"><span id=\"guten-aLJqQy\"><span id=\"guten-huwlfl\" style=\"text-decoration: underline;\"><strong>Exclus<\/strong><\/span><\/span><\/span><\/div><div class=\"accordion-body\"><div class=\"accordion-content\">\n<p>- Boissons alcoolis\u00e9es et boissons autres que l'eau<\/p>\n\n\n\n<p>- D\u00e9penses personnelles<\/p>\n<\/div><\/div><\/div>\n\n\n\n<div class=\"accordion-item guten-TJEN4I\"><div class=\"accordion-heading\"><div class=\"accordion-icon\"><span class=\"accordion-icon-open\"><i class=\"fas fa-minus\"><\/i><\/span><span class=\"accordion-icon-closed\"><i class=\"fas fa-plus\"><\/i><\/span><\/div><span class=\"accordion-text\"><span id=\"guten-aLJqQy\"><span id=\"guten-huwlfl\" style=\"text-decoration: underline;\"><strong>Prix<\/strong><\/span><\/span><\/span><\/div><div class=\"accordion-body\"><div class=\"accordion-content\">\n<p>- Prix \u00e0 partir de <strong>3.300.000 IDR<\/strong> <strong>par personne  <\/strong>sur la base d'un <strong>groupe de 4 personnes partant de Yogyakarta<\/strong><br>(S'il vous pla\u00eet&nbsp;<a href=\"https:\/\/wa.link\/nl1r35\" target=\"_blank\" rel=\"noreferrer noopener\"><strong>contactez-nous ici<\/strong><\/a>&nbsp;pour d'autres prix, personnalisations ou questions)<\/p>\n<\/div><\/div><\/div>\n<\/div>\n\n\n\n<div class=\"wp-block-cb-carousel-v2 cb-carousel-block\" data-cb-slides-per-view=\"1\" data-cb-slides-per-group=\"1\" data-cb-space-between=\"15\" data-cb-speed=\"500\" data-cb-navigation=\"true\" data-cb-pagination=\"true\" data-cb-loop=\"true\" data-cb-autoplay=\"true\" data-cb-autoplay-speed=\"2000\" data-cb-breakpoints=\"{&quot;768&quot;:{&quot;slidesPerView&quot;:2,&quot;slidesPerGroup&quot;:1}}\"><div class=\"swiper\"><div class=\"cb-wrapper swiper-wrapper\">\n<div class=\"wp-block-cb-slide-v2 cb-slide swiper-slide\">\n<div class=\"wp-block-gutenverse-image guten-element guten-image guten-1SYEf2\"><div class=\"guten-image-wrapper\"><img decoding=\"async\" class=\"gutenverse-image-box-filled\" src=\"https:\/\/indonesiaecotour.com\/wp-content\/uploads\/2023\/09\/DSC09227-2-scaled-e1695390961957.jpg\" height=\"1920\" width=\"1918\"\/><\/div><span class=\"guten-caption\">Javan Gibbon<\/span><\/div>\n<\/div>\n\n\n\n<div class=\"wp-block-cb-slide-v2 cb-slide swiper-slide\">\n<div class=\"wp-block-gutenverse-image guten-element guten-image guten-SiVRcU\"><div class=\"guten-image-wrapper\"><img loading=\"lazy\" decoding=\"async\" class=\"gutenverse-image-box-filled\" src=\"https:\/\/indonesiaecotour.com\/wp-content\/uploads\/2023\/09\/DSC03456-Edit-scaled-e1695782698434.jpg\" height=\"1706\" width=\"1706\"\/><\/div><span class=\"guten-caption\">Surili<\/span><\/div>\n<\/div>\n\n\n\n<div class=\"wp-block-cb-slide-v2 cb-slide swiper-slide\">\n<div class=\"wp-block-gutenverse-image guten-element guten-image guten-zX3u3t\"><div class=\"guten-image-wrapper\"><img loading=\"lazy\" decoding=\"async\" class=\"gutenverse-image-box-filled\" src=\"https:\/\/indonesiaecotour.com\/wp-content\/uploads\/2023\/09\/DSC01228-Edit-scaled.jpg\" height=\"2560\" width=\"2560\"\/><\/div><span class=\"guten-caption\">Langur de Java<\/span><\/div>\n<\/div>\n\n\n\n<div class=\"wp-block-cb-slide-v2 cb-slide swiper-slide\">\n<div class=\"wp-block-gutenverse-image guten-element guten-image guten-NwR1ws\"><div class=\"guten-image-wrapper\"><img loading=\"lazy\" decoding=\"async\" class=\"gutenverse-image-box-filled\" src=\"https:\/\/indonesiaecotour.com\/wp-content\/uploads\/2023\/09\/DSCN7633_1-Edit-scaled-e1695782991908.jpg\" height=\"1920\" width=\"1920\" alt=\"Javan Slow Loris\"\/><\/div><span class=\"guten-caption\">Loris lent de Java<\/span><\/div>\n\n\n\n<p><\/p>\n<\/div>\n\n\n\n<div class=\"wp-block-cb-slide-v2 cb-slide swiper-slide\">\n<div class=\"wp-block-gutenverse-image guten-element guten-image guten-aRQPLh\"><div class=\"guten-image-wrapper\"><img loading=\"lazy\" decoding=\"async\" class=\"gutenverse-image-box-filled\" src=\"https:\/\/indonesiaecotour.com\/wp-content\/uploads\/2023\/09\/DSC08307-scaled-e1695792133807.jpg\" height=\"1706\" width=\"1706\" alt=\"Sketch\"\/><\/div><span class=\"guten-caption\">Esquisse<\/span><\/div>\n<\/div>\n\n\n\n<div class=\"wp-block-cb-slide-v2 cb-slide swiper-slide\">\n<div class=\"wp-block-gutenverse-image guten-element guten-image guten-j3y1os\"><div class=\"guten-image-wrapper\"><img loading=\"lazy\" decoding=\"async\" class=\"gutenverse-image-box-filled\" src=\"https:\/\/indonesiaecotour.com\/wp-content\/uploads\/2023\/09\/DSC08413-Edit-scaled-e1695792109929.jpg\" height=\"1706\" width=\"1706\" alt=\"Javan Slow Loris\"\/><\/div><span class=\"guten-caption\">Tampon Batik<\/span><\/div>\n<\/div>\n\n\n\n<div class=\"wp-block-cb-slide-v2 cb-slide swiper-slide\">\n<div class=\"wp-block-gutenverse-image guten-element guten-image guten-WNxivs\"><div class=\"guten-image-wrapper\"><img loading=\"lazy\" decoding=\"async\" class=\"gutenverse-image-box-filled\" src=\"https:\/\/indonesiaecotour.com\/wp-content\/uploads\/2023\/09\/DSC08365-scaled-e1695792074137.jpg\" height=\"1706\" width=\"1706\" alt=\"Javan Slow Loris\"\/><\/div><span class=\"guten-caption\">Fourre-tout<\/span><\/div>\n<\/div>\n<\/div><\/div><div class=\"cb-pagination swiper-pagination\"><\/div><div class=\"cb-button-prev swiper-button-prev\"><\/div><div class=\"cb-button-next swiper-button-next\"><\/div><\/div>\n\n\n\n<div class=\"guten-element guten-button-wrapper guten-kfpUHI\"><a class=\"guten-button guten-button-sm\" href=\"https:\/\/drive.google.com\/file\/d\/1kCJalQwkcSJBUvZChzwaxZcm7PFV8P5v\/view?usp=sharing\" target=\"_blank\" aria-label=\"\" rel=\"noreferrer noopener\"><span> T\u00e9l\u00e9charger la brochure<\/span><\/a><\/div>\n\n\n\n<div class=\"guten-element guten-button-wrapper guten-uXcmRG\"><a class=\"guten-button guten-button-sm\" href=\"https:\/\/wa.me\/6282137219073\" target=\"_blank\" aria-label=\"\" rel=\"noreferrer noopener\"><i class=\"fa-lg fab fa-whatsapp\"><\/i><span> Nous contacter<\/span><\/a><\/div>","protected":false},"excerpt":{"rendered":"","protected":false},"author":1,"featured_media":0,"parent":0,"menu_order":0,"comment_status":"closed","ping_status":"closed","template":"","meta":{"_monsterinsights_skip_tracking":false,"_monsterinsights_sitenote_active":false,"_monsterinsights_sitenote_note":"","_monsterinsights_sitenote_category":0,"footnotes":""},"class_list":["post-365","page","type-page","status-publish","hentry"],"aioseo_notices":[],"_links":{"self":[{"href":"https:\/\/indonesiaecotour.com\/fr\/wp-json\/wp\/v2\/pages\/365","targetHints":{"allow":["GET"]}}],"collection":[{"href":"https:\/\/indonesiaecotour.com\/fr\/wp-json\/wp\/v2\/pages"}],"about":[{"href":"https:\/\/indonesiaecotour.com\/fr\/wp-json\/wp\/v2\/types\/page"}],"author":[{"embeddable":true,"href":"https:\/\/indonesiaecotour.com\/fr\/wp-json\/wp\/v2\/users\/1"}],"replies":[{"embeddable":true,"href":"https:\/\/indonesiaecotour.com\/fr\/wp-json\/wp\/v2\/comments?post=365"}],"version-history":[{"count":284,"href":"https:\/\/indonesiaecotour.com\/fr\/wp-json\/wp\/v2\/pages\/365\/revisions"}],"predecessor-version":[{"id":3435,"href":"https:\/\/indonesiaecotour.com\/fr\/wp-json\/wp\/v2\/pages\/365\/revisions\/3435"}],"wp:attachment":[{"href":"https:\/\/indonesiaecotour.com\/fr\/wp-json\/wp\/v2\/media?parent=365"}],"curies":[{"name":"wp","href":"https:\/\/api.w.org\/{rel}","templated":true}]}}