{"id":368,"date":"2023-09-25T12:50:35","date_gmt":"2023-09-25T12:50:35","guid":{"rendered":"https:\/\/indonesiaecotour.com\/?page_id=368"},"modified":"2026-04-14T08:26:50","modified_gmt":"2026-04-14T08:26:50","slug":"street-art","status":"publish","type":"page","link":"https:\/\/indonesiaecotour.com\/fr\/street-art\/","title":{"rendered":"Atelier d'art de rue \u00e0 Yogyakarta pour une exp\u00e9rience locale unique"},"content":{"rendered":"<div class=\"wp-block-media-text is-stacked-on-mobile is-image-fill-element\" style=\"padding-bottom:var(--wp--preset--spacing--40)\"><figure class=\"wp-block-media-text__media\"><img fetchpriority=\"high\" decoding=\"async\" width=\"1024\" height=\"683\" src=\"https:\/\/indonesiaecotour.com\/wp-content\/uploads\/2023\/09\/DSC06795-1024x683.jpg\" alt=\"Street Art Workshop in Yogyakarta\" class=\"wp-image-595 size-full\" style=\"object-position:50% 50%\" srcset=\"https:\/\/indonesiaecotour.com\/wp-content\/uploads\/2023\/09\/DSC06795-1024x683.jpg 1024w, https:\/\/indonesiaecotour.com\/wp-content\/uploads\/2023\/09\/DSC06795-300x200.jpg 300w, https:\/\/indonesiaecotour.com\/wp-content\/uploads\/2023\/09\/DSC06795-768x512.jpg 768w, https:\/\/indonesiaecotour.com\/wp-content\/uploads\/2023\/09\/DSC06795-1536x1025.jpg 1536w, https:\/\/indonesiaecotour.com\/wp-content\/uploads\/2023\/09\/DSC06795-2048x1366.jpg 2048w\" sizes=\"(max-width: 1024px) 100vw, 1024px\" \/><\/figure><div class=\"wp-block-media-text__content\">\n<p>Lib\u00e9rez votre esprit cr\u00e9atif et plongez dans la culture urbaine vibrante de l'Indon\u00e9sie en cr\u00e9ant votre propre peinture de rue sur toile. Au cours de cette <strong>Atelier d'art de rue \u00e0 Yogyakarta<\/strong>Nous exprimons les impressions que l'Indon\u00e9sie nous a laiss\u00e9es, depuis ses rues chaotiques et ses traditions color\u00e9es jusqu'\u00e0 son \u00e9nergie brute, ses habitants et son atmosph\u00e8re inoubliable.<\/p>\n\n\n\n<p>\u00c9tape par \u00e9tape, nous transformons l'inspiration en une v\u00e9ritable \u0153uvre d'art en utilisant des techniques de street art, des couleurs vives et une composition cr\u00e9ative. Que vous soyez d\u00e9butant ou que vous aimiez d\u00e9j\u00e0 peindre, cette exp\u00e9rience est con\u00e7ue pour vous aider \u00e0 vous sentir en confiance, \u00e0 exp\u00e9rimenter librement et \u00e0 cr\u00e9er quelque chose de vraiment personnel.<\/p>\n\n\n\n<p>Le tout sous la direction de l'un des <strong><a href=\"https:\/\/indonesiaecotour.com\/fr\/creative-with-the-local-kids\/\" title=\"Yogyakarta&#039;s\">Yogyakarta's<\/a><\/strong> les plus c\u00e9l\u00e8bres artistes de rue.<\/p>\n<\/div><\/div>\n\n\n\n<div class=\"guten-element guten-accordions guten-Y912LV\">\n<div class=\"accordion-item guten-oXON30 active\"><div class=\"accordion-heading\"><div class=\"accordion-icon\"><span class=\"accordion-icon-open\"><i class=\"fas fa-minus\"><\/i><\/span><span class=\"accordion-icon-closed\"><i class=\"fas fa-plus\"><\/i><\/span><\/div><span class=\"accordion-text\">Itin\u00e9raire<\/span><\/div><div class=\"accordion-body\"><div class=\"accordion-content\">\n<p>- Prise en charge \u00e0 l'h\u00f4tel (apr\u00e8s le d\u00e9jeuner)<\/p>\n\n\n\n<p>- 30 minutes de route vers le village<\/p>\n\n\n\n<p>- Esquisser nos id\u00e9es cr\u00e9atives sur le papier<\/p>\n\n\n\n<p>- Mettre nos id\u00e9es sur une peinture murale sur toile (qui peut \u00eatre emport\u00e9e \u00e0 la maison)<\/p>\n\n\n\n<p>- Retour en ville<\/p>\n\n\n\n<p>- D\u00eener (facultatif)<\/p>\n\n\n\n<p>- D\u00e9pose \u00e0 l'h\u00f4tel (avant ou apr\u00e8s le d\u00eener)<\/p>\n<\/div><\/div><\/div>\n<\/div>\n\n\n\n<div class=\"guten-element guten-accordions guten-nXfQUb\">\n<div class=\"accordion-item guten-Wt9Pgo\"><div class=\"accordion-heading\"><div class=\"accordion-icon\"><span class=\"accordion-icon-open\"><i class=\"fas fa-minus\"><\/i><\/span><span class=\"accordion-icon-closed\"><i class=\"fas fa-plus\"><\/i><\/span><\/div><span class=\"accordion-text\">Inclus<\/span><\/div><div class=\"accordion-body\"><div class=\"accordion-content\">\n<p>- Transport<\/p>\n\n\n\n<p>- Toutes les activit\u00e9s sont d\u00e9crites<\/p>\n\n\n\n<p>- Eau potable, en-cas<\/p>\n\n\n\n<p>- Documentation photographique professionnelle<\/p>\n\n\n\n<p>- Guide parlant n\u00e9erlandais et anglais (norme occidentale)<\/p>\n\n\n\n<p>- Approche respectueuse de l'environnement, aucun plastique \u00e0 usage unique n'est utilis\u00e9 lors de ce voyage.<\/p>\n<\/div><\/div><\/div>\n<\/div>\n\n\n\n<div class=\"guten-element guten-accordions guten-dhfesa\">\n<div class=\"accordion-item guten-CDnTmh\"><div class=\"accordion-heading\"><div class=\"accordion-icon\"><span class=\"accordion-icon-open\"><i class=\"fas fa-minus\"><\/i><\/span><span class=\"accordion-icon-closed\"><i class=\"fas fa-plus\"><\/i><\/span><\/div><span class=\"accordion-text\">Exclus<\/span><\/div><div class=\"accordion-body\"><div class=\"accordion-content\">\n<p>- D\u00e9jeuner et d\u00eener<\/p>\n\n\n\n<p>- Boissons alcoolis\u00e9es et boissons autres que l'eau<\/p>\n\n\n\n<p>- D\u00e9penses personnelles<\/p>\n<\/div><\/div><\/div>\n<\/div>\n\n\n\n<div class=\"guten-element guten-accordions guten-kkvdFt\">\n<div class=\"accordion-item guten-cpwotU\"><div class=\"accordion-heading\"><div class=\"accordion-icon\"><span class=\"accordion-icon-open\"><i class=\"fas fa-minus\"><\/i><\/span><span class=\"accordion-icon-closed\"><i class=\"fas fa-plus\"><\/i><\/span><\/div><span class=\"accordion-text\">Prix<\/span><\/div><div class=\"accordion-body\"><div class=\"accordion-content\">\n<p>- Prix \u00e0 partir de <strong>650.000 IDR<\/strong> <strong>par personne<\/strong> sur la base d'un <strong>groupe de 4 personnes<\/strong><br>(S'il vous pla\u00eet&nbsp;<a href=\"https:\/\/wa.link\/nl1r35\" target=\"_blank\" rel=\"noreferrer noopener\"><strong>contactez-nous ici<\/strong><\/a>&nbsp;pour d'autres prix, personnalisations ou questions)<\/p>\n<\/div><\/div><\/div>\n<\/div>\n\n\n\n<div class=\"wp-block-cb-carousel\" data-slick=\"{&quot;slidesToShow&quot;:2,&quot;slidesToScroll&quot;:1,&quot;speed&quot;:300,&quot;arrows&quot;:true,&quot;dots&quot;:true,&quot;autoplay&quot;:true,&quot;autoplaySpeed&quot;:2000,&quot;infinite&quot;:true,&quot;responsive&quot;:[{&quot;breakpoint&quot;:769,&quot;settings&quot;:{&quot;slidesToShow&quot;:1,&quot;slidesToScroll&quot;:1}}]}\">\n<div class=\"wp-block-cb-slide\">\n<div class=\"wp-block-gutenverse-image guten-element guten-image guten-BPI5bX\"><div class=\"guten-image-wrapper\"><img decoding=\"async\" class=\"gutenverse-image-box-filled\" src=\"https:\/\/indonesiaecotour.com\/wp-content\/uploads\/2023\/09\/DSC09806-scaled-e1695791771723.jpg\" height=\"1706\" width=\"1706\" alt=\"\"\/><\/div><span class=\"guten-caption\">Les adultes appr\u00e9cient aussi<\/span><\/div>\n<\/div>\n\n\n\n<div class=\"wp-block-cb-slide\">\n<div class=\"wp-block-gutenverse-image guten-element guten-image guten-wG7z4G\"><div class=\"guten-image-wrapper\"><img decoding=\"async\" class=\"gutenverse-image-box-filled\" src=\"https:\/\/indonesiaecotour.com\/wp-content\/uploads\/2023\/09\/DSC09810-scaled-e1695791745110.jpg\" height=\"1706\" width=\"1706\"\/><\/div><span class=\"guten-caption\">Et les enfants aussi<\/span><\/div>\n<\/div>\n\n\n\n<div class=\"wp-block-cb-slide\">\n<div class=\"wp-block-gutenverse-image guten-element guten-image guten-ndbhMS\"><div class=\"guten-image-wrapper\"><img loading=\"lazy\" decoding=\"async\" class=\"gutenverse-image-box-filled\" src=\"https:\/\/indonesiaecotour.com\/wp-content\/uploads\/2023\/11\/DSC06762-Edit-scaled-e1700019276549.jpg\" height=\"1706\" width=\"1706\"\/><\/div><span class=\"guten-caption\">Travail d'\u00e9quipe !<\/span><\/div>\n<\/div>\n<\/div>\n\n\n\n<div class=\"guten-element guten-button-wrapper guten-kfpUHI\"><a class=\"guten-button guten-button-sm\" href=\"https:\/\/drive.google.com\/file\/d\/1kCJalQwkcSJBUvZChzwaxZcm7PFV8P5v\/view?usp=sharing\" target=\"_blank\" aria-label=\"\" rel=\"noreferrer noopener\"><span> T\u00e9l\u00e9charger la brochure<\/span><\/a><\/div>\n\n\n\n<div class=\"guten-element guten-button-wrapper guten-kRsZB6\"><a class=\"guten-button guten-button-sm\" href=\"https:\/\/wa.me\/6282137219073\" target=\"_blank\" aria-label=\"\" rel=\"noreferrer noopener\"><i class=\"fa-lg fab fa-whatsapp\"><\/i><span> Nous contacter<\/span><\/a><\/div>\n\n\n\n<p><\/p>","protected":false},"excerpt":{"rendered":"<p>Unleash your creative spirit and dive into the vibrant urban culture of Indonesia by creating your own street art painting on canvas. During this Street Art Workshop in Yogyakarta, we express the impressions Indonesia has left on us, from its chaotic streets and colorful traditions to its raw energy, people, and unforgettable atmosphere. Step by [&hellip;]<\/p>","protected":false},"author":1,"featured_media":0,"parent":0,"menu_order":0,"comment_status":"closed","ping_status":"closed","template":"","meta":{"_monsterinsights_skip_tracking":false,"_monsterinsights_sitenote_active":false,"_monsterinsights_sitenote_note":"","_monsterinsights_sitenote_category":0,"footnotes":""},"class_list":["post-368","page","type-page","status-publish","hentry"],"aioseo_notices":[],"_links":{"self":[{"href":"https:\/\/indonesiaecotour.com\/fr\/wp-json\/wp\/v2\/pages\/368","targetHints":{"allow":["GET"]}}],"collection":[{"href":"https:\/\/indonesiaecotour.com\/fr\/wp-json\/wp\/v2\/pages"}],"about":[{"href":"https:\/\/indonesiaecotour.com\/fr\/wp-json\/wp\/v2\/types\/page"}],"author":[{"embeddable":true,"href":"https:\/\/indonesiaecotour.com\/fr\/wp-json\/wp\/v2\/users\/1"}],"replies":[{"embeddable":true,"href":"https:\/\/indonesiaecotour.com\/fr\/wp-json\/wp\/v2\/comments?post=368"}],"version-history":[{"count":124,"href":"https:\/\/indonesiaecotour.com\/fr\/wp-json\/wp\/v2\/pages\/368\/revisions"}],"predecessor-version":[{"id":3429,"href":"https:\/\/indonesiaecotour.com\/fr\/wp-json\/wp\/v2\/pages\/368\/revisions\/3429"}],"wp:attachment":[{"href":"https:\/\/indonesiaecotour.com\/fr\/wp-json\/wp\/v2\/media?parent=368"}],"curies":[{"name":"wp","href":"https:\/\/api.w.org\/{rel}","templated":true}]}}